{"id":3114,"date":"2019-06-06T09:09:55","date_gmt":"2019-06-06T13:09:55","guid":{"rendered":"https:\/\/welcomingottawaweek.ca\/overcoming-the-challenge-of-finding-the-first-job\/"},"modified":"2022-06-20T09:01:17","modified_gmt":"2022-06-20T13:01:17","slug":"relever-le-defi-de-trouver-un-premier-emploi","status":"publish","type":"page","link":"https:\/\/welcomingottawaweek.ca\/fr\/sao-ambassadeurs\/ambassadeurs-de-la-semaine-daccueil-a-ottawa-2017\/relever-le-defi-de-trouver-un-premier-emploi\/","title":{"rendered":"Relever le d\u00e9fi de trouver un premier emploi"},"content":{"rendered":"\t\t<div data-elementor-type=\"wp-post\" data-elementor-id=\"3114\" class=\"elementor elementor-3114 elementor-2201\" data-elementor-post-type=\"page\">\n\t\t\t\t\t\t<section class=\"elementor-section elementor-top-section elementor-element elementor-element-36f17c30 elementor-section-boxed elementor-section-height-default elementor-section-height-default\" data-id=\"36f17c30\" data-element_type=\"section\" data-e-type=\"section\">\n\t\t\t\t\t\t<div class=\"elementor-container elementor-column-gap-default\">\n\t\t\t\t\t<div class=\"elementor-column elementor-col-100 elementor-top-column elementor-element elementor-element-5dd53470\" data-id=\"5dd53470\" data-element_type=\"column\" data-e-type=\"column\">\n\t\t\t<div class=\"elementor-widget-wrap elementor-element-populated\">\n\t\t\t\t\t\t<div class=\"elementor-element elementor-element-200c0b5f elementor-widget elementor-widget-text-editor\" data-id=\"200c0b5f\" data-element_type=\"widget\" data-e-type=\"widget\" data-widget_type=\"text-editor.default\">\n\t\t\t\t<div class=\"elementor-widget-container\">\n\t\t\t\t\t\t\t\t\t<h2>Pedro Diaz<\/h2>\n<h3>Trouver un fr\u00e8re au Canada<\/h3>\n<p><img fetchpriority=\"high\" decoding=\"async\" class=\"size-full wp-image-4876 alignleft\" src=\"https:\/\/welcomingottawaweek.ca\/wp-content\/uploads\/2022\/06\/Pedro-Gipsy.jpg\" alt=\"\" width=\"402\" height=\"664\" srcset=\"https:\/\/welcomingottawaweek.ca\/wp-content\/uploads\/2022\/06\/Pedro-Gipsy-182x300.jpg 182w, https:\/\/welcomingottawaweek.ca\/wp-content\/uploads\/2022\/06\/Pedro-Gipsy-200x330.jpg 200w, https:\/\/welcomingottawaweek.ca\/wp-content\/uploads\/2022\/06\/Pedro-Gipsy-400x661.jpg 400w, https:\/\/welcomingottawaweek.ca\/wp-content\/uploads\/2022\/06\/Pedro-Gipsy.jpg 402w\" sizes=\"(max-width: 402px) 100vw, 402px\" \/><\/p>\n<p>Quand Gipsy Gosh a immigr\u00e9 au Canada en 2012, elle ne s\u2019attendait pas \u00e0 trouver un fr\u00e8re latino-am\u00e9ricain, mais ce fut bel et bien le cas.<\/p><p>\u00ab Pedro Diaz est comme un fr\u00e8re pour moi \u00bb dit Gipsy. \u00ab Comme immigrante de l\u2019Inde qui n\u2019avait aucun ami multiculturel ici, il m\u2019a mise en contact avec plusieurs communaut\u00e9s latino-am\u00e9ricaines et europ\u00e9ennes ce qui m\u2019a permis de cr\u00e9er une magnifique plateforme multiculturelle, le \u2018Festival multiculturel du monde\u2019 \u00bb. Ce festival annuel qui a d\u00e9but\u00e9 en 2016 pr\u00e9sente des spectacles de mode et des performances de danse qui mettent en lumi\u00e8re la mosa\u00efque multiculturelle du Canada et brisent les barri\u00e8res entre les diff\u00e9rents groupes.<\/p><p>Pedro, un chef de file communautaire accompli, qui fait en moyenne 3 heures de b\u00e9n\u00e9volat par jour en aidant les nouveaux arrivants LGBTQ, est le directeur du groupe de danse folklorique v\u00e9n\u00e9zu\u00e9lien, Churun Meru, depuis 30 ans. Il est le codirecteur des performances pour le Festival multiculturel du monde.<\/p><p>Gipsy cherchait diff\u00e9rents groupes multiculturels et souhaitait organiser un concours de beaut\u00e9. Elle a rencontr\u00e9 Pedro lors d\u2019un gala o\u00f9 il pr\u00e9sentait avec un groupe de folklore v\u00e9n\u00e9zu\u00e9lien. \u00ab On a commenc\u00e9 \u00e0 discuter et \u00e0 s\u2019\u00e9changer des courriels \u00bb explique Gipsy. Pedro, qui a immigr\u00e9 au Canada en 1989, lui a ouvert les portes de la communaut\u00e9 latino-am\u00e9ricaine et bien plus.<\/p><p>\u00ab Je suis tout le temps en train d\u2019organiser des \u00e9v\u00e9nements pour la communaut\u00e9 latino-am\u00e9ricaine, Capital Rainbow Refuge et Ottawa Bears \u00bb dit Pedro qui est plein d\u2019\u00e9nergie. \u00ab J\u2019ai toujours essay\u00e9 d\u2019inclure le plus de nouveaux arrivants possible dans ces activit\u00e9s et c\u2019est tellement gratifiant de les voir \u00eatre heureux dans un environnement s\u00e9curitaire \u00bb.<\/p>\n<p>Pedro a pris sept r\u00e9fugi\u00e9s LGBTQ latino-am\u00e9ricains sous son aile. Ce sont des r\u00e9fugi\u00e9s parrain\u00e9s par le gouvernement qui parfois peuvent \u00eatre plus isol\u00e9s que les r\u00e9fugi\u00e9s parrain\u00e9s par le priv\u00e9 qui sont en contact avec un groupe de Canadiens. Ces r\u00e9fugi\u00e9s sont devenus des membres de la famille \u00e9largie de Pedro et il prend des nouvelles d\u2019eux une ou deux fois par semaine. Ils l\u2019appellent avec tendresse Papa Pedro.<\/p><p>\u00ab Il fait de son mieux pour aider et int\u00e9grer les nouveaux arrivants, leur donnant un sentiment d\u2019appartenance en les invitant \u00e0 des spectacles multiculturels et aux r\u00e9p\u00e9titions, en les invitant chez lui et en les orientant dans leur recherche d\u2019emploi \u00bb explique Gipsy.<br>\u00ab Quand j\u2019ai organis\u00e9 le concours de beaut\u00e9 dans le cadre du festival, Pedro a mis en contact des nouveaux arrivants latino-am\u00e9ricains avec des immigrants d\u2019autres pays \u00bb ajoute Gipsy. \u00ab Je l\u2019ai vu aider tellement de personnes, les invitant \u00e0 manger, accueillant des personnes qui \u00e9taient isol\u00e9es chez elles. Quand j\u2019ai rencontr\u00e9 Pedro, il m\u2019a donn\u00e9 tellement de contacts dans les communaut\u00e9s latino-am\u00e9ricaines. Nous avons fond\u00e9 une merveilleuse plateforme pour c\u00e9l\u00e9brer le multiculturalisme. Je n\u2019aurais jamais pu r\u00e9aliser cela sans lui. Il est un b\u00e2tisseur de ponts, un mentor et un grand fr\u00e8re. J\u2019ai ressenti ce sentiment d\u2019appartenance \u00e0 d\u2019autres communaut\u00e9s multiculturelles au-del\u00e0 des groupes indiens \u00bb.<\/p>\n<p>\u00ab Gr\u00e2ce \u00e0 ces \u00e9v\u00e9nements, j\u2019ai rencontr\u00e9 tellement de r\u00e9fugi\u00e9s et d\u2019immigrants \u00bb dit Pedro. \u00ab C\u2019est tr\u00e8s inclusif, m\u00eame si certaines personnes ne peuvent pas parler anglais. Les membres de la communaut\u00e9 LGBTQ sont repr\u00e9sent\u00e9s comme des \u00e9gaux. \u00c7a fait tellement de bien d\u2019\u00eatre au Canada, de voir des gens qui sont heureux, dans un lieu o\u00f9 ils peuvent enfin \u00eatre respect\u00e9s \u00bb. <br>C\u2019est gr\u00e2ce aux arts et au multiculturalisme que Pedro et Gipsy ont trouv\u00e9 le moyen de rassembler tout le monde.<br>Le concours de beaut\u00e9 du festival a pr\u00e9sent\u00e9 les performances des filles et des gar\u00e7ons dans leurs costumes traditionnels et comprenait aussi un discours et un show de talent. \u00ab Ce n\u2019est pas \u00e0 propos de la beaut\u00e9 physique, c\u2019est \u00e0 propos de leurs attitude et amour envers le multiculturalisme \u00bb explique Gipsy. Le festival 2021 avait des juges venant de neuf pays. Le festival avait des juges et des gagnants autochtones.<\/p><p>\u00ab Pedro est une personne avec un gros c\u0153ur qui aide les autres \u00bb dit Gipsy. \u00ab Il y a toujours beaucoup de monde chez lui. Sa porte est toujours ouverte. Il peut leur donner un ticket de bus, les emmener \u00e0 un rendez-vous m\u00e9dical ou les aider avec quoique ce soit dont ils ont besoin \u00bb.<\/p><p>\u00ab C\u2019est un plaisir pour moi \u00bb ajoute Pedro. \u00ab Quand vous faites quelque chose pour quelqu\u2019un, vous recevez quelque chose en \u00e9change. Samedi dernier, \u00e0 un \u00e9v\u00e9nement, il y avait tellement de monde pour s\u2019entraider. Les r\u00e9fugi\u00e9s ont particip\u00e9 \u00e0 mon groupe de danse et m\u2019ont aid\u00e9 avec la chor\u00e9graphie. Chacun en sort plus fort. Quand tu vois les r\u00e9sultats, c\u2019est tr\u00e8s gratifiant. Cela apporte amour et joie. C\u2019est \u00e0 propos de la fusion de tellement de cultures et d\u2019identit\u00e9s \u00bb.<\/p><p>La bonne volont\u00e9 va au-del\u00e0 des \u00e9v\u00e9nements multiculturels. Certains participants latino-am\u00e9ricains qui ont des restaurant organisent maintenant des lev\u00e9es de fonds pour les r\u00e9fugi\u00e9s et parfois les r\u00e9fugi\u00e9s performent lors des soupers de lev\u00e9e de fonds. Via la participation \u00e0 un concours de beaut\u00e9, un groupe a d\u00e9cid\u00e9 d\u2019aider les r\u00e9fugi\u00e9s afghans. Un autre participant du Pakistan a jou\u00e9 un r\u00f4le primordial dans le parrainage d\u2019un r\u00e9fugi\u00e9 LGBTQ de ce pays.<\/p>\n<p>Gipsy et Pedro ont maintenant, ensemble, cr\u00e9\u00e9 un exemple pour d\u2019autres, un exemple \u00e0 suivre. Et Gipsy a trouv\u00e9 un fr\u00e8re fantastique pour rendre son aventure plus belle.<\/p>\n<p><\/p>\t\t\t\t\t\t\t\t<\/div>\n\t\t\t\t<\/div>\n\t\t\t\t\t<\/div>\n\t\t<\/div>\n\t\t\t\t\t<\/div>\n\t\t<\/section>\n\t\t\t\t<\/div>\n\t\t","protected":false},"excerpt":{"rendered":"<p>Pedro Diaz Trouver un fr\u00e8re au Canada Quand Gipsy Gosh a immigr\u00e9 au Canada en 2012, elle ne s\u2019attendait pas \u00e0 trouver un fr\u00e8re latino-am\u00e9ricain, mais ce fut bel et bien le cas. \u00ab  [&#8230;]<\/p>\n","protected":false},"author":10,"featured_media":0,"parent":3267,"menu_order":0,"comment_status":"closed","ping_status":"closed","template":"","meta":{"footnotes":""},"class_list":["post-3114","page","type-page","status-publish","hentry"],"_links":{"self":[{"href":"https:\/\/welcomingottawaweek.ca\/fr\/wp-json\/wp\/v2\/pages\/3114","targetHints":{"allow":["GET"]}}],"collection":[{"href":"https:\/\/welcomingottawaweek.ca\/fr\/wp-json\/wp\/v2\/pages"}],"about":[{"href":"https:\/\/welcomingottawaweek.ca\/fr\/wp-json\/wp\/v2\/types\/page"}],"author":[{"embeddable":true,"href":"https:\/\/welcomingottawaweek.ca\/fr\/wp-json\/wp\/v2\/users\/10"}],"replies":[{"embeddable":true,"href":"https:\/\/welcomingottawaweek.ca\/fr\/wp-json\/wp\/v2\/comments?post=3114"}],"version-history":[{"count":0,"href":"https:\/\/welcomingottawaweek.ca\/fr\/wp-json\/wp\/v2\/pages\/3114\/revisions"}],"up":[{"embeddable":true,"href":"https:\/\/welcomingottawaweek.ca\/fr\/wp-json\/wp\/v2\/pages\/3267"}],"wp:attachment":[{"href":"https:\/\/welcomingottawaweek.ca\/fr\/wp-json\/wp\/v2\/media?parent=3114"}],"curies":[{"name":"wp","href":"https:\/\/api.w.org\/{rel}","templated":true}]}}