{"id":3115,"date":"2019-06-06T14:10:52","date_gmt":"2019-06-06T18:10:52","guid":{"rendered":"https:\/\/welcomingottawaweek.ca\/student-helps-newcomers-from-syria-adapt-to-life-in-ottawa\/"},"modified":"2019-06-17T19:17:33","modified_gmt":"2019-06-17T23:17:33","slug":"un-etudiant-aide-des-nouveaux-arrivants-de-syrie-a-sadapter-a-la-vie-a-ottawa","status":"publish","type":"page","link":"https:\/\/welcomingottawaweek.ca\/fr\/sao-ambassadeurs\/ambassadeurs-de-la-semaine-daccueil-a-ottawa-2017\/un-etudiant-aide-des-nouveaux-arrivants-de-syrie-a-sadapter-a-la-vie-a-ottawa\/","title":{"rendered":"Un \u00e9tudiant aide des nouveaux arrivants de Syrie \u00e0 s\u2019adapter \u00e0 la vie \u00e0 Ottawa"},"content":{"rendered":"\t\t<div data-elementor-type=\"wp-post\" data-elementor-id=\"3115\" class=\"elementor elementor-3115 elementor-2217\" data-elementor-post-type=\"page\">\n\t\t\t\t\t\t<section class=\"elementor-section elementor-top-section elementor-element elementor-element-6afcded8 elementor-section-boxed elementor-section-height-default elementor-section-height-default\" data-id=\"6afcded8\" data-element_type=\"section\" data-e-type=\"section\">\n\t\t\t\t\t\t<div class=\"elementor-container elementor-column-gap-default\">\n\t\t\t\t\t<div class=\"elementor-column elementor-col-100 elementor-top-column elementor-element elementor-element-34c679cb\" data-id=\"34c679cb\" data-element_type=\"column\" data-e-type=\"column\">\n\t\t\t<div class=\"elementor-widget-wrap elementor-element-populated\">\n\t\t\t\t\t\t<div class=\"elementor-element elementor-element-6c6a5d59 elementor-widget elementor-widget-text-editor\" data-id=\"6c6a5d59\" data-element_type=\"widget\" data-e-type=\"widget\" data-widget_type=\"text-editor.default\">\n\t\t\t\t<div class=\"elementor-widget-container\">\n\t\t\t\t\t\t\t\t\t<h2>Aaron Kabemba<\/h2><h3>Un \u00e9tudiant aide des nouveaux arrivants de Syrie \u00e0 s\u2019adapter \u00e0 la vie \u00e0 Ottawa<\/h3><p><img fetchpriority=\"high\" decoding=\"async\" class=\"alignleft\" src=\"https:\/\/welcomingottawaweek.ca\/wp-content\/uploads\/2019\/05\/3-Aaron-400x400.jpg\" alt=\"\" width=\"400\" height=\"400\" \/><\/p><p>Quand les jumeaux adolescents syriens, Chabel et Johny Dawhari sont arriv\u00e9s \u00e0 Ottawa en f\u00e9vrier 2016, ils ont \u00e9t\u00e9 frapp\u00e9s par le froid intense et s\u2019inqui\u00e9taient de ce que l\u2019avenir leur r\u00e9servait.<\/p><p>Cinq ans plus t\u00f4t, ils ont fui leur pays, la Syrie, d\u00e9chir\u00e9 par la guerre avec leur fr\u00e8re ain\u00e9 et leurs parents pour Beyrouth au Liban. Ils se retrouvaient encore dans un nouveau pays, se sentant quelque peu perdus et dans une situation pr\u00e9caire.<\/p><p>D\u00e9buter dans une nouvelle \u00e9cole au milieu d\u2019ann\u00e9e scolaire serait difficile et d\u00e9routant pour tout adolescent, encore plus pour les jumeaux Dawhari pour qui le contexte \u00e9tait nouveau et qui ne connaissaient pas le syst\u00e8me scolaire dans lequel ils se retrouvaient. Un de leurs enseignants de 8<sup>e<\/sup>ann\u00e9e \u00e0 l\u2019\u00c9cole secondaire catholiqueFranco-Cit\u00e9 a remarqu\u00e9 leur dilemme et leur a trouv\u00e9 un autre jeune \u00e9l\u00e8ve de leur \u00e2ge pour les aider, Aaron Kabemba, gr\u00e2ce au programme d\u2019appui des nouveaux arrivants (PANA).<\/p><p>Aaron \u00e9tait d\u00e9j\u00e0 pass\u00e9 par l\u00e0 auparavant, lui qui est venu comme r\u00e9fugi\u00e9 de la R\u00e9publique d\u00e9mocratique du Congo. Maintenant, il \u00e9tait pr\u00eat \u00e0 aider les autres \u00e0 faire face aux m\u00eames inqui\u00e9tudes qu\u2019il avait connues quand il \u00e9tait arriv\u00e9 \u00e0 Ottawa une ann\u00e9e plus t\u00f4t.<\/p><p>Le grand sourire et l\u2019amiti\u00e9 facile d\u2019Aaron \u00e9taient exactement ce dont les jumeaux avaient besoin. \u00ab\u00a0C\u2019\u00e9tait un peu dur d\u2019arriver ici, dans ce climat froid et sans amis\u00a0\u00bb raconte Johny. \u00ab\u00a0Nous ne connaissions m\u00eame pas les affaires de base, comme prendre le bus, et Aaron nous a tendu la main\u00a0\u00bb ajoute-t-il.<\/p><p>Aaron, qui durant le premier semestre \u00e9tait avec les gar\u00e7ons dans cinq de leurs six classes, est devenu une influence positive, les aidant avec les cours et r\u00e9pondant \u00e0 leurs questions quotidiennes. \u00ab\u00a0Le premier jour o\u00f9 nous avons rencontr\u00e9 Aaron, c\u2019\u00e9tait l\u2019heure du d\u00eener et il a pris le temps de nous expliquer tout ce que nous ne comprenions pas\u00a0\u00bb, raconte Chabel. \u00ab\u00a0Maintenant, non seulement nous \u00e9tudions ensemble, mais nous mangeons ensemble, et socialisons apr\u00e8s l\u2019\u00e9cole. Aaron n\u2019est pas seulement notre meilleur ami, il est comme notre fr\u00e8re!\u00a0\u00bb<\/p><p>Imad Dawhari, le p\u00e8re des gar\u00e7ons r\u00e9it\u00e8re la valeur de cette nouvelle amiti\u00e9. \u00ab\u00a0Ma famille a travers\u00e9 tellement d\u2019\u00e9preuves qu\u2019il aurait \u00e9t\u00e9 difficile pour mes fils de s\u2019ajuster sans Aaron \u00e0 leurs c\u00f4t\u00e9s.\u00a0\u00bb<\/p><p>Chabel est fier d\u2019\u00eatre un \u00a0\u00abnouvel arrivant\u00bb, un terme qu\u2019il pr\u00e9f\u00e8re de beaucoup \u00e0 celui de \u00abr\u00e9fugi\u00e9\u00bb. Il reconna\u00eet l\u2019importance de s\u2019int\u00e9grer \u00e0 tous les aspects de la vie au Canada. \u00ab\u00a0Au d\u00e9but, nous avons rencontr\u00e9 quelques amis \u00e0 l\u2019\u00e9cole qui venaient du Liban\u00a0\u00bb dit Chabel. \u00ab\u00a0Le probl\u00e8me c\u2019est que nous parlions qu\u2019en arabe avec eux. Aaron nous aide donc avec notre fran\u00e7ais et c\u2019est tr\u00e8s important pour nous.\u00a0\u00bb<\/p><p>Quand Aaron a d\u00e9m\u00e9nag\u00e9 \u00e0 Ottawa en 2015, il avait deux cousins qui l\u2019ont aid\u00e9 \u00e0 s\u2019ajuster. \u00ab\u00a0J\u2019ai eu une exp\u00e9rience similaire \u00e0 celle de Johny et Chabel, et je suis tellement content de pouvoir aider d\u2019autres nouveaux arrivants\u00a0\u00bb, mentionne Aaron. Il croit que les b\u00e9n\u00e9fices de cette nouvelle amiti\u00e9 sont r\u00e9ciproques de plusieurs fa\u00e7ons. \u00ab\u00a0Je me sens autant comme si je faisais partie de leur famille qu\u2019ils font partie de la mienne. Maintenant j\u2019appr\u00e9cie m\u00eame la cuisine syrienne et j\u2019apprends \u00e0 parler arabe!\u00a0\u00bb<\/p><p>Comme tous les autres adolescents, quand ils ne sont pas occup\u00e9s avec leurs devoirs, le trio s\u2019amusent en jouant \u00e0 des jeux vid\u00e9o et au soccer, ou en partageant des blagues sur leurs t\u00e9l\u00e9phones. Alors que les examens approchent, ils ont h\u00e2te de passer les vacances d\u2019\u00e9t\u00e9, ensemble, comme nouveaux amis.<\/p>\t\t\t\t\t\t\t\t<\/div>\n\t\t\t\t<\/div>\n\t\t\t\t\t<\/div>\n\t\t<\/div>\n\t\t\t\t\t<\/div>\n\t\t<\/section>\n\t\t\t\t<\/div>\n\t\t","protected":false},"excerpt":{"rendered":"<p>Aaron Kabemba Un \u00e9tudiant aide des nouveaux arrivants de Syrie \u00e0 s\u2019adapter \u00e0 la vie \u00e0 Ottawa Quand les jumeaux adolescents syriens, Chabel et Johny Dawhari sont arriv\u00e9s \u00e0 Ottawa en f\u00e9vrier 2016, ils  [&#8230;]<\/p>\n","protected":false},"author":10,"featured_media":0,"parent":3267,"menu_order":0,"comment_status":"closed","ping_status":"closed","template":"","meta":{"footnotes":""},"class_list":["post-3115","page","type-page","status-publish","hentry"],"_links":{"self":[{"href":"https:\/\/welcomingottawaweek.ca\/fr\/wp-json\/wp\/v2\/pages\/3115","targetHints":{"allow":["GET"]}}],"collection":[{"href":"https:\/\/welcomingottawaweek.ca\/fr\/wp-json\/wp\/v2\/pages"}],"about":[{"href":"https:\/\/welcomingottawaweek.ca\/fr\/wp-json\/wp\/v2\/types\/page"}],"author":[{"embeddable":true,"href":"https:\/\/welcomingottawaweek.ca\/fr\/wp-json\/wp\/v2\/users\/10"}],"replies":[{"embeddable":true,"href":"https:\/\/welcomingottawaweek.ca\/fr\/wp-json\/wp\/v2\/comments?post=3115"}],"version-history":[{"count":0,"href":"https:\/\/welcomingottawaweek.ca\/fr\/wp-json\/wp\/v2\/pages\/3115\/revisions"}],"up":[{"embeddable":true,"href":"https:\/\/welcomingottawaweek.ca\/fr\/wp-json\/wp\/v2\/pages\/3267"}],"wp:attachment":[{"href":"https:\/\/welcomingottawaweek.ca\/fr\/wp-json\/wp\/v2\/media?parent=3115"}],"curies":[{"name":"wp","href":"https:\/\/api.w.org\/{rel}","templated":true}]}}