{"id":3131,"date":"2019-06-07T08:19:33","date_gmt":"2019-06-07T12:19:33","guid":{"rendered":"https:\/\/welcomingottawaweek.ca\/the-power-of-mentoring-a-newcomer\/"},"modified":"2019-06-21T08:17:03","modified_gmt":"2019-06-21T12:17:03","slug":"le-pouvoir-du-mentorat-pour-un-nouvel-arrivant","status":"publish","type":"page","link":"https:\/\/welcomingottawaweek.ca\/fr\/sao-ambassadeurs\/ambassadeurs-de-la-semaine-daccueil-a-ottawa-2017\/le-pouvoir-du-mentorat-pour-un-nouvel-arrivant\/","title":{"rendered":"Le pouvoir du mentorat pour un nouvel arrivant"},"content":{"rendered":"\t\t<div data-elementor-type=\"wp-post\" data-elementor-id=\"3131\" class=\"elementor elementor-3131 elementor-2239\" data-elementor-post-type=\"page\">\n\t\t\t\t\t\t<section class=\"elementor-section elementor-top-section elementor-element elementor-element-2f41e0b4 elementor-section-boxed elementor-section-height-default elementor-section-height-default\" data-id=\"2f41e0b4\" data-element_type=\"section\" data-e-type=\"section\">\n\t\t\t\t\t\t<div class=\"elementor-container elementor-column-gap-default\">\n\t\t\t\t\t<div class=\"elementor-column elementor-col-100 elementor-top-column elementor-element elementor-element-150fc5c0\" data-id=\"150fc5c0\" data-element_type=\"column\" data-e-type=\"column\">\n\t\t\t<div class=\"elementor-widget-wrap elementor-element-populated\">\n\t\t\t\t\t\t<div class=\"elementor-element elementor-element-1698a914 elementor-widget elementor-widget-text-editor\" data-id=\"1698a914\" data-element_type=\"widget\" data-e-type=\"widget\" data-widget_type=\"text-editor.default\">\n\t\t\t\t<div class=\"elementor-widget-container\">\n\t\t\t\t\t\t\t\t\t<h2>Rudi Aksim<\/h2><h3>Le pouvoir du mentorat pour un nouvel arrivant<\/h3><p><img fetchpriority=\"high\" decoding=\"async\" class=\"alignleft\" src=\"https:\/\/welcomingottawaweek.ca\/wp-content\/uploads\/2019\/06\/Rudi-Aksim-Mayor-Watson.jpg\" alt=\"\" width=\"400\" height=\"267\" \/><\/p><p>Rudi Aksim, un professeur retrait\u00e9 du Coll\u00e8ge Algonquin, a rencontr\u00e9 Jiehan Zhou pour la premi\u00e8re fois en 2013 alors qu\u2019il lui enseignait un cours sur comment naviguer sur le march\u00e9 du travail informatique au Centre de services communautaires chinois d\u2019Ottawa.<\/p><p>Apr\u00e8s avoir termin\u00e9 le cours de dix semaines, Rudi a commenc\u00e9 \u00e0 offrir du mentorat \u00e0 Jiehan sur une base volontaire. Les deux se rencontraient fr\u00e9quemment dans des McDonald \u00e0 travers la ville. Autour d\u2019un caf\u00e9, Rudi a aid\u00e9 le nouvel arrivant chinois avec sa prononciation anglaise et sa recherche d\u2019emploi dans le secteur de l\u2019information et des technologies. Il l\u2019a m\u00eame aid\u00e9 \u00e0 pr\u00e9parer et \u00e0 peaufiner son discours de pr\u00e9sentation.<\/p><p>\u00ab Je crois au r\u00e9seautage strat\u00e9gique, ce qui implique de parler avec des gens travaillant dans un secteur sp\u00e9cifique, c\u2019est le meilleur moyen de trouver un emploi, \u00bb dit Rudi. \u00ab Venir au Canada repr\u00e9sente un changement \u00e9norme dans la vie des nouveaux arrivants et mon r\u00f4le en tant que mentor est d\u2019\u00e9clairer le chemin et de les aider \u00e0 voir comment \u00e7a fonctionne dans notre pays. Il ne s\u2019agit pas juste d\u2019envoyer des CV. \u00bb<\/p><p>Rudi a mis en contact Jiehan avec des employeurs potentiels et maintenant Jiehan travaille \u00e0 temps partiel comme chercheur \u00e0 l\u2019Universit\u00e9 Carleton en plus d\u2019un emploi dans une universit\u00e9 en Finlande. Il fait r\u00e9guli\u00e8rement l\u2019aller-retour entre le Canada et la Finlande. \u00ab Rudi m\u2019a aid\u00e9 \u00e0 obtenir ma premi\u00e8re exp\u00e9rience de travail canadienne et je lui en suis vraiment reconnaissant. \u00bb \u00ab Il m\u2019a ouvert l\u2019esprit et \u00e9largi ma vision du monde. \u00bb<\/p><p>\u00ab J\u2019aime \u00e9galement rencontrer de nouveaux arrivants et en apprendre plus sur les diff\u00e9rentes langues et cultures \u00bb ajoute Rudi. \u00ab Jiehan est une personne tr\u00e8s int\u00e9ressante et sympathique et c\u2019est un plaisir d\u2019aider quelqu\u2019un qui a de grandes id\u00e9es. \u00bb<\/p><p>\u00ab Rudi a contribu\u00e9 \u00e0 ce que ma famille se sente comme chez elle \u00e0 Ottawa \u00bb explique Jiehan. \u00ab C\u2019est vraiment un homme tr\u00e8s gentil avec un grand c\u0153ur. Rudi donne tellement de son temps pour aider de nombreux nouveaux arrivants comme moi et en faisant \u00e7a, il aide \u00e0 b\u00e2tir une communaut\u00e9 plus forte. \u00bb<\/p><p>Au-del\u00e0 de leurs relations de mentorat, les deux hommes ont forg\u00e9 une v\u00e9ritable amiti\u00e9. Ils se re\u00e7oivent quand leurs horaires bien charg\u00e9s le permettent et leurs familles c\u00e9l\u00e8brent le Nouvel An chinois ensemble.<\/p>\t\t\t\t\t\t\t\t<\/div>\n\t\t\t\t<\/div>\n\t\t\t\t\t<\/div>\n\t\t<\/div>\n\t\t\t\t\t<\/div>\n\t\t<\/section>\n\t\t\t\t<\/div>\n\t\t","protected":false},"excerpt":{"rendered":"<p>Rudi Aksim Le pouvoir du mentorat pour un nouvel arrivant Rudi Aksim, un professeur retrait\u00e9 du Coll\u00e8ge Algonquin, a rencontr\u00e9 Jiehan Zhou pour la premi\u00e8re fois en 2013 alors qu\u2019il lui enseignait un cours  [&#8230;]<\/p>\n","protected":false},"author":10,"featured_media":0,"parent":3267,"menu_order":0,"comment_status":"closed","ping_status":"closed","template":"","meta":{"footnotes":""},"class_list":["post-3131","page","type-page","status-publish","hentry"],"_links":{"self":[{"href":"https:\/\/welcomingottawaweek.ca\/fr\/wp-json\/wp\/v2\/pages\/3131","targetHints":{"allow":["GET"]}}],"collection":[{"href":"https:\/\/welcomingottawaweek.ca\/fr\/wp-json\/wp\/v2\/pages"}],"about":[{"href":"https:\/\/welcomingottawaweek.ca\/fr\/wp-json\/wp\/v2\/types\/page"}],"author":[{"embeddable":true,"href":"https:\/\/welcomingottawaweek.ca\/fr\/wp-json\/wp\/v2\/users\/10"}],"replies":[{"embeddable":true,"href":"https:\/\/welcomingottawaweek.ca\/fr\/wp-json\/wp\/v2\/comments?post=3131"}],"version-history":[{"count":0,"href":"https:\/\/welcomingottawaweek.ca\/fr\/wp-json\/wp\/v2\/pages\/3131\/revisions"}],"up":[{"embeddable":true,"href":"https:\/\/welcomingottawaweek.ca\/fr\/wp-json\/wp\/v2\/pages\/3267"}],"wp:attachment":[{"href":"https:\/\/welcomingottawaweek.ca\/fr\/wp-json\/wp\/v2\/media?parent=3131"}],"curies":[{"name":"wp","href":"https:\/\/api.w.org\/{rel}","templated":true}]}}