{"id":3169,"date":"2019-06-07T09:14:55","date_gmt":"2019-06-07T13:14:55","guid":{"rendered":"https:\/\/welcomingottawaweek.ca\/connecting-burundian-newcomers-through-whatsapp\/"},"modified":"2019-06-17T19:47:47","modified_gmt":"2019-06-17T23:47:47","slug":"connecter-les-nouveaux-arrivants-burundais-grace-a-whatsapp","status":"publish","type":"page","link":"https:\/\/welcomingottawaweek.ca\/fr\/sao-ambassadeurs\/ambassadeurs-de-la-semaine-daccueil-a-ottawa-2018\/connecter-les-nouveaux-arrivants-burundais-grace-a-whatsapp\/","title":{"rendered":"Connecter les nouveaux arrivants burundais gr\u00e2ce \u00e0 WhatsApp"},"content":{"rendered":"\t\t<div data-elementor-type=\"wp-post\" data-elementor-id=\"3169\" class=\"elementor elementor-3169 elementor-2293\" data-elementor-post-type=\"page\">\n\t\t\t\t\t\t<section class=\"elementor-section elementor-top-section elementor-element elementor-element-1bae895a elementor-section-boxed elementor-section-height-default elementor-section-height-default\" data-id=\"1bae895a\" data-element_type=\"section\">\n\t\t\t\t\t\t<div class=\"elementor-container elementor-column-gap-default\">\n\t\t\t\t\t<div class=\"elementor-column elementor-col-100 elementor-top-column elementor-element elementor-element-1e4d1270\" data-id=\"1e4d1270\" data-element_type=\"column\">\n\t\t\t<div class=\"elementor-widget-wrap elementor-element-populated\">\n\t\t\t\t\t\t<div class=\"elementor-element elementor-element-119b8a35 elementor-widget elementor-widget-text-editor\" data-id=\"119b8a35\" data-element_type=\"widget\" data-widget_type=\"text-editor.default\">\n\t\t\t\t<div class=\"elementor-widget-container\">\n\t\t\t\t\t\t\t\t\t<h2>Justine Nkurunziza<\/h2><h3>Connecter les nouveaux arrivants burundais gr\u00e2ce \u00e0 WhatsApp<\/h3><p><img fetchpriority=\"high\" decoding=\"async\" class=\"alignleft\" src=\"https:\/\/welcomingottawaweek.ca\/wp-content\/uploads\/2019\/06\/Justine-Nkurunziza-400x400.jpg\" alt=\"\" width=\"400\" height=\"400\" \/><\/p><p>Justine Nkurunziza est une femme extraordinaire. Dans son Burundi natif, elle \u00e9tait une militante pour les droits humains, particuli\u00e8rement ceux des femmes et des enfants. Elle a aussi travaill\u00e9 avec Action Aid International au Burundi, avant d\u2019arriver \u00e0 Ottawa en tant que r\u00e9fugi\u00e9e en 2016. Justine a toujours \u00e9t\u00e9 anim\u00e9e par la passion d\u2019aider les autres.<\/p><p>\u00ab\u00a0Quand je suis arriv\u00e9e \u00e0 Ottawa comme personne \u00e2g\u00e9e, j\u2019ai trouv\u00e9 l\u2019int\u00e9gration difficile\u00a0\u00bb explique-t-elle. \u00ab\u00a0Je savais au fond de mon c\u0153ur que je devais prendre soins des plus jeunes qui avaient immigr\u00e9 du Burundi.\u00a0\u00bb Alors qu\u2019elle \u00e9tait \u00e0 la recherche d\u2019un emploi et d\u2019une formation professionnelle, elle s\u2019est retrouv\u00e9e \u00e0 s\u2019occuper, comme cheffe de file, d\u2019un r\u00e9seau de nouveaux arrivants burundais.<\/p><p>Justine a cr\u00e9\u00e9 un groupe What\u2019s App avec 252 membres de la communaut\u00e9 burundaise vivant dans la r\u00e9gion de la capitale nationale. Gr\u00e2ce \u00e0 son groupe What\u2019s App, elle partage des informations sur les services d\u2019\u00e9tablissement, les services de garde et les transports publics, ainsi que des histoires d\u2019int\u00e9r\u00eat pour la communaut\u00e9 burundaise. Le groupe sert aussi de canal pour des dons comme des biens mat\u00e9riels, qui sont offerts par les nouveaux arrivants, et par la suite redistribu\u00e9s aux membres du groupe selon leurs besoins. Le groupe communique en fran\u00e7ais et en kirundi. \u00ab\u00a0Ceux d\u2019entre nous qui sont n\u00e9s avant l\u2019\u00e8re des ordinateurs ont vraiment besoin de ce type de soutien\u00a0\u00bb dit en rigolant Justine.<\/p><p>\u00ab\u00a0Justine Nkurunziza est vraiment fantastique\u00a0\u00bb affirme Justine Semonde, qui est arriv\u00e9e \u00e0 Ottawa du Burundi en 2008. Les deux Justine se connaissaient d\u00e9j\u00e0 au Burundi, elles s\u2019\u00e9taient rencontr\u00e9es \u00e0 leur \u00e9glise locale. \u00ab\u00a0Quand je lui ai dit que je cherchais un emploi, elle a imm\u00e9diatement voulu m\u2019aider. Elle m\u2019a ajout\u00e9e au groupe What\u2019s App. Elle est une figure maternelle pour tous les membres du groupe. Nous nous appuyons sur les informations importantes qu\u2019il y a dans son groupe What\u2019s App, \u00e7a va de l\u2019endroit o\u00f9 on peut trouver une t\u00e9l\u00e9 usag\u00e9e, un si\u00e8ge auto pour enfant ou un four \u00e0 microondes, \u00e0 comment trouver un travail au Canada.\u00a0\u00bb<\/p><p>\u00ab\u00a0Gr\u00e2ce \u00e0 Justine, je suis maintenant en contact avec le Conseil \u00c9conomique et Social d\u2019Ottawa Carleton et le Centre de services communautaires de Vanier, deux organismes qui m\u2019aident actuellement dans ma recherche d\u2019emploi\u00a0\u00bb explique Justine Semonde. \u00ab\u00a0J\u2019ai \u00e9t\u00e9 tr\u00e8s inspir\u00e9e par son militantisme au Burundi, ainsi que sa passion et son \u00e9nergie \u00e0 aider les nouveaux arrivants burundais dans notre communaut\u00e9. Ce sont les raisons pour lesquelles j\u2019ai choisi de la nommer comme Ambassadrice accueillante d\u2019Ottawa, un prix qu\u2019elle m\u00e9rite vraiment.\u00a0\u00bb<\/p><p>\u00ab\u00a0Je me sens honor\u00e9e de recevoir ce prix\u00a0\u00bb, dit Justine Nkurunziza avec son sourire chaleureux. \u00ab\u00a0Je n\u2019y pense pas \u00e0 deux fois avant d\u2019aider les autres, c\u2019est naturel. Je n\u2019avais pas r\u00e9alis\u00e9 \u00e0 quel point les gens appr\u00e9ciaient mes petits gestes.\u00a0\u00bb \u00ab\u00a0Elle agit m\u00eame comme mentore pour les jeunes nouveaux arrivants burundais, les encourageant \u00e0 continuer leurs \u00e9tudes apr\u00e8s l\u2019\u00e9cole secondaire. Justine incarne les qualit\u00e9s d\u2019accueil, d\u2019ouverture et de g\u00e9n\u00e9rosit\u00e9. Elle est tellement une m\u00e8re joviale pour nous tous!\u00a0\u00bb<\/p>\t\t\t\t\t\t\t\t<\/div>\n\t\t\t\t<\/div>\n\t\t\t\t\t<\/div>\n\t\t<\/div>\n\t\t\t\t\t<\/div>\n\t\t<\/section>\n\t\t\t\t<\/div>\n\t\t","protected":false},"excerpt":{"rendered":"<p>Justine Nkurunziza Connecter les nouveaux arrivants burundais gr\u00e2ce \u00e0 WhatsApp Justine Nkurunziza est une femme extraordinaire. Dans son Burundi natif, elle \u00e9tait une militante pour les droits humains, particuli\u00e8rement ceux des femmes et des  [&#8230;]<\/p>\n","protected":false},"author":10,"featured_media":0,"parent":3271,"menu_order":0,"comment_status":"closed","ping_status":"closed","template":"","meta":{"footnotes":""},"class_list":["post-3169","page","type-page","status-publish","hentry"],"_links":{"self":[{"href":"https:\/\/welcomingottawaweek.ca\/fr\/wp-json\/wp\/v2\/pages\/3169","targetHints":{"allow":["GET"]}}],"collection":[{"href":"https:\/\/welcomingottawaweek.ca\/fr\/wp-json\/wp\/v2\/pages"}],"about":[{"href":"https:\/\/welcomingottawaweek.ca\/fr\/wp-json\/wp\/v2\/types\/page"}],"author":[{"embeddable":true,"href":"https:\/\/welcomingottawaweek.ca\/fr\/wp-json\/wp\/v2\/users\/10"}],"replies":[{"embeddable":true,"href":"https:\/\/welcomingottawaweek.ca\/fr\/wp-json\/wp\/v2\/comments?post=3169"}],"version-history":[{"count":0,"href":"https:\/\/welcomingottawaweek.ca\/fr\/wp-json\/wp\/v2\/pages\/3169\/revisions"}],"up":[{"embeddable":true,"href":"https:\/\/welcomingottawaweek.ca\/fr\/wp-json\/wp\/v2\/pages\/3271"}],"wp:attachment":[{"href":"https:\/\/welcomingottawaweek.ca\/fr\/wp-json\/wp\/v2\/media?parent=3169"}],"curies":[{"name":"wp","href":"https:\/\/api.w.org\/{rel}","templated":true}]}}