{"id":3170,"date":"2019-06-07T08:58:18","date_gmt":"2019-06-07T12:58:18","guid":{"rendered":"https:\/\/welcomingottawaweek.ca\/finding-a-family-away-from-home\/"},"modified":"2019-06-19T17:03:51","modified_gmt":"2019-06-19T21:03:51","slug":"trouver-une-famille-loin-de-chez-soi","status":"publish","type":"page","link":"https:\/\/welcomingottawaweek.ca\/fr\/sao-ambassadeurs\/ambassadeurs-de-la-semaine-daccueil-a-ottawa-2018\/trouver-une-famille-loin-de-chez-soi\/","title":{"rendered":"Trouver une famille loin de chez soi"},"content":{"rendered":"\t\t<div data-elementor-type=\"wp-post\" data-elementor-id=\"3170\" class=\"elementor elementor-3170 elementor-2280\" data-elementor-post-type=\"page\">\n\t\t\t\t\t\t<section class=\"elementor-section elementor-top-section elementor-element elementor-element-59d47889 elementor-section-boxed elementor-section-height-default elementor-section-height-default\" data-id=\"59d47889\" data-element_type=\"section\" data-e-type=\"section\">\n\t\t\t\t\t\t<div class=\"elementor-container elementor-column-gap-default\">\n\t\t\t\t\t<div class=\"elementor-column elementor-col-100 elementor-top-column elementor-element elementor-element-7226c374\" data-id=\"7226c374\" data-element_type=\"column\" data-e-type=\"column\">\n\t\t\t<div class=\"elementor-widget-wrap elementor-element-populated\">\n\t\t\t\t\t\t<div class=\"elementor-element elementor-element-37482c25 elementor-widget elementor-widget-text-editor\" data-id=\"37482c25\" data-element_type=\"widget\" data-e-type=\"widget\" data-widget_type=\"text-editor.default\">\n\t\t\t\t<div class=\"elementor-widget-container\">\n\t\t\t\t\t\t\t\t\t<h2>Cheralyn Post<\/h2><h3>Trouver une famille loin de chez soi<\/h3><p><img fetchpriority=\"high\" decoding=\"async\" class=\"alignleft\" src=\"https:\/\/welcomingottawaweek.ca\/wp-content\/uploads\/2019\/06\/Cheralyn-Post-400x400.jpg\" alt=\"\" width=\"400\" height=\"400\" \/>\u00ab\u00a0Quand je suis arriv\u00e9 ici en 2016 pour \u00e9tudier le commerce \u00e0 l\u2019Universit\u00e9 d\u2019Ottawa, j\u2019ai eu l\u2019impression d\u2019avoir atterri au milieu de nulle part et je me sentais tr\u00e8s seul\u00a0\u00bb raconte Seka Wilfried Adon, un \u00e9tudiant international de la C\u00f4te d\u2019Ivoire. \u00ab\u00a0J\u2019avais seulement quelques amis \u00e0 Gatineau, alors j\u2019ai rejoint le <a href=\"https:\/\/ivcf.ca\/\">InterVarsity Christian Fellowship<\/a> (IVCF \u2013 Groupes bibliques universitaires) \u00e0 l\u2019universit\u00e9 pour rencontrer d\u2019autres nouveaux arrivants et Canadiens.\u00a0\u00bb<\/p><p>Cheralyn Post a re\u00e7u son dipl\u00f4me de l\u2019Universit\u00e9 d\u2019Ottawa il y a trois ans, et depuis deux ans elle travaille \u00e0 plein temps comme mentore et conseill\u00e8re spirituelle \u00e0 l\u2019IVCF. L\u2019IVCF est un club officiel sur le campus qui travaille \u00e9troitement avec les chefs de file \u00e9tudiants, afin de cr\u00e9er un espace pour les \u00e9tudiants qui participent aux \u00e9tudes de la Bible, \u00e0 des \u00e9v\u00e9nements sociaux et \u00e0 des opportunit\u00e9s de sensibilisation.<\/p><p>\u00ab\u00a0Le r\u00f4le de l\u2019IVCF est de rassembler les \u00e9tudiants\u00a0\u00bb explique Cheralyn. \u00ab\u00a0Nous c\u00e9l\u00e9brons les f\u00eates culturelles des uns et des autres et nous avons grandi \u00e0 travers tellement de cultures. L\u2019exp\u00e9rience acquise en travaillant avec Wilfried et d\u2019autres \u00e9tudiants internationaux m\u2019a vraiment ouvert les portes du monde, pour moi aussi! Quand Wilfried rentre dans une pi\u00e8ce, il apporte une vraie joie de vivre. Il a un engagement \u00e0 chercher et \u00e0 dire la v\u00e9rit\u00e9 et \u00e0 aider les autres \u00e0 voir ce qui est vrai en lui.\u00a0\u00bb<\/p><p>\u00ab\u00a0Gr\u00e2ce \u00e0 ce club, Cheralyn accueille des \u00e9tudiants venus des quatre coins du monde pour un souper hebdomadaire,\u00a0\u00bb dit Wilfried. \u00ab\u00a0Comme \u00e9tudiants internationaux, on a souvent le sentiment d\u2019\u00eatre perdus, mais ce club c\u2019est comme retrouver une famille loin de chez soi \u2013 avec des bonnes personnes, des bons repas, des conversations stimulantes et une chance d\u2019\u00e9tudier la Bible ensemble.\u00a0\u00bb<\/p><p>Bien que la fonction principale de l\u2019InterVarsity soit pour les membres de se rencontrer pour partager leur foi, Wilfried et Cheralyn rigolent et s\u2019accordent pour dire que ce qui attire les \u00e9tudiants au club ce sont aussi les bons repas partag\u00e9s ensemble. \u00ab\u00a0Je viens aussi d\u00e9finitivement pour la nourriture\u00a0\u00bb avoue Seka. Cheralyn en a fait plus que les simples activit\u00e9s du club et elle m\u2019a aid\u00e9 personnellement quand j\u2019en avais besoin. C\u2019est la raison pour laquelle elle est une vraie Ambassadrice accueillante d\u2019Ottawa.<\/p>\t\t\t\t\t\t\t\t<\/div>\n\t\t\t\t<\/div>\n\t\t\t\t\t<\/div>\n\t\t<\/div>\n\t\t\t\t\t<\/div>\n\t\t<\/section>\n\t\t\t\t<\/div>\n\t\t","protected":false},"excerpt":{"rendered":"<p>Cheralyn Post Trouver une famille loin de chez soi \u00ab\u00a0Quand je suis arriv\u00e9 ici en 2016 pour \u00e9tudier le commerce \u00e0 l\u2019Universit\u00e9 d\u2019Ottawa, j\u2019ai eu l\u2019impression d\u2019avoir atterri au milieu de nulle part et  [&#8230;]<\/p>\n","protected":false},"author":10,"featured_media":0,"parent":3271,"menu_order":0,"comment_status":"closed","ping_status":"closed","template":"","meta":{"footnotes":""},"class_list":["post-3170","page","type-page","status-publish","hentry"],"_links":{"self":[{"href":"https:\/\/welcomingottawaweek.ca\/fr\/wp-json\/wp\/v2\/pages\/3170","targetHints":{"allow":["GET"]}}],"collection":[{"href":"https:\/\/welcomingottawaweek.ca\/fr\/wp-json\/wp\/v2\/pages"}],"about":[{"href":"https:\/\/welcomingottawaweek.ca\/fr\/wp-json\/wp\/v2\/types\/page"}],"author":[{"embeddable":true,"href":"https:\/\/welcomingottawaweek.ca\/fr\/wp-json\/wp\/v2\/users\/10"}],"replies":[{"embeddable":true,"href":"https:\/\/welcomingottawaweek.ca\/fr\/wp-json\/wp\/v2\/comments?post=3170"}],"version-history":[{"count":0,"href":"https:\/\/welcomingottawaweek.ca\/fr\/wp-json\/wp\/v2\/pages\/3170\/revisions"}],"up":[{"embeddable":true,"href":"https:\/\/welcomingottawaweek.ca\/fr\/wp-json\/wp\/v2\/pages\/3271"}],"wp:attachment":[{"href":"https:\/\/welcomingottawaweek.ca\/fr\/wp-json\/wp\/v2\/media?parent=3170"}],"curies":[{"name":"wp","href":"https:\/\/api.w.org\/{rel}","templated":true}]}}