{"id":3295,"date":"2019-06-20T08:53:01","date_gmt":"2019-06-20T12:53:01","guid":{"rendered":"https:\/\/welcomingottawaweek.ca\/une-chance-pour-une-vie-meilleure\/"},"modified":"2019-06-20T08:53:02","modified_gmt":"2019-06-20T12:53:02","slug":"une-chance-pour-une-vie-meilleure","status":"publish","type":"page","link":"https:\/\/welcomingottawaweek.ca\/fr\/sao-ambassadeurs\/ambassadeurs-de-la-semaine-daccueil-a-ottawa-2019\/une-chance-pour-une-vie-meilleure\/","title":{"rendered":"Une Chance pour une vie meilleure"},"content":{"rendered":"\t\t<div data-elementor-type=\"wp-post\" data-elementor-id=\"3295\" class=\"elementor elementor-3295 elementor-2925\" data-elementor-post-type=\"page\">\n\t\t\t\t\t\t<section class=\"elementor-section elementor-top-section elementor-element elementor-element-74dc70db elementor-section-stretched elementor-section-boxed elementor-section-height-default elementor-section-height-default\" data-id=\"74dc70db\" data-element_type=\"section\" data-e-type=\"section\" data-settings=\"{&quot;stretch_section&quot;:&quot;section-stretched&quot;,&quot;background_background&quot;:&quot;classic&quot;}\">\n\t\t\t\t\t\t<div class=\"elementor-container elementor-column-gap-default\">\n\t\t\t\t\t<div class=\"elementor-column elementor-col-100 elementor-top-column elementor-element elementor-element-7bd34dab\" data-id=\"7bd34dab\" data-element_type=\"column\" data-e-type=\"column\">\n\t\t\t<div class=\"elementor-widget-wrap elementor-element-populated\">\n\t\t\t\t\t\t<div class=\"elementor-element elementor-element-787d3519 elementor-widget elementor-widget-video\" data-id=\"787d3519\" data-element_type=\"widget\" data-e-type=\"widget\" data-settings=\"{&quot;youtube_url&quot;:&quot;https:\\\/\\\/youtu.be\\\/EB6Z2vZV5eg&quot;,&quot;video_type&quot;:&quot;youtube&quot;,&quot;controls&quot;:&quot;yes&quot;}\" data-widget_type=\"video.default\">\n\t\t\t\t<div class=\"elementor-widget-container\">\n\t\t\t\t\t\t\t<div class=\"elementor-wrapper elementor-open-inline\">\n\t\t\t<div class=\"elementor-video\"><\/div>\t\t<\/div>\n\t\t\t\t\t\t<\/div>\n\t\t\t\t<\/div>\n\t\t\t\t<div class=\"elementor-element elementor-element-5c841b70 elementor-widget elementor-widget-spacer\" data-id=\"5c841b70\" data-element_type=\"widget\" data-e-type=\"widget\" data-widget_type=\"spacer.default\">\n\t\t\t\t<div class=\"elementor-widget-container\">\n\t\t\t\t\t\t\t<div class=\"elementor-spacer\">\n\t\t\t<div class=\"elementor-spacer-inner\"><\/div>\n\t\t<\/div>\n\t\t\t\t\t\t<\/div>\n\t\t\t\t<\/div>\n\t\t\t\t<section class=\"elementor-section elementor-inner-section elementor-element elementor-element-17c019d3 elementor-section-boxed elementor-section-height-default elementor-section-height-default\" data-id=\"17c019d3\" data-element_type=\"section\" data-e-type=\"section\">\n\t\t\t\t\t\t<div class=\"elementor-container elementor-column-gap-default\">\n\t\t\t\t\t<div class=\"elementor-column elementor-col-100 elementor-inner-column elementor-element elementor-element-43cabdcf\" data-id=\"43cabdcf\" data-element_type=\"column\" data-e-type=\"column\">\n\t\t\t<div class=\"elementor-widget-wrap elementor-element-populated\">\n\t\t\t\t\t\t<div class=\"elementor-element elementor-element-47cfd71f elementor-widget elementor-widget-heading\" data-id=\"47cfd71f\" data-element_type=\"widget\" data-e-type=\"widget\" data-widget_type=\"heading.default\">\n\t\t\t\t<div class=\"elementor-widget-container\">\n\t\t\t\t\t<h2 class=\"elementor-heading-title elementor-size-default\">SAO ambassadeurs de la semaine d'accueil: Carol Gervais<br>nominateur: Maisa Almadi<\/h2>\t\t\t\t<\/div>\n\t\t\t\t<\/div>\n\t\t\t\t<div class=\"elementor-element elementor-element-4c11d0d1 elementor-widget elementor-widget-spacer\" data-id=\"4c11d0d1\" data-element_type=\"widget\" data-e-type=\"widget\" data-widget_type=\"spacer.default\">\n\t\t\t\t<div class=\"elementor-widget-container\">\n\t\t\t\t\t\t\t<div class=\"elementor-spacer\">\n\t\t\t<div class=\"elementor-spacer-inner\"><\/div>\n\t\t<\/div>\n\t\t\t\t\t\t<\/div>\n\t\t\t\t<\/div>\n\t\t\t\t<div class=\"elementor-element elementor-element-cbebb48 elementor-widget elementor-widget-heading\" data-id=\"cbebb48\" data-element_type=\"widget\" data-e-type=\"widget\" data-widget_type=\"heading.default\">\n\t\t\t\t<div class=\"elementor-widget-container\">\n\t\t\t\t\t<h3 class=\"elementor-heading-title elementor-size-default\">Une Chance pour une vie meilleure <\/h3>\t\t\t\t<\/div>\n\t\t\t\t<\/div>\n\t\t\t\t<div class=\"elementor-element elementor-element-60efac0f elementor-widget elementor-widget-spacer\" data-id=\"60efac0f\" data-element_type=\"widget\" data-e-type=\"widget\" data-widget_type=\"spacer.default\">\n\t\t\t\t<div class=\"elementor-widget-container\">\n\t\t\t\t\t\t\t<div class=\"elementor-spacer\">\n\t\t\t<div class=\"elementor-spacer-inner\"><\/div>\n\t\t<\/div>\n\t\t\t\t\t\t<\/div>\n\t\t\t\t<\/div>\n\t\t\t\t\t<\/div>\n\t\t<\/div>\n\t\t\t\t\t<\/div>\n\t\t<\/section>\n\t\t\t\t<section class=\"elementor-section elementor-inner-section elementor-element elementor-element-41055ec3 elementor-section-boxed elementor-section-height-default elementor-section-height-default\" data-id=\"41055ec3\" data-element_type=\"section\" data-e-type=\"section\">\n\t\t\t\t\t\t<div class=\"elementor-container elementor-column-gap-default\">\n\t\t\t\t\t<div class=\"elementor-column elementor-col-100 elementor-inner-column elementor-element elementor-element-fb73f93\" data-id=\"fb73f93\" data-element_type=\"column\" data-e-type=\"column\">\n\t\t\t<div class=\"elementor-widget-wrap elementor-element-populated\">\n\t\t\t\t\t\t<div class=\"elementor-element elementor-element-51a7f16c elementor-widget elementor-widget-text-editor\" data-id=\"51a7f16c\" data-element_type=\"widget\" data-e-type=\"widget\" data-widget_type=\"text-editor.default\">\n\t\t\t\t<div class=\"elementor-widget-container\">\n\t\t\t\t\t\t\t\t\t<p><img fetchpriority=\"high\" decoding=\"async\" class=\"alignleft wp-image-2531 size-400\" src=\"https:\/\/welcomingottawaweek.ca\/wp-content\/uploads\/2019\/06\/Maisa_Carol_2019-400x320.jpg\" alt=\"\" width=\"400\" height=\"320\" data-wp-editing=\"1\" srcset=\"https:\/\/welcomingottawaweek.ca\/wp-content\/uploads\/2019\/06\/Maisa_Carol_2019-177x142.jpg 177w, https:\/\/welcomingottawaweek.ca\/wp-content\/uploads\/2019\/06\/Maisa_Carol_2019-200x160.jpg 200w, https:\/\/welcomingottawaweek.ca\/wp-content\/uploads\/2019\/06\/Maisa_Carol_2019-300x240.jpg 300w, https:\/\/welcomingottawaweek.ca\/wp-content\/uploads\/2019\/06\/Maisa_Carol_2019-400x320.jpg 400w, https:\/\/welcomingottawaweek.ca\/wp-content\/uploads\/2019\/06\/Maisa_Carol_2019-600x480.jpg 600w, https:\/\/welcomingottawaweek.ca\/wp-content\/uploads\/2019\/06\/Maisa_Carol_2019-768x614.jpg 768w, https:\/\/welcomingottawaweek.ca\/wp-content\/uploads\/2019\/06\/Maisa_Carol_2019.jpg 800w\" sizes=\"(max-width: 400px) 100vw, 400px\" \/><\/p>\n<p>Quand l\u2019\u00c9glise anglicane St James \u00e0 Manotick a contact\u00e9 Maisa Almada pour parrainer sa famille pour qu\u2019elle vienne au Canada, elle savait qu\u2019il s\u2019agissait d\u2019une chance unique d\u2019avoir une vie meilleure. Maisi, Irakienne, son mari palestinien et leurs cinq enfants sont arriv\u00e9s \u00e0 Ottawa en octobre 2018. Ils ont v\u00e9cu comme r\u00e9fugi\u00e9s en Indon\u00e9sie, mais voulaient un nouveau foyer. <\/p>\n<p>\u00ab Je suis tr\u00e8s heureuse et reconnaissante d\u2019avoir cette nouvelle vie \u00bb explique Maisa. \u00ab J\u2019ai toujours r\u00eav\u00e9 d\u2019un avenir meilleur pour ma famille. Merci pour le parrainage de cette \u00e9glise. Je sais que maintenant mes enfants vont avoir une bonne vie ici au Canada o\u00f9 nous sommes en s\u00e9curit\u00e9. \u00bb <\/p>\n<p>Une des membres du groupe de parrainage, Carol Gervais, est devenue particuli\u00e8rement proche de la famille. \u00ab Carole est une personne tr\u00e8s gentille, amicale et aidante \u00bb dit Maisa. <\/p>\n<p> Le taux d\u2019inoccupation des logements \u00e0 loyer est tellement bas \u00e0 Ottawa que trouver un logement ad\u00e9quat pour une famille de sept a \u00e9t\u00e9 un v\u00e9ritable d\u00e9fi. \u00ab Carol a d\u00e9m\u00e9nag\u00e9 de sa maison pour qu\u2019on puisse la louer \u00e0 un prix raisonnable \u00bb explique Maisa. <\/p>\n<p>\u00ab Ottawa conna\u00eet une crise du logement, alors \u00e7a ne me paraissait pas correct de vivre dans une maison de trois chambres toute seule \u00bb dit Carol. \u00ab Quand le probl\u00e8me de logement a \u00e9t\u00e9 soulev\u00e9, je suis all\u00e9e voir le comit\u00e9 de parrainage pour leur offrir ma maison et j\u2019ai d\u00e9m\u00e9nag\u00e9 dans un appartement appartenant \u00e0 ma s\u0153ur. \u00bb <\/p>\n<p> \u00ab Elle nous a aussi donn\u00e9 beaucoup de meubles, jeux et livres pour mes enfants \u00bb ajoute Maisa. <\/p>\n<p>Durant leurs premiers six mois en ville, Carol leur a montr\u00e9 le quartier et les a pr\u00e9sent\u00e9s \u00e0 des voisins \u00e0 Barrhaven. \u00ab Elle a emmen\u00e9 mes enfants acheter des v\u00eatements d\u2019hiver \u00bb explique Maisa. \u00ab Elle a emmen\u00e9 mes enfants acheter des v\u00eatements d\u2019hiver \u00bb explique Maisa. Carol a aussi emmen\u00e9 la famille pour une journ\u00e9e m\u00e9morable \u00e0 la cabane \u00e0 sucre, ajoute Maisa. \u00ab Elle a tout pay\u00e9 y compris les cr\u00eapes et les man\u00e8ges! \u00bb <\/p>\n<p>\u00ab Je n\u2019avais jamais imagin\u00e9 rencontrer une telle personne \u00bb dit Maisa. \u00ab Elle a un grand c\u0153ur et elle est comme ma s\u0153ur canadienne. Quand je suis arriv\u00e9e ici au d\u00e9but, j\u2019avais peur, j\u2019avais beaucoup d\u2019appr\u00e9hension sur l\u2019id\u00e9e de vivre dans un nouveau pays avec une culture diff\u00e9rente, mais elle m\u2019a aid\u00e9e \u00e0 d\u00e9velopper une perspective positive. \u00bb <\/p>\n<p>Carol si\u00e8ge sur le CA de la Maison Nelson, un abri pour femmes et enfants fuyant la maltraitance. Elle est une analyste commerciale retrait\u00e9e qui travaille \u00e0 temps partiel et aime passer du temps avec ses cinq petits-enfants. <\/p>\n<p>\u00ab Je n\u2019ai pas les ressources financi\u00e8res, mais gr\u00e2ce au b\u00e9n\u00e9volat j\u2019ai trouv\u00e9 un autre moyen d\u2019aider \u00bb dit Carol. \u00ab Je ne peux pas imaginer avoir peur d\u2019o\u00f9 mes enfants vont vivre. C\u2019est tellement important, particuli\u00e8rement pour les deux petites filles de la famille Almadi, d\u2019avoir l\u2019opportunit\u00e9 de s\u2019\u00e9panouir. \u00c7a a \u00e9t\u00e9 une exp\u00e9rience fantastique et il y a eu beaucoup de soutien de notre \u00e9glise. \u00bb <\/p>\n<p>\u00ab La vie devient de plus en plus normale pour les Almadi. Un des fils, Mohammed, joue maintenant au soccer. Son p\u00e8re, Adel, \u00e9tait un joueur de soccer en Irak. Ils vont d\u00e9m\u00e9nager dans une maison permanente, mais ils savent qu\u2019ils vont rester en contact avec Carol. <\/p>\n<p>\u00ab \u00catre impliqu\u00e9e dans le groupe de parrainage ce n\u2019est pas juste collecter des fonds \u00bb explique Carol. \u00ab Il s\u2019agit plus de fournir du soutien moral alors que la famille vit un choc culturel. On est devenu des amis pour la vie. \u00bb <\/p>\n<p>Carol se souvient d\u2019une chose que Barack Obama a dit \u00ab Il a dit que tout le monde m\u00e9ritait d\u2019avoir la chance de se faire une vie \u00bb dit Carol. Gr\u00e2ce \u00e0 ses actions, elle a pris ces mots \u00e0 c\u0153ur et a fait sa part en aidant une famille qui voulait juste la chance de vivre heureuse et en s\u00e9curit\u00e9. <\/p>\n\t\t\t\t\t\t\t\t<\/div>\n\t\t\t\t<\/div>\n\t\t\t\t\t<\/div>\n\t\t<\/div>\n\t\t\t\t\t<\/div>\n\t\t<\/section>\n\t\t\t\t\t<\/div>\n\t\t<\/div>\n\t\t\t\t\t<\/div>\n\t\t<\/section>\n\t\t\t\t<\/div>\n\t\t","protected":false},"excerpt":{"rendered":"<p>SAO ambassadeurs de la semaine d&rsquo;accueil: Carol Gervaisnominateur: Maisa Almadi Une Chance pour une vie meilleure Quand l\u2019\u00c9glise anglicane St James \u00e0 Manotick a contact\u00e9 Maisa Almada pour parrainer sa famille pour qu\u2019elle vienne  [&#8230;]<\/p>\n","protected":false},"author":10,"featured_media":0,"parent":3306,"menu_order":0,"comment_status":"closed","ping_status":"closed","template":"","meta":{"footnotes":""},"class_list":["post-3295","page","type-page","status-publish","hentry"],"_links":{"self":[{"href":"https:\/\/welcomingottawaweek.ca\/fr\/wp-json\/wp\/v2\/pages\/3295","targetHints":{"allow":["GET"]}}],"collection":[{"href":"https:\/\/welcomingottawaweek.ca\/fr\/wp-json\/wp\/v2\/pages"}],"about":[{"href":"https:\/\/welcomingottawaweek.ca\/fr\/wp-json\/wp\/v2\/types\/page"}],"author":[{"embeddable":true,"href":"https:\/\/welcomingottawaweek.ca\/fr\/wp-json\/wp\/v2\/users\/10"}],"replies":[{"embeddable":true,"href":"https:\/\/welcomingottawaweek.ca\/fr\/wp-json\/wp\/v2\/comments?post=3295"}],"version-history":[{"count":0,"href":"https:\/\/welcomingottawaweek.ca\/fr\/wp-json\/wp\/v2\/pages\/3295\/revisions"}],"up":[{"embeddable":true,"href":"https:\/\/welcomingottawaweek.ca\/fr\/wp-json\/wp\/v2\/pages\/3306"}],"wp:attachment":[{"href":"https:\/\/welcomingottawaweek.ca\/fr\/wp-json\/wp\/v2\/media?parent=3295"}],"curies":[{"name":"wp","href":"https:\/\/api.w.org\/{rel}","templated":true}]}}