{"id":3303,"date":"2019-06-15T07:40:44","date_gmt":"2019-06-15T11:40:44","guid":{"rendered":"https:\/\/welcomingottawaweek.ca\/?page_id=3303"},"modified":"2019-06-20T09:06:51","modified_gmt":"2019-06-20T13:06:51","slug":"une-surprise-a-laeroport","status":"publish","type":"page","link":"https:\/\/welcomingottawaweek.ca\/fr\/sao-ambassadeurs\/ambassadeurs-de-la-semaine-daccueil-a-ottawa-2019\/une-surprise-a-laeroport\/","title":{"rendered":"Une surprise \u00e0 l\u2019a\u00e9roport"},"content":{"rendered":"\t\t<div data-elementor-type=\"wp-post\" data-elementor-id=\"3303\" class=\"elementor elementor-3303 elementor-2942\" data-elementor-post-type=\"page\">\n\t\t\t\t\t\t<section class=\"elementor-section elementor-top-section elementor-element elementor-element-3a2ea57d elementor-section-boxed elementor-section-height-default elementor-section-height-default\" data-id=\"3a2ea57d\" data-element_type=\"section\" data-e-type=\"section\">\n\t\t\t\t\t\t<div class=\"elementor-container elementor-column-gap-default\">\n\t\t\t\t\t<div class=\"elementor-column elementor-col-100 elementor-top-column elementor-element elementor-element-5fd1d771\" data-id=\"5fd1d771\" data-element_type=\"column\" data-e-type=\"column\">\n\t\t\t<div class=\"elementor-widget-wrap elementor-element-populated\">\n\t\t\t\t\t\t<div class=\"elementor-element elementor-element-d61ee8e elementor-widget elementor-widget-video\" data-id=\"d61ee8e\" data-element_type=\"widget\" data-e-type=\"widget\" data-settings=\"{&quot;youtube_url&quot;:&quot;https:\\\/\\\/youtu.be\\\/TQJlJJWZOJI&quot;,&quot;video_type&quot;:&quot;youtube&quot;,&quot;controls&quot;:&quot;yes&quot;}\" data-widget_type=\"video.default\">\n\t\t\t\t<div class=\"elementor-widget-container\">\n\t\t\t\t\t\t\t<div class=\"elementor-wrapper elementor-open-inline\">\n\t\t\t<div class=\"elementor-video\"><\/div>\t\t<\/div>\n\t\t\t\t\t\t<\/div>\n\t\t\t\t<\/div>\n\t\t\t\t<div class=\"elementor-element elementor-element-5e7e1430 elementor-widget elementor-widget-text-editor\" data-id=\"5e7e1430\" data-element_type=\"widget\" data-e-type=\"widget\" data-widget_type=\"text-editor.default\">\n\t\t\t\t<div class=\"elementor-widget-container\">\n\t\t\t\t\t\t\t\t\t<h2>Ambassadrice\u202f: Ajitha Marath<br \/>nominateur: Prathyusha Venugopal<\/h2><h3>Une surprise \u00e0 l\u2019a\u00e9roport\u00a0<\/h3><p><img fetchpriority=\"high\" decoding=\"async\" class=\"alignleft\" src=\"https:\/\/welcomingottawaweek.ca\/wp-content\/uploads\/2019\/06\/Prathyusha_Ajitha_2019-400x320.jpg\" alt=\"\" width=\"400\" height=\"320\" \/><\/p><p><span data-contrast=\"auto\">Quand<\/span><span data-contrast=\"auto\"> Prathyusha Venugopal, <\/span><span data-contrast=\"auto\">son mari et leur fils adolescent sont arriv\u00e9s \u00e0 l\u2019a\u00e9roport d\u2019Ottawa et qu\u2019<\/span><span data-contrast=\"auto\">Ajitha Marath<\/span><span data-contrast=\"auto\"> les a conduits \u00e0 leur AirBnB, ils ont \u00e9t\u00e9 surpris de ce qu\u2019elle avait apport\u00e9 pour eux.<\/span><span data-ccp-props=\"{\">\u00a0<\/span><\/p><p><span data-contrast=\"auto\">\u00ab\u202fJ\u2019ai \u00e9t\u00e9 litt\u00e9ralement sous le choc et plut\u00f4t surprise de voir la voiture d\u2019Ajitha remplie de nourriture pour nous\u202f\u00bb remarque <\/span><span data-contrast=\"auto\">Prathyusha<\/span><span data-contrast=\"auto\">. \u00ab\u202fElle avait m\u00e9ticuleusement planifi\u00e9 et achet\u00e9<\/span><span data-contrast=\"auto\"> tout<\/span><span data-contrast=\"auto\"> ce dont nous aurions besoin pour un mois entier \u2013 y compris la nourriture et des articles m\u00e9nagers. Les ingr\u00e9dients n\u00e9cessaires \u00e0 la cuisine indienne sont tellement complexes mais elle a su exactement ce qu\u2019il fallait acheter. Ajitha a m\u00eame cuisin\u00e9 des mets indiens pour nous pour quelques jours le temps que l\u2019on apprenne o\u00f9 se trouvaient les magasins n\u00e9cessaires \u00e0 nos achats. Nous ne pouvions croire qu\u2019une personne puisse aider \u00e0 ce point.\u202f\u00bb<\/span><span data-ccp-props=\"{\">\u00a0<\/span><\/p><p><span data-contrast=\"auto\">Ce n\u2019\u00e9tait que le d\u00e9but du soutien apport\u00e9 par Ajitha. \u00ab\u202fLa journ\u00e9e d\u2019apr\u00e8s<\/span><span data-contrast=\"auto\">,<\/span><span data-contrast=\"auto\"> elle est venue et nous a em<\/span><span data-contrast=\"auto\">men\u00e9s dans les magasins du coin<\/span><span data-contrast=\"auto\"> et les \u00e9choppes sp\u00e9cialis\u00e9es indiennes, ce qui a rendu notre vie tellement facile\u202f\u00bb explique <\/span><span data-contrast=\"auto\">Prathyusha<\/span><span data-contrast=\"auto\">. \u00ab\u202fElle a continu\u00e9 \u00e0 m\u2019appeler tous les jours pour savoir si nous nous<\/span><span data-contrast=\"auto\"> nous<\/span><span data-contrast=\"auto\"> portions bien et pour s\u2019assurer que nous avions tout ce dont nous avions besoin.\u202f\u00bb<\/span><span data-ccp-props=\"{\">\u00a0<\/span><\/p><p><span data-contrast=\"auto\">Ajitha \u00e9tait une connaissance du mari de <\/span><span data-contrast=\"auto\">Prathyusha<\/span><span data-contrast=\"auto\">, depuis leurs ann\u00e9es au coll\u00e8ge en Inde et de la m\u00eame province de Kerala dans le sud de l\u2019Inde. Bien qu\u2019ils ne se soient pas parl\u00e9s pendant des ann\u00e9es, quand la famille de <\/span><span data-contrast=\"auto\">Prathyusha<\/span><span data-contrast=\"auto\"> a d\u00e9cid\u00e9 de d\u00e9m\u00e9nager au Canada, le mari de <\/span><span data-contrast=\"auto\">Prathyusha<\/span><span data-contrast=\"auto\"> lui a \u00e9crit pour lui demander si elle vivait toujours \u00e0 Ottawa. \u00ab\u202fAjitha est une personne extraordinaire, une belle \u00e2me, ce qu\u2019on trouve rarement dans ce monde si dangereux\u202f\u00bb dit <\/span><span data-contrast=\"auto\">Prathyusha<\/span><span data-contrast=\"auto\">. D\u00e8s qu\u2019on lui a dit qu\u2019on d\u00e9m\u00e9nageait \u00e0 Ottawa, elle m\u2019a envoy\u00e9 toutes les informations requises pour notre \u00e9tablissement au Canada. C\u2019est une personne occup\u00e9e, avec des enfants et une carri\u00e8re, mais elle a quand m\u00eame pris des jours de cong\u00e9s, nous a pr\u00e9sent\u00e9s \u00e0 la communaut\u00e9 indienne et nous a aid\u00e9s \u00e0 nous sentir chez nous<\/span><span data-contrast=\"auto\">.\u202f\u00bb<\/span><span data-ccp-props=\"{\">\u00a0<\/span><\/p><p><span data-contrast=\"auto\">\u00ab\u202fUn mois apr\u00e8s notre arriv\u00e9e \u00e0 l\u2019a\u00e9roport, Ajitha \u00e9tait l\u00e0 encore pour nous aider et nous <\/span><span data-contrast=\"auto\">aider<\/span><span data-contrast=\"auto\"> \u00e0 d\u00e9m\u00e9nager dans la petite maison que nous avions lou\u00e9e\u202f\u00bb ajoute <\/span><span data-contrast=\"auto\">Prathyusha<\/span><span data-contrast=\"auto\">. L<\/span><span data-contrast=\"auto\">es premiers mois peuvent <\/span><span data-contrast=\"auto\">souvent <\/span><span data-contrast=\"auto\">\u00eatre difficiles pour les nouveaux arrivants sans famille ni amis. \u00ab\u202fNous sommes au Canada depuis deux ans maintenant et quand j\u2019ai besoin de quelque chose, je suis contente de savoir que j\u2019ai quelqu\u2019un sur qui me reposer. Son soutien a \u00e9t\u00e9 crucial!\u202f\u00bb<\/span><span data-ccp-props=\"{\">\u00a0<\/span><\/p><p><span data-contrast=\"auto\">I<\/span><span data-contrast=\"auto\">ls blaguent sur le fait que \u00ab\u202fla compagnie de d\u00e9m\u00e9nagement d\u2019Ajitha\u202f\u00bb est toujours pr\u00eate. \u00ab\u202fJ\u2019ai peur de lui dire que nous allons en Inde sinon elle nous conduirait \u00e0 l\u2019a\u00e9roport\u202f\u00bb rigile <\/span><span data-contrast=\"auto\">Prathyusha<\/span><span data-contrast=\"auto\">. <\/span><span data-contrast=\"auto\">\u00ab\u202fAjitha a dit que tant qu\u2019elle serait autour, ne pensez m\u00eame pas \u00e0 appeler un Uber\u202f\u00bb.<\/span><span data-ccp-props=\"{\">\u00a0<\/span><\/p><p><span data-contrast=\"auto\">\u00a0<\/span><span data-contrast=\"auto\">\u00ab\u202fMa m\u00e8re avait l\u2019habitude de dire que vous devriez penser du point de vue de l\u2019autre personne avant de faire quoi que ce soit\u202f\u00bb, explique Ajitha. \u00ab\u202fMon heure ou deux peut \u00e9pargner quelqu\u2019un beaucoup de temps et de tension. Quand c\u2019est possible, j\u2019essaye d\u2019agir en ce sens. Plus tard j\u2019ai su que <\/span><span data-contrast=\"auto\">Prathyusha<\/span><span data-contrast=\"auto\"> et <\/span><span data-contrast=\"auto\">sa famille se d\u00e9brouilleraient sans moi.\u202f\u00bb Les deux parents ont maintenant un emploi \u00e0 temps plein et leur fils est inscrit \u00e0 Carleton pour cet automne.\u00a0<\/span><span data-ccp-props=\"{\">\u00a0<\/span><\/p><p><span data-contrast=\"auto\">Les deux femmes ont forg\u00e9 une amiti\u00e9 remplie de rires et de joies. \u00ab\u202fLe cr\u00e9dit va \u00e0 <\/span><span data-contrast=\"auto\">Prathyusha<\/span><span data-contrast=\"auto\">, qui a maintenant plein d\u2019amis \u00e0 Ottawa, mais elle ne m\u2019a cependant pas oubli\u00e9<\/span><span data-contrast=\"auto\">e<\/span><span data-contrast=\"auto\">\u202f\u00bb fait remarquer Ajitha.\u00a0<\/span><span data-ccp-props=\"{\">\u00a0<\/span><\/p><p><span data-contrast=\"auto\">\u00ab\u202fMon mari dit toujours que <\/span><span data-contrast=\"auto\">l\u2019argent \u00e7a va \u00e7a vient, mais si<\/span><span data-contrast=\"auto\"> tu as du temps, tu devrais aider les autres\u202f\u00bb ajoute Ajitha. \u00ab\u202fCette famille ne connaissait personne, ils sont devenus de bons r\u00e9sidents canadiens et bient\u00f4t ils seront citoyens et je suis heureuse d\u2019avoir gagn\u00e9 une amie fantastique.\u202f\u00bb<\/span><span data-ccp-props=\"{\">\u00a0<\/span><\/p><p><span data-contrast=\"auto\">I<\/span><span data-contrast=\"auto\">ls ne savaient qu\u2019un petit tour en voiture de l\u2019a\u00e9roport m\u00e8nerait \u00e0 une telle amiti\u00e9 profonde et sinc\u00e8re.<\/span><span data-ccp-props=\"{\">\u00a0<\/span><\/p>\t\t\t\t\t\t\t\t<\/div>\n\t\t\t\t<\/div>\n\t\t\t\t\t<\/div>\n\t\t<\/div>\n\t\t\t\t\t<\/div>\n\t\t<\/section>\n\t\t\t\t<\/div>\n\t\t","protected":false},"excerpt":{"rendered":"<p>Ambassadrice\u202f: Ajitha Marath nominateur: Prathyusha Venugopal Une surprise \u00e0 l\u2019a\u00e9roport Quand Prathyusha Venugopal, son mari et leur fils adolescent sont arriv\u00e9s \u00e0 l\u2019a\u00e9roport d\u2019Ottawa et qu\u2019Ajitha Marath les a conduits \u00e0 leur AirBnB, ils  [&#8230;]<\/p>\n","protected":false},"author":10,"featured_media":0,"parent":3306,"menu_order":0,"comment_status":"closed","ping_status":"closed","template":"","meta":{"footnotes":""},"class_list":["post-3303","page","type-page","status-publish","hentry"],"_links":{"self":[{"href":"https:\/\/welcomingottawaweek.ca\/fr\/wp-json\/wp\/v2\/pages\/3303","targetHints":{"allow":["GET"]}}],"collection":[{"href":"https:\/\/welcomingottawaweek.ca\/fr\/wp-json\/wp\/v2\/pages"}],"about":[{"href":"https:\/\/welcomingottawaweek.ca\/fr\/wp-json\/wp\/v2\/types\/page"}],"author":[{"embeddable":true,"href":"https:\/\/welcomingottawaweek.ca\/fr\/wp-json\/wp\/v2\/users\/10"}],"replies":[{"embeddable":true,"href":"https:\/\/welcomingottawaweek.ca\/fr\/wp-json\/wp\/v2\/comments?post=3303"}],"version-history":[{"count":0,"href":"https:\/\/welcomingottawaweek.ca\/fr\/wp-json\/wp\/v2\/pages\/3303\/revisions"}],"up":[{"embeddable":true,"href":"https:\/\/welcomingottawaweek.ca\/fr\/wp-json\/wp\/v2\/pages\/3306"}],"wp:attachment":[{"href":"https:\/\/welcomingottawaweek.ca\/fr\/wp-json\/wp\/v2\/media?parent=3303"}],"curies":[{"name":"wp","href":"https:\/\/api.w.org\/{rel}","templated":true}]}}