{"id":3324,"date":"2019-06-20T08:13:45","date_gmt":"2019-06-20T12:13:45","guid":{"rendered":"https:\/\/welcomingottawaweek.ca\/?page_id=3324"},"modified":"2019-06-21T15:51:06","modified_gmt":"2019-06-21T19:51:06","slug":"assurer-la-ligne-arriere-pour-un-nouvel-arrivant","status":"publish","type":"page","link":"https:\/\/welcomingottawaweek.ca\/fr\/sao-ambassadeurs\/ambassadeurs-de-la-semaine-daccueil-a-ottawa-2019\/assurer-la-ligne-arriere-pour-un-nouvel-arrivant\/","title":{"rendered":"Assurer la ligne arri\u00e8re pour un nouvel arrivant"},"content":{"rendered":"\t\t<div data-elementor-type=\"wp-post\" data-elementor-id=\"3324\" class=\"elementor elementor-3324 elementor-3289\" data-elementor-post-type=\"page\">\n\t\t\t\t\t\t<section class=\"elementor-section elementor-top-section elementor-element elementor-element-16817358 elementor-section-boxed elementor-section-height-default elementor-section-height-default\" data-id=\"16817358\" data-element_type=\"section\" data-e-type=\"section\">\n\t\t\t\t\t\t<div class=\"elementor-container elementor-column-gap-default\">\n\t\t\t\t\t<div class=\"elementor-column elementor-col-100 elementor-top-column elementor-element elementor-element-3d446de0\" data-id=\"3d446de0\" data-element_type=\"column\" data-e-type=\"column\">\n\t\t\t<div class=\"elementor-widget-wrap elementor-element-populated\">\n\t\t\t\t\t\t<div class=\"elementor-element elementor-element-1af17d1 elementor-widget elementor-widget-heading\" data-id=\"1af17d1\" data-element_type=\"widget\" data-e-type=\"widget\" data-widget_type=\"heading.default\">\n\t\t\t\t<div class=\"elementor-widget-container\">\n\t\t\t\t\t<h2 class=\"elementor-heading-title elementor-size-default\"><span style=\"margin: 0em 0px 1.1em;line-height: 1.5;white-space: normal\">Ambassadeur : Maurice White&nbsp;<\/span><\/h2>\t\t\t\t<\/div>\n\t\t\t\t<\/div>\n\t\t\t\t<div class=\"elementor-element elementor-element-989a35e elementor-widget elementor-widget-heading\" data-id=\"989a35e\" data-element_type=\"widget\" data-e-type=\"widget\" data-widget_type=\"heading.default\">\n\t\t\t\t<div class=\"elementor-widget-container\">\n\t\t\t\t\t<h2 class=\"elementor-heading-title elementor-size-default\"><span style=\"margin: 0em 0px 1.1em;line-height: 1.5;white-space: normal\"><span style=\"letter-spacing: 0px\">nominateur: Ndusha Ruhune Freecare<\/span><\/span><span style=\"letter-spacing: 0px\"><\/span><\/h2>\t\t\t\t<\/div>\n\t\t\t\t<\/div>\n\t\t\t\t<div class=\"elementor-element elementor-element-6bf477f elementor-widget elementor-widget-spacer\" data-id=\"6bf477f\" data-element_type=\"widget\" data-e-type=\"widget\" data-widget_type=\"spacer.default\">\n\t\t\t\t<div class=\"elementor-widget-container\">\n\t\t\t\t\t\t\t<div class=\"elementor-spacer\">\n\t\t\t<div class=\"elementor-spacer-inner\"><\/div>\n\t\t<\/div>\n\t\t\t\t\t\t<\/div>\n\t\t\t\t<\/div>\n\t\t\t\t<div class=\"elementor-element elementor-element-18572ee8 elementor-widget elementor-widget-text-editor\" data-id=\"18572ee8\" data-element_type=\"widget\" data-e-type=\"widget\" data-widget_type=\"text-editor.default\">\n\t\t\t\t<div class=\"elementor-widget-container\">\n\t\t\t\t\t\t\t\t\t<h2><span style=\"font-size: 28px; font-weight: 600; letter-spacing: 0px;\">Assurer la ligne arri\u00e8re pour un nouvel arrivant<\/span><\/h2><p><img fetchpriority=\"high\" decoding=\"async\" class=\"alignleft\" src=\"https:\/\/welcomingottawaweek.ca\/wp-content\/uploads\/2019\/06\/Maurice-White_pair-400x409.jpg\" alt=\"\" width=\"400\" height=\"409\" \/><\/p><p>En double au tennis, quand un membre de la paire assure la ligne arri\u00e8re pour l\u2019autre, c\u2019est une fa\u00e7on de le soutenir dans ce jeu rapide. Maurice White, qui joue r\u00e9guli\u00e8rement au tennis avec Ndusha Ruhune Freecare, est souvent rest\u00e9 sur la ligne arri\u00e8re pour ce nouvel arrivant.<\/p><p>Ndusha, originaire de la R\u00e9publique d\u00e9mocratique du Congo (RDC), est arriv\u00e9 \u00e0 Ottawa en tant que r\u00e9fugi\u00e9 parrain\u00e9 par le gouvernement (RPG) en 2017. Il a pass\u00e9 10 longues ann\u00e9es comme r\u00e9fugi\u00e9 en Zambie et, gr\u00e2ce au HCR et au programme des RPG du gouvernement canadien, a enfin trouv\u00e9 un pays qu\u2019il peut vraiment consid\u00e9rer comme chez lui.<\/p><p>\u00ab Je me suis senti soulag\u00e9 quand je suis arriv\u00e9 au Canada \u00bb se souvient Ndusha. \u00ab Comme r\u00e9fugi\u00e9 je ne pouvais savoir de quoi demain serait fait. Quand vous \u00eates \u00ab apatride \u00bb, vous ne b\u00e9n\u00e9ficiez pas des services publics. Bien que vous disposiez d\u2019une certaine protection, au fond de vous-m\u00eame vous savez toujours que vous ne pouvez pas rentrer dans votre pays d\u2019origine. \u00bb<\/p><p>En Zambie il \u00e9tait pasteur. Au camp de r\u00e9fugi\u00e9s o\u00f9 il vivait, il s\u2019est aussi occup\u00e9 de projets humanitaires gr\u00e2ce \u00e0 Beacon of Hope \u2013 Zambie, une ONG qui travaille pour transformer positivement la vie des enfants et des jeunes dans la r\u00e9gion nord-ouest de ce pays.<\/p><p>Ndusha se souvient de son long parcours de Lusaka en Zambie \u00e0 Ottawa. \u00ab Sur ce chemin, j\u2019ai re\u00e7u un soutien incroyable du gouvernement canadien et de l\u2019Organisation internationale pour les migrations \u00bb fait-il remarquer. \u00ab Tout \u00e9tait bien organis\u00e9 pour assurer ma s\u00fbret\u00e9 et ma s\u00e9curit\u00e9. J\u2019ai m\u00eame eu des rencontres d\u2019information avec des fonctionnaires canadiens en Zambie sur la culture canadienne et sur ce \u00e0 quoi je devais m\u2019attendre dans ma nouvelle patrie. Depuis mon arriv\u00e9e, j\u2019ai d\u00e9couvert que la soci\u00e9t\u00e9 canadienne est tr\u00e8s respectueuse des nouveaux arrivants. \u00bb<\/p><p>Il se rappelle du travail inspirant qu\u2019il a fait en RDC en \u0153uvrant comme pasteur aupr\u00e8s de prisonniers, leur offrant encouragements, nourriture et autres appuis. Ce travail l\u2019a amen\u00e9 \u00e0 rencontrer Maurice White qui est parti \u00e0 la retraite en 2011 quittant ainsi son emploi de surveillant de libert\u00e9 conditionnelle avec le Service correctionnel du Canada.<\/p><p>Il y a juste un peu plus d\u2019un an, Ndusha a \u00e9t\u00e9 jumel\u00e9 avec Maurice, b\u00e9n\u00e9vole aupr\u00e8s du Centre catholique pour immigrants (CCI). Le CCI a d\u00e9velopp\u00e9 un programme de jumelage offrant du soutien individualis\u00e9 pour aider les nouveaux arrivants \u00e0 s\u2019ajuster et s\u2019int\u00e9grer en pr\u00e9sentant des r\u00e9fugi\u00e9s et immigrants r\u00e9cents \u00e0 des membres \u00e9tablis de la communaut\u00e9 ottavienne. \u00ab Depuis que j\u2019ai \u00e9t\u00e9 mis en lien avec Maurice, il n\u2019a pas cess\u00e9 de m\u2019aider dans mon processus d\u2019int\u00e9gration. En fait, il m\u2019a int\u00e9gr\u00e9 \u00e0 sa famille. \u00bb<\/p><p>Maurice emm\u00e8ne Ndusha participer \u00e0 des activit\u00e9s r\u00e9cr\u00e9atives, visiter des mus\u00e9es et m\u00eame chez lui pour un souper et des conversations anim\u00e9es, souvent \u00e0 propos de leurs cultures. \u00ab L\u2019exercice et le<\/p><p>divertissement sont importants pour les nouveaux arrivants, en plus du travail et des \u00e9tudes \u00bb dit Maurice.<\/p><p>Devenir un b\u00e9n\u00e9vole jumel\u00e9 \u00e0 Ndusha a \u00e9t\u00e9 une exp\u00e9rience tr\u00e8s enrichissante pour Maurice. \u00ab J\u2019ai lu sur la RDC, ce qui a \u00e9t\u00e9 une v\u00e9ritable \u00e9ducation pour moi \u00bb explique Maurice. \u00ab Ce r\u00f4le de b\u00e9n\u00e9vole me donne la chance de conna\u00eetre une personne qui veut s\u2019int\u00e9grer dans notre communaut\u00e9. \u00bb<\/p><p>Maurice aime faire du b\u00e9n\u00e9volat dans le Programme Copains de patinage du Centre catholique pour immigrants (CCI), qui permet aux nouveaux arrivants d\u2019apprendre \u00e0 patiner \u00e0 la Patinoire des r\u00eaves des S\u00e9nateurs de l\u2019H\u00f4tel de Ville tous les jeudis pendant l\u2019hiver. \u00ab J\u2019ai rencontr\u00e9 beaucoup de r\u00e9fugi\u00e9s comme Ndusha qui n\u2019avaient jamais chauss\u00e9 des patins et c\u2019est agr\u00e9able de les voir progresser et prendre plaisir aux activit\u00e9s hivernales \u00bb dit Maurice. Ndusha va souvent patiner et il est bien \u00e9quip\u00e9 pour le froid comme il le clame fi\u00e8rement en montrant l\u2019\u00e9charpe que Barbara, la femme de Maurice, lui a tricot\u00e9e.<\/p><p>En plus de ces sorties r\u00e9cr\u00e9atives, Ndusha a aussi re\u00e7u un soutien pratique de Maurice, qui l\u2019a orient\u00e9 vers le Centre de services communautaires de Vanier (CSCV). Au CSCV, Ndusha a rencontr\u00e9 un coach professionnel qui l\u2019a aid\u00e9 \u00e0 trouver un emploi. \u00ab Je travaille \u00e0 Millenium1Solutions comme repr\u00e9sentant aux services \u00e0 la client\u00e8le \u00bb ajoute Ndusha. \u00ab Mes coll\u00e8gues me traitent aussi comme de la famille. \u00bb \u00c9tant donn\u00e9 qu\u2019il parle couramment anglais, fran\u00e7ais et swahili, il a \u00e9galement trouv\u00e9 un emploi \u00e0 temps partiel comme interpr\u00e8te en sant\u00e9 dans les h\u00f4pitaux gr\u00e2ce au programme Acc\u00e8s langue d\u2019Ottawa du Centre de sant\u00e9 communautaire de Somerset ouest.<\/p><p>Son conseiller en \u00e9tablissement au CCI l\u2019a \u00e9galement aid\u00e9 \u00e0 faire face aux nombreux besoins pratiques comme le logement.<\/p><p>Comme beaucoup de Canadiens, Maurice a \u00e9t\u00e9 motiv\u00e9 \u00e0 s\u2019impliquer quand il a vu le fardeau port\u00e9 par les r\u00e9fugi\u00e9s syriens. \u00ab J\u2019avais du temps et j\u2019ai pens\u00e9 que le Programme de jumelage me conviendrait bien \u00bb explique Maurice.<\/p><p>Ndusha sourit souvent et il a une \u00e9nergie et une motivation incroyables. \u00ab J\u2019ai commenc\u00e9 \u00e0 m\u2019int\u00e9grer d\u00e8s le d\u00e9but du processus d\u2019immigration \u00bb fait-il remarquer. \u00ab Quand vous \u00eates r\u00e9fugi\u00e9, vous vivez dans l\u2019incertitude. Partir pour un pays s\u00fbr me rend tellement positif quant \u00e0 mon avenir. Personne ne peut plus venir frapper \u00e0 ma porte pour me menacer. \u00bb<\/p><p>Il se souviendra toujours du sentiment de fiert\u00e9 qui l\u2019a habit\u00e9 quand il a re\u00e7u sa r\u00e9sidence permanente \u00e0 l\u2019a\u00e9roport d\u2019Ottawa. \u00ab Pour un r\u00e9fugi\u00e9 comme moi, ces papiers signifient beaucoup \u00bb souligne Ndusha. \u00ab Comme r\u00e9fugi\u00e9 en Zambie j\u2019avais besoin de papiers sp\u00e9ciaux chaque fois que je voulais me d\u00e9placer hors du camp. Maintenant je me sens libre et j\u2019ai l\u2019impression d\u2019\u00eatre reconnu comme un citoyen du monde. \u00bb<\/p><p>\u00ab D\u00e8s ma premi\u00e8re rencontre avec Maurice, j\u2019ai senti qu\u2019il \u00e9tait comme un parent ou un ami proche \u00bb conclut Ndusha. \u00ab Il est comme de la famille et j\u2019ai l\u2019impression qu\u2019on se conna\u00eet depuis l\u2019enfance, pourtant nous ne nous sommes rencontr\u00e9s qu\u2019ici. \u00bb<\/p><p>En jouant r\u00e9guli\u00e8rement avec Maurice sur les cours de tennis municipaux, le jeu de Ndusha s\u2019est grandement am\u00e9lior\u00e9. \u00ab Je lui ai dit qu\u2019il ferait mieux de pratiquer, pratiquer, pratiquer \u00bb rigole Maurice. Ils sont partis pour une petite rencontre de tennis un apr\u00e8s-midi ensoleill\u00e9 de printemps. Leurs liens sont forts sur et en dehors du cours \u2013 et comme ami et mentor, Maurice continue d\u2019assurer la ligne arri\u00e8re pour lui.<\/p>\t\t\t\t\t\t\t\t<\/div>\n\t\t\t\t<\/div>\n\t\t\t\t\t<\/div>\n\t\t<\/div>\n\t\t\t\t\t<\/div>\n\t\t<\/section>\n\t\t\t\t<\/div>\n\t\t","protected":false},"excerpt":{"rendered":"<p>Ambassadeur : Maurice White&nbsp; nominateur: Ndusha Ruhune Freecare Assurer la ligne arri\u00e8re pour un nouvel arrivant En double au tennis, quand un membre de la paire assure la ligne arri\u00e8re pour l\u2019autre, c\u2019est une  [&#8230;]<\/p>\n","protected":false},"author":10,"featured_media":0,"parent":3306,"menu_order":0,"comment_status":"closed","ping_status":"closed","template":"","meta":{"footnotes":""},"class_list":["post-3324","page","type-page","status-publish","hentry"],"_links":{"self":[{"href":"https:\/\/welcomingottawaweek.ca\/fr\/wp-json\/wp\/v2\/pages\/3324","targetHints":{"allow":["GET"]}}],"collection":[{"href":"https:\/\/welcomingottawaweek.ca\/fr\/wp-json\/wp\/v2\/pages"}],"about":[{"href":"https:\/\/welcomingottawaweek.ca\/fr\/wp-json\/wp\/v2\/types\/page"}],"author":[{"embeddable":true,"href":"https:\/\/welcomingottawaweek.ca\/fr\/wp-json\/wp\/v2\/users\/10"}],"replies":[{"embeddable":true,"href":"https:\/\/welcomingottawaweek.ca\/fr\/wp-json\/wp\/v2\/comments?post=3324"}],"version-history":[{"count":0,"href":"https:\/\/welcomingottawaweek.ca\/fr\/wp-json\/wp\/v2\/pages\/3324\/revisions"}],"up":[{"embeddable":true,"href":"https:\/\/welcomingottawaweek.ca\/fr\/wp-json\/wp\/v2\/pages\/3306"}],"wp:attachment":[{"href":"https:\/\/welcomingottawaweek.ca\/fr\/wp-json\/wp\/v2\/media?parent=3324"}],"curies":[{"name":"wp","href":"https:\/\/api.w.org\/{rel}","templated":true}]}}