{"id":3352,"date":"2019-06-12T19:05:42","date_gmt":"2019-06-12T23:05:42","guid":{"rendered":"https:\/\/welcomingottawaweek.ca\/sao-ambassadeurs\/ambassadeurs-de-la-semaine-daccueil-a-ottawa-2019\/the-canadian-value-of-compassion\/"},"modified":"2019-06-20T13:12:32","modified_gmt":"2019-06-20T17:12:32","slug":"la-valeur-canadienne-de-la-compassion","status":"publish","type":"page","link":"https:\/\/welcomingottawaweek.ca\/fr\/sao-ambassadeurs\/ambassadeurs-de-la-semaine-daccueil-a-ottawa-2019\/la-valeur-canadienne-de-la-compassion\/","title":{"rendered":"La valeur canadienne de la compassion"},"content":{"rendered":"\t\t<div data-elementor-type=\"wp-post\" data-elementor-id=\"3352\" class=\"elementor elementor-3352 elementor-2522\" data-elementor-post-type=\"page\">\n\t\t\t\t\t\t<section class=\"elementor-section elementor-top-section elementor-element elementor-element-75c52966 elementor-section-boxed elementor-section-height-default elementor-section-height-default\" data-id=\"75c52966\" data-element_type=\"section\" data-e-type=\"section\">\n\t\t\t\t\t\t<div class=\"elementor-container elementor-column-gap-default\">\n\t\t\t\t\t<div class=\"elementor-column elementor-col-100 elementor-top-column elementor-element elementor-element-28401e5b\" data-id=\"28401e5b\" data-element_type=\"column\" data-e-type=\"column\">\n\t\t\t<div class=\"elementor-widget-wrap elementor-element-populated\">\n\t\t\t\t\t\t<div class=\"elementor-element elementor-element-e37f2cb elementor-widget elementor-widget-video\" data-id=\"e37f2cb\" data-element_type=\"widget\" data-e-type=\"widget\" data-settings=\"{&quot;youtube_url&quot;:&quot; https:\\\/\\\/youtu.be\\\/gI4nqxHX32A&quot;,&quot;video_type&quot;:&quot;youtube&quot;,&quot;controls&quot;:&quot;yes&quot;}\" data-widget_type=\"video.default\">\n\t\t\t\t<div class=\"elementor-widget-container\">\n\t\t\t\t\t\t\t<div class=\"elementor-wrapper elementor-open-inline\">\n\t\t\t<div class=\"elementor-video\"><\/div>\t\t<\/div>\n\t\t\t\t\t\t<\/div>\n\t\t\t\t<\/div>\n\t\t\t\t<div class=\"elementor-element elementor-element-45c9c88a elementor-widget elementor-widget-text-editor\" data-id=\"45c9c88a\" data-element_type=\"widget\" data-e-type=\"widget\" data-widget_type=\"text-editor.default\">\n\t\t\t\t<div class=\"elementor-widget-container\">\n\t\t\t\t\t\t\t\t\t<h2>Ambassadrice\u202f: Sandra Barancira<br \/>nominateur: Andr\u00e9 Dunduri<\/h2><h3>La valeur canadienne de la compassion<\/h3><p><img fetchpriority=\"high\" decoding=\"async\" class=\"alignleft\" src=\"https:\/\/welcomingottawaweek.ca\/wp-content\/uploads\/2019\/06\/Ander_Sandra_2019-400x320.jpg\" alt=\"\" width=\"400\" height=\"320\" data-wp-editing=\"1\" \/><\/p><p><span data-contrast=\"auto\">Quand Sandra Barancina est arriv\u00e9e au Canada comme adolescente r\u00e9fugi\u00e9e il y a 25 ans, il <\/span><span data-contrast=\"auto\">n\u2019existait qu\u2019<\/span><span data-contrast=\"auto\">une tr\u00e8s petite communaut\u00e9 burundai<\/span><span data-contrast=\"auto\">se. \u00ab\u202fAlors il y a une<\/span><span data-contrast=\"auto\"> une vague de jeune<\/span><span data-contrast=\"auto\">s<\/span><span data-contrast=\"auto\"> gens qui <\/span><span data-contrast=\"auto\">se <\/span><span data-contrast=\"auto\">sont <\/span><span data-contrast=\"auto\">\u00e9cart\u00e9s du droit chemin<\/span><span data-contrast=\"auto\">, \u00e0 cause du manque de soutien et de supervision par les adultes\u202f\u00bb, se rappel<\/span><span data-contrast=\"auto\">le-t-elle. \u00ab\u202fN<\/span><span data-contrast=\"auto\">ous sommes devenus canadiens, mais notre h\u00e9ritage \u00e9tait toujours burundais.\u202f\u00bb<\/span><span data-ccp-props=\"{}\">\u00a0<\/span><\/p><p><span data-contrast=\"auto\">Elle a connu la<\/span><span data-contrast=\"auto\"> vi<\/span><span data-contrast=\"auto\">e typique d\u2019une fonctionnaire \u00e0 Ottawa, \u00e9levant ses trois enfants. \u00c7a c\u2019\u00e9tait ju<\/span><span data-contrast=\"auto\">squ\u2019en 2015 quand le d\u00e9sordre,<\/span><span data-contrast=\"auto\"> l\u2019oppression et la violence ont frapp\u00e9 son pays d\u2019origine. Elle ne pouvait pas rester sans rien faire, alors que de nombreux Burundais voyaient l<\/span><span data-contrast=\"auto\">eurs demandes d\u2019asile \u00eatre rejet\u00e9<\/span><span data-contrast=\"auto\">e<\/span><span data-contrast=\"auto\">s<\/span><span data-contrast=\"auto\">. Elle est devenue une d\u00e9fenseuse et une activiste au nom<\/span><span data-contrast=\"auto\"> des nouveaux arrivants burundai<\/span><span data-contrast=\"auto\">s.\u00a0<\/span><span data-ccp-props=\"{}\">\u00a0<\/span><\/p><p><span data-contrast=\"auto\">\u00ab\u202fLes gens me demandent pourquoi je fais \u00e7a\u202f\u00bb dit Sandra. \u00ab\u202fJe ne pouvais pa<\/span><span data-contrast=\"auto\">s rester comme \u00e7a \u00e0 voir de nombreux Bur<\/span><span data-contrast=\"auto\">u<\/span><span data-contrast=\"auto\">n<\/span><span data-contrast=\"auto\">dais se voir refuser leur demande d\u2019asile alors qu\u2019ils <\/span><span data-contrast=\"auto\">\u00e9taient<\/span><span data-contrast=\"auto\"> l\u00e0 depuis <\/span><span data-contrast=\"auto\">plusieurs ann<\/span><span data-contrast=\"auto\">\u00e9es. Des gens qui \u00e9taient l\u00e0 depuis une d\u00e9cennie \u00e9taient d\u00e9port\u00e9s au Burundi. Certains<\/span><span data-contrast=\"auto\"> ont tristement atterris dans <\/span><span data-contrast=\"auto\">des camps de r\u00e9fugi\u00e9s.\u202f\u00bb<\/span><span data-ccp-props=\"{}\">\u00a0<\/span><span style=\"letter-spacing: 0px;\">\u00a0<\/span><\/p><p><span data-contrast=\"auto\">Andr\u00e9 Dunduri, un autre fonctionnaire qui est arriv\u00e9 au Canad<\/span><span data-contrast=\"auto\">a<\/span><span data-contrast=\"auto\"> il y a 10 ans, s\u2019est joint aux efforts de Sandra et environ une douzaine d\u2019autres expatri\u00e9s burundais pour examiner ce qu\u2019ils pouvaient faire. Au<\/span><span data-contrast=\"auto\"> d\u00e9but ils \u00e9taient i<\/span><span data-contrast=\"auto\">sol\u00e9s et allaient dans toutes les directions. Les d\u00e9put<\/span><span data-contrast=\"auto\">\u00e9s qu\u2019ils contactaient leur demandaient<\/span><span data-contrast=\"auto\"> souvent s\u2019il<\/span><span data-contrast=\"auto\">s<\/span><span data-contrast=\"auto\"> avaient une organisation. Alors<\/span><span data-contrast=\"auto\"> ils ont form\u00e9 l\u2019Alliance des Burundais du Cana<\/span><span data-contrast=\"auto\">da (ABC)<\/span> <span data-contrast=\"auto\">pour lutter contre les d\u00e9portations et se battre pour les droits humains au Burundi. Un comit\u00e9 parlementaire sur la situ<\/span><span data-contrast=\"auto\">ati<\/span><span data-contrast=\"auto\">on burundaise a \u00e9t\u00e9 cr\u00e9\u00e9.<\/span><span data-ccp-props=\"{}\">\u00a0<\/span><\/p><p><span data-contrast=\"auto\">L\u2019ABC s\u2019est joint au Conseil canadien pour les r\u00e9fugi\u00e9s pour lutter pour plus de droits<\/span><span data-contrast=\"auto\"> pour les r\u00e9fugi\u00e9s et a maintena<\/span><span data-contrast=\"auto\">nt plus de 300 membres.<\/span><span data-ccp-props=\"{}\">\u00a0<\/span><\/p><p><span data-contrast=\"auto\">\u00ab\u202fQuand vous voyez quelque chose qui <\/span><span data-contrast=\"auto\">n\u2019est pas correct dans la soci\u00e9t<\/span><span data-contrast=\"auto\">\u00e9 canadienne, vous avez la responsabilit\u00e9 d\u2019essayer de changer les choses\u202f\u00bb fait remarquer Sandra. Dans ses <\/span><span data-contrast=\"auto\">fonctions de vice-pr\u00e9sidente de l\u2019<\/span><span data-contrast=\"auto\">ABC, elle a contribu\u00e9 \u00e0 faire changer la politique du gouvernement canadien. <\/span><span data-contrast=\"auto\">Gr\u00e2<\/span><span data-contrast=\"auto\">ce en partie \u00e0 son action, les d\u00e9portations vers le Burundi ont \u00e9t\u00e9 suspendues en novemb<\/span><span data-contrast=\"auto\">r<\/span><span data-contrast=\"auto\">e 2015. Paul Dewar et Mauril B\u00e9langer, deux d\u00e9p<\/span><span data-contrast=\"auto\">ut\u00e9s locaux qui sont malheureuse<\/span><span data-contrast=\"auto\">ment d\u00e9c\u00e9d\u00e9s ces derni\u00e8res ann\u00e9es, ont jou\u00e9 un r\u00f4le tr\u00e8s important dans ce travail.<\/span><span data-ccp-props=\"{}\">\u00a0<\/span><\/p><p><span data-contrast=\"auto\">\u00ab\u202f<\/span><span data-contrast=\"auto\">Le gouvernement avait lanc\u00e9 un avis aux Canadiens de ne<\/span><span data-contrast=\"auto\"> pas voyager au Burundi\u202f\u00bb raconte<\/span><span data-contrast=\"auto\"> Sandra. \u00ab\u202fAlors nous avons convaincu le gouvernement que les Burundais habitant dans <\/span><span data-contrast=\"auto\">n<\/span><span data-contrast=\"auto\">otre pays ne devraient pas avoir \u00e0 retou<\/span><span data-contrast=\"auto\">rner l\u00e0-<\/span><span data-contrast=\"auto\">bas et \u00e0 affronter ce danger.\u202f\u00bb<\/span><span data-ccp-props=\"{}\">\u00a0<\/span><\/p><p><span data-contrast=\"auto\">\u00ab\u202fSandra s\u2019est non seulement<\/span><span data-contrast=\"auto\"> battue pour arr\u00eater les d\u00e9portations des Burundais, mais elle a aussi activement aid\u00e9 des personnes.\u202f\u00bb dit Andr\u00e9. \u00ab\u202fElle a sauv\u00e9 la vie d\u2019un enfant qui \u00e9tait tr\u00e8s malade, mais dont les parents n\u2019avaient pas de couverture maladie \u00e0 cause de leur statut d\u2019immigration. Elle a contact\u00e9 le d\u00e9put\u00e9 local <\/span><span data-contrast=\"auto\">au nom de la famille et la situa<\/span><span data-contrast=\"auto\">tion a \u00e9t\u00e9 r\u00e9solue.\u202f\u00bb<\/span><span data-ccp-props=\"{}\">\u00a0<\/span><\/p><p><span data-contrast=\"auto\">\u00ab\u202fSandra est extraordinaire\u202f\u00bb<\/span><span data-contrast=\"auto\"> souligne Andr\u00e9. \u00ab\u202fElle a un grand c\u0153ur et s\u2019oublie pour aider les autres. Le travail qu\u2019elle fait pour la communaut\u00e9 occupe une grande partie de son temps. La fa\u00e7on dont elle organise sa vie pour s\u2019occuper des autres est vraiment impressionnante.\u202f\u00bb<\/span><span data-ccp-props=\"{}\">\u00a0<\/span><\/p><p><span data-contrast=\"auto\">Sandra est anim\u00e9e par le d\u00e9sir de voir des r\u00e9sultats concrets. \u00ab\u202fQuand vous voy<\/span><span data-contrast=\"auto\">ez les r\u00e9sultats apr\u00e8s un certai<\/span><span data-contrast=\"auto\">n temps, le sacrifice en vaut la peine\u202f\u00bb dit-elle. La gratification de voir une action se transformer en changement politique est quelque chose que je souhaite \u00e0 tous de pouvoir vivre. Ce<\/span><span data-contrast=\"auto\"> qui m\u2019<\/span><span data-contrast=\"auto\">anime, ce n\u2019est pas de chercher la reconnaissance des autres, mais plut\u00f4t de voir les r\u00e9sultats.\u202f\u00bb<\/span><span data-ccp-props=\"{}\">\u00a0<\/span><\/p><p><span data-contrast=\"auto\">Elle se rappel<\/span><span data-contrast=\"auto\">l<\/span><span data-contrast=\"auto\">era toujou<\/span><span data-contrast=\"auto\">rs de son premier No\u00ebl \u00e0 Ottawa apr\u00e8s son d\u00e9m\u00e9nagement de M<\/span><span data-contrast=\"auto\">ontr\u00e9al et son temps pass\u00e9 dans un refuge. M\u00e8re c\u00e9libataire, elle n\u2019avait que deux matelas et une t\u00e9l\u00e9vision dan<\/span><span data-contrast=\"auto\">s son appartement subventionn\u00e9. U<\/span><span data-contrast=\"auto\">n groupe de coll\u00e8gue est arriv\u00e9 avec <\/span><span data-contrast=\"auto\">d<\/span><span data-contrast=\"auto\">es cadeaux d<\/span><span data-contrast=\"auto\">e No\u00eb<\/span><span data-contrast=\"auto\">l. Ils ont vu sa situation et sont revenus avec d<\/span><span data-contrast=\"auto\">es meubles et d\u2019autres biens de premi\u00e8re n\u00e9cessit\u00e9.\u00a0<\/span><span data-contrast=\"auto\"> \u00ab\u202fJe ne le<\/span><span data-contrast=\"auto\">s ai vus qu\u2019une fois\u202f\u00bb se souvie<\/span><span data-contrast=\"auto\">nt Sandra. \u00ab\u202fJe me rappel<\/span><span data-contrast=\"auto\">lerai<\/span><span data-contrast=\"auto\"> toujours de cette journ\u00e9e. Si des \u00e9tr<\/span><span data-contrast=\"auto\">angers pouvaient faire \u00e7a pour m<\/span><span data-contrast=\"auto\">oi, alors je savais que j\u2019avais le devoir de rendre la pareille.\u202f\u00bb<\/span><span data-ccp-props=\"{}\">\u00a0<\/span><\/p><p><span data-contrast=\"auto\">Sandra est \u00e9mue de la fa\u00e7o<\/span><span data-contrast=\"auto\">n do<\/span><span data-contrast=\"auto\">nt un groupe de r\u00e9fugi\u00e9s burundais habitant Vanier, a<\/span><span data-contrast=\"auto\">, sous la houlett<\/span><span data-contrast=\"auto\">e d\u2019Andr\u00e9, aid\u00e9 pendant les inondations. \u00ab\u202fCes gens<\/span><span data-contrast=\"auto\"> dont nombre d\u2019entre eu<\/span><span data-contrast=\"auto\">x ont fui la violence au Burundi<\/span><span data-contrast=\"auto\"> il y a un ou deux ans, se sont d\u00e9plac\u00e9<\/span><span data-contrast=\"auto\">s<\/span><span data-contrast=\"auto\"> loin dans les <\/span><span data-contrast=\"auto\">r\u00e9gions de Gatineau et Pontiac <\/span><span data-contrast=\"auto\">pour aider \u00e0 remplir des sacs de sable\u202f\u00bb dit-elle. Ils<\/span><span data-contrast=\"auto\"> voula<\/span><span data-contrast=\"auto\">ient vraiment montrer leur solidarit\u00e9 avec les gens afflig\u00e9<\/span><span data-contrast=\"auto\">s<\/span><span data-contrast=\"auto\"> par les inondations. Ils ont incarn\u00e9 la valeur canadienne de la compassion.\u00a0<\/span><span data-ccp-props=\"{}\">\u00a0<\/span><\/p>\t\t\t\t\t\t\t\t<\/div>\n\t\t\t\t<\/div>\n\t\t\t\t\t<\/div>\n\t\t<\/div>\n\t\t\t\t\t<\/div>\n\t\t<\/section>\n\t\t\t\t<\/div>\n\t\t","protected":false},"excerpt":{"rendered":"<p>Ambassadrice\u202f: Sandra Baranciranominateur: Andr\u00e9 Dunduri La valeur canadienne de la compassion Quand Sandra Barancina est arriv\u00e9e au Canada comme adolescente r\u00e9fugi\u00e9e il y a 25 ans, il n\u2019existait qu\u2019une tr\u00e8s petite communaut\u00e9 burundaise. \u00ab\u202fAlors  [&#8230;]<\/p>\n","protected":false},"author":10,"featured_media":0,"parent":3306,"menu_order":0,"comment_status":"closed","ping_status":"closed","template":"","meta":{"footnotes":""},"class_list":["post-3352","page","type-page","status-publish","hentry"],"_links":{"self":[{"href":"https:\/\/welcomingottawaweek.ca\/fr\/wp-json\/wp\/v2\/pages\/3352","targetHints":{"allow":["GET"]}}],"collection":[{"href":"https:\/\/welcomingottawaweek.ca\/fr\/wp-json\/wp\/v2\/pages"}],"about":[{"href":"https:\/\/welcomingottawaweek.ca\/fr\/wp-json\/wp\/v2\/types\/page"}],"author":[{"embeddable":true,"href":"https:\/\/welcomingottawaweek.ca\/fr\/wp-json\/wp\/v2\/users\/10"}],"replies":[{"embeddable":true,"href":"https:\/\/welcomingottawaweek.ca\/fr\/wp-json\/wp\/v2\/comments?post=3352"}],"version-history":[{"count":0,"href":"https:\/\/welcomingottawaweek.ca\/fr\/wp-json\/wp\/v2\/pages\/3352\/revisions"}],"up":[{"embeddable":true,"href":"https:\/\/welcomingottawaweek.ca\/fr\/wp-json\/wp\/v2\/pages\/3306"}],"wp:attachment":[{"href":"https:\/\/welcomingottawaweek.ca\/fr\/wp-json\/wp\/v2\/media?parent=3352"}],"curies":[{"name":"wp","href":"https:\/\/api.w.org\/{rel}","templated":true}]}}