{"id":3358,"date":"2019-06-20T13:16:36","date_gmt":"2019-06-20T17:16:36","guid":{"rendered":"https:\/\/welcomingottawaweek.ca\/?page_id=3358"},"modified":"2019-06-20T13:19:49","modified_gmt":"2019-06-20T17:19:49","slug":"soeur-de-coeur","status":"publish","type":"page","link":"https:\/\/welcomingottawaweek.ca\/fr\/sao-ambassadeurs\/ambassadeurs-de-la-semaine-daccueil-a-ottawa-2019\/soeur-de-coeur\/","title":{"rendered":"S\u0153ur de c\u0153ur"},"content":{"rendered":"\t\t<div data-elementor-type=\"wp-post\" data-elementor-id=\"3358\" class=\"elementor elementor-3358 elementor-2941\" data-elementor-post-type=\"page\">\n\t\t\t\t\t\t<section class=\"elementor-section elementor-top-section elementor-element elementor-element-64db2f14 elementor-section-boxed elementor-section-height-default elementor-section-height-default\" data-id=\"64db2f14\" data-element_type=\"section\">\n\t\t\t\t\t\t<div class=\"elementor-container elementor-column-gap-default\">\n\t\t\t\t\t<div class=\"elementor-column elementor-col-100 elementor-top-column elementor-element elementor-element-7d187e7e\" data-id=\"7d187e7e\" data-element_type=\"column\">\n\t\t\t<div class=\"elementor-widget-wrap elementor-element-populated\">\n\t\t\t\t\t\t<div class=\"elementor-element elementor-element-cc063c2 elementor-widget elementor-widget-video\" data-id=\"cc063c2\" data-element_type=\"widget\" data-settings=\"{&quot;youtube_url&quot;:&quot;https:\\\/\\\/youtu.be\\\/NNtIJ6LnGOk&quot;,&quot;video_type&quot;:&quot;youtube&quot;,&quot;controls&quot;:&quot;yes&quot;}\" data-widget_type=\"video.default\">\n\t\t\t\t<div class=\"elementor-widget-container\">\n\t\t\t\t\t\t\t<div class=\"elementor-wrapper elementor-open-inline\">\n\t\t\t<div class=\"elementor-video\"><\/div>\t\t<\/div>\n\t\t\t\t\t\t<\/div>\n\t\t\t\t<\/div>\n\t\t\t\t<div class=\"elementor-element elementor-element-7ac36bb6 elementor-widget elementor-widget-text-editor\" data-id=\"7ac36bb6\" data-element_type=\"widget\" data-widget_type=\"text-editor.default\">\n\t\t\t\t<div class=\"elementor-widget-container\">\n\t\t\t\t\t\t\t\t\t<h2>Ambassadrice\u202f: Marie Goreth Ruzirabwoba<br \/>nominateur: C\u00e9cile Nicayenzi<\/h2><h3>S\u0153ur de c\u0153ur<\/h3><p><img fetchpriority=\"high\" decoding=\"async\" class=\"alignleft\" src=\"https:\/\/welcomingottawaweek.ca\/wp-content\/uploads\/2019\/06\/Celile_Ruzirabwoba_2019-400x500.jpg\" alt=\"\" width=\"400\" height=\"500\" \/><\/p><p><span data-contrast=\"auto\">Quand<\/span><span data-contrast=\"auto\"> C\u00e9cile <\/span><span data-contrast=\"auto\">Nicayenzi<\/span> <span data-contrast=\"auto\">est arriv\u00e9e du Burundi en novembre 2014 pour rendre visite \u00e0 sa fille qui venait d\u2019avoir des jumeaux pr\u00e9matur\u00e9s \u00e0 Montr\u00e9al, son plan \u00e9tait de rester six mois. Puis la crise politique a explos\u00e9 au Burundi. Son mari s\u2019est r\u00e9fugi\u00e9 au Rwanda. Elle a re\u00e7u le statut de r\u00e9fugi\u00e9e en 2016 et a d\u00e9m\u00e9nag\u00e9 \u00e0 Ottawa.<\/span><span data-ccp-props=\"{&quot;201341983&quot;:0,&quot;335559739&quot;:200,&quot;335559740&quot;:276}\">\u00a0<\/span><\/p><p><span data-contrast=\"auto\">Tout au long de son difficile parcours, elle a pu compter sur une personne exceptionnelle qui est devenue son Ambassadrice accueillante d\u2019Ottawa.<\/span><span data-ccp-props=\"{&quot;201341983&quot;:0,&quot;335559739&quot;:200,&quot;335559740&quot;:276}\">\u00a0<\/span><\/p><p><span data-contrast=\"auto\">\u00ab\u202fD\u00e9m\u00e9nager dans une nouvelle ville n\u2019est jamais ais\u00e9\u202f\u00bb fait remarquer C\u00e9cile. \u00ab\u202f<\/span><span data-contrast=\"auto\">Marie <\/span><span data-contrast=\"auto\">Goreth<\/span> <span data-contrast=\"auto\">Ruzirabwoba<\/span> <span data-contrast=\"auto\">m\u2019a guid\u00e9e \u00e0 travers les diff\u00e9rentes \u00e9tapes de ma demande d\u2019asile.\u202f\u00bb<\/span><span data-ccp-props=\"{&quot;201341983&quot;:0,&quot;335559739&quot;:200,&quot;335559740&quot;:276}\">\u00a0<\/span><\/p><p><span data-contrast=\"auto\">Le manque de logement abordable est un probl\u00e8me important pour de nombreux nouveaux arrivants. Quand C\u00e9cile est arriv\u00e9e pour la premi\u00e8re fois \u00e0 Ottawa, elle a log\u00e9 pendant trois mois dans un motel de <\/span><span data-contrast=\"auto\">Vanier<\/span><span data-contrast=\"auto\">. \u00ab\u202fJ\u2019ai rencontr\u00e9 <\/span><span data-contrast=\"auto\">Goreth<\/span><span data-contrast=\"auto\"> gr\u00e2ce \u00e0 une amie en commun de ma fille\u202f\u00bb dit C\u00e9cile. \u00ab\u202fMarie <\/span><span data-contrast=\"auto\">Goreth<\/span><span data-contrast=\"auto\"> habitait pr\u00e8s du motel o\u00f9 j\u2019habitais. Elle m\u2019a emmen\u00e9e \u00e0 mes rendez-vous avec les avocats d\u2019immigration, les docteurs et les agences de services sociaux. Elle \u00e9tait toujours disponible quand j\u2019avais besoin d\u2019elle.\u202f\u00bb<\/span><span data-ccp-props=\"{&quot;201341983&quot;:0,&quot;335559739&quot;:200,&quot;335559740&quot;:276}\">\u00a0<\/span><\/p><p><span data-contrast=\"auto\">Marie <\/span><span data-contrast=\"auto\">Goreth<\/span> <span data-contrast=\"auto\">a \u00e9t\u00e9 plus loin pour C\u00e9cile. \u00ab\u202fJe restais dans une toute petite chambre et je ne pouvais pas cuisiner\u202f\u00bb se rappelle C\u00e9cile. \u00ab\u202fElle m\u2019apportait toujours des mets qu\u2019elle avait pr\u00e9par\u00e9s, et parfois des mets burundais. J\u2019\u00e9tais tr\u00e8s surprise. Marie <\/span><span data-contrast=\"auto\">Goreth<\/span><span data-contrast=\"auto\"> est<\/span> <span data-contrast=\"auto\">exceptionnellement g\u00e9n\u00e9reuse et tr\u00e8s altruiste. Quand j\u2019ai eu un appartement, il \u00e9tait vide, il y avait juste un frigo et un po\u00eale. Elle m\u2019a aid\u00e9e \u00e0 l\u2019am\u00e9nager avec tout ce qu\u2019il fallait. Elle m\u2019a mise en lien avec des organismes qui sont devenus des ressources importantes. Gr\u00e2ce \u00e0 Marie <\/span><span data-contrast=\"auto\">Goreth<\/span><span data-contrast=\"auto\">, je comprenais mieux Ottawa. Deux fois elle m\u2019a aid\u00e9e \u00e0 trouver un emploi. Elle continue de m\u2019\u00e9pauler chaque jour. Elle a vu que j\u2019\u00e9tais seule et me t\u00e9l\u00e9phona<\/span><span data-contrast=\"auto\">it et me disait<\/span><span data-contrast=\"auto\"> de l\u2019appeler \u00e0 n\u2019importe quelle heure.\u202f\u00bb<\/span><span data-ccp-props=\"{&quot;201341983&quot;:0,&quot;335559739&quot;:200,&quot;335559740&quot;:276}\">\u00a0<\/span><\/p><p><span data-contrast=\"auto\">Marie <\/span><span data-contrast=\"auto\">Goreth<\/span> <span data-contrast=\"auto\">explique sa motivation \u00e0 soutenir des nouveaux arrivants comme C\u00e9cile. \u00ab\u202fQuand je vois une personne qui est triste, je veux <\/span><span data-contrast=\"auto\">l\u2019<\/span><span data-contrast=\"auto\">aider\u202f\u00bb dit-elle. Elle se souvient de sa rencontre avec le premier nouvel arrivant qu\u2019elle a aid\u00e9 en 2012 alors qu\u2019elle \u00e9tait dans le bus avec sa fille. Elle \u00e9tait alors une jeune m\u00e8re habitant \u00e0 la <\/span><span data-contrast=\"auto\">YMCA-YWCA <\/span><span data-contrast=\"auto\">et \u00e9tudiant<\/span><span data-contrast=\"auto\">e<\/span><span data-contrast=\"auto\"> \u00e0 La Cit\u00e9<\/span><span data-contrast=\"auto\">.\u00a0<\/span><span data-ccp-props=\"{&quot;201341983&quot;:0,&quot;335559739&quot;:200,&quot;335559740&quot;:276}\">\u00a0<\/span><\/p><p><span data-contrast=\"auto\">Elle continue \u00e0 aider g\u00e9n\u00e9reusement de nombreux autres nouveaux arrivants. Souvent, quand C\u00e9cile rend visite \u00e0 Marie <\/span><span data-contrast=\"auto\">Goreth<\/span><span data-contrast=\"auto\"> chez elle, elle voit d\u2019autres nouveaux arrivants \u00eatre \u00e9paul\u00e9s dans leur installation au Canada par cette femme extraordinaire. <\/span><span data-contrast=\"auto\">Marie <\/span><span data-contrast=\"auto\">Goreth<\/span><span data-contrast=\"auto\"> pense que sa vie a \u00e9t\u00e9 enrichie<\/span><span data-contrast=\"auto\"> en aidant les nouveaux arrivants. \u00ab\u202fJe me suis li\u00e9e d\u2019amiti\u00e9 avec tout le monde dans la vie de C\u00e9cile\u202f\u00bb dit Marie <\/span><span data-contrast=\"auto\">Goreth<\/span><span data-contrast=\"auto\">. \u00ab\u202fSon mari m\u2019\u00e9crit pour me remercier. Je n\u2019ai pas d\u2019argent \u00e0 donner, mais je peux donner mon temps. C\u2019est tellement gratifiant. C\u00e9cile est un joyau dans sa famille.\u202f\u00bb<\/span><span data-ccp-props=\"{&quot;201341983&quot;:0,&quot;335559739&quot;:200,&quot;335559740&quot;:276}\">\u00a0<\/span><\/p><p><span data-contrast=\"auto\">Les bruits sur l\u2019esprit g\u00e9n\u00e9reux de Marie <\/span><span data-contrast=\"auto\">Goreth<\/span><span data-contrast=\"auto\"> ont voyag\u00e9 tr\u00e8s loin. Mai<\/span><span data-contrast=\"auto\">n<\/span><span data-contrast=\"auto\">tenant quand elle <\/span><span data-contrast=\"auto\">voyage en Afrique, <\/span><span data-contrast=\"auto\">elle a les familles et amis des nouveaux arrivants qui veulent la rencontrer.<\/span><span data-ccp-props=\"{&quot;201341983&quot;:0,&quot;335559739&quot;:200,&quot;335559740&quot;:276}\">\u00a0<\/span><\/p><p><span data-contrast=\"auto\">Alors que Marie <\/span><span data-contrast=\"auto\">Goreth<\/span><span data-contrast=\"auto\"> et<\/span><span data-contrast=\"auto\"> C\u00e9cile <\/span><span data-contrast=\"auto\">s\u2019embrassent chaleureusement, C\u00e9cile r\u00e9sume leurs liens solides\u202f: \u00ab\u202fElle est ma s\u0153ur de c\u0153ur.\u202f\u00bb<\/span><span data-ccp-props=\"{&quot;201341983&quot;:0,&quot;335559739&quot;:200,&quot;335559740&quot;:276}\">\u00a0<\/span><\/p>\t\t\t\t\t\t\t\t<\/div>\n\t\t\t\t<\/div>\n\t\t\t\t\t<\/div>\n\t\t<\/div>\n\t\t\t\t\t<\/div>\n\t\t<\/section>\n\t\t\t\t<\/div>\n\t\t","protected":false},"excerpt":{"rendered":"<p>Ambassadrice\u202f: Marie Goreth Ruzirabwoba nominateur: C\u00e9cile Nicayenzi S\u0153ur de c\u0153ur Quand C\u00e9cile Nicayenzi est arriv\u00e9e du Burundi en novembre 2014 pour rendre visite \u00e0 sa fille qui venait d\u2019avoir des jumeaux pr\u00e9matur\u00e9s \u00e0 Montr\u00e9al,  [&#8230;]<\/p>\n","protected":false},"author":10,"featured_media":0,"parent":3306,"menu_order":0,"comment_status":"closed","ping_status":"closed","template":"","meta":{"footnotes":""},"class_list":["post-3358","page","type-page","status-publish","hentry"],"_links":{"self":[{"href":"https:\/\/welcomingottawaweek.ca\/fr\/wp-json\/wp\/v2\/pages\/3358","targetHints":{"allow":["GET"]}}],"collection":[{"href":"https:\/\/welcomingottawaweek.ca\/fr\/wp-json\/wp\/v2\/pages"}],"about":[{"href":"https:\/\/welcomingottawaweek.ca\/fr\/wp-json\/wp\/v2\/types\/page"}],"author":[{"embeddable":true,"href":"https:\/\/welcomingottawaweek.ca\/fr\/wp-json\/wp\/v2\/users\/10"}],"replies":[{"embeddable":true,"href":"https:\/\/welcomingottawaweek.ca\/fr\/wp-json\/wp\/v2\/comments?post=3358"}],"version-history":[{"count":0,"href":"https:\/\/welcomingottawaweek.ca\/fr\/wp-json\/wp\/v2\/pages\/3358\/revisions"}],"up":[{"embeddable":true,"href":"https:\/\/welcomingottawaweek.ca\/fr\/wp-json\/wp\/v2\/pages\/3306"}],"wp:attachment":[{"href":"https:\/\/welcomingottawaweek.ca\/fr\/wp-json\/wp\/v2\/media?parent=3358"}],"curies":[{"name":"wp","href":"https:\/\/api.w.org\/{rel}","templated":true}]}}