{"id":3364,"date":"2019-06-15T07:53:00","date_gmt":"2019-06-15T11:53:00","guid":{"rendered":"https:\/\/welcomingottawaweek.ca\/sao-ambassadeurs\/ambassadeurs-de-la-semaine-daccueil-a-ottawa-2019\/the-circle-of-hope\/"},"modified":"2019-06-20T13:24:41","modified_gmt":"2019-06-20T17:24:41","slug":"le-cercle-de-lespoir","status":"publish","type":"page","link":"https:\/\/welcomingottawaweek.ca\/fr\/sao-ambassadeurs\/ambassadeurs-de-la-semaine-daccueil-a-ottawa-2019\/le-cercle-de-lespoir\/","title":{"rendered":"Le cercle de l\u2019espoir"},"content":{"rendered":"\t\t<div data-elementor-type=\"wp-post\" data-elementor-id=\"3364\" class=\"elementor elementor-3364 elementor-2965\" data-elementor-post-type=\"page\">\n\t\t\t\t\t\t<section class=\"elementor-section elementor-top-section elementor-element elementor-element-4ddbfbe9 elementor-section-boxed elementor-section-height-default elementor-section-height-default\" data-id=\"4ddbfbe9\" data-element_type=\"section\" data-e-type=\"section\">\n\t\t\t\t\t\t<div class=\"elementor-container elementor-column-gap-default\">\n\t\t\t\t\t<div class=\"elementor-column elementor-col-100 elementor-top-column elementor-element elementor-element-2d98de4d\" data-id=\"2d98de4d\" data-element_type=\"column\" data-e-type=\"column\">\n\t\t\t<div class=\"elementor-widget-wrap elementor-element-populated\">\n\t\t\t\t\t\t<div class=\"elementor-element elementor-element-62c6639 elementor-widget elementor-widget-video\" data-id=\"62c6639\" data-element_type=\"widget\" data-e-type=\"widget\" data-settings=\"{&quot;youtube_url&quot;:&quot;https:\\\/\\\/youtu.be\\\/T6SNo2ygYbw&quot;,&quot;video_type&quot;:&quot;youtube&quot;,&quot;controls&quot;:&quot;yes&quot;}\" data-widget_type=\"video.default\">\n\t\t\t\t<div class=\"elementor-widget-container\">\n\t\t\t\t\t\t\t<div class=\"elementor-wrapper elementor-open-inline\">\n\t\t\t<div class=\"elementor-video\"><\/div>\t\t<\/div>\n\t\t\t\t\t\t<\/div>\n\t\t\t\t<\/div>\n\t\t\t\t<div class=\"elementor-element elementor-element-3debfe3d elementor-widget elementor-widget-text-editor\" data-id=\"3debfe3d\" data-element_type=\"widget\" data-e-type=\"widget\" data-widget_type=\"text-editor.default\">\n\t\t\t\t<div class=\"elementor-widget-container\">\n\t\t\t\t\t\t\t\t\t<h2>Ambassadeur: Pastor Nova Musafiri<br \/>nominateur: Tblets Tesfalidet Tesfamariam<\/h2><h3>Le cercle de l\u2019espoir<\/h3><p><img fetchpriority=\"high\" decoding=\"async\" class=\"alignleft\" src=\"https:\/\/welcomingottawaweek.ca\/wp-content\/uploads\/2019\/06\/Tblets_Pastor-Nova_2019-400x320.jpg\" alt=\"\" width=\"400\" height=\"320\" \/><\/p><p><span data-contrast=\"auto\">Tblets<\/span> <span data-contrast=\"auto\">Tesfalidet<\/span> <span data-contrast=\"auto\">Tesfamariam<\/span> <span data-contrast=\"auto\">n\u2019oubliera jamais cette journ\u00e9e du 8 d\u00e9cembre 2016 quand elle est arriv\u00e9e \u00e0 Ottawa. Alors qu\u2019elle desce<\/span><span data-contrast=\"auto\">ndait les escaliers m\u00e9caniques de<\/span><span data-contrast=\"auto\"> l\u2019a\u00e9roport d\u2019Ottawa, elle a \u00e9t\u00e9 accueillie par sa s\u0153ur, <\/span><span data-contrast=\"auto\">Tgisti<\/span><span data-contrast=\"auto\"> et les membres du groupe de parrainage de l\u2019\u00c9glise internationale Grace Communion d\u2019Ottawa-Gatineau, y compris <\/span><span data-contrast=\"auto\">Pastor<\/span><span data-contrast=\"auto\"> Nova <\/span><span data-contrast=\"auto\">Musafiri<\/span><span data-contrast=\"auto\">. <\/span><span data-contrast=\"auto\">Pastor<\/span><span data-contrast=\"auto\"> Nova a montr\u00e9 du doigt la grande image d\u2019Ottawa et a dit \u00ab\u202fPeux-tu croire que tu es l\u00e0 maintenant!\u202f\u00bb Pour la premi\u00e8re fois depuis de nombreuses ann\u00e9es, elle s\u2019est sentie en s\u00e9curit\u00e9.<\/span><span data-ccp-props=\"{&quot;201341983&quot;:0,&quot;335559739&quot;:200,&quot;335559740&quot;:276}\">\u00a0<\/span><\/p><p><span data-contrast=\"auto\">Tblets<\/span> <span data-contrast=\"auto\">a pass\u00e9 cinq ans comme r\u00e9fugi\u00e9e au Soudan apr\u00e8s avoir fui son pays l\u2019\u00c9rythr\u00e9e, un pays qui a \u00e9t\u00e9 en guerre avec l\u2019\u00c9thiopie. \u00ab\u202fLa vie \u00e9tait tr\u00e8s difficile au camp <\/span><span data-contrast=\"auto\">Shegerab<\/span><span data-contrast=\"auto\"> parce je ne pouvais pas travailler et m\u2019en sortir avec ce que l\u2019ONU nous fournissait\u202f\u00bb explique <\/span><span data-contrast=\"auto\">Tblets<\/span><span data-contrast=\"auto\">.<\/span><span data-ccp-props=\"{&quot;201341983&quot;:0,&quot;335559739&quot;:200,&quot;335559740&quot;:276}\">\u00a0<\/span><\/p><p><span data-contrast=\"auto\">L\u2019\u00e9glise a parrain\u00e9 <\/span><span data-contrast=\"auto\">Tgisti<\/span><span data-contrast=\"auto\"> et sa famille il y a quelques ann\u00e9es et finalement <\/span><span data-contrast=\"auto\">Tblets<\/span><span data-contrast=\"auto\"> les rejoignait. \u00ab\u202fEn tant que famille nous ne pouvons pas exprimer toute la gratitude que nous avons envers ce que l\u2019\u00c9glise a fait pour nous et particuli\u00e8rement <\/span><span data-contrast=\"auto\">Pastor<\/span><span data-contrast=\"auto\"> Nova <\/span><span data-contrast=\"auto\">Musafiri<\/span><span data-contrast=\"auto\"> qui a jou\u00e9 un grand r\u00f4le dans notre parrainage et notre \u00e9tablissement\u202f\u00bb dit <\/span><span data-contrast=\"auto\">Tblets<\/span><span data-contrast=\"auto\">. \u00ab\u202f<\/span><span data-contrast=\"auto\">Pastor<\/span><span data-contrast=\"auto\"> Nova et son \u00e9glise ne nous connaissaient pas auparavant, mais ils nous ont montr\u00e9 un vrai amour. Ce n\u2019est pas seulement notre famille, mais aussi des gens du monde entier qui ont \u00e9t\u00e9 aid\u00e9s \u00e0 s\u2019\u00e9tablir et \u00e0 s\u2019int\u00e9grer dans ce magnifique pays de paix, de droit et de prosp\u00e9rit\u00e9.\u202f\u00bb<\/span><span data-ccp-props=\"{&quot;201341983&quot;:0,&quot;335559739&quot;:200,&quot;335559740&quot;:276}\">\u00a0<\/span><\/p><p><span data-contrast=\"auto\">\u201c<\/span><span data-contrast=\"auto\">Pastor<\/span><span data-contrast=\"auto\"> Nova <\/span><span data-contrast=\"auto\">passe ses fins de semaine \u00e0 courir apr\u00e8s les nouveaux arrivants pour s\u2019assurer qu\u2019ils vont bien\u202f\u00bb ajoute <\/span><span data-contrast=\"auto\">Tblets<\/span><span data-contrast=\"auto\">. \u00ab\u202fIl nous oriente quant \u00e0 la s\u00e9curit\u00e9 et travaille sans rel\u00e2che avec les <\/span><span data-contrast=\"auto\">co<\/span><span data-contrast=\"auto\">-parrains pour s\u2019assurer que des nouveaux arrivants comme moi vont \u00e0 l\u2019\u00e9cole, trouvent un emploi et participent dans la communaut\u00e9.\u202f\u00bb<\/span><span data-ccp-props=\"{&quot;201341983&quot;:0,&quot;335559739&quot;:200,&quot;335559740&quot;:276}\">\u00a0<\/span><\/p><p><span data-contrast=\"auto\">L\u2019\u00e9glise est un signataire d\u2019entente de parrainage depuis sept ans<\/span><span data-contrast=\"auto\"> et s\u2019est jointe \u00e0 des groupes de citoyens pour parrainer environ 120 r\u00e9fugi\u00e9s syriens et 180 personnes venues d\u2019autres pays. \u00ab\u202fNous avons un programme de sensibilisation pour aider les gens avec les services humanitaires\u202f\u00bb explique <\/span><span data-contrast=\"auto\">Pastor<\/span><span data-contrast=\"auto\"> Nova. Dans le cas de <\/span><span data-contrast=\"auto\">Tblets<\/span><span data-contrast=\"auto\">, on l\u2019a accompagn\u00e9e pour qu\u2019elle trouve un emploi \u00e0 temps plein comme femme de m\u00e9nage.<\/span><span data-ccp-props=\"{&quot;201341983&quot;:0,&quot;335559739&quot;:200,&quot;335559740&quot;:276}\">\u00a0<\/span><\/p><p><span data-contrast=\"auto\">\u00ab\u202f<\/span><span data-contrast=\"auto\">Pastor<\/span><span data-contrast=\"auto\"> Nova ne s\u2019int\u00e9resse pas vraiment juste aux aspects mat\u00e9riels\u202f\u00bb dit <\/span><span data-contrast=\"auto\">Tblets<\/span><span data-contrast=\"auto\">. \u00ab\u202fIl me demande constamment comment je vais et me donne un soutien \u00e9motionnel. J\u2019ai appris que je devais \u00eatre comme lui.\u202f\u00bb<\/span><span data-ccp-props=\"{&quot;201341983&quot;:0,&quot;335559739&quot;:200,&quot;335559740&quot;:276}\">\u00a0<\/span><\/p><p><span data-contrast=\"auto\">Comme <\/span><span data-contrast=\"auto\">Tblets<\/span><span data-contrast=\"auto\">, <\/span><span data-contrast=\"auto\">Pastor<\/span><span data-contrast=\"auto\"> Nova n\u2019oubliera jamais le jour o\u00f9 il est arriv\u00e9 au Canada, le 8 d\u00e9cembre 2008. Originaire de la R\u00e9publique d\u00e9mocratique du Congo, il a pass\u00e9 15 ann\u00e9es difficiles comme r\u00e9fugi\u00e9 au Kenya. Bien<\/span><span data-contrast=\"auto\"> qu\u2019il <\/span><span data-contrast=\"auto\">ait \u00e9t\u00e9 form\u00e9 comme infirmier par une organisation internationale, il n\u2019a pas pu continuer ce travail parce que cela le rendait triste et \u00e9puis\u00e9 \u00e9motionnellement.<\/span><span data-ccp-props=\"{&quot;201341983&quot;:0,&quot;335559739&quot;:200,&quot;335559740&quot;:276}\">\u00a0<\/span><\/p><p><span data-contrast=\"auto\">\u00ab\u202fJ\u2019ai eu des moments tr\u00e8s durs. Il y a tellement de gens de diff\u00e9rents pays dans le camp \u00e0 la fronti\u00e8re entre le Soudan et le Kenya. Il n\u2019y avait pas assez d\u2019aide, d\u2019\u00e9quipement et de m\u00e9dicaments. Je me sentais inutile alors que je voyais de jeunes enfants mourir pour aucune raison. Je savais qu\u2019un jour je devais faire ma mission d\u2019aider les gens. Dans un pays formidable comme le Canada, on ouvre nos portes et on aide les r\u00e9fugi\u00e9s du monde entier.\u202f\u00bb Maintenant il dirige une \u00e9glise qui incarne cette mission d\u2019amour et d\u2019entraide envers les gens d\u2019outre-mer, pendant qu\u2019il note un extrait de la Bible (Matthieu 25\u202f:35)\u202f: \u00ab\u202fj\u2019\u00e9tais \u00e9tranger, et vous m\u2019avez recueilli\u202f\u00bb.<\/span><span data-ccp-props=\"{&quot;201341983&quot;:0,&quot;335559739&quot;:200,&quot;335559740&quot;:276}\">\u00a0<\/span><\/p><p><span data-contrast=\"auto\">\u00ab\u202fCertaines personnes ne r\u00e9alisent pas la force et les contributions importantes des r\u00e9fugi\u00e9s \u00e0 notre pays\u202f\u00bb dit <\/span><span data-contrast=\"auto\">Pastor<\/span><span data-contrast=\"auto\"> Nova. \u00ab\u202f<\/span><span data-contrast=\"auto\">Quand ils sont dans des camps de r\u00e9fugi\u00e9s, bien souvent ils n\u2019ont pas le droit de travailler, d\u2019aller \u00e0 l\u2019\u00e9cole et de se d\u00e9placer librement. Une<\/span><span data-contrast=\"auto\"> fois qu\u2019ils disposent de<\/span><span data-contrast=\"auto\"> ces droits, ils peuvent facilement s\u2019int\u00e9grer dans notre pays. <\/span><span data-contrast=\"auto\">Tblets<\/span><span data-contrast=\"auto\"> m\u2019a demand\u00e9 de l\u2019aider \u00e0 trouver un emploi la premi\u00e8re semaine qu\u2019elle \u00e9tait l\u00e0, parce qu\u2019elle \u00e9tait enfin libre de travailler.\u202f\u00bb La majorit\u00e9 des r\u00e9fugi\u00e9s parrain\u00e9<\/span><span data-contrast=\"auto\">s<\/span><span data-contrast=\"auto\"> par le priv\u00e9 trouve un emploi \u00e0 un taux qui est plus \u00e9lev\u00e9 que les r\u00e9fugi\u00e9s pris en charge par le gouvernement, gr\u00e2ce au r\u00e9seau solide qui les soutient.<\/span><span data-ccp-props=\"{&quot;201341983&quot;:0,&quot;335559739&quot;:200,&quot;335559740&quot;:276}\">\u00a0<\/span><\/p><p><span data-contrast=\"auto\">Tblets<\/span> <span data-contrast=\"auto\">s\u2019est non seulement bien adapt\u00e9e \u00e0 sa nouvelle vie, mais elle a aussi boucl\u00e9 la boucle. Elle fait du b\u00e9n\u00e9volat pour les enfants de l\u2019\u00e9glise et aide d\u2019autres immigrants en les amenant \u00e0 leurs rendez-vous; elle les aide \u00e0 comprendre comment prendre le bus et traduit \u00e0 partir de l\u2019arabe pour eux. \u00ab\u202fC\u2019est moi qui doit la remercier maintenant qu\u2019elle nous aide \u00e0 son tour et soutien<\/span><span data-contrast=\"auto\">t<\/span><span data-contrast=\"auto\"> notre programme d\u2019\u00e9tablissement pour les r\u00e9fugi\u00e9s\u202f\u00bb conclut <\/span><span data-contrast=\"auto\">Pastor<\/span><span data-contrast=\"auto\"> Nova. <\/span><span data-contrast=\"auto\">Tblets<\/span><span data-contrast=\"auto\"> a <\/span><span data-contrast=\"auto\">re<\/span><span data-contrast=\"auto\">joint le cercle de l\u2019espoir.<\/span><span data-ccp-props=\"{&quot;201341983&quot;:0,&quot;335559739&quot;:200,&quot;335559740&quot;:276}\">\u00a0<\/span><\/p>\t\t\t\t\t\t\t\t<\/div>\n\t\t\t\t<\/div>\n\t\t\t\t\t<\/div>\n\t\t<\/div>\n\t\t\t\t\t<\/div>\n\t\t<\/section>\n\t\t\t\t<\/div>\n\t\t","protected":false},"excerpt":{"rendered":"<p>https:\/\/youtu.be\/T6SNo2ygYbw Ambassadeur: Pastor Nova Musafirinominateur: Tblets Tesfalidet Tesfamariam Le cercle de l\u2019espoir Tblets Tesfalidet Tesfamariam n\u2019oubliera jamais cette journ\u00e9e du 8 d\u00e9cembre 2016 quand elle est arriv\u00e9e \u00e0 Ottawa. Alors qu\u2019elle descendait les escaliers  [&#8230;]<\/p>\n","protected":false},"author":10,"featured_media":0,"parent":3306,"menu_order":0,"comment_status":"closed","ping_status":"closed","template":"","meta":{"footnotes":""},"class_list":["post-3364","page","type-page","status-publish","hentry"],"_links":{"self":[{"href":"https:\/\/welcomingottawaweek.ca\/fr\/wp-json\/wp\/v2\/pages\/3364","targetHints":{"allow":["GET"]}}],"collection":[{"href":"https:\/\/welcomingottawaweek.ca\/fr\/wp-json\/wp\/v2\/pages"}],"about":[{"href":"https:\/\/welcomingottawaweek.ca\/fr\/wp-json\/wp\/v2\/types\/page"}],"author":[{"embeddable":true,"href":"https:\/\/welcomingottawaweek.ca\/fr\/wp-json\/wp\/v2\/users\/10"}],"replies":[{"embeddable":true,"href":"https:\/\/welcomingottawaweek.ca\/fr\/wp-json\/wp\/v2\/comments?post=3364"}],"version-history":[{"count":0,"href":"https:\/\/welcomingottawaweek.ca\/fr\/wp-json\/wp\/v2\/pages\/3364\/revisions"}],"up":[{"embeddable":true,"href":"https:\/\/welcomingottawaweek.ca\/fr\/wp-json\/wp\/v2\/pages\/3306"}],"wp:attachment":[{"href":"https:\/\/welcomingottawaweek.ca\/fr\/wp-json\/wp\/v2\/media?parent=3364"}],"curies":[{"name":"wp","href":"https:\/\/api.w.org\/{rel}","templated":true}]}}