{"id":3369,"date":"2019-06-15T07:17:47","date_gmt":"2019-06-15T11:17:47","guid":{"rendered":"https:\/\/welcomingottawaweek.ca\/sao-ambassadeurs\/ambassadeurs-de-la-semaine-daccueil-a-ottawa-2019\/the-gift-of-%e2%80%afbonne-action%e2%80%af\/"},"modified":"2019-06-20T14:09:44","modified_gmt":"2019-06-20T18:09:44","slug":"le-don-dune-%e2%80%afbonne-action","status":"publish","type":"page","link":"https:\/\/welcomingottawaweek.ca\/fr\/sao-ambassadeurs\/ambassadeurs-de-la-semaine-daccueil-a-ottawa-2019\/le-don-dune-%e2%80%afbonne-action\/","title":{"rendered":"Le don d\u2019une \u00ab\u202fbonne action\u202f\u00bb"},"content":{"rendered":"\t\t<div data-elementor-type=\"wp-post\" data-elementor-id=\"3369\" class=\"elementor elementor-3369 elementor-2939\" data-elementor-post-type=\"page\">\n\t\t\t\t\t\t<section class=\"elementor-section elementor-top-section elementor-element elementor-element-51d9535c elementor-section-boxed elementor-section-height-default elementor-section-height-default\" data-id=\"51d9535c\" data-element_type=\"section\" data-e-type=\"section\">\n\t\t\t\t\t\t<div class=\"elementor-container elementor-column-gap-default\">\n\t\t\t\t\t<div class=\"elementor-column elementor-col-100 elementor-top-column elementor-element elementor-element-41721390\" data-id=\"41721390\" data-element_type=\"column\" data-e-type=\"column\">\n\t\t\t<div class=\"elementor-widget-wrap elementor-element-populated\">\n\t\t\t\t\t\t<div class=\"elementor-element elementor-element-73020a4 elementor-widget elementor-widget-video\" data-id=\"73020a4\" data-element_type=\"widget\" data-e-type=\"widget\" data-settings=\"{&quot;youtube_url&quot;:&quot;ttps:\\\/\\\/youtu.be\\\/lu_eR71XBnM&quot;,&quot;video_type&quot;:&quot;youtube&quot;,&quot;controls&quot;:&quot;yes&quot;}\" data-widget_type=\"video.default\">\n\t\t\t\t<div class=\"elementor-widget-container\">\n\t\t\t\t\t\t\t<div class=\"elementor-wrapper elementor-open-inline\">\n\t\t\t<div class=\"elementor-video\"><\/div>\t\t<\/div>\n\t\t\t\t\t\t<\/div>\n\t\t\t\t<\/div>\n\t\t\t\t<div class=\"elementor-element elementor-element-3a1839c0 elementor-widget elementor-widget-text-editor\" data-id=\"3a1839c0\" data-element_type=\"widget\" data-e-type=\"widget\" data-widget_type=\"text-editor.default\">\n\t\t\t\t<div class=\"elementor-widget-container\">\n\t\t\t\t\t\t\t\t\t<h2>Ambassadeur: Philippe Dieudonn\u00e9<br \/>nominateu: Rose Jean Baptiste<\/h2><h3>Le don d\u2019une \u00ab\u202fbonne action\u202f\u00bb<\/h3><p><img fetchpriority=\"high\" decoding=\"async\" class=\"alignleft\" src=\"https:\/\/welcomingottawaweek.ca\/wp-content\/uploads\/2019\/06\/Rosa_Philippe_2019-400x320.jpg\" alt=\"\" width=\"400\" height=\"320\" \/><\/p><p><span data-contrast=\"auto\">Un<\/span><span data-contrast=\"auto\"> group<\/span><span data-contrast=\"auto\">e d\u2019environ 50 personnes \u00e2g\u00e9es immigrantes \u00e0 Ottawa s\u2019est mis d\u2019accord sur le fait qu\u2019un homme avait fait une diff\u00e9rence dans leurs vies. Son nom est <\/span><span data-contrast=\"auto\">Philippe Dieudonn\u00e9<\/span><span data-contrast=\"auto\"> et il a un grand sourire qui \u00e9claire la pi\u00e8ce.<\/span><span data-ccp-props=\"{&quot;201341983&quot;:0,&quot;335559739&quot;:200,&quot;335559740&quot;:276}\">\u00a0<\/span><\/p><p><span data-contrast=\"auto\">Les personnes \u00e2g\u00e9es immigrantes sont souvent isol\u00e9es et seules, et \u00eatre un nouvel arrivant peut repr\u00e9senter encore un plus grand d\u00e9fi. \u00ab\u202fPhilippe nous aide \u00e0 mieux <\/span><span data-contrast=\"auto\">conna\u00eetre<\/span><span data-contrast=\"auto\"> le pays, \u00e0 visiter diff\u00e9rents quartiers et \u00e0 participer plus activement dans la communaut\u00e9\u202f\u00bb explique<\/span><span data-contrast=\"auto\"> une des personnes \u00e2g\u00e9es entre 65 et 94, Ros<\/span><span data-contrast=\"auto\">e Jean Baptiste. \u00ab\u202fIl a aussi je<\/span><span data-contrast=\"auto\">t\u00e9 un \u00e9clairage cru sur les visages inconnus qui ont subi l\u2019abus comme personnes \u00e2g\u00e9es, nous aidant \u00e0 reconnaitre l<\/span><span data-contrast=\"auto\">es signes des abus dont nombre<\/span><span data-contrast=\"auto\"> d\u2019entre nous souffrons, particuli\u00e8rement psychologiquement.\u202f\u00bb<\/span><span data-ccp-props=\"{&quot;201341983&quot;:0,&quot;335559739&quot;:200,&quot;335559740&quot;:276}\">\u00a0<\/span><\/p><p aria-level=\"1\"><span data-contrast=\"auto\">E<\/span><span data-contrast=\"auto\">n 2002, <\/span><span data-contrast=\"auto\">Philippe<\/span> <span data-contrast=\"auto\">a d\u00e9m\u00e9nag\u00e9 \u00e0 Ottawa d\u2019Ha\u00efti avec sa femme et sa jeune fille. Il travaille pour le <\/span><a href=\"https:\/\/www.cesoc.ca\/\"><span data-contrast=\"none\">Conseil \u00c9<\/span><span data-contrast=\"none\">conomique et Social d&rsquo;Ottawa-Carleton<\/span><\/a><span data-contrast=\"auto\"> (C\u00c9SOC), <\/span><span data-contrast=\"auto\">un organisme sans but lucratif qui promeut la diversit\u00e9 de la communaut\u00e9 francophone dans l\u2019est ontarien.<\/span><span data-ccp-props=\"{&quot;134233117&quot;:true,&quot;134233118&quot;:true,&quot;201341983&quot;:0,&quot;335559685&quot;:-28,&quot;335559737&quot;:147,&quot;335559739&quot;:120,&quot;335559740&quot;:240}\">\u00a0<\/span><\/p><p aria-level=\"1\"><span data-contrast=\"none\">\u00a0<\/span><span data-contrast=\"none\">\u201cPhilippe <\/span><span data-contrast=\"none\">nous aide \u00e0 rassembler la communaut\u00e9 gr\u00e2ce \u00e0 son ouverture et au respect de chacun\u202f\u00bb dit Rose Jean. \u00ab\u202fIl est toujours \u00e0 l\u2019\u00e9coute, il r\u00e9conforte et nous rappelle que les difficult\u00e9s peuvent \u00eatre surmont\u00e9es.\u202f\u00bb<\/span><span data-ccp-props=\"{&quot;134233117&quot;:true,&quot;134233118&quot;:true,&quot;201341983&quot;:0,&quot;335559737&quot;:147,&quot;335559739&quot;:120,&quot;335559740&quot;:240}\">\u00a0<\/span><\/p><p aria-level=\"1\"><span data-contrast=\"none\">Rose Jean a rencontr\u00e9 Philippe en 2010 quand elle est arriv\u00e9e un mois apr\u00e8s le tremblement de terre d\u00e9vastateur en Ha\u00efti. \u00ab\u202fJe pouvais voir la souffrance sur son visage\u202f\u00bb d\u00e9crit Philippe. \u00ab\u202fElle est rest\u00e9e coinc\u00e9e dans les d\u00e9combres et a perdu des membres de sa famille.\u202f\u00bb<\/span><span data-ccp-props=\"{&quot;134233117&quot;:true,&quot;134233118&quot;:true,&quot;201341983&quot;:0,&quot;335559737&quot;:147,&quot;335559739&quot;:120,&quot;335559740&quot;:240}\">\u00a0<\/span><\/p><p aria-level=\"1\"><span data-contrast=\"none\">Philippe a pr\u00e9sent\u00e9 Rose Jean \u00e0 d\u2019autres personnes \u00e2g\u00e9es et l\u2019a mise en lien avec des soutiens gr\u00e2ce au programme <\/span><a href=\"https:\/\/www.cesoc.ca\/projects\/vieillir-en-sante\/\"><span data-contrast=\"none\">Vie<\/span><span data-contrast=\"none\">i<\/span><span data-contrast=\"none\">llir en sant\u00e9<\/span><\/a> <span data-contrast=\"auto\">du C\u00c9SOC. \u00ab\u202fL\u2019abus envers les ain\u00e9s est p<\/span><span data-contrast=\"auto\">lus courant qu\u2019on<\/span><span data-contrast=\"auto\"> ne le pense et c\u2019est extraordinaire que Rose Jean soit devenue une activiste dans cette lutte contre ce terrible fl\u00e9au\u202f\u00bb ajoute Philippe qui a aid\u00e9 \u00e0 produire une s\u00e9rie de courtes vid\u00e9os sur cette probl\u00e9matique intitul\u00e9e <\/span><a href=\"https:\/\/youtu.be\/4AsuhAFRDxs\"><span data-contrast=\"none\">\u201c<\/span><span data-contrast=\"none\">Face cach\u00e9e de la maltraitance des ain\u00e9s<\/span><\/a> <span data-contrast=\"auto\">(The <\/span><span data-contrast=\"auto\">Hidden<\/span><span data-contrast=\"auto\"> Face of Elder Abuse)<\/span><span data-contrast=\"auto\">\u201d<\/span><span data-contrast=\"auto\">.<\/span>\u00a0<\/p><p><span data-contrast=\"auto\">Rose Jean<\/span><span data-contrast=\"auto\"> compare l\u2019approche de Philippe au \u00ab\u202fB\u00e2ton de Mo\u00efse\u202f\u00bb. \u00ab\u202fIl nous aide \u00e0 traverser tellement de choses\u202f\u00bb dit Rose Jean. \u00ab\u202fIl fait preuve de beaucoup de compassion envers les personnes \u00e2g\u00e9es\u202f\u00bb. <\/span><span data-contrast=\"auto\">Philippe leur montre plusieurs quartiers, et il les emm\u00e8ne m\u00eame aux Tourn\u00e9es p\u00e9destres du patrimoine immigrant qui <\/span><span data-contrast=\"auto\">ont<\/span><span data-contrast=\"auto\"> lieu pendant la Semaine d\u2019accueil \u00e0 Ottawa.<\/span><span data-ccp-props=\"{&quot;201341983&quot;:0,&quot;335559739&quot;:200,&quot;335559740&quot;:276}\">\u00a0<\/span><\/p><p><span data-contrast=\"auto\">\u00ab\u202fIl nous aide \u00e0 rajeunir gr\u00e2ce au th\u00e9\u00e2tre, au chant et \u00e0 beaucoup de rires\u202f\u00bb ajoute Rose Jean. Quand il accueille les personnes \u00e2g\u00e9es qui arrivent aux programmes du C\u00c9SOC les mardis et mercredis, il est connu pour accueillir les dames avec un jovial<\/span><span data-contrast=\"auto\"> \u201cBonjour les <\/span><span data-contrast=\"auto\">Mamas<\/span><span data-contrast=\"auto\">\u201d (Hello <\/span><span data-contrast=\"auto\">Mothers<\/span><span data-contrast=\"auto\">).<\/span><span data-ccp-props=\"{&quot;201341983&quot;:0,&quot;335559739&quot;:200,&quot;335559740&quot;:276}\">\u00a0<\/span><\/p><p><span data-contrast=\"auto\">Philippe expl<\/span><span data-contrast=\"auto\">ique que ces programmes sont une fa\u00e7on de lutter contre l\u2019isolement, le stress et la solitude v\u00e9cus par de nombreuses personnes \u00e2g\u00e9es. \u00ab\u202fLes nouveaux arrivants connaissent du stress et <\/span><span data-contrast=\"auto\">un choc culturel quand elles arrivent\u202f\u00bb dit Philippe. \u00ab\u202fParfois maintenant c\u2019est la femme qui travaille, ce qui peut \u00eatre diff\u00e9rent de la situation habituelle du pays d\u2019origine. Les probl\u00e8mes de sant\u00e9 mentale sont tr\u00e8s importants chez les nouveaux arrivants. Les abus peuvent arriver et parfois il ne s\u2019agit pas de violence physique, mais c\u2019est subtile, plus subtile et peut concerner les finances. Les femmes<\/span><span data-contrast=\"auto\"> \u00e2g\u00e9es <\/span><span data-contrast=\"auto\">peuvent \u00eatre gard\u00e9es dans un coin, pour s\u2019occuper des enfants et peuvent se retrouver sans voix.\u202f\u00bb<\/span><span data-ccp-props=\"{&quot;201341983&quot;:0,&quot;335559739&quot;:200,&quot;335559740&quot;:276}\">\u00a0<\/span><\/p><p><span data-contrast=\"auto\">Rose Jean<\/span><span data-contrast=\"auto\"> est impressionn\u00e9e par la fa\u00e7on dont Philippe lui porte une attention sp\u00e9ciale, \u00e0 elle et d\u2019autres personnes \u00e2g\u00e9es. \u00ab\u202fIl<\/span><span data-contrast=\"auto\"> m\u2019invite \u00e0 participer \u00e0 des \u00e9v\u00e8<\/span><span data-contrast=\"auto\">nements qui m\u2019aident dans mon d\u00e9veloppement\u202f\u00bb fait remarquer Rose Jean. \u00ab\u202fDe nombreuses fois quand je suis tomb\u00e9e sur Philippe, il a pris mes gros sacs et m\u2019a raccompagn\u00e9e en voiture chez moi. C<\/span><span data-contrast=\"auto\">\u2019est m\u00eame un conducteur poli qui<\/span><span data-contrast=\"auto\"> laisse souvent la priorit\u00e9 aux autres.\u202f\u00bb<\/span><span data-ccp-props=\"{&quot;201341983&quot;:0,&quot;335559739&quot;:200,&quot;335559740&quot;:276}\">\u00a0<\/span><\/p><p><span data-contrast=\"auto\">Philippe <\/span><span data-contrast=\"auto\">a appris l\u2019importance du service communautaire quand<\/span><span data-contrast=\"auto\">,<\/span><span data-contrast=\"auto\"> \u00e0 huit ans<\/span><span data-contrast=\"auto\">,<\/span><span data-contrast=\"auto\"> il s\u2019est joint aux scouts. \u00ab\u202fLes scouts sont d\u00e9vou\u00e9s \u00e0 servir les gens et ces id\u00e9aux sont rest\u00e9s avec moi toute ma vie\u202f\u00bb explique Philippe.\u00a0<\/span><span data-ccp-props=\"{&quot;201341983&quot;:0,&quot;335559739&quot;:200,&quot;335559740&quot;:276}\">\u00a0<\/span><\/p><p><span data-contrast=\"auto\">Il a \u00e9t\u00e9 \u00e9lev\u00e9 \u00e0 chanter et \u00e0 sourire en d\u00e9pit des difficult\u00e9s et ne peut pas passer une bonne journ\u00e9e sans au moins une \u00ab\u202fbonne action\u202f\u00bb. \u00ab\u202fSi je ne fais pas une bonne action, ma vie n\u2019est pas remplie cette journ\u00e9e-l\u00e0.\u202f\u00bb Philippe a conduit Rose J<\/span><span data-contrast=\"auto\">ean pour cet entretien alors qu\u2019<\/span><span data-contrast=\"auto\">elle craignait de ne pas trouver l\u2019endroit qui est loin de chez elle. Sa bonne action \u00e9tait faite pour la journ\u00e9e!<\/span><span data-ccp-props=\"{&quot;201341983&quot;:0,&quot;335559739&quot;:200,&quot;335559740&quot;:276}\">\u00a0<\/span><\/p>\t\t\t\t\t\t\t\t<\/div>\n\t\t\t\t<\/div>\n\t\t\t\t\t<\/div>\n\t\t<\/div>\n\t\t\t\t\t<\/div>\n\t\t<\/section>\n\t\t\t\t<\/div>\n\t\t","protected":false},"excerpt":{"rendered":"<p>Ambassadeur: Philippe Dieudonn\u00e9 nominateu: Rose Jean Baptiste Le don d\u2019une \u00ab\u202fbonne action\u202f\u00bb Un groupe d\u2019environ 50 personnes \u00e2g\u00e9es immigrantes \u00e0 Ottawa s\u2019est mis d\u2019accord sur le fait qu\u2019un homme avait fait une diff\u00e9rence dans  [&#8230;]<\/p>\n","protected":false},"author":10,"featured_media":0,"parent":3306,"menu_order":0,"comment_status":"closed","ping_status":"closed","template":"","meta":{"footnotes":""},"class_list":["post-3369","page","type-page","status-publish","hentry"],"_links":{"self":[{"href":"https:\/\/welcomingottawaweek.ca\/fr\/wp-json\/wp\/v2\/pages\/3369","targetHints":{"allow":["GET"]}}],"collection":[{"href":"https:\/\/welcomingottawaweek.ca\/fr\/wp-json\/wp\/v2\/pages"}],"about":[{"href":"https:\/\/welcomingottawaweek.ca\/fr\/wp-json\/wp\/v2\/types\/page"}],"author":[{"embeddable":true,"href":"https:\/\/welcomingottawaweek.ca\/fr\/wp-json\/wp\/v2\/users\/10"}],"replies":[{"embeddable":true,"href":"https:\/\/welcomingottawaweek.ca\/fr\/wp-json\/wp\/v2\/comments?post=3369"}],"version-history":[{"count":0,"href":"https:\/\/welcomingottawaweek.ca\/fr\/wp-json\/wp\/v2\/pages\/3369\/revisions"}],"up":[{"embeddable":true,"href":"https:\/\/welcomingottawaweek.ca\/fr\/wp-json\/wp\/v2\/pages\/3306"}],"wp:attachment":[{"href":"https:\/\/welcomingottawaweek.ca\/fr\/wp-json\/wp\/v2\/media?parent=3369"}],"curies":[{"name":"wp","href":"https:\/\/api.w.org\/{rel}","templated":true}]}}