{"id":3381,"date":"2019-06-15T07:23:42","date_gmt":"2019-06-15T11:23:42","guid":{"rendered":"https:\/\/welcomingottawaweek.ca\/sao-ambassadeurs\/ambassadeurs-de-la-semaine-daccueil-a-ottawa-2019\/building-a-better-future-for-canada\/"},"modified":"2019-06-20T14:30:13","modified_gmt":"2019-06-20T18:30:13","slug":"batir-un-meilleur-avenir-pour-le-canada","status":"publish","type":"page","link":"https:\/\/welcomingottawaweek.ca\/fr\/sao-ambassadeurs\/ambassadeurs-de-la-semaine-daccueil-a-ottawa-2019\/batir-un-meilleur-avenir-pour-le-canada\/","title":{"rendered":"B\u00e2tir un meilleur avenir pour le Canada"},"content":{"rendered":"\t\t<div data-elementor-type=\"wp-post\" data-elementor-id=\"3381\" class=\"elementor elementor-3381\" data-elementor-post-type=\"page\">\n\t\t\t\t\t\t<section class=\"elementor-section elementor-top-section elementor-element elementor-element-7c86bd9d elementor-section-boxed elementor-section-height-default elementor-section-height-default\" data-id=\"7c86bd9d\" data-element_type=\"section\" data-e-type=\"section\">\n\t\t\t\t\t\t<div class=\"elementor-container elementor-column-gap-default\">\n\t\t\t\t\t<div class=\"elementor-column elementor-col-100 elementor-top-column elementor-element elementor-element-490afca6\" data-id=\"490afca6\" data-element_type=\"column\" data-e-type=\"column\">\n\t\t\t<div class=\"elementor-widget-wrap elementor-element-populated\">\n\t\t\t\t\t\t<div class=\"elementor-element elementor-element-f7f5653 elementor-widget elementor-widget-video\" data-id=\"f7f5653\" data-element_type=\"widget\" data-e-type=\"widget\" data-settings=\"{&quot;youtube_url&quot;:&quot;https:\\\/\\\/youtu.be\\\/QCOPI6msgWI&quot;,&quot;video_type&quot;:&quot;youtube&quot;,&quot;controls&quot;:&quot;yes&quot;}\" data-widget_type=\"video.default\">\n\t\t\t\t<div class=\"elementor-widget-container\">\n\t\t\t\t\t\t\t<div class=\"elementor-wrapper elementor-open-inline\">\n\t\t\t<div class=\"elementor-video\"><\/div>\t\t<\/div>\n\t\t\t\t\t\t<\/div>\n\t\t\t\t<\/div>\n\t\t\t\t<div class=\"elementor-element elementor-element-4e738136 elementor-widget elementor-widget-text-editor\" data-id=\"4e738136\" data-element_type=\"widget\" data-e-type=\"widget\" data-widget_type=\"text-editor.default\">\n\t\t\t\t<div class=\"elementor-widget-container\">\n\t\t\t\t\t\t\t\t\t<h2>Ambassadrice: Khatima Louaya<br \/>nominateu: Ruth Yaka Milenda<\/h2><h3>B\u00e2tir un meilleur avenir pour le Canada<\/h3><p><img fetchpriority=\"high\" decoding=\"async\" class=\"alignleft\" src=\"https:\/\/welcomingottawaweek.ca\/wp-content\/uploads\/2019\/06\/Ruth_Khatima_2019-400x320.jpg\" alt=\"\" width=\"400\" height=\"320\" \/><\/p><p><span data-contrast=\"auto\">Ruth Yaka Milenda, <\/span><span data-contrast=\"auto\">une demandeuse d\u2019asile de la R\u00e9publique d\u00e9mocratique du Congo, n\u2019oubliera jamais la premi\u00e8re visite de Kh<\/span><span data-contrast=\"auto\">a<\/span><span data-contrast=\"auto\">tima <\/span><span data-contrast=\"auto\">Louaya<\/span><span data-contrast=\"auto\"> dans son humble appartement. \u00ab\u202fM\u00eame si nous n\u2019avions pas de meubles, Khatima s\u2019est assise par terre pour discuter avec nous de nos besoins\u202f\u00bb dit Ruth. \u00ab\u202fCela m\u2019a tellement touch\u00e9e. Elle m\u2019a aid\u00e9e \u00e0 trouver des meubles et d\u2019autres biens de premi\u00e8re n\u00e9cessit\u00e9. Chaque fois que je l\u2019appelle, elle est l\u00e0 pour moi, m\u00eame si c\u2019est juste pour me r\u00e9f\u00e9rer vers un certain type de service dont j\u2019ai besoin.\u202f\u00bb<\/span><span data-ccp-props=\"{}\">\u00a0<\/span><\/p><p><span data-contrast=\"auto\">Ruth est arriv\u00e9e \u00e0 Ottawa en 2016 avec ses deux filles et sa s\u0153ur. Initialement elles habitaient dans un refuge et ont \u00e9t\u00e9 pr\u00e9sent\u00e9es \u00e0 Khatima par une assistante sociale.<\/span><span data-ccp-props=\"{}\">\u00a0<\/span><\/p><p><span data-contrast=\"auto\">Khatima a immigr\u00e9 au Canada il y a de nombreuses ann\u00e9es. Au Maroc, elle \u00e9tait avocate<\/span><span data-contrast=\"auto\">, mais elle a chang\u00e9 de carri\u00e8re dans son nouveau pays. Elle travaille pour le <\/span><a href=\"https:\/\/cepeo.on.ca\/\"><span data-contrast=\"none\">Conseil des \u00e9coles publiques de l&rsquo;Est de l&rsquo;Ontario<\/span><\/a> <span data-contrast=\"none\">(<\/span><span data-contrast=\"auto\">CEPEO), <\/span><span data-contrast=\"auto\">le conseil public de langue fran\u00e7aise d\u2019Ottawa. Le CEPEO offre des services et des programmes aux \u00e9tudiants nouvellement arriv\u00e9s, mais aussi \u00e0 leurs familles.<\/span><span data-ccp-props=\"{}\">\u00a0<\/span><\/p><p><span data-contrast=\"auto\">Une fois par semaine, Khatima visite les refuges locaux pour \u00e9valuer les besoins des familles de nouveaux arrivants. Elle donne des informations aux familles sur les options disponibles concernant les appuis et services communautaires. Les \u00e9tudiants et leurs familles peuvent aussi la rencontrer \u00e0 son bureau.\u00a0<\/span><span data-ccp-props=\"{}\">\u00a0<\/span><\/p><p><span data-contrast=\"auto\">\u00ab\u202f<\/span><span data-contrast=\"auto\">Khatima <\/span><span data-contrast=\"auto\">fait son travail avec amour et passion\u202f\u00bb fait remarquer Ruth. \u00ab\u202fElle se met \u00e0 la place des autres. Chaque fois que je voulais pleurer parce que je me sentais perdue, elle a trouv\u00e9 les mots pour me r\u00e9conforter. Elle me disait qu\u2019elle comprenait ce que je ressentais parce qu\u2019elle aussi elle a <\/span><span data-contrast=\"auto\">connu<\/span><span data-contrast=\"auto\"> ces sentiments comme nouvelle arrivante. Elle m\u2019a dit de garder ma t\u00eate haute et que les choses s\u2019am\u00e9lioreraient.\u202f\u00bb<\/span><span data-ccp-props=\"{}\">\u00a0<\/span><\/p><p><span data-contrast=\"auto\">\u00ab\u202fKhatima se met \u00e0 ma place, me rappelle de tous les d\u00e9tails et<\/span><span data-contrast=\"auto\">, le<\/span><span data-contrast=\"auto\"> plus important<\/span><span data-contrast=\"auto\">, elle<\/span><span data-contrast=\"auto\"> partage sa propre trajectoire d\u2019immigration\u202f\u00bb souligne Ruth. Khatima m\u2019a racont\u00e9 comment elle a dormi par terre ses premi\u00e8res nuits pass\u00e9es au Canada.<\/span><span data-ccp-props=\"{}\">\u00a0<\/span><\/p><p><span data-contrast=\"auto\">\u00ab\u202fElle m\u2019encourage et me rassure\u202f\u00bb ajoute Ruth. Quand Ruth a inscrit ses filles \u00e0 l\u2019\u00e9cole, Khatima l\u2019a rencontr\u00e9e l\u00e0, pour r\u00e9pondre \u00e0 ses questions et la guider. Lors de la premi\u00e8re visite de Ruth chez Khatima, elle a remarqu\u00e9 qu\u2019il n\u2019y avait pas de rideaux et a pens\u00e9 que ce n\u2019\u00e9tait pas tr\u00e8s <\/span><span data-contrast=\"auto\">s\u00e9curitaire pour une maison o\u00f9 vivaient<\/span><span data-contrast=\"auto\"> quatre femmes. Elle<\/span><span data-contrast=\"auto\"> s\u2019est vite <\/span><span data-contrast=\"auto\">arrang\u00e9<\/span><span data-contrast=\"auto\"> pour acheter des rideaux.<\/span><span data-ccp-props=\"{}\">\u00a0<\/span><\/p><p><span data-contrast=\"auto\">Les deux femmes se souviennent d\u2019une<\/span><span data-contrast=\"auto\"> journ\u00e9e pass\u00e9e<\/span><span data-contrast=\"auto\"> \u00e0 courir d\u2019un service \u00e0 l\u2019autre avec la voiture de Khatima. \u00ab\u202fJ\u2019ai dit \u00e0 Ruth qu\u2019un jour ce serait elle qui me trimbalerait dans sa propre voiture\u202f\u00bb se souvient Khatima. \u00ab\u202fUn nouvel arrivant d\u00e9marre souvent avec moins que rien, alors je leur ai dit que j\u2019\u00e9tais arriv\u00e9e dans ce pays avec une boite et avais re\u00e7u beaucoup d\u2019aide d\u2019autres personnes. Malgr\u00e9 tout, j\u2019essaye de r\u00e9assurer les nouveaux arrivants comme Ruth en <\/span><span data-contrast=\"auto\">leur disant qu\u2019ils doivent toujours garder espoir, \u00eatre pers\u00e9v\u00e9rants et avoir la volont\u00e9 de r\u00e9ussir.\u202f\u00bb<\/span><span data-ccp-props=\"{}\">\u00a0<\/span><span data-ccp-props=\"{}\">\u00a0<\/span><\/p><p><span data-contrast=\"auto\">Maintenant Ruth a sa propre voiture et a trouv\u00e9 un emploi permanent. \u00ab\u202fSon histoire peut en inspirer d\u2019autres\u202f\u00bb ajoute Khatima. \u00ab\u202fJe l\u2019ai aid\u00e9e dans les diff\u00e9rentes \u00e9tapes, mais c\u2019est le travail acharn\u00e9 de Ruth qui a fait qu\u2019elle a r\u00e9ussi. Elle s\u2019est bien int\u00e9gr\u00e9e, elle a m\u00eame adopt\u00e9 l\u2019accent canadien fran\u00e7ais.\u202f\u00bb<\/span><span data-ccp-props=\"{}\">\u00a0<\/span><\/p><p><span data-contrast=\"auto\">\u00ab\u202fKhatima m\u2019a encourag\u00e9e moi et ma s\u0153ur \u00e0 nous int\u00e9grer \u00e0 la communaut\u00e9 francophone d\u2019Ottawa et \u00e0 participer aux activit\u00e9s culturelles de la communaut\u00e9 locale\u202f\u00bb explique Ruth.\u00a0<\/span><span data-ccp-props=\"{}\">\u00a0<\/span><\/p><p><span data-contrast=\"auto\">Apr\u00e8s leurs premi\u00e8res luttes, Ruth et sa famille ont trouv\u00e9 une stabilit\u00e9 et elles doivent cela en grande partie \u00e0 l\u2019aide re\u00e7ue de la part de Khatima. <\/span><span data-contrast=\"auto\">Les deux s\u0153urs sont retourn\u00e9es sur les bancs d\u2019\u00e9cole pour une formation professionnelle. \u00ab\u202fNous avons une maison et ma s\u0153ur et moi avons un emploi \u00e0 temps plein\u202f\u00bb ajoute Ruth.\u00a0<\/span><span data-ccp-props=\"{}\">\u00a0<\/span><\/p><p><span data-contrast=\"auto\">Ruth sourit fi\u00e8rement alors qu\u2019elle pense aux accomplissements de ses deux filles \u00ab\u202fElles se sont bien adapt\u00e9es et sont parmi les meilleurs \u00e9tudiants de l\u2019\u00c9cole secondaire de <\/span><span data-contrast=\"auto\">LaSalle<\/span><span data-contrast=\"auto\">\u202f\u00bb dit-elle. <\/span><span data-contrast=\"auto\">Une des filles est dans le programme de musique et l\u2019autre dans celui d\u2019athl\u00e9tisme. \u00ab\u202fElles se sentent tr\u00e8s confortables ici.\u202f\u00bb<\/span><span data-ccp-props=\"{}\">\u00a0<\/span><\/p><p><span data-contrast=\"auto\">Ruth <\/span><span data-contrast=\"auto\">devient soudainement s\u00e9rieuse quand elle raconte comment une de ses filles pleure quand elle pense \u00e0 l\u2019\u00e9ventualit\u00e9 de devoir retourner dans son pays d\u2019origine, \u00ab\u202felle a des amis ici et elle aime vraiment ce pays\u202f\u00bb ajoute Ruth. Bien que leur demande d\u2019asile initiale<\/span><span data-contrast=\"auto\"> ait \u00e9t\u00e9 rejet\u00e9e, elles ont r\u00e9cemment d\u00e9pos\u00e9 une demande pour rester ici pour des motifs d\u2019ordre humanitaire.<\/span><span data-ccp-props=\"{}\">\u00a0<\/span><\/p><p><span data-contrast=\"auto\">Khatima <\/span><span data-contrast=\"auto\">la r\u00e9conforte et lui assure que tout ira bien. \u00ab\u202fL\u2019histoire de Ruth est un succ\u00e8s\u202f\u00bb dit Khatima. \u00ab\u202fElle a un emploi permanent et est tr\u00e8s int\u00e9gr\u00e9e dans la communaut\u00e9. Elle a un r\u00e9seau d\u2019autres nouveaux arrivants. C\u2019est une femme forte qui travaille extr\u00eamement dur et fait tellement pour sa famille. Elle a la motivation de r\u00e9ussir et de partager avec les autres \u00e9galement.<\/span><span data-ccp-props=\"{}\">\u00a0<\/span><\/p><p><span data-contrast=\"auto\">\u00ab\u202fJ\u2019ai v\u00e9cu de la violence physique en R\u00e9publique d\u00e9mocratique du Congo\u202f\u00bb raconte Ruth. \u00ab\u202fMaintenant pour la premi\u00e8re fois, je me sens en s\u00e9curit\u00e9. J\u2019adore travailler avec les enfants et je veux continuer ma vie ici.\u202f\u00bb<\/span><span data-ccp-props=\"{}\">\u00a0<\/span><\/p><p><span data-contrast=\"auto\">Khatima <\/span><span data-contrast=\"auto\">pense que de plusieurs fa\u00e7ons le Canada est le meilleur pays o\u00f9 \u00eatre un nouvel arrivant. \u00ab\u202fJe donne aux nouveaux arrivants parce que je sais qu\u2019une femme comme Ruth, ultimement, donnera aux autres et que gr\u00e2ce \u00e0 sa contribution elle aidera \u00e0 b\u00e2tir un meilleur avenir pour nous tous\u202f\u00bb conclut Khatima.<\/span><span data-ccp-props=\"{}\">\u00a0<\/span><\/p>\t\t\t\t\t\t\t\t<\/div>\n\t\t\t\t<\/div>\n\t\t\t\t\t<\/div>\n\t\t<\/div>\n\t\t\t\t\t<\/div>\n\t\t<\/section>\n\t\t\t\t<\/div>\n\t\t","protected":false},"excerpt":{"rendered":"<p>Ambassadrice: Khatima Louaya nominateu: Ruth Yaka Milenda B\u00e2tir un meilleur avenir pour le Canada Ruth Yaka Milenda, une demandeuse d\u2019asile de la R\u00e9publique d\u00e9mocratique du Congo, n\u2019oubliera jamais la premi\u00e8re visite de Khatima Louaya  [&#8230;]<\/p>\n","protected":false},"author":10,"featured_media":0,"parent":3306,"menu_order":0,"comment_status":"closed","ping_status":"closed","template":"","meta":{"footnotes":""},"class_list":["post-3381","page","type-page","status-publish","hentry"],"_links":{"self":[{"href":"https:\/\/welcomingottawaweek.ca\/fr\/wp-json\/wp\/v2\/pages\/3381","targetHints":{"allow":["GET"]}}],"collection":[{"href":"https:\/\/welcomingottawaweek.ca\/fr\/wp-json\/wp\/v2\/pages"}],"about":[{"href":"https:\/\/welcomingottawaweek.ca\/fr\/wp-json\/wp\/v2\/types\/page"}],"author":[{"embeddable":true,"href":"https:\/\/welcomingottawaweek.ca\/fr\/wp-json\/wp\/v2\/users\/10"}],"replies":[{"embeddable":true,"href":"https:\/\/welcomingottawaweek.ca\/fr\/wp-json\/wp\/v2\/comments?post=3381"}],"version-history":[{"count":0,"href":"https:\/\/welcomingottawaweek.ca\/fr\/wp-json\/wp\/v2\/pages\/3381\/revisions"}],"up":[{"embeddable":true,"href":"https:\/\/welcomingottawaweek.ca\/fr\/wp-json\/wp\/v2\/pages\/3306"}],"wp:attachment":[{"href":"https:\/\/welcomingottawaweek.ca\/fr\/wp-json\/wp\/v2\/media?parent=3381"}],"curies":[{"name":"wp","href":"https:\/\/api.w.org\/{rel}","templated":true}]}}