{"id":5046,"date":"2022-06-20T10:19:39","date_gmt":"2022-06-20T14:19:39","guid":{"rendered":"https:\/\/welcomingottawaweek.ca\/?page_id=5046"},"modified":"2022-06-20T10:20:06","modified_gmt":"2022-06-20T14:20:06","slug":"batir-une-communaute-accueillante-et-inclusive","status":"publish","type":"page","link":"https:\/\/welcomingottawaweek.ca\/fr\/sao-ambassadeurs\/ambassadeurs-de-la-semaine-daccueil-a-ottawa-2022\/batir-une-communaute-accueillante-et-inclusive\/","title":{"rendered":"B\u00e2tir une communaut\u00e9 accueillante et inclusive"},"content":{"rendered":"\t\t<div data-elementor-type=\"wp-page\" data-elementor-id=\"5046\" class=\"elementor elementor-5046 elementor-4990\" data-elementor-post-type=\"page\">\n\t\t\t\t\t\t<section class=\"elementor-section elementor-top-section elementor-element elementor-element-ff8df5e elementor-section-boxed elementor-section-height-default elementor-section-height-default\" data-id=\"ff8df5e\" data-element_type=\"section\" data-e-type=\"section\">\n\t\t\t\t\t\t<div class=\"elementor-container elementor-column-gap-default\">\n\t\t\t\t\t<div class=\"elementor-column elementor-col-100 elementor-top-column elementor-element elementor-element-12f39609\" data-id=\"12f39609\" data-element_type=\"column\" data-e-type=\"column\">\n\t\t\t<div class=\"elementor-widget-wrap elementor-element-populated\">\n\t\t\t\t\t\t<div class=\"elementor-element elementor-element-509fec67 elementor-widget elementor-widget-text-editor\" data-id=\"509fec67\" data-element_type=\"widget\" data-e-type=\"widget\" data-widget_type=\"text-editor.default\">\n\t\t\t\t<div class=\"elementor-widget-container\">\n\t\t\t\t\t\t\t\t\t<h2>Kathy Thomas<\/h2><h3>B\u00e2tir une communaut\u00e9 accueillante et inclusive<\/h3><p><img fetchpriority=\"high\" decoding=\"async\" class=\"alignleft wp-image-4857 size-medium\" src=\"https:\/\/welcomingottawaweek.ca\/wp-content\/uploads\/2022\/06\/Kathy-Thomas-300x300.jpg\" alt=\"\" width=\"300\" height=\"300\" srcset=\"https:\/\/welcomingottawaweek.ca\/wp-content\/uploads\/2022\/06\/Kathy-Thomas-66x66.jpg 66w, https:\/\/welcomingottawaweek.ca\/wp-content\/uploads\/2022\/06\/Kathy-Thomas-150x150.jpg 150w, https:\/\/welcomingottawaweek.ca\/wp-content\/uploads\/2022\/06\/Kathy-Thomas-200x200.jpg 200w, https:\/\/welcomingottawaweek.ca\/wp-content\/uploads\/2022\/06\/Kathy-Thomas-300x300.jpg 300w, https:\/\/welcomingottawaweek.ca\/wp-content\/uploads\/2022\/06\/Kathy-Thomas-400x400.jpg 400w, https:\/\/welcomingottawaweek.ca\/wp-content\/uploads\/2022\/06\/Kathy-Thomas-600x600.jpg 600w, https:\/\/welcomingottawaweek.ca\/wp-content\/uploads\/2022\/06\/Kathy-Thomas-768x768.jpg 768w, https:\/\/welcomingottawaweek.ca\/wp-content\/uploads\/2022\/06\/Kathy-Thomas-800x800.jpg 800w, https:\/\/welcomingottawaweek.ca\/wp-content\/uploads\/2022\/06\/Kathy-Thomas-1024x1024.jpg 1024w, https:\/\/welcomingottawaweek.ca\/wp-content\/uploads\/2022\/06\/Kathy-Thomas-1200x1200.jpg 1200w, https:\/\/welcomingottawaweek.ca\/wp-content\/uploads\/2022\/06\/Kathy-Thomas-1536x1536.jpg 1536w\" sizes=\"(max-width: 300px) 100vw, 300px\" \/><\/p><p>Quand Elena Goubanova et sa famille sont arriv\u00e9es \u00e0 Ottawa du Kazakhstan en 1998, elle s\u2019est sentie compl\u00e8tement perdue. Il y avait le choc culturel par rapport au fonctionnement de la soci\u00e9t\u00e9 canadienne \u2013 comment louer un appartement, inscrire les enfants \u00e0 l\u2019\u00e9cole, prendre un rendez-vous m\u00e9dical et trouver un emploi. Ce qu\u2019elle ne r\u00e9alisait pas c\u2019est qu\u2019elle rencontrerait rapidement une femme qui allait jouer un r\u00f4le pivot pour l\u2019aider \u00e0 faire d\u2019Ottawa son nouveau foyer et une communaut\u00e9 accueillante.<\/p><p>Peu de temps apr\u00e8s son arriv\u00e9e dans Westboro, un quartier de la capitale nationale, Elena a \u00e9t\u00e9 se pr\u00e9senter \u00e0 quelques voisins. Le jour d\u2019apr\u00e8s, elle a \u00e9t\u00e9 surprise par un panier d\u2019accueil d\u00e9pos\u00e9 \u00e0 sa porte. Depuis ce jour, sa voisine, Kathy Thomas, est devenue l\u2019ange gardien d\u2019Elena, une amie proche et un mod\u00e8le.<\/p><p>\u00ab Kathy a aid\u00e9 ma fille ain\u00e9e, adolescente \u00e0 l\u2019\u00e9poque, \u00e0 trouver son premier emploi \u00bb explique Elena. \u00ab Son mari m\u2019a recommand\u00e9 une agence quand je cherchais un emploi. \u00c0 chaque fois toute la famille nous a aid\u00e9es dans l\u2019adaptation \u00e0 notre nouvelle vie \u00bb.<\/p><p>\u00ab Ce n\u2019est pas juste moi et ma famille \u00bb fait remarquer Elena. \u00ab Kathy ouvre sa porte \u00e0 des personnes de toutes conditions et origines. J\u2019ai rencontr\u00e9 beaucoup d\u2019autres nouveaux arrivants \u00e0 Ottawa de diff\u00e9rents pays et de diff\u00e9rentes cultures lors de ses lev\u00e9es de fonds F\u00eates roses pour le cancer du sein. Kathy cr\u00e9e une communaut\u00e9 accueillante et inclusive autour d\u2019elle et nous sommes tous devenus amis. Son c\u0153ur et son \u00e2me sont remplis de valeurs importantes, notamment traiter tout le monde avec respect et redonner \u00e0 la communaut\u00e9 \u00bb.<\/p><p>Au compteur de b\u00e9n\u00e9volat de Kathy, on retrouve : directrice de la Fondation de la conservation de la vall\u00e9e Rideau, l\u2019appui aux enfants dans un programme d\u2019anglais langue seconde, l\u2019organisation de diners pizza \u00e0 l\u2019\u00e9cole locale, et le soutien au d\u00e9veloppement international gr\u00e2ce \u00e0 son ancienne implication avec WaterCan. Kathy a \u00e9t\u00e9 l\u2019inspiration pour le propre engagement d\u2019Elena \u00e0 aider les immigrants et les r\u00e9fugi\u00e9s pour qu\u2019ils s\u2019engagent dans des r\u00e9seaux locaux, des associations professionnelles, des actions citoyennes et des initiatives de leadeurship.<\/p><p>Quand on rencontre Elena et Kathy, on est marqu\u00e9 par la joie pure qui ressort de leur compagnie mutuelle. \u00ab J\u2019ai comme envie de lui donner un gros c\u00e2lin via Zoom \u00bb dit Kathy. Bien qu\u2019Elena et sa famille aient \u00e9ventuellement d\u00e9m\u00e9nag\u00e9 dans un autre quartier, elles sont toujours proches. La pand\u00e9mie a pos\u00e9 des probl\u00e8mes, mais leur amour mutuel pour la nature les rassemble pour prendre une marche ensemble ou admirer les jardins. Quand la grande temp\u00eate a d\u00e9vast\u00e9 Ottawa il y a quelques semaines, Kathy a saut\u00e9 sur son v\u00e9lo pour aller chez Elena et voir si tout allait bien.<\/p><p>L\u2019admiration va dans les deux sens.<\/p><p>\u00ab \u00c7a prend beaucoup de courage et ce n\u2019est pas facile de d\u00e9m\u00e9nager dans un nouveau pays \u00bb dit Kathy. \u00ab Elena n\u2019est pas le genre de personne \u00e0 se plaindre. Elle a des aspirations; elle a rencontr\u00e9 des obstacles quand elle a d\u00fb tout recommencer, mais elle a toujours appris et elle est rest\u00e9e positive. Elena a un grand sens de l\u2019humour. L\u2019amiti\u00e9 apporte tellement de choses. Tu donnes un peu de toi-m\u00eame et tu re\u00e7ois tellement en retour \u00bb.<\/p><p>\u00ab Je n\u2019ai pas assez de mots pour d\u00e9crire la gratitude de ma famille envers leur r\u00e9elle ouverture, leur hospitalit\u00e9, leur amiti\u00e9 et leur g\u00e9n\u00e9rosit\u00e9 \u00bb dit Elena. \u00ab L\u2019attitude accueillante de cette famille a d\u00e9fini de plusieurs fa\u00e7ons la r\u00e9ussite de ma famille \u00e0 s\u2019\u00e9tablir dans la communaut\u00e9 locale \u00bb.<\/p><p>Clairement, et Kathy, et Elena, travaillent maintenant \u00e0 b\u00e2tir une communaut\u00e9 plus accueillante et inclusive.<\/p><p>\u00a0<\/p>\t\t\t\t\t\t\t\t<\/div>\n\t\t\t\t<\/div>\n\t\t\t\t\t<\/div>\n\t\t<\/div>\n\t\t\t\t\t<\/div>\n\t\t<\/section>\n\t\t\t\t<\/div>\n\t\t","protected":false},"excerpt":{"rendered":"<p>Kathy Thomas B\u00e2tir une communaut\u00e9 accueillante et inclusive Quand Elena Goubanova et sa famille sont arriv\u00e9es \u00e0 Ottawa du Kazakhstan en 1998, elle s\u2019est sentie compl\u00e8tement perdue. Il y avait le choc culturel par  [&#8230;]<\/p>\n","protected":false},"author":10,"featured_media":0,"parent":5040,"menu_order":0,"comment_status":"closed","ping_status":"closed","template":"","meta":{"footnotes":""},"class_list":["post-5046","page","type-page","status-publish","hentry"],"_links":{"self":[{"href":"https:\/\/welcomingottawaweek.ca\/fr\/wp-json\/wp\/v2\/pages\/5046","targetHints":{"allow":["GET"]}}],"collection":[{"href":"https:\/\/welcomingottawaweek.ca\/fr\/wp-json\/wp\/v2\/pages"}],"about":[{"href":"https:\/\/welcomingottawaweek.ca\/fr\/wp-json\/wp\/v2\/types\/page"}],"author":[{"embeddable":true,"href":"https:\/\/welcomingottawaweek.ca\/fr\/wp-json\/wp\/v2\/users\/10"}],"replies":[{"embeddable":true,"href":"https:\/\/welcomingottawaweek.ca\/fr\/wp-json\/wp\/v2\/comments?post=5046"}],"version-history":[{"count":0,"href":"https:\/\/welcomingottawaweek.ca\/fr\/wp-json\/wp\/v2\/pages\/5046\/revisions"}],"up":[{"embeddable":true,"href":"https:\/\/welcomingottawaweek.ca\/fr\/wp-json\/wp\/v2\/pages\/5040"}],"wp:attachment":[{"href":"https:\/\/welcomingottawaweek.ca\/fr\/wp-json\/wp\/v2\/media?parent=5046"}],"curies":[{"name":"wp","href":"https:\/\/api.w.org\/{rel}","templated":true}]}}