{"id":5047,"date":"2022-06-20T10:21:47","date_gmt":"2022-06-20T14:21:47","guid":{"rendered":"https:\/\/welcomingottawaweek.ca\/?page_id=5047"},"modified":"2022-06-20T10:22:18","modified_gmt":"2022-06-20T14:22:18","slug":"trouver-un-veritable-ami","status":"publish","type":"page","link":"https:\/\/welcomingottawaweek.ca\/fr\/sao-ambassadeurs\/ambassadeurs-de-la-semaine-daccueil-a-ottawa-2022\/trouver-un-veritable-ami\/","title":{"rendered":"Trouver un v\u00e9ritable ami"},"content":{"rendered":"\t\t<div data-elementor-type=\"wp-page\" data-elementor-id=\"5047\" class=\"elementor elementor-5047 elementor-4998\" data-elementor-post-type=\"page\">\n\t\t\t\t\t\t<section class=\"elementor-section elementor-top-section elementor-element elementor-element-dd12ded elementor-section-boxed elementor-section-height-default elementor-section-height-default\" data-id=\"dd12ded\" data-element_type=\"section\">\n\t\t\t\t\t\t<div class=\"elementor-container elementor-column-gap-default\">\n\t\t\t\t\t<div class=\"elementor-column elementor-col-100 elementor-top-column elementor-element elementor-element-1b0ec875\" data-id=\"1b0ec875\" data-element_type=\"column\">\n\t\t\t<div class=\"elementor-widget-wrap elementor-element-populated\">\n\t\t\t\t\t\t<div class=\"elementor-element elementor-element-771b87bb elementor-widget elementor-widget-text-editor\" data-id=\"771b87bb\" data-element_type=\"widget\" data-widget_type=\"text-editor.default\">\n\t\t\t\t<div class=\"elementor-widget-container\">\n\t\t\t\t\t\t\t\t\t<h2>Mohd Khalid Naseemi<\/h2><h3>Trouver un v\u00e9ritable ami<\/h3><p><img fetchpriority=\"high\" decoding=\"async\" class=\"alignleft wp-image-4864 size-medium\" src=\"https:\/\/welcomingottawaweek.ca\/wp-content\/uploads\/2022\/06\/Khalid-Fazul-300x237.jpeg\" alt=\"\" width=\"300\" height=\"237\" srcset=\"https:\/\/welcomingottawaweek.ca\/wp-content\/uploads\/2022\/06\/Khalid-Fazul-200x158.jpeg 200w, https:\/\/welcomingottawaweek.ca\/wp-content\/uploads\/2022\/06\/Khalid-Fazul-300x237.jpeg 300w, https:\/\/welcomingottawaweek.ca\/wp-content\/uploads\/2022\/06\/Khalid-Fazul-400x316.jpeg 400w, https:\/\/welcomingottawaweek.ca\/wp-content\/uploads\/2022\/06\/Khalid-Fazul-600x473.jpeg 600w, https:\/\/welcomingottawaweek.ca\/wp-content\/uploads\/2022\/06\/Khalid-Fazul-768x606.jpeg 768w, https:\/\/welcomingottawaweek.ca\/wp-content\/uploads\/2022\/06\/Khalid-Fazul-800x631.jpeg 800w, https:\/\/welcomingottawaweek.ca\/wp-content\/uploads\/2022\/06\/Khalid-Fazul-1024x808.jpeg 1024w, https:\/\/welcomingottawaweek.ca\/wp-content\/uploads\/2022\/06\/Khalid-Fazul-1200x947.jpeg 1200w, https:\/\/welcomingottawaweek.ca\/wp-content\/uploads\/2022\/06\/Khalid-Fazul-1536x1212.jpeg 1536w\" sizes=\"(max-width: 300px) 100vw, 300px\" \/><\/p><p>En Afghanistan, il existe un proverbe qui dit \u00ab un v\u00e9ritable ami est celui qui tient la main de son ami dans les temps difficiles et d\u00e9sesp\u00e9r\u00e9s \u00bb. Quand Fazul Rahim est arriv\u00e9 \u00e0 Ottawa le 28 septembre 2021, il avait besoin d\u2019une personne pour lui tenir la main plus que jamais auparavant. Il a aussi trouv\u00e9 un ami en la personne de Khalid.<br \/>Malgr\u00e9 les difficult\u00e9s et les probl\u00e8mes des deux derni\u00e8res d\u00e9cennies, comme beaucoup de r\u00e9fugi\u00e9s, Fazul n\u2019avait jamais pens\u00e9 quitter son pays de naissance, l\u2019Afghanistan. Il y avait construit une maison et il avait investi toutes ses \u00e9conomies dans le pays.<br \/>Fazul, avec sa femme et ses six enfants (\u00e2g\u00e9s entre 5 et 20 ans), a fui l\u2019Afghanistan une semaine avant la chute de Kaboul, au milieu du chaos et de la violence engendr\u00e9s apr\u00e8s le retrait des forces de l\u2019Otan. Ils \u00e9taient en grand danger car Fazul, comme journaliste, a travaill\u00e9 pour CBS, NBC et le programme de d\u00e9veloppement de l\u2019ONU. La famille a \u00e9t\u00e9 \u00e9vacu\u00e9e au Qatar o\u00f9 pendant cinq semaines ils ont commenc\u00e9 \u00e0 r\u00e9aliser le choc et \u00e0 attendre la finalisation de leurs papiers pour venir au Canada en tant que r\u00e9fugi\u00e9s.<br \/>Apr\u00e8s un tel bouleversement et autant de turbulences, il se levait encore en pensant qu\u2019il \u00e9tait \u00e0 Kaboul. \u00ab Quand je suis arriv\u00e9 \u00e0 Ottawa, je ne savais pas comment les choses allaient marcher ici \u00bb explique Fazul. \u00ab Ce dont nous avions vraiment besoin c\u2019\u00e9tait d\u2019une personne pour nous accueillir et nous expliquer \u00e0 quoi nous attendre \u00bb.<br \/>Une connaissance afghane l\u2019a pr\u00e9sent\u00e9 \u00e0 Mohd Khalid Naseemi (appel\u00e9 couramment Khalid) au t\u00e9l\u00e9phone. La journ\u00e9e d\u2019apr\u00e8s, Khalid s\u2019est pr\u00e9sent\u00e9 \u00e0 l\u2019h\u00f4tel o\u00f9 ils restaient.<\/p><p>\u00ab C\u2019est votre maison, je vais vous aider, faire tout ce que je peux \u00bb a dit Khalid \u00e0 Fazul. Sa gentillesse et sa r\u00e9assurance ont \u00e9t\u00e9 r\u00e9confortantes. \u00ab Il m\u2019a guid\u00e9 \u00e0 chaque \u00e9tape \u00bb fait remarquer Fazul. \u00ab Notre installation n\u2019aurait pas \u00e9t\u00e9 la m\u00eame sans lui \u00bb.<\/p><p>M. Naseemi a travaill\u00e9 \u00e0 l\u2019ambassade d\u2019Afghanistan \u00e0 Ottawa et s\u2019appr\u00eatait \u00e0 rejoindre <br \/>Ottawa Community Immigrant Services Organization (OCISO) en tant que conseiller d\u2019\u00e9tablissement et d\u2019int\u00e9gration.<\/p><p>\u00ab L\u2019aspect le plus important de l\u2019\u00e9tablissement, en dehors des d\u00e9tails techniques, c\u2019est la compassion et la passion d\u2019aider les autres \u00bb explique Khalid. \u00ab Je me souviens de ma propre exp\u00e9rience et des premiers jours o\u00f9 je suis arriv\u00e9 au Canada en 2013. Tout \u00e9tait diff\u00e9rent. Cela prend quelques mois \u00e0 un nouvel arrivant pour comprendre comment les choses fonctionnent ici \u00bb.<\/p><p>Comme tout le monde le sait, un tour au Costco en bus peut \u00eatre \u00e9prouvant, alors Khalid a conduit la famille dans sa propre voiture et l\u2019a aid\u00e9e \u00e0 acheter une carte de membre. <br \/>\u00ab Quand vous d\u00e9m\u00e9nagez dans une nouvelle communaut\u00e9, venant d\u2019un endroit tr\u00e8s diff\u00e9rent, ce sentiment d\u2019\u00eatre accueilli, d\u2019\u00eatre chez soi, est tr\u00e8s important \u00bb raconte Fazul. \u00ab Khalid a sacrifi\u00e9 son temps avec sa famille pour aider les autres. Cela prend beaucoup de passion et d\u2019engagement. Il avait un travail \u00e0 temps plein mais il en faisait quand m\u00eame plus. Je l\u2019ai vu patiemment aider des personnes \u00e0 remplir des formulaires. Ce que j\u2019ai remarqu\u00e9 chez Khalid c\u2019est son sens de l\u2019altruisme, il ne s\u2019attend pas \u00e0 ce que l\u2019on lui rende la pareille \u00bb.<br \/>\u00ab Fazul est un homme brillant \u00bb ajoute Khalid. \u00ab Un autre aspect de l\u2019\u00e9tablissement c\u2019est l\u2019autonomisation. Je fais juste partager des ressources. Il a une grande exp\u00e9rience, je le guide juste un peu, lui donne quelques trucs mais il travaille tellement fort. Fazul s\u2019est install\u00e9 tr\u00e8s rapidement et je suis tr\u00e8s optimiste quand au fait qu\u2019il trouve un emploi tr\u00e8s prochainement \u00bb.<\/p><p>\u00ab Ce qui me touche chez Khalid, c\u2019est qu\u2019il ne faisait pas \u00e7a dans le cadre de son travail \u00bb ajoute Fazul. \u00ab Il a \u00e9t\u00e9 pr\u00e9sent tout au long du chemin, nous a invit\u00e9s chez lui, nous a aid\u00e9s avec les \u00e9valuations pour l\u2019\u00e9cole, au centre de r\u00e9ception des familles, \u00e0 obtenir mon permis de conduite et il m\u2019a pr\u00eat\u00e9 sa voiture pour mon examen de conduite. Le plus dur a \u00e9t\u00e9 de trouver une maison, avec la c\u00f4te de cr\u00e9dit, les preuves de revenu et d\u2019emploi \u00e0 pr\u00e9senter. J\u2019ai eu six refus. Khalid m\u2019a aid\u00e9 \u00e0 surmonter cet obstacle \u00bb.<\/p><p>Maintenant la famille m\u00e8ne une vie bien occup\u00e9e \u00e0 Ottawa et tous les enfants vont \u00e0 l\u2019\u00e9cole. \u00ab Tout au long du chemin, il a \u00e9t\u00e9 l\u00e0 pour moi \u00bb explique Fazul. \u00ab Je ne peux pas m\u2019imaginer Ottawa sans Khalid. C\u2019est une personne si humble qui m\u2019a inspir\u00e9 \u00e0 aider d\u2019autres familles afghanes \u00bb. Un v\u00e9ritable ami en effet.<\/p><p>\u00a0<\/p><p>\u00a0<\/p>\t\t\t\t\t\t\t\t<\/div>\n\t\t\t\t<\/div>\n\t\t\t\t\t<\/div>\n\t\t<\/div>\n\t\t\t\t\t<\/div>\n\t\t<\/section>\n\t\t\t\t<section class=\"elementor-section elementor-top-section elementor-element elementor-element-4cdf7fd7 elementor-section-boxed elementor-section-height-default elementor-section-height-default\" data-id=\"4cdf7fd7\" data-element_type=\"section\" data-settings=\"{&quot;background_background&quot;:&quot;classic&quot;}\">\n\t\t\t\t\t\t<div class=\"elementor-container elementor-column-gap-default\">\n\t\t\t\t\t<div class=\"elementor-column elementor-col-100 elementor-top-column elementor-element elementor-element-48317f44\" data-id=\"48317f44\" data-element_type=\"column\">\n\t\t\t<div class=\"elementor-widget-wrap elementor-element-populated\">\n\t\t\t\t\t\t<div class=\"elementor-element elementor-element-27f3cbdd elementor-widget elementor-widget-spacer\" data-id=\"27f3cbdd\" data-element_type=\"widget\" data-widget_type=\"spacer.default\">\n\t\t\t\t<div class=\"elementor-widget-container\">\n\t\t\t\t\t\t\t<div class=\"elementor-spacer\">\n\t\t\t<div class=\"elementor-spacer-inner\"><\/div>\n\t\t<\/div>\n\t\t\t\t\t\t<\/div>\n\t\t\t\t<\/div>\n\t\t\t\t<section class=\"elementor-section elementor-inner-section elementor-element elementor-element-4f890a60 elementor-section-boxed elementor-section-height-default elementor-section-height-default\" data-id=\"4f890a60\" data-element_type=\"section\">\n\t\t\t\t\t\t<div class=\"elementor-container elementor-column-gap-default\">\n\t\t\t\t\t<div class=\"elementor-column elementor-col-25 elementor-inner-column elementor-element elementor-element-40650760\" data-id=\"40650760\" data-element_type=\"column\" data-settings=\"{&quot;background_background&quot;:&quot;classic&quot;}\">\n\t\t\t<div class=\"elementor-widget-wrap elementor-element-populated\">\n\t\t\t\t\t\t<div class=\"elementor-element elementor-element-1bf037f8 elementor-widget__width-inherit elementor-widget elementor-widget-image\" data-id=\"1bf037f8\" data-element_type=\"widget\" data-widget_type=\"image.default\">\n\t\t\t\t<div class=\"elementor-widget-container\">\n\t\t\t\t\t\t\t\t\t\t\t\t\t\t\t<img decoding=\"async\" width=\"427\" height=\"101\" src=\"https:\/\/welcomingottawaweek.ca\/wp-content\/uploads\/2019\/05\/OLIP-logo-horiz.png\" class=\"attachment-large size-large wp-image-1161\" alt=\"\" srcset=\"https:\/\/welcomingottawaweek.ca\/wp-content\/uploads\/2019\/05\/OLIP-logo-horiz-200x47.png 200w, https:\/\/welcomingottawaweek.ca\/wp-content\/uploads\/2019\/05\/OLIP-logo-horiz-300x71.png 300w, https:\/\/welcomingottawaweek.ca\/wp-content\/uploads\/2019\/05\/OLIP-logo-horiz-400x95.png 400w, https:\/\/welcomingottawaweek.ca\/wp-content\/uploads\/2019\/05\/OLIP-logo-horiz.png 427w\" sizes=\"(max-width: 427px) 100vw, 427px\" \/>\t\t\t\t\t\t\t\t\t\t\t\t\t\t\t<\/div>\n\t\t\t\t<\/div>\n\t\t\t\t\t<\/div>\n\t\t<\/div>\n\t\t\t\t<div class=\"elementor-column elementor-col-25 elementor-inner-column elementor-element elementor-element-2295e2be\" data-id=\"2295e2be\" data-element_type=\"column\">\n\t\t\t<div class=\"elementor-widget-wrap elementor-element-populated\">\n\t\t\t\t\t\t<div class=\"elementor-element elementor-element-1af29dd1 elementor-widget__width-inherit elementor-widget elementor-widget-image\" data-id=\"1af29dd1\" data-element_type=\"widget\" data-widget_type=\"image.default\">\n\t\t\t\t<div class=\"elementor-widget-container\">\n\t\t\t\t\t\t\t\t\t\t\t\t\t\t\t<img decoding=\"async\" width=\"327\" height=\"86\" src=\"https:\/\/welcomingottawaweek.ca\/wp-content\/uploads\/2019\/05\/CBC-ottawa-logo.png\" class=\"attachment-large size-large wp-image-999\" alt=\"\" srcset=\"https:\/\/welcomingottawaweek.ca\/wp-content\/uploads\/2019\/05\/CBC-ottawa-logo-200x53.png 200w, https:\/\/welcomingottawaweek.ca\/wp-content\/uploads\/2019\/05\/CBC-ottawa-logo-300x79.png 300w, https:\/\/welcomingottawaweek.ca\/wp-content\/uploads\/2019\/05\/CBC-ottawa-logo.png 327w\" sizes=\"(max-width: 327px) 100vw, 327px\" \/>\t\t\t\t\t\t\t\t\t\t\t\t\t\t\t<\/div>\n\t\t\t\t<\/div>\n\t\t\t\t\t<\/div>\n\t\t<\/div>\n\t\t\t\t<div class=\"elementor-column elementor-col-25 elementor-inner-column elementor-element elementor-element-54a7fe86\" data-id=\"54a7fe86\" data-element_type=\"column\">\n\t\t\t<div class=\"elementor-widget-wrap elementor-element-populated\">\n\t\t\t\t\t\t<div class=\"elementor-element elementor-element-6e38d8ca elementor-widget__width-inherit elementor-widget elementor-widget-image\" data-id=\"6e38d8ca\" data-element_type=\"widget\" data-widget_type=\"image.default\">\n\t\t\t\t<div class=\"elementor-widget-container\">\n\t\t\t\t\t\t\t\t\t\t\t\t\t\t\t<img loading=\"lazy\" decoding=\"async\" width=\"349\" height=\"134\" src=\"https:\/\/welcomingottawaweek.ca\/wp-content\/uploads\/2019\/05\/apt613-logo-pink.png\" class=\"attachment-large size-large wp-image-997\" alt=\"\" srcset=\"https:\/\/welcomingottawaweek.ca\/wp-content\/uploads\/2019\/05\/apt613-logo-pink-200x77.png 200w, https:\/\/welcomingottawaweek.ca\/wp-content\/uploads\/2019\/05\/apt613-logo-pink-300x115.png 300w, https:\/\/welcomingottawaweek.ca\/wp-content\/uploads\/2019\/05\/apt613-logo-pink.png 349w\" sizes=\"(max-width: 349px) 100vw, 349px\" \/>\t\t\t\t\t\t\t\t\t\t\t\t\t\t\t<\/div>\n\t\t\t\t<\/div>\n\t\t\t\t\t<\/div>\n\t\t<\/div>\n\t\t\t\t<div class=\"elementor-column elementor-col-25 elementor-inner-column elementor-element elementor-element-6f3cd105\" data-id=\"6f3cd105\" data-element_type=\"column\">\n\t\t\t<div class=\"elementor-widget-wrap elementor-element-populated\">\n\t\t\t\t\t\t<div class=\"elementor-element elementor-element-7530b439 elementor-widget__width-inherit elementor-widget elementor-widget-image\" data-id=\"7530b439\" data-element_type=\"widget\" data-widget_type=\"image.default\">\n\t\t\t\t<div class=\"elementor-widget-container\">\n\t\t\t\t\t\t\t\t\t\t\t\t\t\t\t<img loading=\"lazy\" decoding=\"async\" width=\"538\" height=\"69\" src=\"https:\/\/welcomingottawaweek.ca\/wp-content\/uploads\/2019\/02\/IRCC-logo_FR.jpg\" class=\"attachment-large size-large wp-image-311\" alt=\"\" srcset=\"https:\/\/welcomingottawaweek.ca\/wp-content\/uploads\/2019\/02\/IRCC-logo_FR-300x38.jpg 300w, https:\/\/welcomingottawaweek.ca\/wp-content\/uploads\/2019\/02\/IRCC-logo_FR.jpg 538w\" sizes=\"(max-width: 538px) 100vw, 538px\" \/>\t\t\t\t\t\t\t\t\t\t\t\t\t\t\t<\/div>\n\t\t\t\t<\/div>\n\t\t\t\t\t<\/div>\n\t\t<\/div>\n\t\t\t\t\t<\/div>\n\t\t<\/section>\n\t\t\t\t<div class=\"elementor-element elementor-element-12825f07 elementor-widget elementor-widget-spacer\" data-id=\"12825f07\" data-element_type=\"widget\" data-widget_type=\"spacer.default\">\n\t\t\t\t<div class=\"elementor-widget-container\">\n\t\t\t\t\t\t\t<div class=\"elementor-spacer\">\n\t\t\t<div class=\"elementor-spacer-inner\"><\/div>\n\t\t<\/div>\n\t\t\t\t\t\t<\/div>\n\t\t\t\t<\/div>\n\t\t\t\t\t<\/div>\n\t\t<\/div>\n\t\t\t\t\t<\/div>\n\t\t<\/section>\n\t\t\t\t<\/div>\n\t\t","protected":false},"excerpt":{"rendered":"<p>Mohd Khalid Naseemi Trouver un v\u00e9ritable ami En Afghanistan, il existe un proverbe qui dit \u00ab un v\u00e9ritable ami est celui qui tient la main de son ami dans les temps difficiles et d\u00e9sesp\u00e9r\u00e9s  [&#8230;]<\/p>\n","protected":false},"author":10,"featured_media":0,"parent":5040,"menu_order":0,"comment_status":"closed","ping_status":"closed","template":"","meta":{"footnotes":""},"class_list":["post-5047","page","type-page","status-publish","hentry"],"_links":{"self":[{"href":"https:\/\/welcomingottawaweek.ca\/fr\/wp-json\/wp\/v2\/pages\/5047","targetHints":{"allow":["GET"]}}],"collection":[{"href":"https:\/\/welcomingottawaweek.ca\/fr\/wp-json\/wp\/v2\/pages"}],"about":[{"href":"https:\/\/welcomingottawaweek.ca\/fr\/wp-json\/wp\/v2\/types\/page"}],"author":[{"embeddable":true,"href":"https:\/\/welcomingottawaweek.ca\/fr\/wp-json\/wp\/v2\/users\/10"}],"replies":[{"embeddable":true,"href":"https:\/\/welcomingottawaweek.ca\/fr\/wp-json\/wp\/v2\/comments?post=5047"}],"version-history":[{"count":0,"href":"https:\/\/welcomingottawaweek.ca\/fr\/wp-json\/wp\/v2\/pages\/5047\/revisions"}],"up":[{"embeddable":true,"href":"https:\/\/welcomingottawaweek.ca\/fr\/wp-json\/wp\/v2\/pages\/5040"}],"wp:attachment":[{"href":"https:\/\/welcomingottawaweek.ca\/fr\/wp-json\/wp\/v2\/media?parent=5047"}],"curies":[{"name":"wp","href":"https:\/\/api.w.org\/{rel}","templated":true}]}}