{"id":5064,"date":"2022-06-20T10:25:01","date_gmt":"2022-06-20T14:25:01","guid":{"rendered":"https:\/\/welcomingottawaweek.ca\/?page_id=5064"},"modified":"2022-06-20T13:02:18","modified_gmt":"2022-06-20T17:02:18","slug":"tisser-des-liens-dans-la-communaute","status":"publish","type":"page","link":"https:\/\/welcomingottawaweek.ca\/fr\/sao-ambassadeurs\/ambassadeurs-de-la-semaine-daccueil-a-ottawa-2022\/tisser-des-liens-dans-la-communaute\/","title":{"rendered":"Tisser des liens dans la communaut\u00e9"},"content":{"rendered":"\t\t<div data-elementor-type=\"wp-page\" data-elementor-id=\"5064\" class=\"elementor elementor-5064 elementor-5009\" data-elementor-post-type=\"page\">\n\t\t\t\t\t\t<section class=\"elementor-section elementor-top-section elementor-element elementor-element-2e77dc76 elementor-section-boxed elementor-section-height-default elementor-section-height-default\" data-id=\"2e77dc76\" data-element_type=\"section\" data-e-type=\"section\">\n\t\t\t\t\t\t<div class=\"elementor-container elementor-column-gap-default\">\n\t\t\t\t\t<div class=\"elementor-column elementor-col-100 elementor-top-column elementor-element elementor-element-140f47\" data-id=\"140f47\" data-element_type=\"column\" data-e-type=\"column\">\n\t\t\t<div class=\"elementor-widget-wrap elementor-element-populated\">\n\t\t\t\t\t\t<div class=\"elementor-element elementor-element-7d363c3c elementor-widget elementor-widget-text-editor\" data-id=\"7d363c3c\" data-element_type=\"widget\" data-e-type=\"widget\" data-widget_type=\"text-editor.default\">\n\t\t\t\t<div class=\"elementor-widget-container\">\n\t\t\t\t\t\t\t\t\t<h2>Ranjith Kottuppallil Mathew<\/h2>\n<h3>Tisser des liens dans la communaut\u00e9<\/h3>\n<p><img fetchpriority=\"high\" decoding=\"async\" class=\"alignleft wp-image-5088 size-medium\" src=\"https:\/\/welcomingottawaweek.ca\/wp-content\/uploads\/2022\/06\/Ranjith-and-Joseph-300x198.jpg\" alt=\"\" width=\"300\" height=\"198\" srcset=\"https:\/\/welcomingottawaweek.ca\/wp-content\/uploads\/2022\/06\/Ranjith-and-Joseph-200x132.jpg 200w, https:\/\/welcomingottawaweek.ca\/wp-content\/uploads\/2022\/06\/Ranjith-and-Joseph-300x198.jpg 300w, https:\/\/welcomingottawaweek.ca\/wp-content\/uploads\/2022\/06\/Ranjith-and-Joseph-400x264.jpg 400w, https:\/\/welcomingottawaweek.ca\/wp-content\/uploads\/2022\/06\/Ranjith-and-Joseph-600x396.jpg 600w, https:\/\/welcomingottawaweek.ca\/wp-content\/uploads\/2022\/06\/Ranjith-and-Joseph-768x507.jpg 768w, https:\/\/welcomingottawaweek.ca\/wp-content\/uploads\/2022\/06\/Ranjith-and-Joseph-800x529.jpg 800w, https:\/\/welcomingottawaweek.ca\/wp-content\/uploads\/2022\/06\/Ranjith-and-Joseph-1024x677.jpg 1024w, https:\/\/welcomingottawaweek.ca\/wp-content\/uploads\/2022\/06\/Ranjith-and-Joseph-1200x793.jpg 1200w, https:\/\/welcomingottawaweek.ca\/wp-content\/uploads\/2022\/06\/Ranjith-and-Joseph-1536x1015.jpg 1536w\" sizes=\"(max-width: 300px) 100vw, 300px\" \/><\/p>\n<p>En 2021, le Canada a accueilli 450 000 nouveaux \u00e9tudiants \u00e9trangers, un record sans pr\u00e9c\u00e9dent. Nombre de ces \u00e9tudiants \u00e9trangers deviennent des r\u00e9sidents permanents et remplissent un vide sur le march\u00e9 du travail canadien. Ce qu\u2019ils manquent parfois c\u2019est le r\u00e9seau n\u00e9cessaire pour tisser des liens dans la communaut\u00e9.<\/p>\n<p>Joseph Pulimoottil est arriv\u00e9 au Canada de l\u2019Inde en 2017. Il \u00e9tait \u00e9tudiant \u00e9tranger au Coll\u00e8ge Algonquin et \u00e9tudiait la gestion des m\u00e9dias interactifs. \u00c0 la recherche d\u2019un emploi \u00e0 temps partiel pendant ses \u00e9tudes, il a rencontr\u00e9 Ranjith Kottuppallil Mathew lors d\u2019une foire d\u2019emploi \u00e0 Kanata.<\/p>\n<p>Quelques mois plus tard, Ranjith a pr\u00e9sent\u00e9 Joseph \u00e0 la Jeune Chambre internationale (JCI). Ranjith avait parl\u00e9 d\u2019un \u00e9v\u00e9nement de la JCI qui s\u2019en venait \u00e0 Ottawa \u00e0 Joseph. \u00ab Il m\u2019a donn\u00e9 l\u2019occasion de faire du b\u00e9n\u00e9volat avec la JCI en 2018 pour faire du design graphique pour l\u2019organisation \u00bb explique Joseph. \u00ab C\u2019est le premier travail que j\u2019ai eu au Canada \u00bb.<\/p>\n<p>Ranjith a ouvert les portes du b\u00e9n\u00e9volat \u00e0 Joseph. \u00ab Ce b\u00e9n\u00e9volat m\u2019a amen\u00e9 vers d\u2019autres opportunit\u00e9s de travail et m\u2019a donn\u00e9 d\u2019autres contacts \u00bb ajoute Joseph. \u00ab En 2021 nous nous sommes vus de nouveau apr\u00e8s la pand\u00e9mie et Ranjith m\u2019a aid\u00e9 \u00e0 obtenir une entrevue avec une compagnie et m\u2019a fait une recommandation \u00bb.<\/p>\n<p>\u00ab Le plus difficile c\u2019est de tisser des liens dans la communaut\u00e9 et s\u2019il y a une personne dans la communaut\u00e9 pour aider, cela permet de faciliter les choses \u00bb explique Joseph. \u00ab Ranjith a \u00e9t\u00e9 comme un pont, il m\u2019a aid\u00e9 \u00e0 formuler mes objectifs et \u00e0 les aligner avec la communaut\u00e9 d\u2019Ottawa. Au fil des ann\u00e9es il a continu\u00e9 \u00e0 me guider, m\u2019a donn\u00e9 de l\u2019appui pour trouver des emplois et m\u2019a pr\u00e9sent\u00e9 \u00e0 d\u2019autres personnes qui m\u2019ont aid\u00e9 dans ma croissance personnelle et professionnelle \u00bb.<\/p>\n<p>Ranjith est reconnaissant envers Joseph pour ses bons mots. \u00ab Mon aventure a commenc\u00e9 en 2015 quand j\u2019ai \u00e9migr\u00e9 de l\u2019Inde au Canada \u00bb se souvient Ranjith. \u00ab D\u00e9m\u00e9nager et immigrer c\u2019est difficile, que ce soit localement ou \u00e0 l\u2019international. Et il y a de nombreux obstacles pour un nouvel arrivant, j\u2019\u00e9tais avocat avec 15 ans d\u2019exp\u00e9rience professionnelle en d\u00e9veloppement d\u2019entreprise, marketing et recrutement. Quand vous arrivez dans une nouvelle ville, vous ne savez pas par o\u00f9 commencer et comment tisser des liens \u00bb.<\/p>\n<p>Ranjith aussi a pu tisser des liens gr\u00e2ce \u00e0 plusieurs opportunit\u00e9s de b\u00e9n\u00e9volat ce qu\u2019il l\u2019a aid\u00e9 \u00e0 s\u2019adapter rapidement \u00e0 la culture canadienne. Il a commenc\u00e9 avec la JCI comme coordinateur des m\u00e9dias sociaux, ce qui l\u2019a men\u00e9 \u00e0 en devenir pr\u00e9sident en 2017. Cette opportunit\u00e9 de b\u00e9n\u00e9volat l\u2019a men\u00e9 \u00e0 un emploi \u00e0 temps plein avec le Coll\u00e8ge Willis comme gestionnaire des coops \u00e9tudiants et de l\u2019emploi. Depuis, il a tiss\u00e9 des liens pour aider plus de 1 000 personnes \u00e0 trouver un emploi et plus de la moiti\u00e9 \u00e9tait des nouveaux arrivants.<\/p>\n<p>\u00ab Comme mission dans la vie, Je tente de rencontrer une nouvelle personne chaque jour \u00bb fait remarquer Ranjith. \u00ab Aider les autres c\u2019est redonner \u00e0 la communaut\u00e9. Surtout quand il s\u2019agit d\u2019emploi, connecter avec les autres est une b\u00e9n\u00e9diction pour les nouveaux arrivants. Comme pont, je fais de mon mieux pour rencontrer les nouveaux arrivants et \u00e9couter leurs histoires afin que quand les occasions se pr\u00e9sentent, je puisse les recommander \u00bb.<\/p>\n<p>Ranjith a aussi b\u00e9n\u00e9fici\u00e9 de l\u2019expertise de mentors en b\u00e9n\u00e9volat dans de nombreuses organisations sans but lucratif. Tous les mentors m\u2019ont enseign\u00e9 la culture et l\u2019\u00e9thique de travail au Canada. Ce n\u2019est pas facile pour les immigrants, la lutte est toujours la m\u00eame, sauf si vous avez un mentor pour vous \u00e9pauler. Aujourd\u2019hui Ranjith est b\u00e9n\u00e9vole \u00e0 World Skills, OCISO et Pinecrest Queensway Community Centre et rencontre souvent des nouveaux arrivants \u00e0 la recherche d\u2019un emploi pour les appuyer comme mentor.<\/p>\n<p>\u00ab Cela me donne de la joie de voir que j\u2019ai jou\u00e9 un r\u00f4le aupr\u00e8s de nombreuses personnes pour qu\u2019elles puissent trouver un emploi au Canada. Mon ancien employeur, Mme Rima Aristocrat, la propri\u00e9taire de Willis College, m\u2019a appris comment aider les autres \u00e0 se construire un avenir \u00bb.<\/p>\n<p>Au d\u00e9but de l\u2019ann\u00e9e, il a d\u00e9marr\u00e9 #CoffeewithRanjith, un \u00e9v\u00e9nement virtuel de r\u00e9seautage pour les personnes en recherche d\u2019emploi qui les met en contact avec des recruteurs apr\u00e8s les heures de travail. Le premier \u00e9v\u00e9nement a vu la participation de 120 personnes et plus de 300 personnes ont profit\u00e9 de cette opportunit\u00e9 lors des trois derniers \u00e9v\u00e9nements. En raison de la pand\u00e9mie, de nombreux nouveaux arrivants n\u2019ont pas pu r\u00e9seauter, et #CoffeewithRanjith leur a permis de rencontrer des recruteurs et de se faire des contacts.<\/p>\n<p>\u00ab La plupart des \u00e9tudiants internationaux sont toujours occup\u00e9s avec leurs travaux et leurs emplois \u00e0 temps partiel alors ils peuvent repousser le moment de faire des recherches sur leurs futurs employeurs ou de cr\u00e9er des contacts apr\u00e8s leur diplomation \u00bb explique Ranjith. \u00ab Faire du b\u00e9n\u00e9volat est la meilleure fa\u00e7on de b\u00e2tir un r\u00e9seau d\u2019employeurs qui peut \u00eatre b\u00e9n\u00e9fique une fois le dipl\u00f4me obtenu. C\u2019est une b\u00e9n\u00e9diction pour quelqu\u2019un comme Joseph, un designer graphique \u00e0 son compte qui m\u2019aide lors d\u2019\u00e9v\u00e9nements \u00bb.<\/p>\n<p>\u00ab Je pense vraiment que des personnes comme Ranjith, qui dans leur vie ont des histoires de succ\u00e8s, sont des inspirations pour tout nouvel arrivant au Canada, ce sont des mod\u00e8les \u00bb conclut Joseph.<\/p>\n<p>Il a \u00e9limin\u00e9 une des barri\u00e8res sur le chemin de Joseph quand il \u00e9tait \u00e9tudiant \u00e9tranger en l\u2019aidant \u00e0 tisser des liens importants.<\/p>\t\t\t\t\t\t\t\t<\/div>\n\t\t\t\t<\/div>\n\t\t\t\t\t<\/div>\n\t\t<\/div>\n\t\t\t\t\t<\/div>\n\t\t<\/section>\n\t\t\t\t<\/div>\n\t\t","protected":false},"excerpt":{"rendered":"<p>Ranjith Kottuppallil Mathew Tisser des liens dans la communaut\u00e9 En 2021, le Canada a accueilli 450 000 nouveaux \u00e9tudiants \u00e9trangers, un record sans pr\u00e9c\u00e9dent. Nombre de ces \u00e9tudiants \u00e9trangers deviennent des r\u00e9sidents permanents et  [&#8230;]<\/p>\n","protected":false},"author":10,"featured_media":0,"parent":5040,"menu_order":0,"comment_status":"closed","ping_status":"closed","template":"","meta":{"footnotes":""},"class_list":["post-5064","page","type-page","status-publish","hentry"],"_links":{"self":[{"href":"https:\/\/welcomingottawaweek.ca\/fr\/wp-json\/wp\/v2\/pages\/5064","targetHints":{"allow":["GET"]}}],"collection":[{"href":"https:\/\/welcomingottawaweek.ca\/fr\/wp-json\/wp\/v2\/pages"}],"about":[{"href":"https:\/\/welcomingottawaweek.ca\/fr\/wp-json\/wp\/v2\/types\/page"}],"author":[{"embeddable":true,"href":"https:\/\/welcomingottawaweek.ca\/fr\/wp-json\/wp\/v2\/users\/10"}],"replies":[{"embeddable":true,"href":"https:\/\/welcomingottawaweek.ca\/fr\/wp-json\/wp\/v2\/comments?post=5064"}],"version-history":[{"count":0,"href":"https:\/\/welcomingottawaweek.ca\/fr\/wp-json\/wp\/v2\/pages\/5064\/revisions"}],"up":[{"embeddable":true,"href":"https:\/\/welcomingottawaweek.ca\/fr\/wp-json\/wp\/v2\/pages\/5040"}],"wp:attachment":[{"href":"https:\/\/welcomingottawaweek.ca\/fr\/wp-json\/wp\/v2\/media?parent=5064"}],"curies":[{"name":"wp","href":"https:\/\/api.w.org\/{rel}","templated":true}]}}