{"id":5069,"date":"2022-06-20T10:25:48","date_gmt":"2022-06-20T14:25:48","guid":{"rendered":"https:\/\/welcomingottawaweek.ca\/?page_id=5069"},"modified":"2022-06-20T10:27:47","modified_gmt":"2022-06-20T14:27:47","slug":"une-seule-grande-famille-humaine","status":"publish","type":"page","link":"https:\/\/welcomingottawaweek.ca\/fr\/sao-ambassadeurs\/ambassadeurs-de-la-semaine-daccueil-a-ottawa-2022\/une-seule-grande-famille-humaine\/","title":{"rendered":"Une seule grande famille humaine"},"content":{"rendered":"\t\t<div data-elementor-type=\"wp-page\" data-elementor-id=\"5069\" class=\"elementor elementor-5069 elementor-5021\" data-elementor-post-type=\"page\">\n\t\t\t\t\t\t<section class=\"elementor-section elementor-top-section elementor-element elementor-element-15990d6 elementor-section-boxed elementor-section-height-default elementor-section-height-default\" data-id=\"15990d6\" data-element_type=\"section\" data-e-type=\"section\">\n\t\t\t\t\t\t<div class=\"elementor-container elementor-column-gap-default\">\n\t\t\t\t\t<div class=\"elementor-column elementor-col-100 elementor-top-column elementor-element elementor-element-22b55385\" data-id=\"22b55385\" data-element_type=\"column\" data-e-type=\"column\">\n\t\t\t<div class=\"elementor-widget-wrap elementor-element-populated\">\n\t\t\t\t\t\t<div class=\"elementor-element elementor-element-6d819d7a elementor-widget elementor-widget-text-editor\" data-id=\"6d819d7a\" data-element_type=\"widget\" data-e-type=\"widget\" data-widget_type=\"text-editor.default\">\n\t\t\t\t<div class=\"elementor-widget-container\">\n\t\t\t\t\t\t\t\t\t<h2>Shiva Yan<\/h2><h3>Une seule grande famille humaine<\/h3><p><img fetchpriority=\"high\" decoding=\"async\" class=\"alignleft wp-image-4900 size-medium\" src=\"https:\/\/welcomingottawaweek.ca\/wp-content\/uploads\/2022\/06\/Haidy-and-Shiva-300x188.jpg\" alt=\"\" width=\"300\" height=\"188\" srcset=\"https:\/\/welcomingottawaweek.ca\/wp-content\/uploads\/2022\/06\/Haidy-and-Shiva-200x126.jpg 200w, https:\/\/welcomingottawaweek.ca\/wp-content\/uploads\/2022\/06\/Haidy-and-Shiva-300x188.jpg 300w, https:\/\/welcomingottawaweek.ca\/wp-content\/uploads\/2022\/06\/Haidy-and-Shiva-320x202.jpg 320w, https:\/\/welcomingottawaweek.ca\/wp-content\/uploads\/2022\/06\/Haidy-and-Shiva-400x251.jpg 400w, https:\/\/welcomingottawaweek.ca\/wp-content\/uploads\/2022\/06\/Haidy-and-Shiva-600x377.jpg 600w, https:\/\/welcomingottawaweek.ca\/wp-content\/uploads\/2022\/06\/Haidy-and-Shiva-700x441.jpg 700w, https:\/\/welcomingottawaweek.ca\/wp-content\/uploads\/2022\/06\/Haidy-and-Shiva-768x482.jpg 768w, https:\/\/welcomingottawaweek.ca\/wp-content\/uploads\/2022\/06\/Haidy-and-Shiva-800x502.jpg 800w, https:\/\/welcomingottawaweek.ca\/wp-content\/uploads\/2022\/06\/Haidy-and-Shiva.jpg 862w\" sizes=\"(max-width: 300px) 100vw, 300px\" \/><\/p><p>La conviction que nous appartenons tous \u00e0 une seule grande famille humaine est au centre de la foi bah\u00e1\u2019\u00ede. Quand Haidy Mostafa et sa famille se sont retrouv\u00e9es dans une situation difficile, Shiva Yan a personnifi\u00e9 cette conviction.<\/p><p>Les deux femmes se sont rencontr\u00e9es alors qu\u2019elles travaillaient sur un projet en Chine en 2009. Elles sont toutes les deux bah\u00e1\u2019\u00edes. Elles sont rest\u00e9es en contact depuis leur premi\u00e8re rencontre.<\/p><p>Haidy travaillait pour China Central TV alors que son mari irakien terminait sa maitrise. La vie est devenue compliqu\u00e9e quand, tout d\u2019un coup, son mari n\u2019a pas pu renouveler son visa chinois et a d\u00fb partir de Turquie, un des rares pays qui \u00e9mettait des visas pour les Irakiens \u00e0 cette \u00e9poque. Haidy et son jeune fils ont \u00e9t\u00e9 s\u00e9par\u00e9s du p\u00e8re et mari pendant deux ans car il ne pouvait pas revenir en Chine o\u00f9 ils avaient v\u00e9cu depuis leur mariage. Ses d\u00e9marches aupr\u00e8s de l\u2019ONU n\u2019avan\u00e7aient pas vite et ce n\u2019\u00e9tait pas s\u00e9curitaire de revenir en Irak \u00e0 l\u2019\u00e9poque en partie occup\u00e9 par Daesch.<\/p><p>\u00ab \u00c0 un moment donn\u00e9 j\u2019ai pens\u00e9 d\u00e9m\u00e9nager en Turquie \u00bb dit Haidy. \u00ab Mais mon visa pour la Turquie a \u00e9t\u00e9 rejet\u00e9e alors que mon visa de travail pour la Chine a \u00e9t\u00e9 renouvel\u00e9 sans probl\u00e8me \u00bb. Il y avait aussi des inqui\u00e9tudes quant \u00e0 l\u2019\u00e9ducation de leur fils. Il r\u00e9ussissait tr\u00e8s bien dans le syst\u00e8me scolaire chinois puisqu\u2019il a grandi dans le pays et maitrisait le mandarin. Apprendre le turc avant de commencer l\u2019\u00e9cole aurait \u00e9t\u00e9 perturbant.<\/p><p>Le processus aurait aussi \u00e9t\u00e9 long, compliqu\u00e9 et p\u00e9nible. C\u2019est l\u00e0 qu\u2019est intervenue Shiva.<\/p><p>Haidi a d\u00e9couvert le processus de parrainage du groupe de cinq gr\u00e2ce \u00e0 un ancien coll\u00e8gue rencontr\u00e9 quand ils travaillaient comme traducteurs pour l\u2019ONU. \u00ab Nous \u00e9tions inquiets et le temps press\u00e9. J\u2019ai contact\u00e9 Shiva pour savoir si elle pourrait nous parrainer et elle nous a rappel\u00e9s quelques jours plus tard \u00bb se souvient Haidy.<\/p><p>Shiva, une psychoth\u00e9rapeute vivant maintenant \u00e0 Stittsville, en banlieue d\u2019Ottawa, a dit oui. \u00ab J\u2019ai r\u00e9alis\u00e9 que la famille \u00e9tait coinc\u00e9e dans une position vraiment difficile \u00bb explique Shiva. \u00ab Je voulais aider mais je n\u2019\u00e9tais pas s\u00fbr du boulot administratif que cela impliquait. Mon mari qui est tr\u00e8s attentif aux d\u00e9tails s\u2019est occup\u00e9 de toute cette paperasserie complexe \u00bb Ils ont rapidement recrut\u00e9 trois autres personnes dans la communaut\u00e9 locale bah\u00e1\u2019\u00ede, un couple et le fr\u00e8re de Shiva. La demande de parrainage a \u00e9t\u00e9 sign\u00e9e et \u00e9tait pr\u00eate \u00e0 \u00eatre soumise en une semaine.<\/p><p>En expliquant pourquoi elle ne pourrait peut-\u00eatre pas r\u00e9pondre rapidement, Shiva a dit \u00e0 Haidy qu\u2019elle avait \u00e9t\u00e9 diagnostiqu\u00e9e avec un cancer et qu\u2019elle s\u2019appr\u00eatait \u00e0 commencer la chimioth\u00e9rapie. \u00ab \u00c9tant donn\u00e9 sa situation, elle aurait pu facilement dire non \u00bb fait remarquer Haidy. \u00ab Elle a d\u00e9montr\u00e9 sa confiance, sa s\u00e9r\u00e9nit\u00e9 et sa g\u00e9n\u00e9rosit\u00e9 au-del\u00e0 de toute imagination \u00bb.<\/p><p>Le chemin vers la r\u00e9unification a \u00e9t\u00e9 long pour cette famille. Cela a pris environ 18 mois pour que la demande du groupe de cinq soit trait\u00e9e et pour que le mari arrive au Canada, seul, ensuite le dossier d\u2019Haidy a \u00e9t\u00e9 trait\u00e9 dans le cadre d\u2019une demande de r\u00e9unification familiale. Un an apr\u00e8s l\u2019arriv\u00e9e du mari, sa femme, Haidy, et leur fils de 15 ans, Anis, sont arriv\u00e9s \u00e0 Ottawa.<br \/>Des ann\u00e9es auparavant Shiva a aussi connu ce chemin de l\u2019immigration. Juste avant la r\u00e9volution, en 1978, sa famille et elle sont parties d\u2019Iran o\u00f9 les personnes bah\u00e1\u2019\u00edes faisaient face \u00e0 une pers\u00e9cution importante. Ils sont reconnaissants pour la lueur d\u2019espoir offerte par le Canada et pour l\u2019hospitalit\u00e9 des habitants de Nouvelle-\u00c9cosse o\u00f9 ils sont d\u2019abord arriv\u00e9s.<\/p><p>\u00ab On pouvait se mettre \u00e0 leur place \u00bb ajoute Shiva, \u00ab Bien que ce fut un moment difficile et stressant pour ma famille \u00e0 cause du diagnostic de cancer, r\u00e9alis\u00e9 assez t\u00f4t heureusement, je ne pouvais tout simplement pas dire non. Je savais aussi qu\u2019Haidy \u00e9tait une personne d\u00e9vou\u00e9e. Cette famille, ici, c\u2019est aussi une bonne chose pour le Canada \u00bb.<\/p><p>Shiva a vaincu le cancer et a accueilli chaleureusement la famille quand elle est arriv\u00e9e \u00e0 Ottawa.<\/p><p>\u00ab Son mari et elle nous ont pr\u00e9sent\u00e9s \u00e0 d\u2019autres amis, nous ont aid\u00e9s \u00e0 remplir nos d\u00e9clarations d\u2019imp\u00f4ts pour la premi\u00e8re fois et ont r\u00e9pondu \u00e0 nos nombreuses questions \u00bb dit Haidy. \u00ab Je n\u2019ai jamais v\u00e9cu une attitude condescendante ou ressenti qu\u2019elle attendait quelque chose en retour. Shiva ne pense m\u00eame pas qu\u2019elle nous a fait une faveur. Shiva m\u2019a montr\u00e9 qu\u2019elle avait confiance en mes capacit\u00e9s, du moment o\u00f9 on a travaill\u00e9 ensemble pour mettre en place un projet dans 250 \u00e9coles publiques chinoises, jusqu\u2019\u00e0 maintenant au Canada. Elle m\u2019a toujours trait\u00e9e comme une \u00e9gale \u00bb.<\/p><p>\u00ab Dans notre foi, nous croyons que tout le monde est cr\u00e9\u00e9 noble et que nous sommes une manifestation de toutes les diff\u00e9rentes vertus que nous a donn\u00e9es Dieu \u00bb dit Shiva. \u00ab Nous voyons le bien en chacun et faisons confiance \u00e0 leur noblesse. Depuis mon arriv\u00e9e au Canada, j\u2019ai appris que la confiance est aussi une grande valeur canadienne \u00bb.<\/p><p>\u00ab Je me sens privil\u00e9gi\u00e9e. J\u2019ai eu l\u2019exp\u00e9rience de vivre dans une culture diff\u00e9rente et de conna\u00eetre l\u2019anglais avant mon arriv\u00e9e au Canada. Je vois d\u2019autres nouveaux arrivants pour qui c\u2019est difficile. Nous essayons de redonner aux autres. Notre fils est chanceux de n\u2019avoir jamais manqu\u00e9 un jour d\u2019\u00e9cole, contrairement \u00e0 beaucoup d\u2019enfants r\u00e9fugi\u00e9s. J\u2019ai d\u00fb prendre soin de mon fils et de d\u2019autres affaires compliqu\u00e9es seule pendant cinq ans, mais ces difficult\u00e9s m\u2019ont rendue plus forte spirituellement. Ces choses sont toutes des b\u00e9n\u00e9dictions \u00bb ajoute Haidy.<\/p><p>\u00ab Je vois que son fils est un jeune homme tr\u00e8s bien \u00bb dit Shiva. \u00ab Ils l\u2019ont \u00e9lev\u00e9 comme un citoyen du monde et il pr\u00e9voit de s\u2019inscrire dans un programme d\u2019\u00e9tudes internationales. Il peut s\u2019adapter \u00e0 diff\u00e9rentes cultures rapidement, il parle tr\u00e8s bien anglais, arabe et mandarin. Il travaille dans des quartiers \u00e0 faible revenu \u00e0 aider des gens venus des quatre coins du monde \u00bb.<\/p><p>Shiva est inspir\u00e9e par l\u2019attitude positive d\u2019Haidy. \u00ab Cette famille fait des efforts pour aider les autres \u00bb ajoute Shiva. \u00ab C\u2019est fantastique de les avoir ici. Ils sont arriv\u00e9s en fuyant et ils redonnent \u00e0 la communaut\u00e9 chaque jour \u00bb.<\/p><p>Les deux ont aussi rejoints la grande famille humaine \u2013 en renfor\u00e7ant le Canada au passage.<\/p>\t\t\t\t\t\t\t\t<\/div>\n\t\t\t\t<\/div>\n\t\t\t\t\t<\/div>\n\t\t<\/div>\n\t\t\t\t\t<\/div>\n\t\t<\/section>\n\t\t\t\t<\/div>\n\t\t","protected":false},"excerpt":{"rendered":"<p>Shiva Yan Une seule grande famille humaine La conviction que nous appartenons tous \u00e0 une seule grande famille humaine est au centre de la foi bah\u00e1\u2019\u00ede. Quand Haidy Mostafa et sa famille se sont  [&#8230;]<\/p>\n","protected":false},"author":10,"featured_media":0,"parent":5040,"menu_order":0,"comment_status":"closed","ping_status":"closed","template":"","meta":{"footnotes":""},"class_list":["post-5069","page","type-page","status-publish","hentry"],"_links":{"self":[{"href":"https:\/\/welcomingottawaweek.ca\/fr\/wp-json\/wp\/v2\/pages\/5069","targetHints":{"allow":["GET"]}}],"collection":[{"href":"https:\/\/welcomingottawaweek.ca\/fr\/wp-json\/wp\/v2\/pages"}],"about":[{"href":"https:\/\/welcomingottawaweek.ca\/fr\/wp-json\/wp\/v2\/types\/page"}],"author":[{"embeddable":true,"href":"https:\/\/welcomingottawaweek.ca\/fr\/wp-json\/wp\/v2\/users\/10"}],"replies":[{"embeddable":true,"href":"https:\/\/welcomingottawaweek.ca\/fr\/wp-json\/wp\/v2\/comments?post=5069"}],"version-history":[{"count":0,"href":"https:\/\/welcomingottawaweek.ca\/fr\/wp-json\/wp\/v2\/pages\/5069\/revisions"}],"up":[{"embeddable":true,"href":"https:\/\/welcomingottawaweek.ca\/fr\/wp-json\/wp\/v2\/pages\/5040"}],"wp:attachment":[{"href":"https:\/\/welcomingottawaweek.ca\/fr\/wp-json\/wp\/v2\/media?parent=5069"}],"curies":[{"name":"wp","href":"https:\/\/api.w.org\/{rel}","templated":true}]}}