{"id":5353,"date":"2023-03-23T13:01:32","date_gmt":"2023-03-23T17:01:32","guid":{"rendered":"https:\/\/welcomingottawaweek.ca\/?page_id=5353"},"modified":"2023-04-06T16:17:46","modified_gmt":"2023-04-06T20:17:46","slug":"call-for-events-fr","status":"publish","type":"page","link":"https:\/\/welcomingottawaweek.ca\/fr\/call-for-events-fr\/","title":{"rendered":"SAO 2023 : Appel pour propositions d\u2019activit\u00e9s est ouvert"},"content":{"rendered":"\t\t<div data-elementor-type=\"wp-page\" data-elementor-id=\"5353\" class=\"elementor elementor-5353 elementor-5251\" data-elementor-post-type=\"page\">\n\t\t\t\t\t\t<section class=\"elementor-section elementor-top-section elementor-element elementor-element-4c9ad21 elementor-section-boxed elementor-section-height-default elementor-section-height-default\" data-id=\"4c9ad21\" data-element_type=\"section\">\n\t\t\t\t\t\t<div class=\"elementor-container elementor-column-gap-default\">\n\t\t\t\t\t<div class=\"elementor-column elementor-col-100 elementor-top-column elementor-element elementor-element-71fd1ad\" data-id=\"71fd1ad\" data-element_type=\"column\">\n\t\t\t<div class=\"elementor-widget-wrap elementor-element-populated\">\n\t\t\t\t\t\t<div class=\"elementor-element elementor-element-b440142 elementor--h-position-center elementor--v-position-middle elementor-arrows-position-inside elementor-pagination-position-inside elementor-widget elementor-widget-slides\" data-id=\"b440142\" data-element_type=\"widget\" data-settings=\"{&quot;navigation&quot;:&quot;both&quot;,&quot;autoplay&quot;:&quot;yes&quot;,&quot;pause_on_hover&quot;:&quot;yes&quot;,&quot;pause_on_interaction&quot;:&quot;yes&quot;,&quot;autoplay_speed&quot;:5000,&quot;infinite&quot;:&quot;yes&quot;,&quot;transition&quot;:&quot;slide&quot;,&quot;transition_speed&quot;:500}\" data-widget_type=\"slides.default\">\n\t\t\t\t<div class=\"elementor-widget-container\">\n\t\t\t\t\t\t\t\t\t<div class=\"elementor-swiper\">\n\t\t\t\t\t<div class=\"elementor-slides-wrapper elementor-main-swiper swiper\" role=\"region\" aria-roledescription=\"carousel\" aria-label=\"Diapositives\" dir=\"ltr\" data-animation=\"fadeInUp\">\n\t\t\t\t<div class=\"swiper-wrapper elementor-slides\">\n\t\t\t\t\t\t\t\t\t\t<div class=\"elementor-repeater-item-06b6bcd swiper-slide\" role=\"group\" aria-roledescription=\"slide\"><div class=\"swiper-slide-bg\" role=\"img\"><\/div><div class=\"elementor-background-overlay\"><\/div><div class=\"swiper-slide-inner\" ><div class=\"swiper-slide-contents\"><\/div><\/div><\/div>\t\t\t\t<\/div>\n\t\t\t\t\t\t\t<\/div>\n\t\t\t\t<\/div>\n\t\t\t\t\t\t\t\t<\/div>\n\t\t\t\t<\/div>\n\t\t\t\t\t<\/div>\n\t\t<\/div>\n\t\t\t\t\t<\/div>\n\t\t<\/section>\n\t\t\t\t<section class=\"elementor-section elementor-top-section elementor-element elementor-element-74ea0dd elementor-section-boxed elementor-section-height-default elementor-section-height-default\" data-id=\"74ea0dd\" data-element_type=\"section\">\n\t\t\t\t\t\t<div class=\"elementor-container elementor-column-gap-default\">\n\t\t\t\t\t<div class=\"elementor-column elementor-col-100 elementor-top-column elementor-element elementor-element-9048aaf\" data-id=\"9048aaf\" data-element_type=\"column\">\n\t\t\t<div class=\"elementor-widget-wrap elementor-element-populated\">\n\t\t\t\t\t\t<div class=\"elementor-element elementor-element-252dc35 elementor-countdown--label-block elementor-widget elementor-widget-countdown\" data-id=\"252dc35\" data-element_type=\"widget\" data-widget_type=\"countdown.default\">\n\t\t\t\t<div class=\"elementor-widget-container\">\n\t\t\t\t\t\t\t<div class=\"elementor-countdown-wrapper\" data-date=\"1685566800\">\n\t\t\t<div class=\"elementor-countdown-item\"><span class=\"elementor-countdown-digits elementor-countdown-days\"><\/span> <span class=\"elementor-countdown-label\">Jours<\/span><\/div><div class=\"elementor-countdown-item\"><span class=\"elementor-countdown-digits elementor-countdown-hours\"><\/span> <span class=\"elementor-countdown-label\">Heures<\/span><\/div><div class=\"elementor-countdown-item\"><span class=\"elementor-countdown-digits elementor-countdown-minutes\"><\/span> <span class=\"elementor-countdown-label\">Minutes<\/span><\/div><div class=\"elementor-countdown-item\"><span class=\"elementor-countdown-digits elementor-countdown-seconds\"><\/span> <span class=\"elementor-countdown-label\">Secondes<\/span><\/div>\t\t<\/div>\n\t\t\t\t\t\t<\/div>\n\t\t\t\t<\/div>\n\t\t\t\t\t<\/div>\n\t\t<\/div>\n\t\t\t\t\t<\/div>\n\t\t<\/section>\n\t\t\t\t<section class=\"elementor-section elementor-top-section elementor-element elementor-element-cfe78c6 elementor-section-boxed elementor-section-height-default elementor-section-height-default\" data-id=\"cfe78c6\" data-element_type=\"section\">\n\t\t\t\t\t\t<div class=\"elementor-container elementor-column-gap-default\">\n\t\t\t\t\t<div class=\"elementor-column elementor-col-100 elementor-top-column elementor-element elementor-element-6641419\" data-id=\"6641419\" data-element_type=\"column\">\n\t\t\t<div class=\"elementor-widget-wrap elementor-element-populated\">\n\t\t\t\t\t\t<div class=\"elementor-element elementor-element-6b8782a elementor-widget elementor-widget-text-editor\" data-id=\"6b8782a\" data-element_type=\"widget\" data-widget_type=\"text-editor.default\">\n\t\t\t\t<div class=\"elementor-widget-container\">\n\t\t\t\t\t\t\t\t\t<p>Le Partenariat local pour l\u2019immigration d\u2019Ottawa (PLIO) est heureux de vous inviter \u00e0 <a href=\"https:\/\/welcomingottawaweek.ca\/fr\/events\/community\/add\/\" target=\"_blank\" rel=\"noopener\">soumettre une activit\u00e9<\/a> dans le cadre de la Semaine d\u2019accueil \u00e0 Ottawa (SAO) de 2023 qui aura lieu le 19 \u2013 30 juin.<\/p><p>La SAO est une s\u00e9rie annuelle de dialogues, activit\u00e9s culturelles, c\u00e9l\u00e9brations, visites guid\u00e9es, activit\u00e9s sportives, visionnements de documentaires, expositions d\u2019art et photo, lancements de livres et autres activit\u00e9s divertissantes, con\u00e7ue pour montrer aux nouveaux arrivants l\u2019accueil et l\u2019hospitalit\u00e9 authentiques d\u2019Ottawa. Cette ann\u00e9e, la SAO reconna\u00eetra \u00e9galement l\u2019impact de la pand\u00e9mie sur les nouveaux arrivants et les r\u00e9sidents racis\u00e9s.<\/p><p>Les activit\u00e9s de la SAO doivent obligatoirement inclure des immigrants et des r\u00e9fugi\u00e9s, aborder des sujets li\u00e9s \u00e0 l\u2019\u00e9tablissement et \u00e0 l\u2019int\u00e9gration des nouveaux arrivants ou c\u00e9l\u00e9brer la diversit\u00e9. Les activit\u00e9s doivent \u00e9galement avoir lieu pendant la p\u00e9riode de la SAO 2023 (du 19 au 30 juin). Les activit\u00e9s doivent cadrer dans une des cat\u00e9gories suivantes :<\/p>\t\t\t\t\t\t\t\t<\/div>\n\t\t\t\t<\/div>\n\t\t\t\t\t<\/div>\n\t\t<\/div>\n\t\t\t\t\t<\/div>\n\t\t<\/section>\n\t\t\t\t<section class=\"elementor-section elementor-top-section elementor-element elementor-element-9766917 elementor-section-boxed elementor-section-height-default elementor-section-height-default\" data-id=\"9766917\" data-element_type=\"section\">\n\t\t\t\t\t\t<div class=\"elementor-container elementor-column-gap-default\">\n\t\t\t\t\t<div class=\"elementor-column elementor-col-100 elementor-top-column elementor-element elementor-element-6ea5445\" data-id=\"6ea5445\" data-element_type=\"column\">\n\t\t\t<div class=\"elementor-widget-wrap elementor-element-populated\">\n\t\t\t\t\t\t<section class=\"elementor-section elementor-inner-section elementor-element elementor-element-6156b1a elementor-section-boxed elementor-section-height-default elementor-section-height-default\" data-id=\"6156b1a\" data-element_type=\"section\">\n\t\t\t\t\t\t<div class=\"elementor-container elementor-column-gap-default\">\n\t\t\t\t\t<div class=\"elementor-column elementor-col-50 elementor-inner-column elementor-element elementor-element-0624784\" data-id=\"0624784\" data-element_type=\"column\">\n\t\t\t<div class=\"elementor-widget-wrap elementor-element-populated\">\n\t\t\t\t\t\t<div class=\"elementor-element elementor-element-56be97f elementor-widget elementor-widget-text-editor\" data-id=\"56be97f\" data-element_type=\"widget\" data-widget_type=\"text-editor.default\">\n\t\t\t\t<div class=\"elementor-widget-container\">\n\t\t\t\t\t\t\t\t\t<ul><li>Visites guid\u00e9es : visites \u00e0 pied, \u00e0 v\u00e9lo ou en bus, visites de mus\u00e9es, etc.<\/li><li>Affaires et entrepreneuriat : rencontres avec les employeurs, r\u00e9seautage pour la recherche d\u2019emploi, etc.<\/li><li>Activit\u00e9s et tournois sportifs : football, cricket, tai-chi, yoga, etc.<\/li><li>Activit\u00e9s li\u00e9es \u00e0 la nourriture : Cours de cuisine, d\u00e9gustations, visites de restaurants, etc.<\/li><li>Design et cr\u00e9ativit\u00e9 : D\u00e9fil\u00e9 de mode, activit\u00e9s pr\u00e9sentant des id\u00e9es cr\u00e9atives et innovantes qui r\u00e9pondent aux besoins de la communaut\u00e9.<\/li><li>Activit\u00e9s culturelles : expositions artistiques\/photographiques, activit\u00e9s mettant en valeur la contribution artistique et intellectuelle des immigrants.<\/li><\/ul>\t\t\t\t\t\t\t\t<\/div>\n\t\t\t\t<\/div>\n\t\t\t\t\t<\/div>\n\t\t<\/div>\n\t\t\t\t<div class=\"elementor-column elementor-col-50 elementor-inner-column elementor-element elementor-element-592ad28\" data-id=\"592ad28\" data-element_type=\"column\">\n\t\t\t<div class=\"elementor-widget-wrap elementor-element-populated\">\n\t\t\t\t\t\t<div class=\"elementor-element elementor-element-427d4e9 elementor-widget elementor-widget-text-editor\" data-id=\"427d4e9\" data-element_type=\"widget\" data-widget_type=\"text-editor.default\">\n\t\t\t\t<div class=\"elementor-widget-container\">\n\t\t\t\t\t\t\t\t\t<ul><li>Po\u00e9sie, musique et r\u00e9cits : Soir\u00e9es de po\u00e9sie et de com\u00e9die, concerts et autres activit\u00e9s artistiques visant \u00e0 illustrer la richesse des diverses cultures de votre communaut\u00e9.<\/li><li>Activit\u00e9 d\u2019apprentissage : Lancement de livres, journ\u00e9es portes ouvertes, s\u00e9minaires acad\u00e9miques sur des sujets li\u00e9s \u00e0 la diversit\u00e9 et aux communaut\u00e9s accueillantes.<\/li><li>Engagements civiques : c\u00e9r\u00e9monies de citoyennet\u00e9, r\u00e9unions \u00e0 l\u2019h\u00f4tel de ville, activit\u00e9s de rencontre et d\u2019accueil avec un \u00e9lu local.<\/li><li>Projection d\u2019un documentaire ou d\u2019un film : projection d\u2019un documentaire suivie par une discussion sur des sujets qui affectent n\u00e9gativement les communaut\u00e9s marginalis\u00e9es tels que la pand\u00e9mie de COVID-19, la sant\u00e9 mentale, le racisme, le logement, etc.<\/li><\/ul>\t\t\t\t\t\t\t\t<\/div>\n\t\t\t\t<\/div>\n\t\t\t\t\t<\/div>\n\t\t<\/div>\n\t\t\t\t\t<\/div>\n\t\t<\/section>\n\t\t\t\t\t<\/div>\n\t\t<\/div>\n\t\t\t\t\t<\/div>\n\t\t<\/section>\n\t\t\t\t<section class=\"elementor-section elementor-top-section elementor-element elementor-element-3707be6 elementor-section-boxed elementor-section-height-default elementor-section-height-default\" data-id=\"3707be6\" data-element_type=\"section\">\n\t\t\t\t\t\t<div class=\"elementor-container elementor-column-gap-default\">\n\t\t\t\t\t<div class=\"elementor-column elementor-col-100 elementor-top-column elementor-element elementor-element-1ebaa9d\" data-id=\"1ebaa9d\" data-element_type=\"column\">\n\t\t\t<div class=\"elementor-widget-wrap elementor-element-populated\">\n\t\t\t\t\t\t<div class=\"elementor-element elementor-element-6785213 elementor-widget elementor-widget-text-editor\" data-id=\"6785213\" data-element_type=\"widget\" data-widget_type=\"text-editor.default\">\n\t\t\t\t<div class=\"elementor-widget-container\">\n\t\t\t\t\t\t\t\t\t<p>Besoin encore d\u2019id\u00e9es ? Consultez notre liste compl\u00e8te de <a href=\"https:\/\/bit.ly\/3n8j17y\" target=\"_blank\" rel=\"noopener\">suggestions de cat\u00e9gories d\u2019activit\u00e9s de la SAO<\/a><\/p>\t\t\t\t\t\t\t\t<\/div>\n\t\t\t\t<\/div>\n\t\t\t\t\t<\/div>\n\t\t<\/div>\n\t\t\t\t\t<\/div>\n\t\t<\/section>\n\t\t\t\t<section class=\"elementor-section elementor-top-section elementor-element elementor-element-e38f916 elementor-section-boxed elementor-section-height-default elementor-section-height-default\" data-id=\"e38f916\" data-element_type=\"section\">\n\t\t\t\t\t\t<div class=\"elementor-container elementor-column-gap-default\">\n\t\t\t\t\t<div class=\"elementor-column elementor-col-100 elementor-top-column elementor-element elementor-element-134d44d\" data-id=\"134d44d\" data-element_type=\"column\">\n\t\t\t<div class=\"elementor-widget-wrap elementor-element-populated\">\n\t\t\t\t\t\t<div class=\"elementor-element elementor-element-f7abdcb elementor-widget elementor-widget-text-editor\" data-id=\"f7abdcb\" data-element_type=\"widget\" data-widget_type=\"text-editor.default\">\n\t\t\t\t<div class=\"elementor-widget-container\">\n\t\t\t\t\t\t\t\t\t<p><strong>AGISSEZ D\u00c8S MAINTENANT\u00a0:<\/strong><\/p><ul><li>Organisez une activit\u00e9 qui met en valeur votre engagement aupr\u00e8s des immigrants et des r\u00e9fugi\u00e9s, c\u00e9l\u00e8bre les contributions des nouveaux arrivants ou cr\u00e9e de nouveaux liens entre voisins. Ne tardez pas,\u00a0<a href=\"https:\/\/welcomingottawaweek.ca\/fr\/events\/community\/add\/\">inscrivez votre activit\u00e9 de la SAO 2023 en ligne <\/a><strong>avant le 31 mai 2023<\/strong>.<\/li><li>Distribuez le\u00a0<a href=\"https:\/\/welcomingottawaweek.ca\/wp-content\/uploads\/2023\/03\/Call-for-Events-Poster-FR-1.pdf\" target=\"_blank\" rel=\"noopener\">d\u00e9pliant de l\u2019appel aux propositions d\u2019activit\u00e9s de la SAO<\/a>aux partenaires ou aux personnes qui, selon vous, pourraient \u00eatre int\u00e9ress\u00e9es \u00e0 organiser une activit\u00e9 de la SAO.<\/li><li>Suivez-nous sur les m\u00e9dias sociaux pour rester au courant des d\u00e9veloppements de #WOW2023 :\u00a0<a href=\"http:\/\/www.facebook.com\/OttawaLIP\">Facebook\/OttawaLIP<\/a>|\u00a0<a href=\"http:\/\/twitter.com\/OLIP_PLIO\">Twitter @OLIP_PLIO<\/a><\/li><\/ul>\t\t\t\t\t\t\t\t<\/div>\n\t\t\t\t<\/div>\n\t\t\t\t\t<\/div>\n\t\t<\/div>\n\t\t\t\t\t<\/div>\n\t\t<\/section>\n\t\t\t\t<section class=\"elementor-section elementor-top-section elementor-element elementor-element-16346a3 elementor-section-boxed elementor-section-height-default elementor-section-height-default\" data-id=\"16346a3\" data-element_type=\"section\">\n\t\t\t\t\t\t<div class=\"elementor-container elementor-column-gap-default\">\n\t\t\t\t\t<div class=\"elementor-column elementor-col-100 elementor-top-column elementor-element elementor-element-5fbe730\" data-id=\"5fbe730\" data-element_type=\"column\">\n\t\t\t<div class=\"elementor-widget-wrap elementor-element-populated\">\n\t\t\t\t\t\t<div class=\"elementor-element elementor-element-087a219 elementor-widget elementor-widget-gallery\" data-id=\"087a219\" data-element_type=\"widget\" data-settings=\"{&quot;columns&quot;:3,&quot;lazyload&quot;:&quot;yes&quot;,&quot;gallery_layout&quot;:&quot;grid&quot;,&quot;columns_tablet&quot;:2,&quot;columns_mobile&quot;:1,&quot;gap&quot;:{&quot;unit&quot;:&quot;px&quot;,&quot;size&quot;:10,&quot;sizes&quot;:[]},&quot;gap_tablet&quot;:{&quot;unit&quot;:&quot;px&quot;,&quot;size&quot;:10,&quot;sizes&quot;:[]},&quot;gap_mobile&quot;:{&quot;unit&quot;:&quot;px&quot;,&quot;size&quot;:10,&quot;sizes&quot;:[]},&quot;link_to&quot;:&quot;file&quot;,&quot;aspect_ratio&quot;:&quot;3:2&quot;,&quot;overlay_background&quot;:&quot;yes&quot;,&quot;content_hover_animation&quot;:&quot;fade-in&quot;}\" data-widget_type=\"gallery.default\">\n\t\t\t\t<div class=\"elementor-widget-container\">\n\t\t\t\t\t\t\t<div class=\"elementor-gallery__container\">\n\t\t\t\t\t\t\t<a class=\"e-gallery-item elementor-gallery-item elementor-animated-content\" href=\"https:\/\/welcomingottawaweek.ca\/wp-content\/uploads\/2019\/05\/Orkidstra2.jpg\" data-elementor-open-lightbox=\"yes\" data-elementor-lightbox-slideshow=\"087a219\" data-elementor-lightbox-title=\"Orkidstra2\" data-e-action-hash=\"#elementor-action%3Aaction%3Dlightbox%26settings%3DeyJpZCI6MTAxMSwidXJsIjoiaHR0cHM6XC9cL3dlbGNvbWluZ290dGF3YXdlZWsuY2FcL3dwLWNvbnRlbnRcL3VwbG9hZHNcLzIwMTlcLzA1XC9PcmtpZHN0cmEyLmpwZyIsInNsaWRlc2hvdyI6IjA4N2EyMTkifQ%3D%3D\">\n\t\t\t\t\t<div class=\"e-gallery-image elementor-gallery-item__image\" data-thumbnail=\"https:\/\/welcomingottawaweek.ca\/wp-content\/uploads\/2019\/05\/Orkidstra2-300x200.jpg\" data-width=\"300\" data-height=\"200\" aria-label=\"\" role=\"img\" ><\/div>\n\t\t\t\t\t\t\t\t\t\t\t<div class=\"elementor-gallery-item__overlay\"><\/div>\n\t\t\t\t\t\t\t\t\t\t\t\t\t\t<\/a>\n\t\t\t\t\t\t\t<a class=\"e-gallery-item elementor-gallery-item elementor-animated-content\" href=\"https:\/\/welcomingottawaweek.ca\/wp-content\/uploads\/2019\/05\/AADSC0063.jpg\" data-elementor-open-lightbox=\"yes\" data-elementor-lightbox-slideshow=\"087a219\" data-elementor-lightbox-title=\"_AADSC0063\" data-e-action-hash=\"#elementor-action%3Aaction%3Dlightbox%26settings%3DeyJpZCI6MTAxMywidXJsIjoiaHR0cHM6XC9cL3dlbGNvbWluZ290dGF3YXdlZWsuY2FcL3dwLWNvbnRlbnRcL3VwbG9hZHNcLzIwMTlcLzA1XC9BQURTQzAwNjMuanBnIiwic2xpZGVzaG93IjoiMDg3YTIxOSJ9\">\n\t\t\t\t\t<div class=\"e-gallery-image elementor-gallery-item__image\" data-thumbnail=\"https:\/\/welcomingottawaweek.ca\/wp-content\/uploads\/2019\/05\/AADSC0063-300x201.jpg\" data-width=\"300\" data-height=\"201\" aria-label=\"\" role=\"img\" ><\/div>\n\t\t\t\t\t\t\t\t\t\t\t<div class=\"elementor-gallery-item__overlay\"><\/div>\n\t\t\t\t\t\t\t\t\t\t\t\t\t\t<\/a>\n\t\t\t\t\t\t\t<a class=\"e-gallery-item elementor-gallery-item elementor-animated-content\" href=\"https:\/\/welcomingottawaweek.ca\/wp-content\/uploads\/2019\/06\/Image_72.jpg\" data-elementor-open-lightbox=\"yes\" data-elementor-lightbox-slideshow=\"087a219\" data-elementor-lightbox-title=\"Image_72\" data-e-action-hash=\"#elementor-action%3Aaction%3Dlightbox%26settings%3DeyJpZCI6MzQ5MCwidXJsIjoiaHR0cHM6XC9cL3dlbGNvbWluZ290dGF3YXdlZWsuY2FcL3dwLWNvbnRlbnRcL3VwbG9hZHNcLzIwMTlcLzA2XC9JbWFnZV83Mi5qcGciLCJzbGlkZXNob3ciOiIwODdhMjE5In0%3D\">\n\t\t\t\t\t<div class=\"e-gallery-image elementor-gallery-item__image\" data-thumbnail=\"https:\/\/welcomingottawaweek.ca\/wp-content\/uploads\/2019\/06\/Image_72-300x200.jpg\" data-width=\"300\" data-height=\"200\" aria-label=\"\" role=\"img\" ><\/div>\n\t\t\t\t\t\t\t\t\t\t\t<div class=\"elementor-gallery-item__overlay\"><\/div>\n\t\t\t\t\t\t\t\t\t\t\t\t\t\t<\/a>\n\t\t\t\t\t\t\t<a class=\"e-gallery-item elementor-gallery-item elementor-animated-content\" href=\"https:\/\/welcomingottawaweek.ca\/wp-content\/uploads\/2019\/06\/Credits.jpg\" data-elementor-open-lightbox=\"yes\" data-elementor-lightbox-slideshow=\"087a219\" data-elementor-lightbox-title=\"Credits\" data-e-action-hash=\"#elementor-action%3Aaction%3Dlightbox%26settings%3DeyJpZCI6MjYwNywidXJsIjoiaHR0cHM6XC9cL3dlbGNvbWluZ290dGF3YXdlZWsuY2FcL3dwLWNvbnRlbnRcL3VwbG9hZHNcLzIwMTlcLzA2XC9DcmVkaXRzLmpwZyIsInNsaWRlc2hvdyI6IjA4N2EyMTkifQ%3D%3D\">\n\t\t\t\t\t<div class=\"e-gallery-image elementor-gallery-item__image\" data-thumbnail=\"https:\/\/welcomingottawaweek.ca\/wp-content\/uploads\/2019\/06\/Credits-300x293.jpg\" data-width=\"300\" data-height=\"293\" aria-label=\"\" role=\"img\" ><\/div>\n\t\t\t\t\t\t\t\t\t\t\t<div class=\"elementor-gallery-item__overlay\"><\/div>\n\t\t\t\t\t\t\t\t\t\t\t\t\t\t<\/a>\n\t\t\t\t\t\t\t<a class=\"e-gallery-item elementor-gallery-item elementor-animated-content\" href=\"https:\/\/welcomingottawaweek.ca\/wp-content\/uploads\/2019\/09\/6-tours-6.jpg\" data-elementor-open-lightbox=\"yes\" data-elementor-lightbox-slideshow=\"087a219\" data-elementor-lightbox-title=\"6 tours (6)\" data-e-action-hash=\"#elementor-action%3Aaction%3Dlightbox%26settings%3DeyJpZCI6Mzc1OSwidXJsIjoiaHR0cHM6XC9cL3dlbGNvbWluZ290dGF3YXdlZWsuY2FcL3dwLWNvbnRlbnRcL3VwbG9hZHNcLzIwMTlcLzA5XC82LXRvdXJzLTYuanBnIiwic2xpZGVzaG93IjoiMDg3YTIxOSJ9\">\n\t\t\t\t\t<div class=\"e-gallery-image elementor-gallery-item__image\" data-thumbnail=\"https:\/\/welcomingottawaweek.ca\/wp-content\/uploads\/2019\/09\/6-tours-6-300x191.jpg\" data-width=\"300\" data-height=\"191\" aria-label=\"\" role=\"img\" ><\/div>\n\t\t\t\t\t\t\t\t\t\t\t<div class=\"elementor-gallery-item__overlay\"><\/div>\n\t\t\t\t\t\t\t\t\t\t\t\t\t\t<\/a>\n\t\t\t\t\t\t\t<a class=\"e-gallery-item elementor-gallery-item elementor-animated-content\" href=\"https:\/\/welcomingottawaweek.ca\/wp-content\/uploads\/2019\/05\/Community-Cup.jpg\" data-elementor-open-lightbox=\"yes\" data-elementor-lightbox-slideshow=\"087a219\" data-elementor-lightbox-title=\"Community Cup\" data-e-action-hash=\"#elementor-action%3Aaction%3Dlightbox%26settings%3DeyJpZCI6MTAxNSwidXJsIjoiaHR0cHM6XC9cL3dlbGNvbWluZ290dGF3YXdlZWsuY2FcL3dwLWNvbnRlbnRcL3VwbG9hZHNcLzIwMTlcLzA1XC9Db21tdW5pdHktQ3VwLmpwZyIsInNsaWRlc2hvdyI6IjA4N2EyMTkifQ%3D%3D\">\n\t\t\t\t\t<div class=\"e-gallery-image elementor-gallery-item__image\" data-thumbnail=\"https:\/\/welcomingottawaweek.ca\/wp-content\/uploads\/2019\/05\/Community-Cup-300x199.jpg\" data-width=\"300\" data-height=\"199\" aria-label=\"\" role=\"img\" ><\/div>\n\t\t\t\t\t\t\t\t\t\t\t<div class=\"elementor-gallery-item__overlay\"><\/div>\n\t\t\t\t\t\t\t\t\t\t\t\t\t\t<\/a>\n\t\t\t\t\t<\/div>\n\t\t\t\t\t<\/div>\n\t\t\t\t<\/div>\n\t\t\t\t\t<\/div>\n\t\t<\/div>\n\t\t\t\t\t<\/div>\n\t\t<\/section>\n\t\t\t\t<\/div>\n\t\t","protected":false},"excerpt":{"rendered":"<p>Days Hours Minutes Seconds Le Partenariat local pour l\u2019immigration d\u2019Ottawa (PLIO) est heureux de vous inviter \u00e0 soumettre une activit\u00e9 dans le cadre de la Semaine d\u2019accueil \u00e0 Ottawa (SAO) de 2023 qui aura  [&#8230;]<\/p>\n","protected":false},"author":2,"featured_media":0,"parent":0,"menu_order":0,"comment_status":"closed","ping_status":"closed","template":"","meta":{"footnotes":""},"class_list":["post-5353","page","type-page","status-publish","hentry"],"_links":{"self":[{"href":"https:\/\/welcomingottawaweek.ca\/fr\/wp-json\/wp\/v2\/pages\/5353","targetHints":{"allow":["GET"]}}],"collection":[{"href":"https:\/\/welcomingottawaweek.ca\/fr\/wp-json\/wp\/v2\/pages"}],"about":[{"href":"https:\/\/welcomingottawaweek.ca\/fr\/wp-json\/wp\/v2\/types\/page"}],"author":[{"embeddable":true,"href":"https:\/\/welcomingottawaweek.ca\/fr\/wp-json\/wp\/v2\/users\/2"}],"replies":[{"embeddable":true,"href":"https:\/\/welcomingottawaweek.ca\/fr\/wp-json\/wp\/v2\/comments?post=5353"}],"version-history":[{"count":30,"href":"https:\/\/welcomingottawaweek.ca\/fr\/wp-json\/wp\/v2\/pages\/5353\/revisions"}],"predecessor-version":[{"id":5536,"href":"https:\/\/welcomingottawaweek.ca\/fr\/wp-json\/wp\/v2\/pages\/5353\/revisions\/5536"}],"wp:attachment":[{"href":"https:\/\/welcomingottawaweek.ca\/fr\/wp-json\/wp\/v2\/media?parent=5353"}],"curies":[{"name":"wp","href":"https:\/\/api.w.org\/{rel}","templated":true}]}}