{"id":6299,"date":"2023-06-18T11:10:08","date_gmt":"2023-06-18T15:10:08","guid":{"rendered":"https:\/\/welcomingottawaweek.ca\/?page_id=6299"},"modified":"2023-06-18T11:12:45","modified_gmt":"2023-06-18T15:12:45","slug":"bruce-mayo-et-sandra-west","status":"publish","type":"page","link":"https:\/\/welcomingottawaweek.ca\/fr\/bruce-mayo-et-sandra-west\/","title":{"rendered":"Bruce Mayo et Sandra West"},"content":{"rendered":"\t\t<div data-elementor-type=\"wp-page\" data-elementor-id=\"6299\" class=\"elementor elementor-6299 elementor-6241\" data-elementor-post-type=\"page\">\n\t\t\t\t\t\t<section class=\"elementor-section elementor-top-section elementor-element elementor-element-3de0187 elementor-section-content-middle elementor-section-stretched elementor-section-boxed elementor-section-height-default elementor-section-height-default\" data-id=\"3de0187\" data-element_type=\"section\" data-settings=\"{&quot;stretch_section&quot;:&quot;section-stretched&quot;,&quot;background_background&quot;:&quot;classic&quot;}\">\n\t\t\t\t\t\t\t<div class=\"elementor-background-overlay\"><\/div>\n\t\t\t\t\t\t\t<div class=\"elementor-container elementor-column-gap-default\">\n\t\t\t\t\t<div class=\"elementor-column elementor-col-16 elementor-top-column elementor-element elementor-element-c8a9f92\" data-id=\"c8a9f92\" data-element_type=\"column\">\n\t\t\t<div class=\"elementor-widget-wrap\">\n\t\t\t\t\t\t\t<\/div>\n\t\t<\/div>\n\t\t\t\t<div class=\"elementor-column elementor-col-66 elementor-top-column elementor-element elementor-element-d065244\" data-id=\"d065244\" data-element_type=\"column\">\n\t\t\t<div class=\"elementor-widget-wrap elementor-element-populated\">\n\t\t\t\t\t\t<div class=\"elementor-element elementor-element-9134ef1 elementor-widget elementor-widget-spacer\" data-id=\"9134ef1\" data-element_type=\"widget\" data-widget_type=\"spacer.default\">\n\t\t\t\t<div class=\"elementor-widget-container\">\n\t\t\t\t\t\t\t<div class=\"elementor-spacer\">\n\t\t\t<div class=\"elementor-spacer-inner\"><\/div>\n\t\t<\/div>\n\t\t\t\t\t\t<\/div>\n\t\t\t\t<\/div>\n\t\t\t\t<div class=\"elementor-element elementor-element-297282d elementor-widget__width-inherit elementor-widget elementor-widget-heading\" data-id=\"297282d\" data-element_type=\"widget\" data-widget_type=\"heading.default\">\n\t\t\t\t<div class=\"elementor-widget-container\">\n\t\t\t\t\t<h1 class=\"elementor-heading-title elementor-size-default\">Ambassadeurs de la semaine d'accueil \u00e0 Ottawa 2023<\/h1>\t\t\t\t<\/div>\n\t\t\t\t<\/div>\n\t\t\t\t<div class=\"elementor-element elementor-element-af2a4c2 elementor-widget elementor-widget-spacer\" data-id=\"af2a4c2\" data-element_type=\"widget\" data-widget_type=\"spacer.default\">\n\t\t\t\t<div class=\"elementor-widget-container\">\n\t\t\t\t\t\t\t<div class=\"elementor-spacer\">\n\t\t\t<div class=\"elementor-spacer-inner\"><\/div>\n\t\t<\/div>\n\t\t\t\t\t\t<\/div>\n\t\t\t\t<\/div>\n\t\t\t\t<div class=\"elementor-element elementor-element-faca6ef elementor-widget elementor-widget-spacer\" data-id=\"faca6ef\" data-element_type=\"widget\" data-widget_type=\"spacer.default\">\n\t\t\t\t<div class=\"elementor-widget-container\">\n\t\t\t\t\t\t\t<div class=\"elementor-spacer\">\n\t\t\t<div class=\"elementor-spacer-inner\"><\/div>\n\t\t<\/div>\n\t\t\t\t\t\t<\/div>\n\t\t\t\t<\/div>\n\t\t\t\t\t<\/div>\n\t\t<\/div>\n\t\t\t\t<div class=\"elementor-column elementor-col-16 elementor-top-column elementor-element elementor-element-fdac1d5\" data-id=\"fdac1d5\" data-element_type=\"column\">\n\t\t\t<div class=\"elementor-widget-wrap\">\n\t\t\t\t\t\t\t<\/div>\n\t\t<\/div>\n\t\t\t\t\t<\/div>\n\t\t<\/section>\n\t\t\t\t<section class=\"elementor-section elementor-top-section elementor-element elementor-element-6495e65 elementor-section-boxed elementor-section-height-default elementor-section-height-default\" data-id=\"6495e65\" data-element_type=\"section\">\n\t\t\t\t\t\t<div class=\"elementor-container elementor-column-gap-default\">\n\t\t\t\t\t<div class=\"elementor-column elementor-col-100 elementor-top-column elementor-element elementor-element-99bc025\" data-id=\"99bc025\" data-element_type=\"column\">\n\t\t\t<div class=\"elementor-widget-wrap elementor-element-populated\">\n\t\t\t\t\t\t<div class=\"elementor-element elementor-element-af76bcb elementor-widget elementor-widget-spacer\" data-id=\"af76bcb\" data-element_type=\"widget\" data-widget_type=\"spacer.default\">\n\t\t\t\t<div class=\"elementor-widget-container\">\n\t\t\t\t\t\t\t<div class=\"elementor-spacer\">\n\t\t\t<div class=\"elementor-spacer-inner\"><\/div>\n\t\t<\/div>\n\t\t\t\t\t\t<\/div>\n\t\t\t\t<\/div>\n\t\t\t\t<section class=\"elementor-section elementor-inner-section elementor-element elementor-element-cb03dbf elementor-section-boxed elementor-section-height-default elementor-section-height-default\" data-id=\"cb03dbf\" data-element_type=\"section\">\n\t\t\t\t\t\t<div class=\"elementor-container elementor-column-gap-default\">\n\t\t\t\t\t<div class=\"elementor-column elementor-col-100 elementor-inner-column elementor-element elementor-element-45c4524\" data-id=\"45c4524\" data-element_type=\"column\">\n\t\t\t<div class=\"elementor-widget-wrap elementor-element-populated\">\n\t\t\t\t\t\t<div class=\"elementor-element elementor-element-2b5dcf4 elementor-widget elementor-widget-heading\" data-id=\"2b5dcf4\" data-element_type=\"widget\" data-widget_type=\"heading.default\">\n\t\t\t\t<div class=\"elementor-widget-container\">\n\t\t\t\t\t<h2 class=\"elementor-heading-title elementor-size-default\">Bruce Mayo et Sandra West<\/h2>\t\t\t\t<\/div>\n\t\t\t\t<\/div>\n\t\t\t\t<div class=\"elementor-element elementor-element-343d86b elementor-widget elementor-widget-heading\" data-id=\"343d86b\" data-element_type=\"widget\" data-widget_type=\"heading.default\">\n\t\t\t\t<div class=\"elementor-widget-container\">\n\t\t\t\t\t<h3 class=\"elementor-heading-title elementor-size-default\">Une famille d\u2019Ottawa bienveillante offre un refuge aux victimes de la guerre en Ukraine<\/h3>\t\t\t\t<\/div>\n\t\t\t\t<\/div>\n\t\t\t\t<div class=\"elementor-element elementor-element-82b8cb3 elementor-widget elementor-widget-spacer\" data-id=\"82b8cb3\" data-element_type=\"widget\" data-widget_type=\"spacer.default\">\n\t\t\t\t<div class=\"elementor-widget-container\">\n\t\t\t\t\t\t\t<div class=\"elementor-spacer\">\n\t\t\t<div class=\"elementor-spacer-inner\"><\/div>\n\t\t<\/div>\n\t\t\t\t\t\t<\/div>\n\t\t\t\t<\/div>\n\t\t\t\t\t<\/div>\n\t\t<\/div>\n\t\t\t\t\t<\/div>\n\t\t<\/section>\n\t\t\t\t<section class=\"elementor-section elementor-inner-section elementor-element elementor-element-7657a0c elementor-section-boxed elementor-section-height-default elementor-section-height-default\" data-id=\"7657a0c\" data-element_type=\"section\">\n\t\t\t\t\t\t<div class=\"elementor-container elementor-column-gap-default\">\n\t\t\t\t\t<div class=\"elementor-column elementor-col-100 elementor-inner-column elementor-element elementor-element-60db043\" data-id=\"60db043\" data-element_type=\"column\">\n\t\t\t<div class=\"elementor-widget-wrap elementor-element-populated\">\n\t\t\t\t\t\t<div class=\"elementor-element elementor-element-cecc79b elementor-widget elementor-widget-text-editor\" data-id=\"cecc79b\" data-element_type=\"widget\" data-widget_type=\"text-editor.default\">\n\t\t\t\t<div class=\"elementor-widget-container\">\n\t\t\t\t\t\t\t\t\t<p><img fetchpriority=\"high\" decoding=\"async\" class=\"wp-image-6237 size-medium alignleft\" src=\"https:\/\/welcomingottawaweek.ca\/wp-content\/uploads\/2023\/06\/Bruce-Mayo_Sandra-West2a-300x225.jpg\" alt=\"\" width=\"300\" height=\"225\" srcset=\"https:\/\/welcomingottawaweek.ca\/wp-content\/uploads\/2023\/06\/Bruce-Mayo_Sandra-West2a-200x150.jpg 200w, https:\/\/welcomingottawaweek.ca\/wp-content\/uploads\/2023\/06\/Bruce-Mayo_Sandra-West2a-300x225.jpg 300w, https:\/\/welcomingottawaweek.ca\/wp-content\/uploads\/2023\/06\/Bruce-Mayo_Sandra-West2a-400x300.jpg 400w, https:\/\/welcomingottawaweek.ca\/wp-content\/uploads\/2023\/06\/Bruce-Mayo_Sandra-West2a-600x450.jpg 600w, https:\/\/welcomingottawaweek.ca\/wp-content\/uploads\/2023\/06\/Bruce-Mayo_Sandra-West2a-768x576.jpg 768w, https:\/\/welcomingottawaweek.ca\/wp-content\/uploads\/2023\/06\/Bruce-Mayo_Sandra-West2a-800x600.jpg 800w, https:\/\/welcomingottawaweek.ca\/wp-content\/uploads\/2023\/06\/Bruce-Mayo_Sandra-West2a.jpg 1000w\" sizes=\"(max-width: 300px) 100vw, 300px\" \/><\/p>\n<p>Peu apr\u00e8s l\u2019invasion de l\u2019Ukraine par la Russie en 2022, Tetiana Piatkovska, 25 ans, a d\u00fb prendre une d\u00e9cision qui a chang\u00e9 sa vie. Au milieu des coupures d\u2019\u00e9lectricit\u00e9 et des sir\u00e8nes incessantes, elle s\u2019est assise \u00e0 la table \u00e0 manger de ses parents et leur a annonc\u00e9 qu\u2019elle partait pour le Canada. Ils vivaient dans les territoires occup\u00e9s et craignaient que les armes nucl\u00e9aires ne deviennent un facteur de guerre. Une famille d\u2019Ottawa a parl\u00e9 \u00e0 Tetiana d\u2019un vol charter du gouvernement canadien qui partait de Pologne dans quelques jours. Tetiana parle un peu l\u2019anglais et vient d&rsquo;obtenir son dipl\u00f4me de droit. Deux de ses amis de la facult\u00e9 de droit avaient \u00e9galement \u00e9t\u00e9 approuv\u00e9s pour le programme d\u2019Autorisation de voyage d\u2019urgence Canada-Ukraine (AVUCU)*, et tous trois allaient quitter l\u2019Ukraine.<\/p>\n<p>\u00ab Le 29 mai 2022, j\u2019ai eu la chance d\u2019\u00eatre accueillie dans la famille aimante de Bruce Mayo et de Sandra West \u00bb raconte Tetiana. Bruce Mayo, avocat militaire \u00e0 la retraite, et Sandra West, m\u00e9decin militaire \u00e0 la retraite, n\u2019avaient plus d\u2019enfants et, apr\u00e8s quelques appels Zoom au cours desquels ils ont montr\u00e9 \u00e0 Tetiana leur maison d\u2019Alta Vista, ils lui ont propos\u00e9 de l\u2019accueillir. Bruce, Sandra et leur fille Laura ont accueilli Tetiana \u00e0 l\u2019a\u00e9roport de Montr\u00e9al. Leur maison \u00e9tait trop petite pour accueillir les trois Ukrainiennes. Les deux amies de Tetiana ont donc \u00e9t\u00e9 h\u00e9berg\u00e9es par leurs voisins qui, lorsqu\u2019ils ont entendu parler de leur situation, ont dit \u00ab nous allons les prendre \u00bb.<\/p>\n<p>\u00ab D\u00e8s mon arriv\u00e9e, Bruce et Sandra se sont surpass\u00e9s pour m\u2019aider \u00e0 accomplir diverses t\u00e2ches telles que l\u2019obtention d\u2019un num\u00e9ro d\u2019assurance sociale, d\u2019une carte Sant\u00e9 de l\u2019Ontario, d\u2019un compte bancaire, d\u2019une carte de bus et d\u2019une carte de t\u00e9l\u00e9phone \u00bb se souvient Tetiana. Leur fille, Laura, a pris un jour de cong\u00e9 pour accompagner Tetiana \u00e0 ses rendez-vous.<\/p>\n<p>\u00ab Tout \u00e9tait absolument nouveau pour moi &#8211; la langue, la culture et les gens. Alors qu\u2019elle commen\u00e7ait \u00e0 s\u2019adapter \u00e0 son nouvel environnement, certains traumatismes la hantaient encore. Je me disais : \u00ab Oh mon Dieu, je n \u00bbentends pas les sir\u00e8nes ici. J \u00bbai parfois eu des flashbacks, pensant que j \u00bbentendais des fus\u00e9es dans le ciel \u00bb. Tetiana est tr\u00e8s inqui\u00e8te pour sa famille rest\u00e9e au pays. La maison de sa s\u0153ur est proche d\u2019une infrastructure critique et son beau-fr\u00e8re a \u00e9t\u00e9 bless\u00e9. Ils sont rest\u00e9s un mois dans un abri antiatomique qui a \u00e9t\u00e9 d\u00e9truit et ont cuisin\u00e9 dehors sur un feu. \u00ab Je suis tr\u00e8s inqui\u00e8te pour ma famille, je pleure beaucoup et je suis stress\u00e9e. Parfois, je me demande si je dois retourner aupr\u00e8s d\u2019eux \u00bb.<\/p>\n<p>Ce qui la r\u00e9conforte, c\u2019est que Bruce et Sandra ont jou\u00e9 le r\u00f4le de parents de substitution dans sa nouvelle maison. \u00ab Ils sont mes plus grands soutiens \u00bb d\u00e9clare Tetiana. \u00ab Ils sont ma deuxi\u00e8me famille. J\u2019ai maintenant une famille ukrainienne et une famille canadienne! Je leur soumets toujours mes id\u00e9es et ils me donnent de bons conseils \u00bb.<\/p>\n<p>\u00ab La gentillesse, le soutien et l\u2019attitude inspirante de Bruce et Sandra ont \u00e9t\u00e9 \u00e9vidents d\u00e8s le d\u00e9but, et je ne les remercierai jamais assez pour tout ce qu\u2019ils ont fait pour moi \u00bb ajoute Tetiana. \u00ab Leur bon c\u0153ur et leur volont\u00e9 d\u2019aider ceux qui sont dans le besoin sont des qualit\u00e9s que l\u2019on ne trouve pas souvent dans le monde d&rsquo;aujourd\u2019hui \u00bb.<\/p><p><span style=\"background-color: var(--content_bg_color); color: var(--body_typography-color); font-family: var(--body_typography-font-family); font-size: var(--body_typography-font-size); font-style: var(--body_typography-font-style,normal); font-weight: var(--body_typography-font-weight); letter-spacing: var(--body_typography-letter-spacing);\">\u00ab Tetiana est devenue comme une fille pour nous \u00bb ajoute Bruce. \u00ab Elle est pr\u00e9venante et c\u2019est agr\u00e9able de l\u2019avoir \u00e0 la maison. Elle adore nos deux chiens. Cette situation n\u2019aurait pas pu mieux se d\u00e9rouler. Ses parents voulaient s\u2019assurer qu\u2019elle \u00e9tait en s\u00e9curit\u00e9, et nous aussi \u00bb.<\/span><br><\/p>\n<p>Bruce et Sandra sont frapp\u00e9s par la r\u00e9silience et l\u2019attitude positive de Tetiana. \u00ab Chaque jour, elle descendait les escaliers avec un plan \u00bb remarque Bruce. \u00ab C\u2019est une personne qui sait se d\u00e9brouiller. Deux semaines apr\u00e8s son arriv\u00e9e \u00e0 Ottawa, Tetiana a trouv\u00e9 un emploi au Centre d\u2019information pour les nouveaux arrivants du Y \u00bb Elle y travaille principalement avec des Ukrainiens dont l\u2019anglais est limit\u00e9.<\/p>\n<p>\u00ab Ma sant\u00e9 mentale s \u00bbest am\u00e9lior\u00e9e \u00bb ajoute Tetiana. \u00ab Aujourd\u2019hui, je me suis donn\u00e9 pour mission d\u2019aider les Ukrainiens d\u2019Ottawa. Beaucoup d\u2019Ukrainiens qui sont venus ici \u00e9taient perdus et ont d\u00fb repartir \u00e0 z\u00e9ro. C\u2019\u00e9tait l\u2019occasion pour moi de rendre la pareille, de donner de l\u2019espoir \u00e0 d&rsquo;autres \u00bb.<\/p>\n<p>Bruce et Sandra sont tr\u00e8s honor\u00e9s de recevoir le prix des Ambassadeurs accueillants d\u2019Ottawa. \u00ab Ce prix est un moyen de montrer aux autres qu\u2019ils peuvent eux aussi s\u2019engager dans cette voie. Rien que dans notre quartier, beaucoup d\u2019autres personnes se sont impliqu\u00e9es pour aider les Ukrainiens \u00bb.<\/p>\n<p>*Selon Immigration, R\u00e9fugi\u00e9s et Citoyennet\u00e9 Canada, plus de 156 000 Ukrainien.ne.s sont arriv\u00e9.e.s au Canada gr\u00e2ce au programme AVUCU.<\/p>\t\t\t\t\t\t\t\t<\/div>\n\t\t\t\t<\/div>\n\t\t\t\t\t<\/div>\n\t\t<\/div>\n\t\t\t\t\t<\/div>\n\t\t<\/section>\n\t\t\t\t\t<\/div>\n\t\t<\/div>\n\t\t\t\t\t<\/div>\n\t\t<\/section>\n\t\t\t\t<section class=\"elementor-section elementor-top-section elementor-element elementor-element-8956099 elementor-section-boxed elementor-section-height-default elementor-section-height-default\" data-id=\"8956099\" data-element_type=\"section\">\n\t\t\t\t\t\t<div class=\"elementor-container elementor-column-gap-default\">\n\t\t\t\t\t<div class=\"elementor-column elementor-col-100 elementor-top-column elementor-element elementor-element-171d335\" data-id=\"171d335\" data-element_type=\"column\">\n\t\t\t<div class=\"elementor-widget-wrap elementor-element-populated\">\n\t\t\t\t\t\t<section class=\"elementor-section elementor-inner-section elementor-element elementor-element-c030783 elementor-section-content-middle elementor-section-boxed elementor-section-height-default elementor-section-height-default\" data-id=\"c030783\" data-element_type=\"section\">\n\t\t\t\t\t\t<div class=\"elementor-container elementor-column-gap-default\">\n\t\t\t\t\t<div class=\"elementor-column elementor-col-33 elementor-inner-column elementor-element elementor-element-4a42333\" data-id=\"4a42333\" data-element_type=\"column\" data-settings=\"{&quot;background_background&quot;:&quot;classic&quot;}\">\n\t\t\t<div class=\"elementor-widget-wrap elementor-element-populated\">\n\t\t\t\t\t\t<div class=\"elementor-element elementor-element-f6cd72f elementor-widget__width-inherit elementor-widget elementor-widget-image\" data-id=\"f6cd72f\" data-element_type=\"widget\" data-widget_type=\"image.default\">\n\t\t\t\t<div class=\"elementor-widget-container\">\n\t\t\t\t\t\t\t\t\t\t\t\t\t\t\t<img decoding=\"async\" width=\"658\" height=\"306\" src=\"https:\/\/welcomingottawaweek.ca\/wp-content\/uploads\/2023\/06\/logo-retina.png\" class=\"attachment-large size-large wp-image-6067\" alt=\"\" srcset=\"https:\/\/welcomingottawaweek.ca\/wp-content\/uploads\/2023\/06\/logo-retina-200x93.png 200w, https:\/\/welcomingottawaweek.ca\/wp-content\/uploads\/2023\/06\/logo-retina-300x140.png 300w, https:\/\/welcomingottawaweek.ca\/wp-content\/uploads\/2023\/06\/logo-retina-400x186.png 400w, https:\/\/welcomingottawaweek.ca\/wp-content\/uploads\/2023\/06\/logo-retina-600x279.png 600w, https:\/\/welcomingottawaweek.ca\/wp-content\/uploads\/2023\/06\/logo-retina.png 658w\" sizes=\"(max-width: 658px) 100vw, 658px\" \/>\t\t\t\t\t\t\t\t\t\t\t\t\t\t\t<\/div>\n\t\t\t\t<\/div>\n\t\t\t\t\t<\/div>\n\t\t<\/div>\n\t\t\t\t<div class=\"elementor-column elementor-col-33 elementor-inner-column elementor-element elementor-element-eac630a\" data-id=\"eac630a\" data-element_type=\"column\">\n\t\t\t<div class=\"elementor-widget-wrap elementor-element-populated\">\n\t\t\t\t\t\t<div class=\"elementor-element elementor-element-9ef7030 elementor-widget__width-inherit elementor-widget elementor-widget-image\" data-id=\"9ef7030\" data-element_type=\"widget\" data-widget_type=\"image.default\">\n\t\t\t\t<div class=\"elementor-widget-container\">\n\t\t\t\t\t\t\t\t\t\t\t\t\t\t\t<img decoding=\"async\" width=\"327\" height=\"86\" src=\"https:\/\/welcomingottawaweek.ca\/wp-content\/uploads\/2019\/05\/CBC-ottawa-logo.png\" class=\"attachment-large size-large wp-image-999\" alt=\"\" srcset=\"https:\/\/welcomingottawaweek.ca\/wp-content\/uploads\/2019\/05\/CBC-ottawa-logo-200x53.png 200w, https:\/\/welcomingottawaweek.ca\/wp-content\/uploads\/2019\/05\/CBC-ottawa-logo-300x79.png 300w, https:\/\/welcomingottawaweek.ca\/wp-content\/uploads\/2019\/05\/CBC-ottawa-logo.png 327w\" sizes=\"(max-width: 327px) 100vw, 327px\" \/>\t\t\t\t\t\t\t\t\t\t\t\t\t\t\t<\/div>\n\t\t\t\t<\/div>\n\t\t\t\t\t<\/div>\n\t\t<\/div>\n\t\t\t\t<div class=\"elementor-column elementor-col-33 elementor-inner-column elementor-element elementor-element-7838ec1\" data-id=\"7838ec1\" data-element_type=\"column\">\n\t\t\t<div class=\"elementor-widget-wrap elementor-element-populated\">\n\t\t\t\t\t\t<div class=\"elementor-element elementor-element-e091720 elementor-widget__width-inherit elementor-widget elementor-widget-image\" data-id=\"e091720\" data-element_type=\"widget\" data-widget_type=\"image.default\">\n\t\t\t\t<div class=\"elementor-widget-container\">\n\t\t\t\t\t\t\t\t\t\t\t\t\t\t\t<img loading=\"lazy\" decoding=\"async\" width=\"538\" height=\"69\" src=\"https:\/\/welcomingottawaweek.ca\/wp-content\/uploads\/2019\/02\/IRCC-logo_FR.jpg\" class=\"attachment-large size-large wp-image-311\" alt=\"\" srcset=\"https:\/\/welcomingottawaweek.ca\/wp-content\/uploads\/2019\/02\/IRCC-logo_FR-300x38.jpg 300w, https:\/\/welcomingottawaweek.ca\/wp-content\/uploads\/2019\/02\/IRCC-logo_FR.jpg 538w\" sizes=\"(max-width: 538px) 100vw, 538px\" \/>\t\t\t\t\t\t\t\t\t\t\t\t\t\t\t<\/div>\n\t\t\t\t<\/div>\n\t\t\t\t\t<\/div>\n\t\t<\/div>\n\t\t\t\t\t<\/div>\n\t\t<\/section>\n\t\t\t\t\t<\/div>\n\t\t<\/div>\n\t\t\t\t\t<\/div>\n\t\t<\/section>\n\t\t\t\t<\/div>\n\t\t","protected":false},"excerpt":{"rendered":"<p>Ambassadeurs de la semaine d&rsquo;accueil \u00e0 Ottawa 2023 Bruce Mayo et Sandra West Une famille d\u2019Ottawa bienveillante offre un refuge aux victimes de la guerre en Ukraine Peu apr\u00e8s l\u2019invasion de l\u2019Ukraine par la  [&#8230;]<\/p>\n","protected":false},"author":2,"featured_media":0,"parent":0,"menu_order":0,"comment_status":"closed","ping_status":"closed","template":"","meta":{"footnotes":""},"class_list":["post-6299","page","type-page","status-publish","hentry"],"_links":{"self":[{"href":"https:\/\/welcomingottawaweek.ca\/fr\/wp-json\/wp\/v2\/pages\/6299","targetHints":{"allow":["GET"]}}],"collection":[{"href":"https:\/\/welcomingottawaweek.ca\/fr\/wp-json\/wp\/v2\/pages"}],"about":[{"href":"https:\/\/welcomingottawaweek.ca\/fr\/wp-json\/wp\/v2\/types\/page"}],"author":[{"embeddable":true,"href":"https:\/\/welcomingottawaweek.ca\/fr\/wp-json\/wp\/v2\/users\/2"}],"replies":[{"embeddable":true,"href":"https:\/\/welcomingottawaweek.ca\/fr\/wp-json\/wp\/v2\/comments?post=6299"}],"version-history":[{"count":12,"href":"https:\/\/welcomingottawaweek.ca\/fr\/wp-json\/wp\/v2\/pages\/6299\/revisions"}],"predecessor-version":[{"id":6311,"href":"https:\/\/welcomingottawaweek.ca\/fr\/wp-json\/wp\/v2\/pages\/6299\/revisions\/6311"}],"wp:attachment":[{"href":"https:\/\/welcomingottawaweek.ca\/fr\/wp-json\/wp\/v2\/media?parent=6299"}],"curies":[{"name":"wp","href":"https:\/\/api.w.org\/{rel}","templated":true}]}}