{"id":6345,"date":"2023-06-18T15:22:10","date_gmt":"2023-06-18T19:22:10","guid":{"rendered":"https:\/\/welcomingottawaweek.ca\/?page_id=6345"},"modified":"2023-06-18T15:53:01","modified_gmt":"2023-06-18T19:53:01","slug":"amy-lihua-yan","status":"publish","type":"page","link":"https:\/\/welcomingottawaweek.ca\/fr\/amy-lihua-yan\/","title":{"rendered":"Amy Lihua Yan"},"content":{"rendered":"\t\t<div data-elementor-type=\"wp-page\" data-elementor-id=\"6345\" class=\"elementor elementor-6345 elementor-6180\" data-elementor-post-type=\"page\">\n\t\t\t\t\t\t<section class=\"elementor-section elementor-top-section elementor-element elementor-element-c542326 elementor-section-content-middle elementor-section-stretched elementor-section-boxed elementor-section-height-default elementor-section-height-default\" data-id=\"c542326\" data-element_type=\"section\" data-e-type=\"section\" data-settings=\"{&quot;stretch_section&quot;:&quot;section-stretched&quot;,&quot;background_background&quot;:&quot;classic&quot;}\">\n\t\t\t\t\t\t\t<div class=\"elementor-background-overlay\"><\/div>\n\t\t\t\t\t\t\t<div class=\"elementor-container elementor-column-gap-default\">\n\t\t\t\t\t<div class=\"elementor-column elementor-col-16 elementor-top-column elementor-element elementor-element-62f9342\" data-id=\"62f9342\" data-element_type=\"column\" data-e-type=\"column\">\n\t\t\t<div class=\"elementor-widget-wrap\">\n\t\t\t\t\t\t\t<\/div>\n\t\t<\/div>\n\t\t\t\t<div class=\"elementor-column elementor-col-66 elementor-top-column elementor-element elementor-element-b5b5422\" data-id=\"b5b5422\" data-element_type=\"column\" data-e-type=\"column\">\n\t\t\t<div class=\"elementor-widget-wrap elementor-element-populated\">\n\t\t\t\t\t\t<div class=\"elementor-element elementor-element-26057fe elementor-widget elementor-widget-spacer\" data-id=\"26057fe\" data-element_type=\"widget\" data-e-type=\"widget\" data-widget_type=\"spacer.default\">\n\t\t\t\t<div class=\"elementor-widget-container\">\n\t\t\t\t\t\t\t<div class=\"elementor-spacer\">\n\t\t\t<div class=\"elementor-spacer-inner\"><\/div>\n\t\t<\/div>\n\t\t\t\t\t\t<\/div>\n\t\t\t\t<\/div>\n\t\t\t\t<div class=\"elementor-element elementor-element-60ee2be elementor-widget__width-inherit elementor-widget elementor-widget-heading\" data-id=\"60ee2be\" data-element_type=\"widget\" data-e-type=\"widget\" data-widget_type=\"heading.default\">\n\t\t\t\t<div class=\"elementor-widget-container\">\n\t\t\t\t\t<h1 class=\"elementor-heading-title elementor-size-default\">Ambassadeurs de la semaine d'accueil \u00e0 Ottawa 2023<\/h1>\t\t\t\t<\/div>\n\t\t\t\t<\/div>\n\t\t\t\t<div class=\"elementor-element elementor-element-b47bd5e elementor-widget elementor-widget-spacer\" data-id=\"b47bd5e\" data-element_type=\"widget\" data-e-type=\"widget\" data-widget_type=\"spacer.default\">\n\t\t\t\t<div class=\"elementor-widget-container\">\n\t\t\t\t\t\t\t<div class=\"elementor-spacer\">\n\t\t\t<div class=\"elementor-spacer-inner\"><\/div>\n\t\t<\/div>\n\t\t\t\t\t\t<\/div>\n\t\t\t\t<\/div>\n\t\t\t\t<div class=\"elementor-element elementor-element-8f478ab elementor-widget elementor-widget-spacer\" data-id=\"8f478ab\" data-element_type=\"widget\" data-e-type=\"widget\" data-widget_type=\"spacer.default\">\n\t\t\t\t<div class=\"elementor-widget-container\">\n\t\t\t\t\t\t\t<div class=\"elementor-spacer\">\n\t\t\t<div class=\"elementor-spacer-inner\"><\/div>\n\t\t<\/div>\n\t\t\t\t\t\t<\/div>\n\t\t\t\t<\/div>\n\t\t\t\t\t<\/div>\n\t\t<\/div>\n\t\t\t\t<div class=\"elementor-column elementor-col-16 elementor-top-column elementor-element elementor-element-26f0743\" data-id=\"26f0743\" data-element_type=\"column\" data-e-type=\"column\">\n\t\t\t<div class=\"elementor-widget-wrap\">\n\t\t\t\t\t\t\t<\/div>\n\t\t<\/div>\n\t\t\t\t\t<\/div>\n\t\t<\/section>\n\t\t\t\t<section class=\"elementor-section elementor-top-section elementor-element elementor-element-0c089b4 elementor-section-boxed elementor-section-height-default elementor-section-height-default\" data-id=\"0c089b4\" data-element_type=\"section\" data-e-type=\"section\">\n\t\t\t\t\t\t<div class=\"elementor-container elementor-column-gap-default\">\n\t\t\t\t\t<div class=\"elementor-column elementor-col-100 elementor-top-column elementor-element elementor-element-245d8d3\" data-id=\"245d8d3\" data-element_type=\"column\" data-e-type=\"column\">\n\t\t\t<div class=\"elementor-widget-wrap elementor-element-populated\">\n\t\t\t\t\t\t<div class=\"elementor-element elementor-element-a64c3f6 elementor-widget elementor-widget-spacer\" data-id=\"a64c3f6\" data-element_type=\"widget\" data-e-type=\"widget\" data-widget_type=\"spacer.default\">\n\t\t\t\t<div class=\"elementor-widget-container\">\n\t\t\t\t\t\t\t<div class=\"elementor-spacer\">\n\t\t\t<div class=\"elementor-spacer-inner\"><\/div>\n\t\t<\/div>\n\t\t\t\t\t\t<\/div>\n\t\t\t\t<\/div>\n\t\t\t\t<section class=\"elementor-section elementor-inner-section elementor-element elementor-element-74bb6fe elementor-section-boxed elementor-section-height-default elementor-section-height-default\" data-id=\"74bb6fe\" data-element_type=\"section\" data-e-type=\"section\">\n\t\t\t\t\t\t<div class=\"elementor-container elementor-column-gap-default\">\n\t\t\t\t\t<div class=\"elementor-column elementor-col-100 elementor-inner-column elementor-element elementor-element-e0f43e6\" data-id=\"e0f43e6\" data-element_type=\"column\" data-e-type=\"column\">\n\t\t\t<div class=\"elementor-widget-wrap elementor-element-populated\">\n\t\t\t\t\t\t<div class=\"elementor-element elementor-element-efbee2f elementor-widget elementor-widget-heading\" data-id=\"efbee2f\" data-element_type=\"widget\" data-e-type=\"widget\" data-widget_type=\"heading.default\">\n\t\t\t\t<div class=\"elementor-widget-container\">\n\t\t\t\t\t<h2 class=\"elementor-heading-title elementor-size-default\">Amy (Lihua) Yan<\/h2>\t\t\t\t<\/div>\n\t\t\t\t<\/div>\n\t\t\t\t<div class=\"elementor-element elementor-element-7a57fae elementor-widget elementor-widget-heading\" data-id=\"7a57fae\" data-element_type=\"widget\" data-e-type=\"widget\" data-widget_type=\"heading.default\">\n\t\t\t\t<div class=\"elementor-widget-container\">\n\t\t\t\t\t<h3 class=\"elementor-heading-title elementor-size-default\">Aider \u00e0 b\u00e2tir un meilleur avenir pour les enfants nouvellement arriv\u00e9s et leurs familles<\/h3>\t\t\t\t<\/div>\n\t\t\t\t<\/div>\n\t\t\t\t<div class=\"elementor-element elementor-element-ff3008d elementor-widget elementor-widget-spacer\" data-id=\"ff3008d\" data-element_type=\"widget\" data-e-type=\"widget\" data-widget_type=\"spacer.default\">\n\t\t\t\t<div class=\"elementor-widget-container\">\n\t\t\t\t\t\t\t<div class=\"elementor-spacer\">\n\t\t\t<div class=\"elementor-spacer-inner\"><\/div>\n\t\t<\/div>\n\t\t\t\t\t\t<\/div>\n\t\t\t\t<\/div>\n\t\t\t\t\t<\/div>\n\t\t<\/div>\n\t\t\t\t\t<\/div>\n\t\t<\/section>\n\t\t\t\t<section class=\"elementor-section elementor-inner-section elementor-element elementor-element-c0e2668 elementor-section-boxed elementor-section-height-default elementor-section-height-default\" data-id=\"c0e2668\" data-element_type=\"section\" data-e-type=\"section\">\n\t\t\t\t\t\t<div class=\"elementor-container elementor-column-gap-default\">\n\t\t\t\t\t<div class=\"elementor-column elementor-col-100 elementor-inner-column elementor-element elementor-element-6ef650a\" data-id=\"6ef650a\" data-element_type=\"column\" data-e-type=\"column\">\n\t\t\t<div class=\"elementor-widget-wrap elementor-element-populated\">\n\t\t\t\t\t\t<div class=\"elementor-element elementor-element-af38520 elementor-widget elementor-widget-text-editor\" data-id=\"af38520\" data-element_type=\"widget\" data-e-type=\"widget\" data-widget_type=\"text-editor.default\">\n\t\t\t\t<div class=\"elementor-widget-container\">\n\t\t\t\t\t\t\t\t\t<p><img fetchpriority=\"high\" decoding=\"async\" class=\"wp-image-6167 size-medium alignleft\" src=\"https:\/\/welcomingottawaweek.ca\/wp-content\/uploads\/2023\/06\/Amy-Yan-284x300.png\" alt=\"\" width=\"284\" height=\"300\" srcset=\"https:\/\/welcomingottawaweek.ca\/wp-content\/uploads\/2023\/06\/Amy-Yan-200x211.png 200w, https:\/\/welcomingottawaweek.ca\/wp-content\/uploads\/2023\/06\/Amy-Yan-284x300.png 284w, https:\/\/welcomingottawaweek.ca\/wp-content\/uploads\/2023\/06\/Amy-Yan-400x423.png 400w, https:\/\/welcomingottawaweek.ca\/wp-content\/uploads\/2023\/06\/Amy-Yan-600x634.png 600w, https:\/\/welcomingottawaweek.ca\/wp-content\/uploads\/2023\/06\/Amy-Yan-768x812.png 768w, https:\/\/welcomingottawaweek.ca\/wp-content\/uploads\/2023\/06\/Amy-Yan-800x846.png 800w, https:\/\/welcomingottawaweek.ca\/wp-content\/uploads\/2023\/06\/Amy-Yan-969x1024.png 969w, https:\/\/welcomingottawaweek.ca\/wp-content\/uploads\/2023\/06\/Amy-Yan-1200x1269.png 1200w, https:\/\/welcomingottawaweek.ca\/wp-content\/uploads\/2023\/06\/Amy-Yan.png 1431w\" sizes=\"(max-width: 284px) 100vw, 284px\" \/><\/p><p>Feten a immigr\u00e9 au Canada avec ses deux enfants adolescents au plus fort de la pand\u00e9mie, en juillet 2021, et a ressenti un choc culturel et un grand stress. \u00ab Lorsque nous sommes arriv\u00e9s, tout \u00e9tait ferm\u00e9. Nous ne savions pas o\u00f9 ni vers qui nous tourner pour obtenir de l\u2019aide. Amy m\u2019a beaucoup aid\u00e9e. Aujourd\u2019hui, je suis heureuse et tr\u00e8s reconnaissante parce qu\u2019elle nous a apport\u00e9, \u00e0 moi et \u00e0 mes enfants, un soutien \u00e9motionnel inestimable \u00bb.<\/p><p>Amy est agent de liaison multiculturel (ALM) \u00e0 l\u2019Organisation communautaire des services aux immigrants d\u2019Ottawa (OCISO). Elle apporte actuellement son soutien \u00e0 environ 150 familles de nouveaux arrivants dans les quatre \u00e9coles qui lui ont \u00e9t\u00e9 attribu\u00e9es, et fournit des services itin\u00e9rants \u00e0 toutes les \u00e9coles du Conseil scolaire du district d\u2019Ottawa-Carleton et du Conseil scolaire catholique d\u2019Ottawa. Elle a \u00e9galement travaill\u00e9 au Centre d&rsquo;accueil des familles du Conseil scolaire du district d\u2019Ottawa-Carleton pendant les ann\u00e9es de la pand\u00e9mie de Covid-19, accueillant les nouveaux arrivants lors de leur premier contact avec les \u00e9coles.<span style=\"background-color: var(--content_bg_color); color: var(--body_typography-color); font-family: var(--body_typography-font-family); font-size: var(--body_typography-font-size); font-style: var(--body_typography-font-style,normal); font-weight: var(--body_typography-font-weight); letter-spacing: var(--body_typography-letter-spacing);\">\u00a0<\/span><\/p><p>\u00ab Lorsque j\u2019ai appel\u00e9 Amy pour la premi\u00e8re fois, elle a tout de suite rencontr\u00e9 mes enfants et a continu\u00e9 \u00e0 le faire au moins une fois par semaine \u00bb, se souvient Feten. \u00ab Amy a gracieusement et g\u00e9n\u00e9reusement tendu une main secourable au moment o\u00f9 nous en avions le plus besoin. Notre situation \u00e9tait extr\u00eamement difficile \u00e0 plusieurs niveaux : financier, \u00e9motionnel, \u00e9ducatif, culturel et social. Amy est intervenue chaque fois que n\u00e9cessaire pour r\u00e9soudre certains des probl\u00e8mes auxquels nous \u00e9tions confront\u00e9s en tant que nouveaux arrivants, et pour soutenir mes enfants en tant que nouveaux \u00e9l\u00e8ves \u00e0 l&rsquo;\u00e9cole. Elle a suivi r\u00e9guli\u00e8rement les progr\u00e8s de mes enfants et leur a fourni des ressources et un soutien pour leur parcours scolaire \u00e0 Ottawa \u00bb.<\/p><p>Amy se souvient des nombreux d\u00e9fis suppl\u00e9mentaires auxquels les nouveaux arrivants ont d\u00fb faire face pendant les ann\u00e9es de la pand\u00e9mie. \u00ab La scolarisation en ligne \u00e9tait difficile, surtout pour les nouveaux arrivants \u00bb se souvient Amy. \u00ab Obtenir des ordinateurs et un acc\u00e8s \u00e0 l\u2019internet pour chaque famille a demand\u00e9 un effort consid\u00e9rable, et de nombreux nouveaux arrivants ont eu besoin d\u2019une formation en informatique sur les logiciels utilis\u00e9s pour les r\u00e9unions et l\u2019apprentissage en ligne.<\/p><p>Les comp\u00e9tences sociales et de communication ont souffert, en particulier chez les adolescents, qui ont eu du mal \u00e0 interagir et \u00e0 communiquer avec leurs pairs, ou \u00e0 se familiariser avec l\u2019environnement social et \u00e9ducatif. Beaucoup ont commenc\u00e9 \u00e0 se sentir d\u00e9prim\u00e9s, isol\u00e9s et anxieux, ce qui a eu un impact n\u00e9gatif important sur leur apprentissage et leur sant\u00e9 mentale \u00bb. \u00ab En plus de son r\u00f4le \u00e0 l\u2019\u00e9cole, Amy m\u2019a fourni toutes les ressources et le soutien dont j\u2019avais besoin pour m\u2019int\u00e9grer dans la communaut\u00e9, assurer la liaison avec les agences d\u2019aide \u00e0 l&#8217;emploi et remplir ma toute premi\u00e8re d\u00e9claration d&rsquo;imp\u00f4ts \u00bb ajoute Feten. Feten travaille d\u00e9sormais \u00e0 temps plein et son conjoint, qui travaille actuellement \u00e0 l\u2019\u00e9tranger, rejoindra bient\u00f4t sa famille \u00e0 Ottawa.<\/p><p>\u00ab Je suis tr\u00e8s fi\u00e8re des progr\u00e8s r\u00e9alis\u00e9s par les enfants de Feten en moins de deux ans \u00bb ajoute Amy. \u00ab Je n\u2019aurais pas pu faire ce que Feten a fait pendant la pand\u00e9mie. Elle s\u2019occupe tr\u00e8s bien de ses enfants et les d\u00e9fend, c&rsquo;est une m\u00e8re patiente, aimante et forte \u00bb. Les enfants de Feten se sont install\u00e9s et adapt\u00e9s \u00e0 la vie au Canada. \u00ab Ils ont maintenant des amis et sont devenus tr\u00e8s heureux, et ils aiment faire du b\u00e9n\u00e9volat dans la communaut\u00e9 \u00bb d\u00e9clare une Feten tr\u00e8s fi\u00e8re. <\/p><p>Ayant elle-m\u00eame immigr\u00e9 de Chine, Amy peut comprendre les d\u00e9fis auxquels sont confront\u00e9es les familles de nouveaux arrivants. Elle se consid\u00e8re comme une avocate des familles immigr\u00e9es, dont l\u2019objectif est de leur donner les moyens d\u2019agir et de les encourager. \u00ab Je leur dis de ne pas perdre espoir, qu\u2019ils trouveront leur place ici; ils ont la capacit\u00e9 et la r\u00e9silience n\u00e9cessaires pour r\u00e9ussir. Je crois en eux \u00bb explique Amy. \u00ab Ma plus grande satisfaction est de voir un enfant sourire et une famille s\u2019\u00e9panouir. C\u2019est ce qui fait que tout cela en vaut la peine \u00bb.<\/p><p>Amy est dipl\u00f4m\u00e9e avec honneur du programme de travailleur aupr\u00e8s des enfants et des jeunes du Coll\u00e8ge Algonquin. Depuis l\u2019obtention de son dipl\u00f4me, elle soutient les enfants, les jeunes et les familles dans les communaut\u00e9s \u00e0 faible revenu, les refuges pour femmes et les \u00e9coles. Elle adore travailler avec les enfants et les familles. \u00ab Ils me donnent de l\u2019\u00e9nergie et de l\u2019espoir \u00bb explique-t-elle. Pendant son temps libre, Amy fait r\u00e9guli\u00e8rement du b\u00e9n\u00e9volat aupr\u00e8s de la communaut\u00e9 bah\u00e1\u2019\u00ede et de la communaut\u00e9 chinoise. \u00ab Nous sommes tous une famille, les fleurs d\u2019un m\u00eame jardin, les feuilles d\u2019un m\u00eame arbre et nous avons tous le potentiel de grandir \u00bb. \u00ab Je suis ici au Canada pour assurer un meilleur avenir \u00e0 mes enfants \u00bb conclut Feten. Pour Amy, ouvrir des portes \u00e0 Feten et \u00e0 sa famille pour leur permettre d\u2019acc\u00e9der \u00e0 cet avenir est un travail de tous les jours, et elle continue \u00e0 travailler avec eux aujourd\u2019hui, sur leur chemin pour faire d\u2019Ottawa leur maison.<\/p><p>\u00a0<\/p>\t\t\t\t\t\t\t\t<\/div>\n\t\t\t\t<\/div>\n\t\t\t\t\t<\/div>\n\t\t<\/div>\n\t\t\t\t\t<\/div>\n\t\t<\/section>\n\t\t\t\t\t<\/div>\n\t\t<\/div>\n\t\t\t\t\t<\/div>\n\t\t<\/section>\n\t\t\t\t<section class=\"elementor-section elementor-top-section elementor-element elementor-element-524e566 elementor-section-boxed elementor-section-height-default elementor-section-height-default\" data-id=\"524e566\" data-element_type=\"section\" data-e-type=\"section\">\n\t\t\t\t\t\t<div class=\"elementor-container elementor-column-gap-default\">\n\t\t\t\t\t<div class=\"elementor-column elementor-col-100 elementor-top-column elementor-element elementor-element-6e17ae8\" data-id=\"6e17ae8\" data-element_type=\"column\" data-e-type=\"column\">\n\t\t\t<div class=\"elementor-widget-wrap elementor-element-populated\">\n\t\t\t\t\t\t<section class=\"elementor-section elementor-inner-section elementor-element elementor-element-47aa2e8 elementor-section-content-middle elementor-section-boxed elementor-section-height-default elementor-section-height-default\" data-id=\"47aa2e8\" data-element_type=\"section\" data-e-type=\"section\">\n\t\t\t\t\t\t<div class=\"elementor-container elementor-column-gap-default\">\n\t\t\t\t\t<div class=\"elementor-column elementor-col-33 elementor-inner-column elementor-element elementor-element-b2987fc\" data-id=\"b2987fc\" data-element_type=\"column\" data-e-type=\"column\" data-settings=\"{&quot;background_background&quot;:&quot;classic&quot;}\">\n\t\t\t<div class=\"elementor-widget-wrap elementor-element-populated\">\n\t\t\t\t\t\t<div class=\"elementor-element elementor-element-d5face4 elementor-widget__width-inherit elementor-widget elementor-widget-image\" data-id=\"d5face4\" data-element_type=\"widget\" data-e-type=\"widget\" data-widget_type=\"image.default\">\n\t\t\t\t<div class=\"elementor-widget-container\">\n\t\t\t\t\t\t\t\t\t\t\t\t\t\t\t<img decoding=\"async\" width=\"658\" height=\"306\" src=\"https:\/\/welcomingottawaweek.ca\/wp-content\/uploads\/2023\/06\/logo-retina.png\" class=\"attachment-large size-large wp-image-6067\" alt=\"\" srcset=\"https:\/\/welcomingottawaweek.ca\/wp-content\/uploads\/2023\/06\/logo-retina-200x93.png 200w, https:\/\/welcomingottawaweek.ca\/wp-content\/uploads\/2023\/06\/logo-retina-300x140.png 300w, https:\/\/welcomingottawaweek.ca\/wp-content\/uploads\/2023\/06\/logo-retina-400x186.png 400w, https:\/\/welcomingottawaweek.ca\/wp-content\/uploads\/2023\/06\/logo-retina-600x279.png 600w, https:\/\/welcomingottawaweek.ca\/wp-content\/uploads\/2023\/06\/logo-retina.png 658w\" sizes=\"(max-width: 658px) 100vw, 658px\" \/>\t\t\t\t\t\t\t\t\t\t\t\t\t\t\t<\/div>\n\t\t\t\t<\/div>\n\t\t\t\t\t<\/div>\n\t\t<\/div>\n\t\t\t\t<div class=\"elementor-column elementor-col-33 elementor-inner-column elementor-element elementor-element-38714cb\" data-id=\"38714cb\" data-element_type=\"column\" data-e-type=\"column\">\n\t\t\t<div class=\"elementor-widget-wrap elementor-element-populated\">\n\t\t\t\t\t\t<div class=\"elementor-element elementor-element-36967bb elementor-widget__width-inherit elementor-widget elementor-widget-image\" data-id=\"36967bb\" data-element_type=\"widget\" data-e-type=\"widget\" data-widget_type=\"image.default\">\n\t\t\t\t<div class=\"elementor-widget-container\">\n\t\t\t\t\t\t\t\t\t\t\t\t\t\t\t<img decoding=\"async\" width=\"327\" height=\"86\" src=\"https:\/\/welcomingottawaweek.ca\/wp-content\/uploads\/2019\/05\/CBC-ottawa-logo.png\" class=\"attachment-large size-large wp-image-999\" alt=\"\" srcset=\"https:\/\/welcomingottawaweek.ca\/wp-content\/uploads\/2019\/05\/CBC-ottawa-logo-200x53.png 200w, https:\/\/welcomingottawaweek.ca\/wp-content\/uploads\/2019\/05\/CBC-ottawa-logo-300x79.png 300w, https:\/\/welcomingottawaweek.ca\/wp-content\/uploads\/2019\/05\/CBC-ottawa-logo.png 327w\" sizes=\"(max-width: 327px) 100vw, 327px\" \/>\t\t\t\t\t\t\t\t\t\t\t\t\t\t\t<\/div>\n\t\t\t\t<\/div>\n\t\t\t\t\t<\/div>\n\t\t<\/div>\n\t\t\t\t<div class=\"elementor-column elementor-col-33 elementor-inner-column elementor-element elementor-element-d4f163b\" data-id=\"d4f163b\" data-element_type=\"column\" data-e-type=\"column\">\n\t\t\t<div class=\"elementor-widget-wrap elementor-element-populated\">\n\t\t\t\t\t\t<div class=\"elementor-element elementor-element-e8b5181 elementor-widget__width-inherit elementor-widget elementor-widget-image\" data-id=\"e8b5181\" data-element_type=\"widget\" data-e-type=\"widget\" data-widget_type=\"image.default\">\n\t\t\t\t<div class=\"elementor-widget-container\">\n\t\t\t\t\t\t\t\t\t\t\t\t\t\t\t<img loading=\"lazy\" decoding=\"async\" width=\"538\" height=\"69\" src=\"https:\/\/welcomingottawaweek.ca\/wp-content\/uploads\/2019\/02\/IRCC-logo_FR.jpg\" class=\"attachment-large size-large wp-image-311\" alt=\"\" srcset=\"https:\/\/welcomingottawaweek.ca\/wp-content\/uploads\/2019\/02\/IRCC-logo_FR-300x38.jpg 300w, https:\/\/welcomingottawaweek.ca\/wp-content\/uploads\/2019\/02\/IRCC-logo_FR.jpg 538w\" sizes=\"(max-width: 538px) 100vw, 538px\" \/>\t\t\t\t\t\t\t\t\t\t\t\t\t\t\t<\/div>\n\t\t\t\t<\/div>\n\t\t\t\t\t<\/div>\n\t\t<\/div>\n\t\t\t\t\t<\/div>\n\t\t<\/section>\n\t\t\t\t\t<\/div>\n\t\t<\/div>\n\t\t\t\t\t<\/div>\n\t\t<\/section>\n\t\t\t\t<\/div>\n\t\t","protected":false},"excerpt":{"rendered":"<p>Ambassadeurs de la semaine d&rsquo;accueil \u00e0 Ottawa 2023 Amy (Lihua) Yan Aider \u00e0 b\u00e2tir un meilleur avenir pour les enfants nouvellement arriv\u00e9s et leurs familles Feten a immigr\u00e9 au Canada avec ses deux enfants  [&#8230;]<\/p>\n","protected":false},"author":2,"featured_media":0,"parent":0,"menu_order":0,"comment_status":"closed","ping_status":"closed","template":"","meta":{"footnotes":""},"class_list":["post-6345","page","type-page","status-publish","hentry"],"_links":{"self":[{"href":"https:\/\/welcomingottawaweek.ca\/fr\/wp-json\/wp\/v2\/pages\/6345","targetHints":{"allow":["GET"]}}],"collection":[{"href":"https:\/\/welcomingottawaweek.ca\/fr\/wp-json\/wp\/v2\/pages"}],"about":[{"href":"https:\/\/welcomingottawaweek.ca\/fr\/wp-json\/wp\/v2\/types\/page"}],"author":[{"embeddable":true,"href":"https:\/\/welcomingottawaweek.ca\/fr\/wp-json\/wp\/v2\/users\/2"}],"replies":[{"embeddable":true,"href":"https:\/\/welcomingottawaweek.ca\/fr\/wp-json\/wp\/v2\/comments?post=6345"}],"version-history":[{"count":10,"href":"https:\/\/welcomingottawaweek.ca\/fr\/wp-json\/wp\/v2\/pages\/6345\/revisions"}],"predecessor-version":[{"id":6368,"href":"https:\/\/welcomingottawaweek.ca\/fr\/wp-json\/wp\/v2\/pages\/6345\/revisions\/6368"}],"wp:attachment":[{"href":"https:\/\/welcomingottawaweek.ca\/fr\/wp-json\/wp\/v2\/media?parent=6345"}],"curies":[{"name":"wp","href":"https:\/\/api.w.org\/{rel}","templated":true}]}}