{"id":6373,"date":"2023-06-19T03:37:15","date_gmt":"2023-06-19T07:37:15","guid":{"rendered":"https:\/\/welcomingottawaweek.ca\/?page_id=6373"},"modified":"2023-06-19T03:39:18","modified_gmt":"2023-06-19T07:39:18","slug":"don-cullen-and-marie-therese","status":"publish","type":"page","link":"https:\/\/welcomingottawaweek.ca\/fr\/don-cullen-and-marie-therese\/","title":{"rendered":"Don Cullen and Marie-Therese"},"content":{"rendered":"\t\t<div data-elementor-type=\"wp-page\" data-elementor-id=\"6373\" class=\"elementor elementor-6373 elementor-6207\" data-elementor-post-type=\"page\">\n\t\t\t\t\t\t<section class=\"elementor-section elementor-top-section elementor-element elementor-element-7a2e83e elementor-section-content-middle elementor-section-stretched elementor-section-boxed elementor-section-height-default elementor-section-height-default\" data-id=\"7a2e83e\" data-element_type=\"section\" data-e-type=\"section\" data-settings=\"{&quot;stretch_section&quot;:&quot;section-stretched&quot;,&quot;background_background&quot;:&quot;classic&quot;}\">\n\t\t\t\t\t\t\t<div class=\"elementor-background-overlay\"><\/div>\n\t\t\t\t\t\t\t<div class=\"elementor-container elementor-column-gap-default\">\n\t\t\t\t\t<div class=\"elementor-column elementor-col-16 elementor-top-column elementor-element elementor-element-0930f18\" data-id=\"0930f18\" data-element_type=\"column\" data-e-type=\"column\">\n\t\t\t<div class=\"elementor-widget-wrap\">\n\t\t\t\t\t\t\t<\/div>\n\t\t<\/div>\n\t\t\t\t<div class=\"elementor-column elementor-col-66 elementor-top-column elementor-element elementor-element-281c30b\" data-id=\"281c30b\" data-element_type=\"column\" data-e-type=\"column\">\n\t\t\t<div class=\"elementor-widget-wrap elementor-element-populated\">\n\t\t\t\t\t\t<div class=\"elementor-element elementor-element-b9b08f3 elementor-widget elementor-widget-spacer\" data-id=\"b9b08f3\" data-element_type=\"widget\" data-e-type=\"widget\" data-widget_type=\"spacer.default\">\n\t\t\t\t<div class=\"elementor-widget-container\">\n\t\t\t\t\t\t\t<div class=\"elementor-spacer\">\n\t\t\t<div class=\"elementor-spacer-inner\"><\/div>\n\t\t<\/div>\n\t\t\t\t\t\t<\/div>\n\t\t\t\t<\/div>\n\t\t\t\t<div class=\"elementor-element elementor-element-db6c1c9 elementor-widget__width-inherit elementor-widget elementor-widget-heading\" data-id=\"db6c1c9\" data-element_type=\"widget\" data-e-type=\"widget\" data-widget_type=\"heading.default\">\n\t\t\t\t<div class=\"elementor-widget-container\">\n\t\t\t\t\t<h1 class=\"elementor-heading-title elementor-size-default\">Ambassadeurs de la semaine d'accueil \u00e0 Ottawa 2023<\/h1>\t\t\t\t<\/div>\n\t\t\t\t<\/div>\n\t\t\t\t<div class=\"elementor-element elementor-element-efad2b1 elementor-widget elementor-widget-spacer\" data-id=\"efad2b1\" data-element_type=\"widget\" data-e-type=\"widget\" data-widget_type=\"spacer.default\">\n\t\t\t\t<div class=\"elementor-widget-container\">\n\t\t\t\t\t\t\t<div class=\"elementor-spacer\">\n\t\t\t<div class=\"elementor-spacer-inner\"><\/div>\n\t\t<\/div>\n\t\t\t\t\t\t<\/div>\n\t\t\t\t<\/div>\n\t\t\t\t<div class=\"elementor-element elementor-element-eab11fb elementor-widget elementor-widget-spacer\" data-id=\"eab11fb\" data-element_type=\"widget\" data-e-type=\"widget\" data-widget_type=\"spacer.default\">\n\t\t\t\t<div class=\"elementor-widget-container\">\n\t\t\t\t\t\t\t<div class=\"elementor-spacer\">\n\t\t\t<div class=\"elementor-spacer-inner\"><\/div>\n\t\t<\/div>\n\t\t\t\t\t\t<\/div>\n\t\t\t\t<\/div>\n\t\t\t\t\t<\/div>\n\t\t<\/div>\n\t\t\t\t<div class=\"elementor-column elementor-col-16 elementor-top-column elementor-element elementor-element-6618aac\" data-id=\"6618aac\" data-element_type=\"column\" data-e-type=\"column\">\n\t\t\t<div class=\"elementor-widget-wrap\">\n\t\t\t\t\t\t\t<\/div>\n\t\t<\/div>\n\t\t\t\t\t<\/div>\n\t\t<\/section>\n\t\t\t\t<section class=\"elementor-section elementor-top-section elementor-element elementor-element-17fe853 elementor-section-boxed elementor-section-height-default elementor-section-height-default\" data-id=\"17fe853\" data-element_type=\"section\" data-e-type=\"section\">\n\t\t\t\t\t\t<div class=\"elementor-container elementor-column-gap-default\">\n\t\t\t\t\t<div class=\"elementor-column elementor-col-100 elementor-top-column elementor-element elementor-element-d994627\" data-id=\"d994627\" data-element_type=\"column\" data-e-type=\"column\">\n\t\t\t<div class=\"elementor-widget-wrap elementor-element-populated\">\n\t\t\t\t\t\t<div class=\"elementor-element elementor-element-c9ff79e elementor-widget elementor-widget-spacer\" data-id=\"c9ff79e\" data-element_type=\"widget\" data-e-type=\"widget\" data-widget_type=\"spacer.default\">\n\t\t\t\t<div class=\"elementor-widget-container\">\n\t\t\t\t\t\t\t<div class=\"elementor-spacer\">\n\t\t\t<div class=\"elementor-spacer-inner\"><\/div>\n\t\t<\/div>\n\t\t\t\t\t\t<\/div>\n\t\t\t\t<\/div>\n\t\t\t\t<section class=\"elementor-section elementor-inner-section elementor-element elementor-element-23fae06 elementor-section-boxed elementor-section-height-default elementor-section-height-default\" data-id=\"23fae06\" data-element_type=\"section\" data-e-type=\"section\">\n\t\t\t\t\t\t<div class=\"elementor-container elementor-column-gap-default\">\n\t\t\t\t\t<div class=\"elementor-column elementor-col-100 elementor-inner-column elementor-element elementor-element-ad8b0c8\" data-id=\"ad8b0c8\" data-element_type=\"column\" data-e-type=\"column\">\n\t\t\t<div class=\"elementor-widget-wrap elementor-element-populated\">\n\t\t\t\t\t\t<div class=\"elementor-element elementor-element-36b8677 elementor-widget elementor-widget-heading\" data-id=\"36b8677\" data-element_type=\"widget\" data-e-type=\"widget\" data-widget_type=\"heading.default\">\n\t\t\t\t<div class=\"elementor-widget-container\">\n\t\t\t\t\t<h2 class=\"elementor-heading-title elementor-size-default\">Don Cullen et Marie-Th\u00e9r\u00e8se O'Sullivan <\/h2>\t\t\t\t<\/div>\n\t\t\t\t<\/div>\n\t\t\t\t<div class=\"elementor-element elementor-element-ce435ca elementor-widget elementor-widget-heading\" data-id=\"ce435ca\" data-element_type=\"widget\" data-e-type=\"widget\" data-widget_type=\"heading.default\">\n\t\t\t\t<div class=\"elementor-widget-container\">\n\t\t\t\t\t<h3 class=\"elementor-heading-title elementor-size-default\">Partager amour, joie et espoir avec les nouveaux arrivants<\/h3>\t\t\t\t<\/div>\n\t\t\t\t<\/div>\n\t\t\t\t<div class=\"elementor-element elementor-element-75dfff1 elementor-widget elementor-widget-spacer\" data-id=\"75dfff1\" data-element_type=\"widget\" data-e-type=\"widget\" data-widget_type=\"spacer.default\">\n\t\t\t\t<div class=\"elementor-widget-container\">\n\t\t\t\t\t\t\t<div class=\"elementor-spacer\">\n\t\t\t<div class=\"elementor-spacer-inner\"><\/div>\n\t\t<\/div>\n\t\t\t\t\t\t<\/div>\n\t\t\t\t<\/div>\n\t\t\t\t\t<\/div>\n\t\t<\/div>\n\t\t\t\t\t<\/div>\n\t\t<\/section>\n\t\t\t\t<section class=\"elementor-section elementor-inner-section elementor-element elementor-element-286cdb2 elementor-section-boxed elementor-section-height-default elementor-section-height-default\" data-id=\"286cdb2\" data-element_type=\"section\" data-e-type=\"section\">\n\t\t\t\t\t\t<div class=\"elementor-container elementor-column-gap-default\">\n\t\t\t\t\t<div class=\"elementor-column elementor-col-100 elementor-inner-column elementor-element elementor-element-bb9df7c\" data-id=\"bb9df7c\" data-element_type=\"column\" data-e-type=\"column\">\n\t\t\t<div class=\"elementor-widget-wrap elementor-element-populated\">\n\t\t\t\t\t\t<div class=\"elementor-element elementor-element-ffdf0cd elementor-widget elementor-widget-text-editor\" data-id=\"ffdf0cd\" data-element_type=\"widget\" data-e-type=\"widget\" data-widget_type=\"text-editor.default\">\n\t\t\t\t<div class=\"elementor-widget-container\">\n\t\t\t\t\t\t\t\t\t<p><img fetchpriority=\"high\" decoding=\"async\" class=\"wp-image-6214 size-medium alignleft\" src=\"https:\/\/welcomingottawaweek.ca\/wp-content\/uploads\/2023\/06\/Don_Marie-300x225.jpg\" alt=\"\" width=\"300\" height=\"225\" srcset=\"https:\/\/welcomingottawaweek.ca\/wp-content\/uploads\/2023\/06\/Don_Marie-200x150.jpg 200w, https:\/\/welcomingottawaweek.ca\/wp-content\/uploads\/2023\/06\/Don_Marie-300x225.jpg 300w, https:\/\/welcomingottawaweek.ca\/wp-content\/uploads\/2023\/06\/Don_Marie-400x300.jpg 400w, https:\/\/welcomingottawaweek.ca\/wp-content\/uploads\/2023\/06\/Don_Marie-600x450.jpg 600w, https:\/\/welcomingottawaweek.ca\/wp-content\/uploads\/2023\/06\/Don_Marie-768x576.jpg 768w, https:\/\/welcomingottawaweek.ca\/wp-content\/uploads\/2023\/06\/Don_Marie-800x600.jpg 800w, https:\/\/welcomingottawaweek.ca\/wp-content\/uploads\/2023\/06\/Don_Marie.jpg 1000w\" sizes=\"(max-width: 300px) 100vw, 300px\" \/><\/p><p>La plupart des gens passent leur \u00e2ge d\u2019or \u00e0 s\u2019adonner \u00e0 leurs loisirs pr\u00e9f\u00e9r\u00e9s. Mais un couple de septuag\u00e9naires d\u2019Ottawa a choisi de consacrer son temps libre \u00e0 aider les nouveaux arrivants, comme la famille de Tamim Ansar.<\/p><p>Tamim a quitt\u00e9 l\u2019Afghanistan en f\u00e9vrier 2021. Ses parents et ses huit fr\u00e8res et s\u0153urs l\u2019ont rejoint quelques mois plus tard, peu apr\u00e8s le retrait des forces de l\u2019OTAN du pays.<\/p><p>Don Cullen et Marie-Th\u00e9r\u00e8se O\u2019Sullivan ont d&rsquo;abord appris par des voisins qu\u2019il y avait \u00ab une grande famille au bout de la rue qui avait besoin d\u2019aide \u00bb. Ils se sont empress\u00e9s de se pr\u00e9senter aux Ansar au cours d\u2019une de leurs promenades quotidiennes.<br \/><br \/>Ces derniers ont une longue tradition d\u2019aide aux r\u00e9fugi\u00e9s, ainsi qu\u2019aux nouveaux arrivants de nombreux pays. Il y a plus de 40 ans, dans le cadre du Projet 4000, ils ont ouvert leur maison \u00e0 des r\u00e9fugi\u00e9s vietnamiens.<\/p><p>\u00ab Don et Marie-Th\u00e9r\u00e8se sont pleins de patience, de gentillesse et d\u2019\u00e9nergie \u00bb d\u00e9clare Tamim. Il ne sait pas comment sa famille se serait d\u00e9brouill\u00e9e sans eux. \u00ab Ils ont aid\u00e9 ma famille \u00e0 r\u00e9gler de nombreux d\u00e9tails li\u00e9s \u00e0 la r\u00e9installation et \u00e0 la navigation dans le syst\u00e8me, qu\u2019il s\u2019agisse d\u2019innombrables trajets pour se rendre \u00e0 des rendez-vous, d\u2019aide alimentaire, de tutorat, de v\u00eatements, de jardinage ou d\u2019opportunit\u00e9s de financement \u00bb.<\/p><p>Ils ont aid\u00e9 Tamim et son p\u00e8re \u00e0 apprendre \u00e0 conduire, en leur pr\u00eatant leur voiture. \u00ab Gr\u00e2ce \u00e0 leurs efforts, j\u2019ai obtenu mon permis de conduire de niveau G \u00bb explique Tamim. Tamim travaille dans une caisse populaire et suit le programme d\u2019\u00e9tudes environnementales de l\u2019Universit\u00e9 Carleton. Il donne \u00e9galement de son temps en faisant du b\u00e9n\u00e9volat en tant qu\u2019interpr\u00e8te en pachto et en dari aupr\u00e8s du Centre catholique pour immigrants et en aidant d\u2019autres nouveaux arrivants \u00e0 se r\u00e9installer.<\/p><p>\u00ab Ils donnent des conseils sur la fa\u00e7on de s\u2019adapter \u00e0 la culture du Canada et de r\u00e9ussir dans les diff\u00e9rents aspects de la vie. Don et Marie-Th\u00e9r\u00e8se nous font sentir que le Canada est un paradis pour les immigrants et les r\u00e9fugi\u00e9s. Ils nous ont enseign\u00e9 des le\u00e7ons de vie et nous ont appris \u00e0 \u00eatre gentils avec les gens sans aucune attente \u00bb.<\/p><p>\u00ab Lorsqu\u2019une porte se ferme, une autre s\u2019ouvre sur des opportunit\u00e9s d\u2019aider les nouveaux arrivants et les jeunes \u00bb fait remarquer Don. \u00ab Si vous pouvez \u00e9gayer la journ\u00e9e de quelqu\u2019un pendant quelques instants, c\u2019est formidable. Lorsque vous aidez les nouveaux arrivants, vous pouvez \u00e9galement d\u00e9couvrir d\u2019autres cultures et d\u2019autres religions. On trouve un point commun et on apprend les uns des autres \u00bb.<\/p><p>\u00ab Notre communaut\u00e9, qui comprend le quartier Queensway Terrace North et l\u2019\u00e9glise unie Britannia, a beaucoup soutenu Tamim et sa famille et a m\u00eame financ\u00e9 leur nourriture pendant un certain temps \u00bb explique Marie-Th\u00e9r\u00e8se. \u00ab Cela a \u00e9t\u00e9 un processus graduel, les gens nous ont contact\u00e9s et nous ont offert leur aide \u00bb.<\/p><p>\u00ab Beaucoup de r\u00e9fugi\u00e9s sont s\u00e9par\u00e9s de leur famille \u00e9largie dans leur pays d\u2019origine \u00bb ajoute Marie-Th\u00e9r\u00e8se. Bien qu\u2019ils n\u2019aient pas d\u2019enfants, Don et Marie-Th\u00e9r\u00e8se sont devenus comme un oncle et une tante pour les enfants Ansar. Les deux familles ont r\u00e9cemment c\u00e9l\u00e9br\u00e9 l\u2019anniversaire de Don et de l\u2019une des s\u0153urs de Tamim. Ils ont partag\u00e9 un festin afghan, beaucoup ri et m\u00eame appris une danse traditionnelle afghane.<\/p><p>Tamim explique que Don et son p\u00e8re sont devenus tr\u00e8s proches. Ils partagent m\u00eame occasionnellement des \u00ab blagues de p\u00e8re \u00bb.<\/p><p>Don et Marie-Th\u00e9r\u00e8se se sentent privil\u00e9gi\u00e9s de recevoir ce prix. \u00ab Nous ne sommes que deux paires de mains. Il y a des centaines d\u2019autres mains. Nous ferons ce que nous pourrons pour aider \u00e0 l\u2019avenir. Par ce prix, nous rendons hommage \u00e0 tous ceux qui ont su accueillir les nouveaux arrivants \u00bb.<\/p><p>\u00ab La famille de Tamim s\u2019est pr\u00e9sent\u00e9e l\u2019autre jour chez nous \u00bb conclut Don. \u00ab Ils \u00e9taient magnifiquement habill\u00e9s et nous ont pr\u00e9sent\u00e9 leur ami. C&rsquo;\u00e9tait tellement agr\u00e9able de voir leurs visages souriants et de partager leur amour, leur joie et leur espoir \u00bb.<\/p><p>\u00a0<\/p>\t\t\t\t\t\t\t\t<\/div>\n\t\t\t\t<\/div>\n\t\t\t\t\t<\/div>\n\t\t<\/div>\n\t\t\t\t\t<\/div>\n\t\t<\/section>\n\t\t\t\t\t<\/div>\n\t\t<\/div>\n\t\t\t\t\t<\/div>\n\t\t<\/section>\n\t\t\t\t<section class=\"elementor-section elementor-top-section elementor-element elementor-element-7c1c4fe elementor-section-boxed elementor-section-height-default elementor-section-height-default\" data-id=\"7c1c4fe\" data-element_type=\"section\" data-e-type=\"section\">\n\t\t\t\t\t\t<div class=\"elementor-container elementor-column-gap-default\">\n\t\t\t\t\t<div class=\"elementor-column elementor-col-100 elementor-top-column elementor-element elementor-element-ba4216e\" data-id=\"ba4216e\" data-element_type=\"column\" data-e-type=\"column\">\n\t\t\t<div class=\"elementor-widget-wrap elementor-element-populated\">\n\t\t\t\t\t\t<section class=\"elementor-section elementor-inner-section elementor-element elementor-element-e2bc8f8 elementor-section-content-middle elementor-section-boxed elementor-section-height-default elementor-section-height-default\" data-id=\"e2bc8f8\" data-element_type=\"section\" data-e-type=\"section\">\n\t\t\t\t\t\t<div class=\"elementor-container elementor-column-gap-default\">\n\t\t\t\t\t<div class=\"elementor-column elementor-col-33 elementor-inner-column elementor-element elementor-element-cf5dcf2\" data-id=\"cf5dcf2\" data-element_type=\"column\" data-e-type=\"column\" data-settings=\"{&quot;background_background&quot;:&quot;classic&quot;}\">\n\t\t\t<div class=\"elementor-widget-wrap elementor-element-populated\">\n\t\t\t\t\t\t<div class=\"elementor-element elementor-element-d7e877f elementor-widget__width-inherit elementor-widget elementor-widget-image\" data-id=\"d7e877f\" data-element_type=\"widget\" data-e-type=\"widget\" data-widget_type=\"image.default\">\n\t\t\t\t<div class=\"elementor-widget-container\">\n\t\t\t\t\t\t\t\t\t\t\t\t\t\t\t<img decoding=\"async\" width=\"658\" height=\"306\" src=\"https:\/\/welcomingottawaweek.ca\/wp-content\/uploads\/2023\/06\/logo-retina.png\" class=\"attachment-large size-large wp-image-6067\" alt=\"\" srcset=\"https:\/\/welcomingottawaweek.ca\/wp-content\/uploads\/2023\/06\/logo-retina-200x93.png 200w, https:\/\/welcomingottawaweek.ca\/wp-content\/uploads\/2023\/06\/logo-retina-300x140.png 300w, https:\/\/welcomingottawaweek.ca\/wp-content\/uploads\/2023\/06\/logo-retina-400x186.png 400w, https:\/\/welcomingottawaweek.ca\/wp-content\/uploads\/2023\/06\/logo-retina-600x279.png 600w, https:\/\/welcomingottawaweek.ca\/wp-content\/uploads\/2023\/06\/logo-retina.png 658w\" sizes=\"(max-width: 658px) 100vw, 658px\" \/>\t\t\t\t\t\t\t\t\t\t\t\t\t\t\t<\/div>\n\t\t\t\t<\/div>\n\t\t\t\t\t<\/div>\n\t\t<\/div>\n\t\t\t\t<div class=\"elementor-column elementor-col-33 elementor-inner-column elementor-element elementor-element-79b8ccc\" data-id=\"79b8ccc\" data-element_type=\"column\" data-e-type=\"column\">\n\t\t\t<div class=\"elementor-widget-wrap elementor-element-populated\">\n\t\t\t\t\t\t<div class=\"elementor-element elementor-element-9635ac7 elementor-widget__width-inherit elementor-widget elementor-widget-image\" data-id=\"9635ac7\" data-element_type=\"widget\" data-e-type=\"widget\" data-widget_type=\"image.default\">\n\t\t\t\t<div class=\"elementor-widget-container\">\n\t\t\t\t\t\t\t\t\t\t\t\t\t\t\t<img decoding=\"async\" width=\"327\" height=\"86\" src=\"https:\/\/welcomingottawaweek.ca\/wp-content\/uploads\/2019\/05\/CBC-ottawa-logo.png\" class=\"attachment-large size-large wp-image-999\" alt=\"\" srcset=\"https:\/\/welcomingottawaweek.ca\/wp-content\/uploads\/2019\/05\/CBC-ottawa-logo-200x53.png 200w, https:\/\/welcomingottawaweek.ca\/wp-content\/uploads\/2019\/05\/CBC-ottawa-logo-300x79.png 300w, https:\/\/welcomingottawaweek.ca\/wp-content\/uploads\/2019\/05\/CBC-ottawa-logo.png 327w\" sizes=\"(max-width: 327px) 100vw, 327px\" \/>\t\t\t\t\t\t\t\t\t\t\t\t\t\t\t<\/div>\n\t\t\t\t<\/div>\n\t\t\t\t\t<\/div>\n\t\t<\/div>\n\t\t\t\t<div class=\"elementor-column elementor-col-33 elementor-inner-column elementor-element elementor-element-b9e68ea\" data-id=\"b9e68ea\" data-element_type=\"column\" data-e-type=\"column\">\n\t\t\t<div class=\"elementor-widget-wrap elementor-element-populated\">\n\t\t\t\t\t\t<div class=\"elementor-element elementor-element-f1df7bb elementor-widget__width-inherit elementor-widget elementor-widget-image\" data-id=\"f1df7bb\" data-element_type=\"widget\" data-e-type=\"widget\" data-widget_type=\"image.default\">\n\t\t\t\t<div class=\"elementor-widget-container\">\n\t\t\t\t\t\t\t\t\t\t\t\t\t\t\t<img loading=\"lazy\" decoding=\"async\" width=\"538\" height=\"69\" src=\"https:\/\/welcomingottawaweek.ca\/wp-content\/uploads\/2019\/02\/IRCC-logo_FR.jpg\" class=\"attachment-large size-large wp-image-311\" alt=\"\" srcset=\"https:\/\/welcomingottawaweek.ca\/wp-content\/uploads\/2019\/02\/IRCC-logo_FR-300x38.jpg 300w, https:\/\/welcomingottawaweek.ca\/wp-content\/uploads\/2019\/02\/IRCC-logo_FR.jpg 538w\" sizes=\"(max-width: 538px) 100vw, 538px\" \/>\t\t\t\t\t\t\t\t\t\t\t\t\t\t\t<\/div>\n\t\t\t\t<\/div>\n\t\t\t\t\t<\/div>\n\t\t<\/div>\n\t\t\t\t\t<\/div>\n\t\t<\/section>\n\t\t\t\t\t<\/div>\n\t\t<\/div>\n\t\t\t\t\t<\/div>\n\t\t<\/section>\n\t\t\t\t<\/div>\n\t\t","protected":false},"excerpt":{"rendered":"<p>Ambassadeurs de la semaine d&rsquo;accueil \u00e0 Ottawa 2023 Don Cullen et Marie-Th\u00e9r\u00e8se O&rsquo;Sullivan Partager amour, joie et espoir avec les nouveaux arrivants La plupart des gens passent leur \u00e2ge d\u2019or \u00e0 s\u2019adonner \u00e0 leurs  [&#8230;]<\/p>\n","protected":false},"author":2,"featured_media":0,"parent":0,"menu_order":0,"comment_status":"closed","ping_status":"closed","template":"","meta":{"footnotes":""},"class_list":["post-6373","page","type-page","status-publish","hentry"],"_links":{"self":[{"href":"https:\/\/welcomingottawaweek.ca\/fr\/wp-json\/wp\/v2\/pages\/6373","targetHints":{"allow":["GET"]}}],"collection":[{"href":"https:\/\/welcomingottawaweek.ca\/fr\/wp-json\/wp\/v2\/pages"}],"about":[{"href":"https:\/\/welcomingottawaweek.ca\/fr\/wp-json\/wp\/v2\/types\/page"}],"author":[{"embeddable":true,"href":"https:\/\/welcomingottawaweek.ca\/fr\/wp-json\/wp\/v2\/users\/2"}],"replies":[{"embeddable":true,"href":"https:\/\/welcomingottawaweek.ca\/fr\/wp-json\/wp\/v2\/comments?post=6373"}],"version-history":[{"count":7,"href":"https:\/\/welcomingottawaweek.ca\/fr\/wp-json\/wp\/v2\/pages\/6373\/revisions"}],"predecessor-version":[{"id":6382,"href":"https:\/\/welcomingottawaweek.ca\/fr\/wp-json\/wp\/v2\/pages\/6373\/revisions\/6382"}],"wp:attachment":[{"href":"https:\/\/welcomingottawaweek.ca\/fr\/wp-json\/wp\/v2\/media?parent=6373"}],"curies":[{"name":"wp","href":"https:\/\/api.w.org\/{rel}","templated":true}]}}