{"id":6391,"date":"2023-06-19T03:50:57","date_gmt":"2023-06-19T07:50:57","guid":{"rendered":"https:\/\/welcomingottawaweek.ca\/?page_id=6391"},"modified":"2023-06-22T17:52:48","modified_gmt":"2023-06-22T21:52:48","slug":"winn-lambert","status":"publish","type":"page","link":"https:\/\/welcomingottawaweek.ca\/fr\/winn-lambert\/","title":{"rendered":"Winn Lambert"},"content":{"rendered":"\t\t<div data-elementor-type=\"wp-page\" data-elementor-id=\"6391\" class=\"elementor elementor-6391\" data-elementor-post-type=\"page\">\n\t\t\t\t\t\t<section class=\"elementor-section elementor-top-section elementor-element elementor-element-1b19a0b elementor-section-content-middle elementor-section-stretched elementor-section-boxed elementor-section-height-default elementor-section-height-default\" data-id=\"1b19a0b\" data-element_type=\"section\" data-e-type=\"section\" data-settings=\"{&quot;stretch_section&quot;:&quot;section-stretched&quot;,&quot;background_background&quot;:&quot;classic&quot;}\">\n\t\t\t\t\t\t\t<div class=\"elementor-background-overlay\"><\/div>\n\t\t\t\t\t\t\t<div class=\"elementor-container elementor-column-gap-default\">\n\t\t\t\t\t<div class=\"elementor-column elementor-col-16 elementor-top-column elementor-element elementor-element-fc095a3\" data-id=\"fc095a3\" data-element_type=\"column\" data-e-type=\"column\">\n\t\t\t<div class=\"elementor-widget-wrap\">\n\t\t\t\t\t\t\t<\/div>\n\t\t<\/div>\n\t\t\t\t<div class=\"elementor-column elementor-col-66 elementor-top-column elementor-element elementor-element-01d1afc\" data-id=\"01d1afc\" data-element_type=\"column\" data-e-type=\"column\">\n\t\t\t<div class=\"elementor-widget-wrap elementor-element-populated\">\n\t\t\t\t\t\t<div class=\"elementor-element elementor-element-05b9f7f elementor-widget elementor-widget-spacer\" data-id=\"05b9f7f\" data-element_type=\"widget\" data-e-type=\"widget\" data-widget_type=\"spacer.default\">\n\t\t\t\t<div class=\"elementor-widget-container\">\n\t\t\t\t\t\t\t<div class=\"elementor-spacer\">\n\t\t\t<div class=\"elementor-spacer-inner\"><\/div>\n\t\t<\/div>\n\t\t\t\t\t\t<\/div>\n\t\t\t\t<\/div>\n\t\t\t\t<div class=\"elementor-element elementor-element-772d3ce elementor-widget__width-inherit elementor-widget elementor-widget-heading\" data-id=\"772d3ce\" data-element_type=\"widget\" data-e-type=\"widget\" data-widget_type=\"heading.default\">\n\t\t\t\t<div class=\"elementor-widget-container\">\n\t\t\t\t\t<h1 class=\"elementor-heading-title elementor-size-default\">Ambassadeurs de la semaine d'accueil \u00e0 Ottawa 2023<\/h1>\t\t\t\t<\/div>\n\t\t\t\t<\/div>\n\t\t\t\t<div class=\"elementor-element elementor-element-a0be1fa elementor-widget elementor-widget-spacer\" data-id=\"a0be1fa\" data-element_type=\"widget\" data-e-type=\"widget\" data-widget_type=\"spacer.default\">\n\t\t\t\t<div class=\"elementor-widget-container\">\n\t\t\t\t\t\t\t<div class=\"elementor-spacer\">\n\t\t\t<div class=\"elementor-spacer-inner\"><\/div>\n\t\t<\/div>\n\t\t\t\t\t\t<\/div>\n\t\t\t\t<\/div>\n\t\t\t\t<div class=\"elementor-element elementor-element-9377288 elementor-widget elementor-widget-spacer\" data-id=\"9377288\" data-element_type=\"widget\" data-e-type=\"widget\" data-widget_type=\"spacer.default\">\n\t\t\t\t<div class=\"elementor-widget-container\">\n\t\t\t\t\t\t\t<div class=\"elementor-spacer\">\n\t\t\t<div class=\"elementor-spacer-inner\"><\/div>\n\t\t<\/div>\n\t\t\t\t\t\t<\/div>\n\t\t\t\t<\/div>\n\t\t\t\t\t<\/div>\n\t\t<\/div>\n\t\t\t\t<div class=\"elementor-column elementor-col-16 elementor-top-column elementor-element elementor-element-90d37d4\" data-id=\"90d37d4\" data-element_type=\"column\" data-e-type=\"column\">\n\t\t\t<div class=\"elementor-widget-wrap\">\n\t\t\t\t\t\t\t<\/div>\n\t\t<\/div>\n\t\t\t\t\t<\/div>\n\t\t<\/section>\n\t\t\t\t<section class=\"elementor-section elementor-top-section elementor-element elementor-element-37dd466 elementor-section-boxed elementor-section-height-default elementor-section-height-default\" data-id=\"37dd466\" data-element_type=\"section\" data-e-type=\"section\">\n\t\t\t\t\t\t<div class=\"elementor-container elementor-column-gap-default\">\n\t\t\t\t\t<div class=\"elementor-column elementor-col-100 elementor-top-column elementor-element elementor-element-3d0669f\" data-id=\"3d0669f\" data-element_type=\"column\" data-e-type=\"column\">\n\t\t\t<div class=\"elementor-widget-wrap elementor-element-populated\">\n\t\t\t\t\t\t<div class=\"elementor-element elementor-element-f32b9bc elementor-widget elementor-widget-spacer\" data-id=\"f32b9bc\" data-element_type=\"widget\" data-e-type=\"widget\" data-widget_type=\"spacer.default\">\n\t\t\t\t<div class=\"elementor-widget-container\">\n\t\t\t\t\t\t\t<div class=\"elementor-spacer\">\n\t\t\t<div class=\"elementor-spacer-inner\"><\/div>\n\t\t<\/div>\n\t\t\t\t\t\t<\/div>\n\t\t\t\t<\/div>\n\t\t\t\t<section class=\"elementor-section elementor-inner-section elementor-element elementor-element-9b5338a elementor-section-boxed elementor-section-height-default elementor-section-height-default\" data-id=\"9b5338a\" data-element_type=\"section\" data-e-type=\"section\">\n\t\t\t\t\t\t<div class=\"elementor-container elementor-column-gap-default\">\n\t\t\t\t\t<div class=\"elementor-column elementor-col-100 elementor-inner-column elementor-element elementor-element-ac21e58\" data-id=\"ac21e58\" data-element_type=\"column\" data-e-type=\"column\">\n\t\t\t<div class=\"elementor-widget-wrap elementor-element-populated\">\n\t\t\t\t\t\t<div class=\"elementor-element elementor-element-9340094 elementor-widget elementor-widget-heading\" data-id=\"9340094\" data-element_type=\"widget\" data-e-type=\"widget\" data-widget_type=\"heading.default\">\n\t\t\t\t<div class=\"elementor-widget-container\">\n\t\t\t\t\t<h2 class=\"elementor-heading-title elementor-size-default\">Winn Lambert-Meek<\/h2>\t\t\t\t<\/div>\n\t\t\t\t<\/div>\n\t\t\t\t<div class=\"elementor-element elementor-element-1f455a4 elementor-widget elementor-widget-heading\" data-id=\"1f455a4\" data-element_type=\"widget\" data-e-type=\"widget\" data-widget_type=\"heading.default\">\n\t\t\t\t<div class=\"elementor-widget-container\">\n\t\t\t\t\t<h3 class=\"elementor-heading-title elementor-size-default\">Une deuxi\u00e8me m\u00e8re<\/h3>\t\t\t\t<\/div>\n\t\t\t\t<\/div>\n\t\t\t\t<div class=\"elementor-element elementor-element-7622dbf elementor-widget elementor-widget-spacer\" data-id=\"7622dbf\" data-element_type=\"widget\" data-e-type=\"widget\" data-widget_type=\"spacer.default\">\n\t\t\t\t<div class=\"elementor-widget-container\">\n\t\t\t\t\t\t\t<div class=\"elementor-spacer\">\n\t\t\t<div class=\"elementor-spacer-inner\"><\/div>\n\t\t<\/div>\n\t\t\t\t\t\t<\/div>\n\t\t\t\t<\/div>\n\t\t\t\t\t<\/div>\n\t\t<\/div>\n\t\t\t\t\t<\/div>\n\t\t<\/section>\n\t\t\t\t<section class=\"elementor-section elementor-inner-section elementor-element elementor-element-e7500f1 elementor-section-boxed elementor-section-height-default elementor-section-height-default\" data-id=\"e7500f1\" data-element_type=\"section\" data-e-type=\"section\">\n\t\t\t\t\t\t<div class=\"elementor-container elementor-column-gap-default\">\n\t\t\t\t\t<div class=\"elementor-column elementor-col-100 elementor-inner-column elementor-element elementor-element-3c33735\" data-id=\"3c33735\" data-element_type=\"column\" data-e-type=\"column\">\n\t\t\t<div class=\"elementor-widget-wrap elementor-element-populated\">\n\t\t\t\t\t\t<div class=\"elementor-element elementor-element-85ef54b elementor-widget elementor-widget-text-editor\" data-id=\"85ef54b\" data-element_type=\"widget\" data-e-type=\"widget\" data-widget_type=\"text-editor.default\">\n\t\t\t\t<div class=\"elementor-widget-container\">\n\t\t\t\t\t\t\t\t\t<p><img fetchpriority=\"high\" decoding=\"async\" class=\"alignleft wp-image-6175 size-medium\" src=\"https:\/\/welcomingottawaweek.ca\/wp-content\/uploads\/2023\/06\/Winn-Lambert-Meek-and-Panah-Khoshmanesh-205x300.png\" alt=\"\" width=\"205\" height=\"300\" srcset=\"https:\/\/welcomingottawaweek.ca\/wp-content\/uploads\/2023\/06\/Winn-Lambert-Meek-and-Panah-Khoshmanesh-200x292.png 200w, https:\/\/welcomingottawaweek.ca\/wp-content\/uploads\/2023\/06\/Winn-Lambert-Meek-and-Panah-Khoshmanesh-205x300.png 205w, https:\/\/welcomingottawaweek.ca\/wp-content\/uploads\/2023\/06\/Winn-Lambert-Meek-and-Panah-Khoshmanesh-400x584.png 400w, https:\/\/welcomingottawaweek.ca\/wp-content\/uploads\/2023\/06\/Winn-Lambert-Meek-and-Panah-Khoshmanesh.png 512w\" sizes=\"(max-width: 205px) 100vw, 205px\" \/><\/p><p>\u00ab Les contributions exceptionnelles de Winn Lambert-Meek et son d\u00e9vouement in\u00e9branlable \u00e0 la promotion d\u2019une communaut\u00e9 accueillante et inclusive \u00e0 Ottawa ont sans aucun doute laiss\u00e9 une marque ind\u00e9l\u00e9bile sur la vie de nombreux nouveaux arrivants comme moi \u00bb d\u00e9clare Panah Khoshmanesh.<span style=\"background-color: var(--content_bg_color); color: var(--body_typography-color); font-family: var(--body_typography-font-family); font-size: var(--body_typography-font-size); font-style: var(--body_typography-font-style,normal); font-weight: var(--body_typography-font-weight); letter-spacing: var(--body_typography-letter-spacing);\">\u00a0<\/span><\/p><p>Panah est arriv\u00e9e \u00e0 Ottawa en juillet 2022 en tant que r\u00e9fugi\u00e9e LGBTQ, originaire d&rsquo;Iran. \u00ab J\u2019\u00e9tais tr\u00e8s inquiete quant \u00e0 la fa\u00e7on dont j\u2019allais red\u00e9marrer ma vie en tant que nouvelle arrivante \u00bb ajoute Panah. \u00ab Je me sentais compl\u00e8tement seule \u00e0 Ottawa, une ville inconnue pour moi. Mais tout a chang\u00e9 lorsque j\u2019ai rencontr\u00e9 Winn. Winn est respectueuse et d\u2019un grand soutien; elle m\u2019a accept\u00e9e telle que je suis \u00bb.<span style=\"background-color: var(--content_bg_color); color: var(--body_typography-color); font-family: var(--body_typography-font-family); font-size: var(--body_typography-font-size); font-style: var(--body_typography-font-style,normal); font-weight: var(--body_typography-font-weight); letter-spacing: var(--body_typography-letter-spacing);\">\u00a0<\/span><\/p><p>Winn a lou\u00e9 son appartement en sous-sol \u00e0 Panah et elle est rapidement devenue bien plus qu\u2019une propri\u00e9taire. \u00ab Winn s&rsquo;inqui\u00e9tait vraiment de ma s\u00e9curit\u00e9 en tant que r\u00e9fugi\u00e9e dans une nouvelle ville, avec une nouvelle culture et une nouvelle langue. Elle est devenue ma professeure d\u2019anglais informel, mon guide touristique \u00e0 Ottawa, ma mentore en mati\u00e8re d\u2019employabilit\u00e9, ma conseill\u00e8re personnelle, mon amie proche, ma deuxi\u00e8me m\u00e8re et l\u2019ambassadrice accueillante d\u2019Ottawa \u00bb.<\/p><p>\u00ab Lorsque j&rsquo;ai rencontr\u00e9 Panah, elle logeait dans un h\u00f4tel sur Montreal Road et je savais qu\u2019il n\u2019\u00e9tait pas facile de trouver un logement abordable pour les nouveaux arrivants \u00bb se souvient Mme Winn. \u00ab La plupart des propri\u00e9taires demandaient une preuve de revenu, mais je lui ai fait confiance. Je ne peux pas imaginer ce que je ressentirais si je devais tout laisser derri\u00e8re moi en tant que r\u00e9fugi\u00e9. C&rsquo;\u00e9tait une fa\u00e7on pour moi d\u2019aider. Panah est une femme charmante et une travailleuse acharn\u00e9e. J\u2019esp\u00e8re que si j\u2019\u00e9tais \u00e0 sa place, quelqu\u2019un aurait fait la m\u00eame chose pour moi. Faites aux autres ce que vous voudriez qu\u2019ils vous fassent \u00bb.<\/p><p>Mme Winn a pris sa retraite en 1994. Elle fait beaucoup de b\u00e9n\u00e9volat et remercie sa m\u00e8re de lui avoir inculqu\u00e9 la valeur du service communautaire. Voyageuse, elle a enseign\u00e9 l\u2019anglais en Chine pendant trois mois. L\u2019ann\u00e9e derni\u00e8re, Winn et une amie ont cr\u00e9\u00e9 le groupe Facebook \u00ab Welcome Newcomers &#8211; Ottawa (Canada) \u00bb, qui compte aujourd\u2019hui pr\u00e8s de 2 500 membres. Le groupe Facebook vise \u00e0 mieux int\u00e9grer les nouveaux arrivants en partageant des informations sur les possibilit\u00e9s d\u2019emploi, les salons d\u2019&#8217;emploi, les activit\u00e9s culturelles gratuites et bien d\u2019autres choses encore.<\/p><p>Lorsque Winn a appris que Panah avait obtenu deux dipl\u00f4mes en technologie alimentaire en Iran, elle lui a recommand\u00e9 de s\u2019inscrire au programme de formation gratuit de quatre mois en restauration du chef Ric. \u00ab Winn avait enti\u00e8rement raison, ce programme a chang\u00e9 ma vie \u00bb d\u00e9clare Panah, qui a obtenu son dipl\u00f4me et occupe aujourd\u2019hui deux emplois dans son domaine. \u00ab C\u2019est aussi une grande cheffe! \u00bb s\u2019exclame Winn en souriant.<span style=\"background-color: var(--content_bg_color); color: var(--body_typography-color); font-family: var(--body_typography-font-family); font-size: var(--body_typography-font-size); font-style: var(--body_typography-font-style,normal); font-weight: var(--body_typography-font-weight); letter-spacing: var(--body_typography-letter-spacing);\">\u00a0<\/span><\/p><p>\u00ab Je suis fi\u00e8re de dire qu\u2019Ottawa m\u2019a ouvert ses portes pour que je puisse commencer ma nouvelle vie dans ce pays \u00bb fait remarquer Panah. \u00ab Je suis \u00e9galement fi\u00e8re de vivre dans une ville multiculturelle o\u00f9 les droits des femmes sont respect\u00e9s. Nous avons tous les m\u00eames chances de travailler et d\u2019avoir une vie d\u00e9cente ici. Mais pour tout cela, je dois remercier Winn, car ma vie ne serait pas la m\u00eame si je ne l\u2019avais pas rencontr\u00e9e \u00bb.<\/p><p>\u00ab Je n\u2019arrive pas \u00e0 croire que je re\u00e7ois ce prix \u00bb s\u2019exclame Winn. \u00ab Je dois encore me pincer. Panah a \u00e9galement fait une grande diff\u00e9rence dans ma vie. C\u2019est une personne sympathique, une amie ouverte avec laquelle il est facile de s\u2019entendre. Elle est comme une fille pour moi \u00bb.<\/p>\t\t\t\t\t\t\t\t<\/div>\n\t\t\t\t<\/div>\n\t\t\t\t\t<\/div>\n\t\t<\/div>\n\t\t\t\t\t<\/div>\n\t\t<\/section>\n\t\t\t\t\t<\/div>\n\t\t<\/div>\n\t\t\t\t\t<\/div>\n\t\t<\/section>\n\t\t\t\t<section class=\"elementor-section elementor-top-section elementor-element elementor-element-466571f elementor-section-boxed elementor-section-height-default elementor-section-height-default\" data-id=\"466571f\" data-element_type=\"section\" data-e-type=\"section\">\n\t\t\t\t\t\t<div class=\"elementor-container elementor-column-gap-default\">\n\t\t\t\t\t<div class=\"elementor-column elementor-col-100 elementor-top-column elementor-element elementor-element-2a5c77f\" data-id=\"2a5c77f\" data-element_type=\"column\" data-e-type=\"column\">\n\t\t\t<div class=\"elementor-widget-wrap elementor-element-populated\">\n\t\t\t\t\t\t<section class=\"elementor-section elementor-inner-section elementor-element elementor-element-cf64ab6 elementor-section-content-middle elementor-section-boxed elementor-section-height-default elementor-section-height-default\" data-id=\"cf64ab6\" data-element_type=\"section\" data-e-type=\"section\">\n\t\t\t\t\t\t<div class=\"elementor-container elementor-column-gap-default\">\n\t\t\t\t\t<div class=\"elementor-column elementor-col-33 elementor-inner-column elementor-element elementor-element-0ea649d\" data-id=\"0ea649d\" data-element_type=\"column\" data-e-type=\"column\" data-settings=\"{&quot;background_background&quot;:&quot;classic&quot;}\">\n\t\t\t<div class=\"elementor-widget-wrap elementor-element-populated\">\n\t\t\t\t\t\t<div class=\"elementor-element elementor-element-4dc2f59 elementor-widget__width-inherit elementor-widget elementor-widget-image\" data-id=\"4dc2f59\" data-element_type=\"widget\" data-e-type=\"widget\" data-widget_type=\"image.default\">\n\t\t\t\t<div class=\"elementor-widget-container\">\n\t\t\t\t\t\t\t\t\t\t\t\t\t\t\t<img decoding=\"async\" width=\"658\" height=\"306\" src=\"https:\/\/welcomingottawaweek.ca\/wp-content\/uploads\/2023\/06\/logo-retina.png\" class=\"attachment-large size-large wp-image-6067\" alt=\"\" srcset=\"https:\/\/welcomingottawaweek.ca\/wp-content\/uploads\/2023\/06\/logo-retina-200x93.png 200w, https:\/\/welcomingottawaweek.ca\/wp-content\/uploads\/2023\/06\/logo-retina-300x140.png 300w, https:\/\/welcomingottawaweek.ca\/wp-content\/uploads\/2023\/06\/logo-retina-400x186.png 400w, https:\/\/welcomingottawaweek.ca\/wp-content\/uploads\/2023\/06\/logo-retina-600x279.png 600w, https:\/\/welcomingottawaweek.ca\/wp-content\/uploads\/2023\/06\/logo-retina.png 658w\" sizes=\"(max-width: 658px) 100vw, 658px\" \/>\t\t\t\t\t\t\t\t\t\t\t\t\t\t\t<\/div>\n\t\t\t\t<\/div>\n\t\t\t\t\t<\/div>\n\t\t<\/div>\n\t\t\t\t<div class=\"elementor-column elementor-col-33 elementor-inner-column elementor-element elementor-element-b2194e8\" data-id=\"b2194e8\" data-element_type=\"column\" data-e-type=\"column\">\n\t\t\t<div class=\"elementor-widget-wrap elementor-element-populated\">\n\t\t\t\t\t\t<div class=\"elementor-element elementor-element-c1413a7 elementor-widget__width-inherit elementor-widget elementor-widget-image\" data-id=\"c1413a7\" data-element_type=\"widget\" data-e-type=\"widget\" data-widget_type=\"image.default\">\n\t\t\t\t<div class=\"elementor-widget-container\">\n\t\t\t\t\t\t\t\t\t\t\t\t\t\t\t<img decoding=\"async\" width=\"327\" height=\"86\" src=\"https:\/\/welcomingottawaweek.ca\/wp-content\/uploads\/2019\/05\/CBC-ottawa-logo.png\" class=\"attachment-large size-large wp-image-999\" alt=\"\" srcset=\"https:\/\/welcomingottawaweek.ca\/wp-content\/uploads\/2019\/05\/CBC-ottawa-logo-200x53.png 200w, https:\/\/welcomingottawaweek.ca\/wp-content\/uploads\/2019\/05\/CBC-ottawa-logo-300x79.png 300w, https:\/\/welcomingottawaweek.ca\/wp-content\/uploads\/2019\/05\/CBC-ottawa-logo.png 327w\" sizes=\"(max-width: 327px) 100vw, 327px\" \/>\t\t\t\t\t\t\t\t\t\t\t\t\t\t\t<\/div>\n\t\t\t\t<\/div>\n\t\t\t\t\t<\/div>\n\t\t<\/div>\n\t\t\t\t<div class=\"elementor-column elementor-col-33 elementor-inner-column elementor-element elementor-element-9bd68fd\" data-id=\"9bd68fd\" data-element_type=\"column\" data-e-type=\"column\">\n\t\t\t<div class=\"elementor-widget-wrap elementor-element-populated\">\n\t\t\t\t\t\t<div class=\"elementor-element elementor-element-e972456 elementor-widget__width-inherit elementor-widget elementor-widget-image\" data-id=\"e972456\" data-element_type=\"widget\" data-e-type=\"widget\" data-widget_type=\"image.default\">\n\t\t\t\t<div class=\"elementor-widget-container\">\n\t\t\t\t\t\t\t\t\t\t\t\t\t\t\t<img loading=\"lazy\" decoding=\"async\" width=\"538\" height=\"69\" src=\"https:\/\/welcomingottawaweek.ca\/wp-content\/uploads\/2019\/02\/IRCC-logo_FR.jpg\" class=\"attachment-large size-large wp-image-311\" alt=\"\" srcset=\"https:\/\/welcomingottawaweek.ca\/wp-content\/uploads\/2019\/02\/IRCC-logo_FR-300x38.jpg 300w, https:\/\/welcomingottawaweek.ca\/wp-content\/uploads\/2019\/02\/IRCC-logo_FR.jpg 538w\" sizes=\"(max-width: 538px) 100vw, 538px\" \/>\t\t\t\t\t\t\t\t\t\t\t\t\t\t\t<\/div>\n\t\t\t\t<\/div>\n\t\t\t\t\t<\/div>\n\t\t<\/div>\n\t\t\t\t\t<\/div>\n\t\t<\/section>\n\t\t\t\t\t<\/div>\n\t\t<\/div>\n\t\t\t\t\t<\/div>\n\t\t<\/section>\n\t\t\t\t<\/div>\n\t\t","protected":false},"excerpt":{"rendered":"<p>Ambassadeurs de la semaine d&rsquo;accueil \u00e0 Ottawa 2023 Winn Lambert-Meek Une deuxi\u00e8me m\u00e8re \u00ab Les contributions exceptionnelles de Winn Lambert-Meek et son d\u00e9vouement in\u00e9branlable \u00e0 la promotion d\u2019une communaut\u00e9 accueillante et inclusive \u00e0 Ottawa  [&#8230;]<\/p>\n","protected":false},"author":2,"featured_media":0,"parent":0,"menu_order":0,"comment_status":"closed","ping_status":"closed","template":"","meta":{"footnotes":""},"class_list":["post-6391","page","type-page","status-publish","hentry"],"_links":{"self":[{"href":"https:\/\/welcomingottawaweek.ca\/fr\/wp-json\/wp\/v2\/pages\/6391","targetHints":{"allow":["GET"]}}],"collection":[{"href":"https:\/\/welcomingottawaweek.ca\/fr\/wp-json\/wp\/v2\/pages"}],"about":[{"href":"https:\/\/welcomingottawaweek.ca\/fr\/wp-json\/wp\/v2\/types\/page"}],"author":[{"embeddable":true,"href":"https:\/\/welcomingottawaweek.ca\/fr\/wp-json\/wp\/v2\/users\/2"}],"replies":[{"embeddable":true,"href":"https:\/\/welcomingottawaweek.ca\/fr\/wp-json\/wp\/v2\/comments?post=6391"}],"version-history":[{"count":15,"href":"https:\/\/welcomingottawaweek.ca\/fr\/wp-json\/wp\/v2\/pages\/6391\/revisions"}],"predecessor-version":[{"id":6511,"href":"https:\/\/welcomingottawaweek.ca\/fr\/wp-json\/wp\/v2\/pages\/6391\/revisions\/6511"}],"wp:attachment":[{"href":"https:\/\/welcomingottawaweek.ca\/fr\/wp-json\/wp\/v2\/media?parent=6391"}],"curies":[{"name":"wp","href":"https:\/\/api.w.org\/{rel}","templated":true}]}}