{"id":6399,"date":"2023-06-19T04:03:51","date_gmt":"2023-06-19T08:03:51","guid":{"rendered":"https:\/\/welcomingottawaweek.ca\/?page_id=6399"},"modified":"2023-06-19T13:11:21","modified_gmt":"2023-06-19T17:11:21","slug":"peggy-blair-2023","status":"publish","type":"page","link":"https:\/\/welcomingottawaweek.ca\/fr\/peggy-blair-2023\/","title":{"rendered":"Peggy Blair 2023"},"content":{"rendered":"\t\t<div data-elementor-type=\"wp-page\" data-elementor-id=\"6399\" class=\"elementor elementor-6399 elementor-6245\" data-elementor-post-type=\"page\">\n\t\t\t\t\t\t<section class=\"elementor-section elementor-top-section elementor-element elementor-element-3af6575 elementor-section-content-middle elementor-section-stretched elementor-section-boxed elementor-section-height-default elementor-section-height-default\" data-id=\"3af6575\" data-element_type=\"section\" data-e-type=\"section\" data-settings=\"{&quot;stretch_section&quot;:&quot;section-stretched&quot;,&quot;background_background&quot;:&quot;classic&quot;}\">\n\t\t\t\t\t\t\t<div class=\"elementor-background-overlay\"><\/div>\n\t\t\t\t\t\t\t<div class=\"elementor-container elementor-column-gap-default\">\n\t\t\t\t\t<div class=\"elementor-column elementor-col-16 elementor-top-column elementor-element elementor-element-84585aa\" data-id=\"84585aa\" data-element_type=\"column\" data-e-type=\"column\">\n\t\t\t<div class=\"elementor-widget-wrap\">\n\t\t\t\t\t\t\t<\/div>\n\t\t<\/div>\n\t\t\t\t<div class=\"elementor-column elementor-col-66 elementor-top-column elementor-element elementor-element-f8e6908\" data-id=\"f8e6908\" data-element_type=\"column\" data-e-type=\"column\">\n\t\t\t<div class=\"elementor-widget-wrap elementor-element-populated\">\n\t\t\t\t\t\t<div class=\"elementor-element elementor-element-5f961c4 elementor-widget elementor-widget-spacer\" data-id=\"5f961c4\" data-element_type=\"widget\" data-e-type=\"widget\" data-widget_type=\"spacer.default\">\n\t\t\t\t<div class=\"elementor-widget-container\">\n\t\t\t\t\t\t\t<div class=\"elementor-spacer\">\n\t\t\t<div class=\"elementor-spacer-inner\"><\/div>\n\t\t<\/div>\n\t\t\t\t\t\t<\/div>\n\t\t\t\t<\/div>\n\t\t\t\t<div class=\"elementor-element elementor-element-7dbbefb elementor-widget__width-inherit elementor-widget elementor-widget-heading\" data-id=\"7dbbefb\" data-element_type=\"widget\" data-e-type=\"widget\" data-widget_type=\"heading.default\">\n\t\t\t\t<div class=\"elementor-widget-container\">\n\t\t\t\t\t<h1 class=\"elementor-heading-title elementor-size-default\">Ambassadeurs de la semaine d'accueil \u00e0 Ottawa 2023<\/h1>\t\t\t\t<\/div>\n\t\t\t\t<\/div>\n\t\t\t\t<div class=\"elementor-element elementor-element-86f9394 elementor-widget elementor-widget-spacer\" data-id=\"86f9394\" data-element_type=\"widget\" data-e-type=\"widget\" data-widget_type=\"spacer.default\">\n\t\t\t\t<div class=\"elementor-widget-container\">\n\t\t\t\t\t\t\t<div class=\"elementor-spacer\">\n\t\t\t<div class=\"elementor-spacer-inner\"><\/div>\n\t\t<\/div>\n\t\t\t\t\t\t<\/div>\n\t\t\t\t<\/div>\n\t\t\t\t<div class=\"elementor-element elementor-element-faa0380 elementor-widget elementor-widget-spacer\" data-id=\"faa0380\" data-element_type=\"widget\" data-e-type=\"widget\" data-widget_type=\"spacer.default\">\n\t\t\t\t<div class=\"elementor-widget-container\">\n\t\t\t\t\t\t\t<div class=\"elementor-spacer\">\n\t\t\t<div class=\"elementor-spacer-inner\"><\/div>\n\t\t<\/div>\n\t\t\t\t\t\t<\/div>\n\t\t\t\t<\/div>\n\t\t\t\t\t<\/div>\n\t\t<\/div>\n\t\t\t\t<div class=\"elementor-column elementor-col-16 elementor-top-column elementor-element elementor-element-3d5ee68\" data-id=\"3d5ee68\" data-element_type=\"column\" data-e-type=\"column\">\n\t\t\t<div class=\"elementor-widget-wrap\">\n\t\t\t\t\t\t\t<\/div>\n\t\t<\/div>\n\t\t\t\t\t<\/div>\n\t\t<\/section>\n\t\t\t\t<section class=\"elementor-section elementor-top-section elementor-element elementor-element-7deff77 elementor-section-boxed elementor-section-height-default elementor-section-height-default\" data-id=\"7deff77\" data-element_type=\"section\" data-e-type=\"section\">\n\t\t\t\t\t\t<div class=\"elementor-container elementor-column-gap-default\">\n\t\t\t\t\t<div class=\"elementor-column elementor-col-100 elementor-top-column elementor-element elementor-element-a2a7137\" data-id=\"a2a7137\" data-element_type=\"column\" data-e-type=\"column\">\n\t\t\t<div class=\"elementor-widget-wrap elementor-element-populated\">\n\t\t\t\t\t\t<div class=\"elementor-element elementor-element-1c3a6b3 elementor-widget elementor-widget-spacer\" data-id=\"1c3a6b3\" data-element_type=\"widget\" data-e-type=\"widget\" data-widget_type=\"spacer.default\">\n\t\t\t\t<div class=\"elementor-widget-container\">\n\t\t\t\t\t\t\t<div class=\"elementor-spacer\">\n\t\t\t<div class=\"elementor-spacer-inner\"><\/div>\n\t\t<\/div>\n\t\t\t\t\t\t<\/div>\n\t\t\t\t<\/div>\n\t\t\t\t<section class=\"elementor-section elementor-inner-section elementor-element elementor-element-ee0fbca elementor-section-boxed elementor-section-height-default elementor-section-height-default\" data-id=\"ee0fbca\" data-element_type=\"section\" data-e-type=\"section\">\n\t\t\t\t\t\t<div class=\"elementor-container elementor-column-gap-default\">\n\t\t\t\t\t<div class=\"elementor-column elementor-col-100 elementor-inner-column elementor-element elementor-element-e2c1922\" data-id=\"e2c1922\" data-element_type=\"column\" data-e-type=\"column\">\n\t\t\t<div class=\"elementor-widget-wrap elementor-element-populated\">\n\t\t\t\t\t\t<div class=\"elementor-element elementor-element-3245ca7 elementor-widget elementor-widget-heading\" data-id=\"3245ca7\" data-element_type=\"widget\" data-e-type=\"widget\" data-widget_type=\"heading.default\">\n\t\t\t\t<div class=\"elementor-widget-container\">\n\t\t\t\t\t<h2 class=\"elementor-heading-title elementor-size-default\">Peggy Blair<\/h2>\t\t\t\t<\/div>\n\t\t\t\t<\/div>\n\t\t\t\t<div class=\"elementor-element elementor-element-2ee853f elementor-widget elementor-widget-heading\" data-id=\"2ee853f\" data-element_type=\"widget\" data-e-type=\"widget\" data-widget_type=\"heading.default\">\n\t\t\t\t<div class=\"elementor-widget-container\">\n\t\t\t\t\t<h3 class=\"elementor-heading-title elementor-size-default\">Une famille ukrainienne trouve une marraine<\/h3>\t\t\t\t<\/div>\n\t\t\t\t<\/div>\n\t\t\t\t<div class=\"elementor-element elementor-element-fc882bc elementor-widget elementor-widget-spacer\" data-id=\"fc882bc\" data-element_type=\"widget\" data-e-type=\"widget\" data-widget_type=\"spacer.default\">\n\t\t\t\t<div class=\"elementor-widget-container\">\n\t\t\t\t\t\t\t<div class=\"elementor-spacer\">\n\t\t\t<div class=\"elementor-spacer-inner\"><\/div>\n\t\t<\/div>\n\t\t\t\t\t\t<\/div>\n\t\t\t\t<\/div>\n\t\t\t\t\t<\/div>\n\t\t<\/div>\n\t\t\t\t\t<\/div>\n\t\t<\/section>\n\t\t\t\t<section class=\"elementor-section elementor-inner-section elementor-element elementor-element-79b0475 elementor-section-boxed elementor-section-height-default elementor-section-height-default\" data-id=\"79b0475\" data-element_type=\"section\" data-e-type=\"section\">\n\t\t\t\t\t\t<div class=\"elementor-container elementor-column-gap-default\">\n\t\t\t\t\t<div class=\"elementor-column elementor-col-100 elementor-inner-column elementor-element elementor-element-74e589e\" data-id=\"74e589e\" data-element_type=\"column\" data-e-type=\"column\">\n\t\t\t<div class=\"elementor-widget-wrap elementor-element-populated\">\n\t\t\t\t\t\t<div class=\"elementor-element elementor-element-2344085 elementor-widget elementor-widget-text-editor\" data-id=\"2344085\" data-element_type=\"widget\" data-e-type=\"widget\" data-widget_type=\"text-editor.default\">\n\t\t\t\t<div class=\"elementor-widget-container\">\n\t\t\t\t\t\t\t\t\t<p><img fetchpriority=\"high\" decoding=\"async\" class=\"alignnone wp-image-6255 size-medium\" src=\"https:\/\/welcomingottawaweek.ca\/wp-content\/uploads\/2023\/06\/Peggy-Blair_resized-285x300.jpg\" alt=\"\" width=\"285\" height=\"300\" srcset=\"https:\/\/welcomingottawaweek.ca\/wp-content\/uploads\/2023\/06\/Peggy-Blair_resized-200x210.jpg 200w, https:\/\/welcomingottawaweek.ca\/wp-content\/uploads\/2023\/06\/Peggy-Blair_resized-285x300.jpg 285w, https:\/\/welcomingottawaweek.ca\/wp-content\/uploads\/2023\/06\/Peggy-Blair_resized-400x420.jpg 400w, https:\/\/welcomingottawaweek.ca\/wp-content\/uploads\/2023\/06\/Peggy-Blair_resized-600x631.jpg 600w, https:\/\/welcomingottawaweek.ca\/wp-content\/uploads\/2023\/06\/Peggy-Blair_resized.jpg 626w\" sizes=\"(max-width: 285px) 100vw, 285px\" \/><\/p><p>Peggy Blair, agente immobili\u00e8re locale, est une personne qui prend les choses en main et qui dispose d\u2019un incroyable r\u00e9seau. Lorsqu\u2019elle a vu la guerre en Ukraine se d\u00e9rouler en f\u00e9vrier 2022, elle s\u2019est sentie choqu\u00e9e et impuissante, mais elle est rapidement intervenue et a mobilis\u00e9 le soutien de ses 12 000 abonn\u00e9s sur Twitter. Elle avait un lien avec le pays puisqu\u2019elle y avait travaill\u00e9 en tant qu\u2019observatrice \u00e9lectorale. \u00c0 un moment donn\u00e9, Peggy disposait d\u2019une feuille de calcul de 42 pages recensant les offres d\u2019assistance. Depuis, elle a aid\u00e9 plus de 200 Ukrainiens \u00e0 s\u2019installer au Canada.<\/p><p>Une des familles qu\u2019elle a aid\u00e9es ce sont les Maslov. \u00ab Peggy Blair est devenue la marraine de notre famille \u00bb d\u00e9clare Andriy Maslov. En avril 2022, Andriy, sa femme Tatiana et leur fils adolescent Igor ont fui l\u2019invasion russe de l\u2019Ukraine. Ils ont rejoint leur fils Alex, \u00e9tudiant \u00e0 l\u2019universit\u00e9 de Carleton \u00e0 Ottawa.<\/p><p>La premi\u00e8re difficult\u00e9 a \u00e9t\u00e9 de trouver un logement. Sans r\u00e9f\u00e9rences ni cote de cr\u00e9dit au Canada, de nombreux propri\u00e9taires n\u2019accepteraient pas de leur louer une maison. L\u2019ami de Peggy leur a trouv\u00e9 une maison \u00e0 louer \u00e0 Barrhaven. Le probl\u00e8me c\u2019est qu\u2019elle \u00e9tait compl\u00e8tement vide.<span style=\"background-color: var(--content_bg_color); color: var(--body_typography-color); font-family: var(--body_typography-font-family); font-size: var(--body_typography-font-size); font-style: var(--body_typography-font-style,normal); font-weight: var(--body_typography-font-weight); letter-spacing: var(--body_typography-letter-spacing);\">\u00a0<\/span><\/p><p>\u00ab Peggy a publi\u00e9 un message sur Twitter \u00e0 propos de notre famille et, le lendemain, de nombreuses personnes nous ont apport\u00e9 des meubles et de la nourriture \u00bb se souvient Andriy. Ils ont \u00e9t\u00e9 inond\u00e9s de soutien. \u00ab La file d\u2019attente devant notre porte semblait aller jusqu\u2019\u00e0 Tokyo \u00bb dit Andriy en riant. Quelqu\u2019un a lou\u00e9 une petite camionnette. Les gens ont apport\u00e9 des meubles, de la nourriture (y compris des plats pr\u00e9par\u00e9s), des fleurs, des outils, des \u0153uvres d\u2019art, un grand drapeau ukrainien, du mat\u00e9riel de jardinage et bien d\u2019autres choses encore. \u00ab C\u2019\u00e9tait inattendu et inhabituel de voir ce type de r\u00e9action \u00bb se souvient Andriy. \u00ab Tout le monde voulait nous aider et nous souhaiter la bienvenue \u00e0 Ottawa \u00bb.<\/p><p>Peggy a \u00e9galement permis \u00e0 Andriy de vivre une exp\u00e9rience tr\u00e8s canadienne. \u00ab Quand j\u2019\u00e9tais enfant, je r\u00eavais de jouer au hockey \u00bb raconte Andriy. Peggy a tweet\u00e9 \u00e0 ce sujet et, le lendemain, Andriy a re\u00e7u un appel t\u00e9l\u00e9phonique de Marc St. Pierre, de l\u2019Ottawa Sports and Entertainment Group, qui a organis\u00e9 une s\u00e9ance de patinage avec des membres de l\u2019\u00e9quipe de hockey Ottawa 67s. Les m\u00e9dias ont couvert la premi\u00e8re tentative d\u2019Andriy au hockey \u00e0 l\u2019\u00e2ge de 44 ans. \u00ab Il avait le sourire le plus large ce jour-l\u00e0 \u00bb se souvient Peggy. Il continue \u00e0 jouer au hockey lorsqu\u2019il ne travaille pas \u00e0 l\u2019\u00e9tranger en tant que superviseur maritime.<\/p><p>Elle a \u00e9galement utilis\u00e9 la magie de Twitter pour trouver un stage coop\u00e9ratif pour l\u2019un des fils Maslov. <br \/>\u00ab Peggy invite r\u00e9guli\u00e8rement notre famille \u00e0 d\u00eener chez elle avec ses amis \u00bb ajoute Andrey. \u00ab Cela nous aide \u00e0 sentir que nous faisons partie de la soci\u00e9t\u00e9 canadienne. Nous sommes vraiment reconnaissants \u00e0 Peggy pour sa gentillesse et son soutien constant \u00e0 notre famille et aux autres Ukrainiens \u00bb.<\/p><p>Apr\u00e8s plus d\u2019un an \u00e0 Ottawa, les Maslov sont mieux install\u00e9s et plus occup\u00e9s \u00e0 travailler. Ils ont r\u00e9cemment re\u00e7u la bonne nouvelle que leur demande de r\u00e9sidence permanente avait \u00e9t\u00e9 accept\u00e9e. Peggy a \u00e9t\u00e9 l\u2019une de leurs r\u00e9f\u00e9rences.<\/p><p>\u00ab Aujourd&rsquo;hui, le Canada est pour moi une seconde patrie \u00bb conclut Andriy. \u00ab Je peux me d\u00e9tendre \u00e0 100 % au Canada. J\u2019ai des amis bienveillants comme Peggy qui m\u2019ont aid\u00e9 \u00e0 m\u2019int\u00e9grer \u00bb.<br \/>\u00ab C\u2019est un geste tr\u00e8s gentil de la part d\u2019Andriy de me nommer ambassadrice accueillante d\u2019Ottawa \u00bb remarque Peggy. \u00ab Je suis honor\u00e9e par ce prix. J\u2019ai toujours essay\u00e9 de trouver des moyens pratiques pour que les gens construisent une communaut\u00e9 pour ceux qui ont tout perdu. J\u2019aime cette famille \u00bb. Elle est vraiment comme leur marraine.<\/p>\t\t\t\t\t\t\t\t<\/div>\n\t\t\t\t<\/div>\n\t\t\t\t\t<\/div>\n\t\t<\/div>\n\t\t\t\t\t<\/div>\n\t\t<\/section>\n\t\t\t\t\t<\/div>\n\t\t<\/div>\n\t\t\t\t\t<\/div>\n\t\t<\/section>\n\t\t\t\t<section class=\"elementor-section elementor-top-section elementor-element elementor-element-7eea7aa elementor-section-boxed elementor-section-height-default elementor-section-height-default\" data-id=\"7eea7aa\" data-element_type=\"section\" data-e-type=\"section\">\n\t\t\t\t\t\t<div class=\"elementor-container elementor-column-gap-default\">\n\t\t\t\t\t<div class=\"elementor-column elementor-col-100 elementor-top-column elementor-element elementor-element-aba30e4\" data-id=\"aba30e4\" data-element_type=\"column\" data-e-type=\"column\">\n\t\t\t<div class=\"elementor-widget-wrap elementor-element-populated\">\n\t\t\t\t\t\t<section class=\"elementor-section elementor-inner-section elementor-element elementor-element-f6b8d0c elementor-section-content-middle elementor-section-boxed elementor-section-height-default elementor-section-height-default\" data-id=\"f6b8d0c\" data-element_type=\"section\" data-e-type=\"section\">\n\t\t\t\t\t\t<div class=\"elementor-container elementor-column-gap-default\">\n\t\t\t\t\t<div class=\"elementor-column elementor-col-33 elementor-inner-column elementor-element elementor-element-c4110d3\" data-id=\"c4110d3\" data-element_type=\"column\" data-e-type=\"column\" data-settings=\"{&quot;background_background&quot;:&quot;classic&quot;}\">\n\t\t\t<div class=\"elementor-widget-wrap elementor-element-populated\">\n\t\t\t\t\t\t<div class=\"elementor-element elementor-element-298fbc3 elementor-widget__width-inherit elementor-widget elementor-widget-image\" data-id=\"298fbc3\" data-element_type=\"widget\" data-e-type=\"widget\" data-widget_type=\"image.default\">\n\t\t\t\t<div class=\"elementor-widget-container\">\n\t\t\t\t\t\t\t\t\t\t\t\t\t\t\t<img decoding=\"async\" width=\"658\" height=\"306\" src=\"https:\/\/welcomingottawaweek.ca\/wp-content\/uploads\/2023\/06\/logo-retina.png\" class=\"attachment-large size-large wp-image-6067\" alt=\"\" srcset=\"https:\/\/welcomingottawaweek.ca\/wp-content\/uploads\/2023\/06\/logo-retina-200x93.png 200w, https:\/\/welcomingottawaweek.ca\/wp-content\/uploads\/2023\/06\/logo-retina-300x140.png 300w, https:\/\/welcomingottawaweek.ca\/wp-content\/uploads\/2023\/06\/logo-retina-400x186.png 400w, https:\/\/welcomingottawaweek.ca\/wp-content\/uploads\/2023\/06\/logo-retina-600x279.png 600w, https:\/\/welcomingottawaweek.ca\/wp-content\/uploads\/2023\/06\/logo-retina.png 658w\" sizes=\"(max-width: 658px) 100vw, 658px\" \/>\t\t\t\t\t\t\t\t\t\t\t\t\t\t\t<\/div>\n\t\t\t\t<\/div>\n\t\t\t\t\t<\/div>\n\t\t<\/div>\n\t\t\t\t<div class=\"elementor-column elementor-col-33 elementor-inner-column elementor-element elementor-element-347885b\" data-id=\"347885b\" data-element_type=\"column\" data-e-type=\"column\">\n\t\t\t<div class=\"elementor-widget-wrap elementor-element-populated\">\n\t\t\t\t\t\t<div class=\"elementor-element elementor-element-f3e841d elementor-widget__width-inherit elementor-widget elementor-widget-image\" data-id=\"f3e841d\" data-element_type=\"widget\" data-e-type=\"widget\" data-widget_type=\"image.default\">\n\t\t\t\t<div class=\"elementor-widget-container\">\n\t\t\t\t\t\t\t\t\t\t\t\t\t\t\t<img decoding=\"async\" width=\"327\" height=\"86\" src=\"https:\/\/welcomingottawaweek.ca\/wp-content\/uploads\/2019\/05\/CBC-ottawa-logo.png\" class=\"attachment-large size-large wp-image-999\" alt=\"\" srcset=\"https:\/\/welcomingottawaweek.ca\/wp-content\/uploads\/2019\/05\/CBC-ottawa-logo-200x53.png 200w, https:\/\/welcomingottawaweek.ca\/wp-content\/uploads\/2019\/05\/CBC-ottawa-logo-300x79.png 300w, https:\/\/welcomingottawaweek.ca\/wp-content\/uploads\/2019\/05\/CBC-ottawa-logo.png 327w\" sizes=\"(max-width: 327px) 100vw, 327px\" \/>\t\t\t\t\t\t\t\t\t\t\t\t\t\t\t<\/div>\n\t\t\t\t<\/div>\n\t\t\t\t\t<\/div>\n\t\t<\/div>\n\t\t\t\t<div class=\"elementor-column elementor-col-33 elementor-inner-column elementor-element elementor-element-125f7da\" data-id=\"125f7da\" data-element_type=\"column\" data-e-type=\"column\">\n\t\t\t<div class=\"elementor-widget-wrap elementor-element-populated\">\n\t\t\t\t\t\t<div class=\"elementor-element elementor-element-32a325a elementor-widget__width-inherit elementor-widget elementor-widget-image\" data-id=\"32a325a\" data-element_type=\"widget\" data-e-type=\"widget\" data-widget_type=\"image.default\">\n\t\t\t\t<div class=\"elementor-widget-container\">\n\t\t\t\t\t\t\t\t\t\t\t\t\t\t\t<img loading=\"lazy\" decoding=\"async\" width=\"538\" height=\"69\" src=\"https:\/\/welcomingottawaweek.ca\/wp-content\/uploads\/2019\/02\/IRCC-logo_FR.jpg\" class=\"attachment-large size-large wp-image-311\" alt=\"\" srcset=\"https:\/\/welcomingottawaweek.ca\/wp-content\/uploads\/2019\/02\/IRCC-logo_FR-300x38.jpg 300w, https:\/\/welcomingottawaweek.ca\/wp-content\/uploads\/2019\/02\/IRCC-logo_FR.jpg 538w\" sizes=\"(max-width: 538px) 100vw, 538px\" \/>\t\t\t\t\t\t\t\t\t\t\t\t\t\t\t<\/div>\n\t\t\t\t<\/div>\n\t\t\t\t\t<\/div>\n\t\t<\/div>\n\t\t\t\t\t<\/div>\n\t\t<\/section>\n\t\t\t\t\t<\/div>\n\t\t<\/div>\n\t\t\t\t\t<\/div>\n\t\t<\/section>\n\t\t\t\t<\/div>\n\t\t","protected":false},"excerpt":{"rendered":"<p>Ambassadeurs de la semaine d&rsquo;accueil \u00e0 Ottawa 2023 Peggy Blair Une famille ukrainienne trouve une marraine Peggy Blair, agente immobili\u00e8re locale, est une personne qui prend les choses en main et qui dispose d\u2019un  [&#8230;]<\/p>\n","protected":false},"author":2,"featured_media":0,"parent":0,"menu_order":0,"comment_status":"closed","ping_status":"closed","template":"","meta":{"footnotes":""},"class_list":["post-6399","page","type-page","status-publish","hentry"],"_links":{"self":[{"href":"https:\/\/welcomingottawaweek.ca\/fr\/wp-json\/wp\/v2\/pages\/6399","targetHints":{"allow":["GET"]}}],"collection":[{"href":"https:\/\/welcomingottawaweek.ca\/fr\/wp-json\/wp\/v2\/pages"}],"about":[{"href":"https:\/\/welcomingottawaweek.ca\/fr\/wp-json\/wp\/v2\/types\/page"}],"author":[{"embeddable":true,"href":"https:\/\/welcomingottawaweek.ca\/fr\/wp-json\/wp\/v2\/users\/2"}],"replies":[{"embeddable":true,"href":"https:\/\/welcomingottawaweek.ca\/fr\/wp-json\/wp\/v2\/comments?post=6399"}],"version-history":[{"count":16,"href":"https:\/\/welcomingottawaweek.ca\/fr\/wp-json\/wp\/v2\/pages\/6399\/revisions"}],"predecessor-version":[{"id":6433,"href":"https:\/\/welcomingottawaweek.ca\/fr\/wp-json\/wp\/v2\/pages\/6399\/revisions\/6433"}],"wp:attachment":[{"href":"https:\/\/welcomingottawaweek.ca\/fr\/wp-json\/wp\/v2\/media?parent=6399"}],"curies":[{"name":"wp","href":"https:\/\/api.w.org\/{rel}","templated":true}]}}