{"id":6630,"date":"2024-04-17T11:47:48","date_gmt":"2024-04-17T15:47:48","guid":{"rendered":"https:\/\/welcomingottawaweek.ca\/?page_id=6630"},"modified":"2024-05-02T12:19:16","modified_gmt":"2024-05-02T16:19:16","slug":"sao-2024-appel-pour-propositions-dactivites","status":"publish","type":"page","link":"https:\/\/welcomingottawaweek.ca\/fr\/sao-2024-appel-pour-propositions-dactivites\/","title":{"rendered":"SAO 2024 : Appel pour propositions d\u2019activit\u00e9s"},"content":{"rendered":"\t\t<div data-elementor-type=\"wp-page\" data-elementor-id=\"6630\" class=\"elementor elementor-6630 elementor-6619\" data-elementor-post-type=\"page\">\n\t\t\t\t\t\t<section class=\"elementor-section elementor-top-section elementor-element elementor-element-d1428fe elementor-section-boxed elementor-section-height-default elementor-section-height-default\" data-id=\"d1428fe\" data-element_type=\"section\">\n\t\t\t\t\t\t<div class=\"elementor-container elementor-column-gap-default\">\n\t\t\t\t\t<div class=\"elementor-column elementor-col-100 elementor-top-column elementor-element elementor-element-1fc01b5\" data-id=\"1fc01b5\" data-element_type=\"column\">\n\t\t\t<div class=\"elementor-widget-wrap elementor-element-populated\">\n\t\t\t\t\t\t<div class=\"elementor-element elementor-element-ff17d17 elementor-widget elementor-widget-image\" data-id=\"ff17d17\" data-element_type=\"widget\" data-widget_type=\"image.default\">\n\t\t\t\t<div class=\"elementor-widget-container\">\n\t\t\t\t\t\t\t\t\t\t\t\t\t\t\t<img fetchpriority=\"high\" decoding=\"async\" width=\"678\" height=\"272\" src=\"https:\/\/welcomingottawaweek.ca\/wp-content\/uploads\/2024\/04\/Call-for-Events-2024-FR.png\" class=\"attachment-large size-large wp-image-6677\" alt=\"\" srcset=\"https:\/\/welcomingottawaweek.ca\/wp-content\/uploads\/2024\/04\/Call-for-Events-2024-FR-200x80.png 200w, https:\/\/welcomingottawaweek.ca\/wp-content\/uploads\/2024\/04\/Call-for-Events-2024-FR-300x120.png 300w, https:\/\/welcomingottawaweek.ca\/wp-content\/uploads\/2024\/04\/Call-for-Events-2024-FR-400x160.png 400w, https:\/\/welcomingottawaweek.ca\/wp-content\/uploads\/2024\/04\/Call-for-Events-2024-FR-600x241.png 600w, https:\/\/welcomingottawaweek.ca\/wp-content\/uploads\/2024\/04\/Call-for-Events-2024-FR.png 678w\" sizes=\"(max-width: 678px) 100vw, 678px\" \/>\t\t\t\t\t\t\t\t\t\t\t\t\t\t\t<\/div>\n\t\t\t\t<\/div>\n\t\t\t\t\t<\/div>\n\t\t<\/div>\n\t\t\t\t\t<\/div>\n\t\t<\/section>\n\t\t\t\t<section class=\"elementor-section elementor-top-section elementor-element elementor-element-21d6166 elementor-section-boxed elementor-section-height-default elementor-section-height-default\" data-id=\"21d6166\" data-element_type=\"section\">\n\t\t\t\t\t\t<div class=\"elementor-container elementor-column-gap-default\">\n\t\t\t\t\t<div class=\"elementor-column elementor-col-100 elementor-top-column elementor-element elementor-element-b707c84\" data-id=\"b707c84\" data-element_type=\"column\">\n\t\t\t<div class=\"elementor-widget-wrap elementor-element-populated\">\n\t\t\t\t\t\t<div class=\"elementor-element elementor-element-12556d9 elementor-widget elementor-widget-heading\" data-id=\"12556d9\" data-element_type=\"widget\" data-widget_type=\"heading.default\">\n\t\t\t\t<div class=\"elementor-widget-container\">\n\t\t\t\t\t<h2 class=\"elementor-heading-title elementor-size-default\">SAO 2024 : Appel pour propositions d\u2019activit\u00e9s <\/h2>\t\t\t\t<\/div>\n\t\t\t\t<\/div>\n\t\t\t\t\t<\/div>\n\t\t<\/div>\n\t\t\t\t\t<\/div>\n\t\t<\/section>\n\t\t\t\t<section class=\"elementor-section elementor-top-section elementor-element elementor-element-bb692e0 elementor-section-boxed elementor-section-height-default elementor-section-height-default\" data-id=\"bb692e0\" data-element_type=\"section\">\n\t\t\t\t\t\t<div class=\"elementor-container elementor-column-gap-default\">\n\t\t\t\t\t<div class=\"elementor-column elementor-col-100 elementor-top-column elementor-element elementor-element-16c8969\" data-id=\"16c8969\" data-element_type=\"column\">\n\t\t\t<div class=\"elementor-widget-wrap elementor-element-populated\">\n\t\t\t\t\t\t<div class=\"elementor-element elementor-element-1e912b2 elementor-countdown--label-block elementor-widget elementor-widget-countdown\" data-id=\"1e912b2\" data-element_type=\"widget\" data-widget_type=\"countdown.default\">\n\t\t\t\t<div class=\"elementor-widget-container\">\n\t\t\t\t\t\t\t<div class=\"elementor-countdown-wrapper\" data-date=\"1717177860\">\n\t\t\t<div class=\"elementor-countdown-item\"><span class=\"elementor-countdown-digits elementor-countdown-days\"><\/span> <span class=\"elementor-countdown-label\">Jours<\/span><\/div><div class=\"elementor-countdown-item\"><span class=\"elementor-countdown-digits elementor-countdown-hours\"><\/span> <span class=\"elementor-countdown-label\">Heures<\/span><\/div><div class=\"elementor-countdown-item\"><span class=\"elementor-countdown-digits elementor-countdown-minutes\"><\/span> <span class=\"elementor-countdown-label\">Minutes<\/span><\/div><div class=\"elementor-countdown-item\"><span class=\"elementor-countdown-digits elementor-countdown-seconds\"><\/span> <span class=\"elementor-countdown-label\">Secondes<\/span><\/div>\t\t<\/div>\n\t\t\t\t\t\t<\/div>\n\t\t\t\t<\/div>\n\t\t\t\t\t<\/div>\n\t\t<\/div>\n\t\t\t\t\t<\/div>\n\t\t<\/section>\n\t\t\t\t<section class=\"elementor-section elementor-top-section elementor-element elementor-element-89ae845 elementor-section-boxed elementor-section-height-default elementor-section-height-default\" data-id=\"89ae845\" data-element_type=\"section\">\n\t\t\t\t\t\t<div class=\"elementor-container elementor-column-gap-default\">\n\t\t\t\t\t<div class=\"elementor-column elementor-col-100 elementor-top-column elementor-element elementor-element-54b05d2\" data-id=\"54b05d2\" data-element_type=\"column\">\n\t\t\t<div class=\"elementor-widget-wrap elementor-element-populated\">\n\t\t\t\t\t\t<div class=\"elementor-element elementor-element-57333e2 elementor-widget elementor-widget-text-editor\" data-id=\"57333e2\" data-element_type=\"widget\" data-widget_type=\"text-editor.default\">\n\t\t\t\t<div class=\"elementor-widget-container\">\n\t\t\t\t\t\t\t\t\t<p><span lang=\"FR-CA\">Le Partenariat local pour l\u2019immigration d\u2019Ottawa (PLIO) est heureux de vous inviter \u00e0\u00a0<\/span><a href=\"https:\/\/docs.google.com\/forms\/d\/e\/1FAIpQLSfl4KoZh2euUmy74543Prq1Rg5PYe3WMlD9Fj_vV9BP4kCJzg\/viewform\" target=\"_blank\" rel=\"noopener\"><span lang=\"FR-CA\">soumettre une activit\u00e9<\/span><\/a><span lang=\"FR-CA\">\u00a0dans le cadre de la Semaine d\u2019accueil \u00e0 Ottawa (SAO) de 2024 qui aura lieu le 17 \u2013 30 juin.<\/span><span style=\"background-color: var(--content_bg_color); color: var(--body_typography-color); font-family: var(--body_typography-font-family); font-size: var(--body_typography-font-size); font-style: var(--body_typography-font-style,normal); font-weight: var(--body_typography-font-weight); letter-spacing: var(--body_typography-letter-spacing);\">\u00a0<\/span><\/p><p><span lang=\"FR-CA\">La SAO est une s\u00e9rie annuelle de dialogues, activit\u00e9s culturelles, c\u00e9l\u00e9brations, visites guid\u00e9es, activit\u00e9s sportives, visionnements de documentaires, expositions d\u2019art et photo, lancements de livres et autres activit\u00e9s divertissantes, con\u00e7ue pour montrer aux nouveaux arrivants l\u2019accueil et l\u2019hospitalit\u00e9 authentiques d\u2019Ottawa. Cette ann\u00e9e, la SAO reconna\u00eetra \u00e9galement l\u2019impact de la pand\u00e9mie sur les nouveaux arrivants et les r\u00e9sidents racis\u00e9s.<\/span><span style=\"background-color: var(--content_bg_color); color: var(--body_typography-color); font-family: var(--body_typography-font-family); font-size: var(--body_typography-font-size); font-style: var(--body_typography-font-style,normal); font-weight: var(--body_typography-font-weight); letter-spacing: var(--body_typography-letter-spacing);\">\u00a0<\/span><\/p><p><span lang=\"FR-CA\">Les activit\u00e9s de la SAO doivent obligatoirement inclure des immigrants et des r\u00e9fugi\u00e9s, aborder des sujets li\u00e9s \u00e0 l\u2019\u00e9tablissement et \u00e0 l\u2019int\u00e9gration des nouveaux arrivants ou c\u00e9l\u00e9brer la diversit\u00e9. Les activit\u00e9s doivent \u00e9galement avoir lieu pendant la p\u00e9riode de la SAO 2024 (du 17 au 30 juin).<\/span>\u00a0<\/p><p><span lang=\"FR-CA\">Les activit\u00e9s doivent cadrer dans une des cat\u00e9gories suivantes\u00a0:<\/span><\/p>\t\t\t\t\t\t\t\t<\/div>\n\t\t\t\t<\/div>\n\t\t\t\t\t<\/div>\n\t\t<\/div>\n\t\t\t\t\t<\/div>\n\t\t<\/section>\n\t\t\t\t<section class=\"elementor-section elementor-top-section elementor-element elementor-element-d2d5c68 elementor-section-boxed elementor-section-height-default elementor-section-height-default\" data-id=\"d2d5c68\" data-element_type=\"section\">\n\t\t\t\t\t\t<div class=\"elementor-container elementor-column-gap-default\">\n\t\t\t\t\t<div class=\"elementor-column elementor-col-50 elementor-top-column elementor-element elementor-element-7f99532\" data-id=\"7f99532\" data-element_type=\"column\">\n\t\t\t<div class=\"elementor-widget-wrap elementor-element-populated\">\n\t\t\t\t\t\t<div class=\"elementor-element elementor-element-86f61e0 elementor-widget elementor-widget-text-editor\" data-id=\"86f61e0\" data-element_type=\"widget\" data-widget_type=\"text-editor.default\">\n\t\t\t\t<div class=\"elementor-widget-container\">\n\t\t\t\t\t\t\t\t\t<ul><li style=\"font-weight: 400;\"><b><strong>Visites guid\u00e9es<\/strong><\/b>\u00a0: visites \u00e0 pied, \u00e0 v\u00e9lo ou en bus, visites de mus\u00e9es, etc.<\/li><li style=\"font-weight: 400;\"><b><strong>Affaires et entrepreneuriat<\/strong><\/b>\u00a0: rencontres avec les employeurs, r\u00e9seautage pour la recherche d\u2019emploi, etc.<\/li><li style=\"font-weight: 400;\"><b><strong>Activit\u00e9s et tournois sportifs<\/strong><\/b>\u00a0: football, cricket, tai-chi, yoga, etc.<\/li><li style=\"font-weight: 400;\"><b><strong>Activit\u00e9s li\u00e9es \u00e0 la nourriture<\/strong><\/b>\u00a0: Cours de cuisine, d\u00e9gustations, visites de restaurants, etc.<\/li><li style=\"font-weight: 400;\"><b><strong>Design et cr\u00e9ativit\u00e9<\/strong><\/b>\u00a0: D\u00e9fil\u00e9 de mode, activit\u00e9s pr\u00e9sentant des id\u00e9es cr\u00e9atives et innovantes qui r\u00e9pondent aux besoins de la communaut\u00e9.<\/li><li style=\"font-weight: 400;\"><b><strong style=\"font-style: var(--body_typography-font-style,normal);\">Activit\u00e9s culturelles<\/strong><\/b><span style=\"font-style: var(--body_typography-font-style,normal); font-weight: var(--body_typography-font-weight);\">\u00a0: expositions artistiques\/photographiques, activit\u00e9s mettant en valeur la contribution artistique et intellectuelle des immigrants.<\/span><\/li><\/ul>\t\t\t\t\t\t\t\t<\/div>\n\t\t\t\t<\/div>\n\t\t\t\t\t<\/div>\n\t\t<\/div>\n\t\t\t\t<div class=\"elementor-column elementor-col-50 elementor-top-column elementor-element elementor-element-4547808\" data-id=\"4547808\" data-element_type=\"column\">\n\t\t\t<div class=\"elementor-widget-wrap elementor-element-populated\">\n\t\t\t\t\t\t<div class=\"elementor-element elementor-element-6eeb956 elementor-widget elementor-widget-text-editor\" data-id=\"6eeb956\" data-element_type=\"widget\" data-widget_type=\"text-editor.default\">\n\t\t\t\t<div class=\"elementor-widget-container\">\n\t\t\t\t\t\t\t\t\t<ul><li style=\"font-weight: 400;\"><b><strong>Po\u00e9sie, musique et r\u00e9cits<\/strong><\/b>\u00a0: Soir\u00e9es de po\u00e9sie et de com\u00e9die, concerts et autres activit\u00e9s artistiques visant \u00e0 illustrer la richesse des diverses cultures de votre communaut\u00e9.<\/li><li style=\"font-weight: 400;\"><b><strong>Activit\u00e9 d\u2019apprentissage<\/strong><\/b>\u00a0: Lancement de livres, journ\u00e9es portes ouvertes, s\u00e9minaires acad\u00e9miques sur des sujets li\u00e9s \u00e0 la diversit\u00e9 et aux communaut\u00e9s accueillantes.<\/li><li style=\"font-weight: 400;\"><b><strong>Engagements civiques<\/strong><\/b>\u00a0: c\u00e9r\u00e9monies de citoyennet\u00e9, r\u00e9unions \u00e0 l\u2019h\u00f4tel de ville, activit\u00e9s de rencontre et d\u2019accueil avec un \u00e9lu local.<\/li><li style=\"font-weight: 400;\"><b><strong style=\"font-style: var(--body_typography-font-style,normal);\">Projection d\u2019un documentaire ou d\u2019un film<\/strong><\/b><span style=\"font-style: var(--body_typography-font-style,normal); font-weight: var(--body_typography-font-weight);\">\u00a0: projection d\u2019un documentaire suivie par une discussion sur des sujets qui affectent n\u00e9gativement les communaut\u00e9s marginalis\u00e9es tels que la pand\u00e9mie de COVID-19, la sant\u00e9 mentale, le racisme, le logement, etc.<\/span><\/li><\/ul>\t\t\t\t\t\t\t\t<\/div>\n\t\t\t\t<\/div>\n\t\t\t\t\t<\/div>\n\t\t<\/div>\n\t\t\t\t\t<\/div>\n\t\t<\/section>\n\t\t\t\t<section class=\"elementor-section elementor-top-section elementor-element elementor-element-ed33249 elementor-section-boxed elementor-section-height-default elementor-section-height-default\" data-id=\"ed33249\" data-element_type=\"section\">\n\t\t\t\t\t\t<div class=\"elementor-container elementor-column-gap-default\">\n\t\t\t\t\t<div class=\"elementor-column elementor-col-100 elementor-top-column elementor-element elementor-element-3eaa250\" data-id=\"3eaa250\" data-element_type=\"column\">\n\t\t\t<div class=\"elementor-widget-wrap elementor-element-populated\">\n\t\t\t\t\t\t<div class=\"elementor-element elementor-element-3a81d32 elementor-widget elementor-widget-text-editor\" data-id=\"3a81d32\" data-element_type=\"widget\" data-widget_type=\"text-editor.default\">\n\t\t\t\t<div class=\"elementor-widget-container\">\n\t\t\t\t\t\t\t\t\t<p>Besoin encore d\u2019id\u00e9es ? Consultez notre liste compl\u00e8te de\u00a0<a href=\"https:\/\/welcomingottawaweek.ca\/wp-content\/uploads\/2024\/04\/2024-wow-event-ideas-fr.pdf\" target=\"_blank\" rel=\"noopener\">suggestions de cat\u00e9gories d\u2019activit\u00e9s de la SAO<\/a>.<strong style=\"background-color: var(--content_bg_color); color: var(--body_typography-color); font-family: var(--body_typography-font-family); font-size: var(--body_typography-font-size); font-style: var(--body_typography-font-style,normal); letter-spacing: var(--body_typography-letter-spacing);\">\u00a0<\/strong><\/p><p><strong>VOTRE ACTION :<\/strong><\/p><ul><li>Organisez une activit\u00e9 qui met en valeur votre engagement aupr\u00e8s des immigrants et des r\u00e9fugi\u00e9s, c\u00e9l\u00e8bre les contributions des nouveaux arrivants ou cr\u00e9e de nouveaux liens entre voisins. Ne tardez pas,\u00a0<a href=\"https:\/\/docs.google.com\/forms\/d\/e\/1FAIpQLSfl4KoZh2euUmy74543Prq1Rg5PYe3WMlD9Fj_vV9BP4kCJzg\/viewform\" target=\"_blank\" rel=\"noopener\">inscrivez votre activit\u00e9 de la SAO 2024 en ligne<\/a><strong>\u00a0avant le 31 mai 2024<\/strong>.<\/li><li>Distribuez le\u00a0<a href=\"https:\/\/welcomingottawaweek.ca\/wp-content\/uploads\/2024\/04\/WOW2024-Call-for-Events-Poster_FR.pdf\" target=\"_blank\" rel=\"noopener\">d\u00e9pliant de l\u2019appel aux propositions d\u2019activit\u00e9s de la SAO<\/a>aux partenaires ou aux personnes qui, selon vous, pourraient \u00eatre int\u00e9ress\u00e9es \u00e0 organiser une activit\u00e9 de la SAO.<\/li><li>Suivez-nous sur les m\u00e9dias sociaux pour rester au courant des d\u00e9veloppements de #WOW2024 :\u00a0<a href=\"http:\/\/www.facebook.com\/OttawaLIP\">Facebook\/OttawaLIP<\/a>|\u00a0<a href=\"http:\/\/twitter.com\/OLIP_PLIO\">Twitter @OLIP_PLIO<\/a><\/li><\/ul><p>Si vous avez des questions ou des id\u00e9es, veuillez contacter Nyamulola Kambanji \u00e0\u00a0<a href=\"mailto:nyamulola@olip-plio.ca\">nyamulola@olip-plio.ca<\/a>.<\/p>\t\t\t\t\t\t\t\t<\/div>\n\t\t\t\t<\/div>\n\t\t\t\t\t<\/div>\n\t\t<\/div>\n\t\t\t\t\t<\/div>\n\t\t<\/section>\n\t\t\t\t<\/div>\n\t\t","protected":false},"excerpt":{"rendered":"<p>SAO 2024 : Appel pour propositions d\u2019activit\u00e9s Days Hours Minutes Seconds Le Partenariat local pour l\u2019immigration d\u2019Ottawa (PLIO) est heureux de vous inviter \u00e0\u00a0soumettre une activit\u00e9\u00a0dans le cadre de la Semaine d\u2019accueil \u00e0 Ottawa  [&#8230;]<\/p>\n","protected":false},"author":2,"featured_media":0,"parent":0,"menu_order":0,"comment_status":"closed","ping_status":"closed","template":"","meta":{"footnotes":""},"class_list":["post-6630","page","type-page","status-publish","hentry"],"_links":{"self":[{"href":"https:\/\/welcomingottawaweek.ca\/fr\/wp-json\/wp\/v2\/pages\/6630","targetHints":{"allow":["GET"]}}],"collection":[{"href":"https:\/\/welcomingottawaweek.ca\/fr\/wp-json\/wp\/v2\/pages"}],"about":[{"href":"https:\/\/welcomingottawaweek.ca\/fr\/wp-json\/wp\/v2\/types\/page"}],"author":[{"embeddable":true,"href":"https:\/\/welcomingottawaweek.ca\/fr\/wp-json\/wp\/v2\/users\/2"}],"replies":[{"embeddable":true,"href":"https:\/\/welcomingottawaweek.ca\/fr\/wp-json\/wp\/v2\/comments?post=6630"}],"version-history":[{"count":42,"href":"https:\/\/welcomingottawaweek.ca\/fr\/wp-json\/wp\/v2\/pages\/6630\/revisions"}],"predecessor-version":[{"id":6949,"href":"https:\/\/welcomingottawaweek.ca\/fr\/wp-json\/wp\/v2\/pages\/6630\/revisions\/6949"}],"wp:attachment":[{"href":"https:\/\/welcomingottawaweek.ca\/fr\/wp-json\/wp\/v2\/media?parent=6630"}],"curies":[{"name":"wp","href":"https:\/\/api.w.org\/{rel}","templated":true}]}}