{"id":6642,"date":"2024-04-17T14:35:57","date_gmt":"2024-04-17T18:35:57","guid":{"rendered":"https:\/\/welcomingottawaweek.ca\/?page_id=6642"},"modified":"2024-04-19T11:00:21","modified_gmt":"2024-04-19T15:00:21","slug":"appel-pour-nominations-2024","status":"publish","type":"page","link":"https:\/\/welcomingottawaweek.ca\/fr\/appel-pour-nominations-2024\/","title":{"rendered":"Appel pour nominations 2024"},"content":{"rendered":"\t\t<div data-elementor-type=\"wp-page\" data-elementor-id=\"6642\" class=\"elementor elementor-6642\" data-elementor-post-type=\"page\">\n\t\t\t\t\t\t<section class=\"elementor-section elementor-top-section elementor-element elementor-element-28420b5 elementor-section-boxed elementor-section-height-default elementor-section-height-default\" data-id=\"28420b5\" data-element_type=\"section\">\n\t\t\t\t\t\t<div class=\"elementor-container elementor-column-gap-default\">\n\t\t\t\t\t<div class=\"elementor-column elementor-col-100 elementor-top-column elementor-element elementor-element-466355d\" data-id=\"466355d\" data-element_type=\"column\">\n\t\t\t<div class=\"elementor-widget-wrap elementor-element-populated\">\n\t\t\t\t\t\t<div class=\"elementor-element elementor-element-0524b39 elementor-widget elementor-widget-image\" data-id=\"0524b39\" data-element_type=\"widget\" data-widget_type=\"image.default\">\n\t\t\t\t<div class=\"elementor-widget-container\">\n\t\t\t\t\t\t\t\t\t\t\t\t\t\t\t<img fetchpriority=\"high\" decoding=\"async\" width=\"678\" height=\"272\" src=\"https:\/\/welcomingottawaweek.ca\/wp-content\/uploads\/2024\/04\/WOW-Slide-Call-for-Nominations.png\" class=\"attachment-large size-large wp-image-6650\" alt=\"\" srcset=\"https:\/\/welcomingottawaweek.ca\/wp-content\/uploads\/2024\/04\/WOW-Slide-Call-for-Nominations-200x80.png 200w, https:\/\/welcomingottawaweek.ca\/wp-content\/uploads\/2024\/04\/WOW-Slide-Call-for-Nominations-300x120.png 300w, https:\/\/welcomingottawaweek.ca\/wp-content\/uploads\/2024\/04\/WOW-Slide-Call-for-Nominations-400x160.png 400w, https:\/\/welcomingottawaweek.ca\/wp-content\/uploads\/2024\/04\/WOW-Slide-Call-for-Nominations-600x241.png 600w, https:\/\/welcomingottawaweek.ca\/wp-content\/uploads\/2024\/04\/WOW-Slide-Call-for-Nominations.png 678w\" sizes=\"(max-width: 678px) 100vw, 678px\" \/>\t\t\t\t\t\t\t\t\t\t\t\t\t\t\t<\/div>\n\t\t\t\t<\/div>\n\t\t\t\t\t<\/div>\n\t\t<\/div>\n\t\t\t\t\t<\/div>\n\t\t<\/section>\n\t\t\t\t<section class=\"elementor-section elementor-top-section elementor-element elementor-element-926a9ba elementor-section-boxed elementor-section-height-default elementor-section-height-default\" data-id=\"926a9ba\" data-element_type=\"section\" data-settings=\"{&quot;background_background&quot;:&quot;classic&quot;}\">\n\t\t\t\t\t\t<div class=\"elementor-container elementor-column-gap-default\">\n\t\t\t\t\t<div class=\"elementor-column elementor-col-100 elementor-top-column elementor-element elementor-element-764375c\" data-id=\"764375c\" data-element_type=\"column\">\n\t\t\t<div class=\"elementor-widget-wrap elementor-element-populated\">\n\t\t\t\t\t\t<div class=\"elementor-element elementor-element-36d0507 elementor-countdown--label-block elementor-widget elementor-widget-countdown\" data-id=\"36d0507\" data-element_type=\"widget\" data-widget_type=\"countdown.default\">\n\t\t\t\t<div class=\"elementor-widget-container\">\n\t\t\t\t\t\t\t<div class=\"elementor-countdown-wrapper\" data-date=\"1778797140\">\n\t\t\t<div class=\"elementor-countdown-item\"><span class=\"elementor-countdown-digits elementor-countdown-days\"><\/span> <span class=\"elementor-countdown-label\">Jours<\/span><\/div><div class=\"elementor-countdown-item\"><span class=\"elementor-countdown-digits elementor-countdown-hours\"><\/span> <span class=\"elementor-countdown-label\">Heures<\/span><\/div><div class=\"elementor-countdown-item\"><span class=\"elementor-countdown-digits elementor-countdown-minutes\"><\/span> <span class=\"elementor-countdown-label\">Minutes<\/span><\/div><div class=\"elementor-countdown-item\"><span class=\"elementor-countdown-digits elementor-countdown-seconds\"><\/span> <span class=\"elementor-countdown-label\">Secondes<\/span><\/div>\t\t<\/div>\n\t\t\t\t\t\t<\/div>\n\t\t\t\t<\/div>\n\t\t\t\t\t<\/div>\n\t\t<\/div>\n\t\t\t\t\t<\/div>\n\t\t<\/section>\n\t\t\t\t<section class=\"elementor-section elementor-top-section elementor-element elementor-element-2c37ded elementor-section-boxed elementor-section-height-default elementor-section-height-default\" data-id=\"2c37ded\" data-element_type=\"section\">\n\t\t\t\t\t\t<div class=\"elementor-container elementor-column-gap-default\">\n\t\t\t\t\t<div class=\"elementor-column elementor-col-100 elementor-top-column elementor-element elementor-element-5609ef3\" data-id=\"5609ef3\" data-element_type=\"column\">\n\t\t\t<div class=\"elementor-widget-wrap elementor-element-populated\">\n\t\t\t\t\t\t<div class=\"elementor-element elementor-element-e07beeb elementor-widget elementor-widget-heading\" data-id=\"e07beeb\" data-element_type=\"widget\" data-widget_type=\"heading.default\">\n\t\t\t\t<div class=\"elementor-widget-container\">\n\t\t\t\t\t<h2 class=\"elementor-heading-title elementor-size-default\"><b>Ambassadeurs d'accueil \u00e0 Ottawa : Appel pour nominations<\/b><\/h2>\t\t\t\t<\/div>\n\t\t\t\t<\/div>\n\t\t\t\t\t<\/div>\n\t\t<\/div>\n\t\t\t\t\t<\/div>\n\t\t<\/section>\n\t\t\t\t<section class=\"elementor-section elementor-top-section elementor-element elementor-element-434daf0 elementor-section-boxed elementor-section-height-default elementor-section-height-default\" data-id=\"434daf0\" data-element_type=\"section\">\n\t\t\t\t\t\t<div class=\"elementor-container elementor-column-gap-default\">\n\t\t\t\t\t<div class=\"elementor-column elementor-col-100 elementor-top-column elementor-element elementor-element-eff5d6e\" data-id=\"eff5d6e\" data-element_type=\"column\">\n\t\t\t<div class=\"elementor-widget-wrap elementor-element-populated\">\n\t\t\t\t\t\t<div class=\"elementor-element elementor-element-5ecaf51 elementor-widget elementor-widget-text-editor\" data-id=\"5ecaf51\" data-element_type=\"widget\" data-widget_type=\"text-editor.default\">\n\t\t\t\t<div class=\"elementor-widget-container\">\n\t\t\t\t\t\t\t\t\t<p style=\"margin-bottom: 0cm; line-height: normal;\"><span lang=\"FR-CA\" style=\"font-family: 'Open Sans', sans-serif; color: #202020; background-image: initial; background-position: initial; background-size: initial; background-repeat: initial; background-attachment: initial; background-origin: initial; background-clip: initial;\">Le Partenariat local pour l\u2019immigration d\u2019Ottawa (PLIO) vous invite \u00e0 nommer une personne qui a eu un impact positif lors de votre d\u00e9marche pour faire d\u2019Ottawa votre nouveau foyer, afin qu\u2019elle re\u00e7oive un Prix des Ambassadeurs d\u2019accueil \u00e0 Ottawa. <\/span><\/p><p>Le Prix des ambassadeurs d\u2019accueil \u00e0 Ottawa, remis chaque ann\u00e9e par le maire d&rsquo;Ottawa, c\u00e9l\u00e8bre les r\u00e9sidents d&rsquo;Ottawa qui incarnent l&rsquo;esprit et l&rsquo;engagement d&rsquo;Ottawa \u00e0 \u00eatre une ville accueillante pour les nouveaux arrivants. Votre nomination nous aidera \u00e0 reconna\u00eetre les citoyens exceptionnels qui font beaucoup pour faciliter l&rsquo;int\u00e9gration des nouveaux arrivants.<\/p><p style=\"margin-bottom: 0cm; line-height: normal;\"><span lang=\"FR-CA\" style=\"font-size: 11pt; font-family: 'Open Sans', sans-serif; color: #202020; background-image: initial; background-position: initial; background-size: initial; background-repeat: initial; background-attachment: initial; background-origin: initial; background-clip: initial;\">\u00a0<\/span><\/p><p style=\"margin-bottom: 0cm; line-height: normal;\"><b><span lang=\"FR-CA\" style=\"font-size: 11pt; font-family: 'Open Sans', sans-serif; color: #202020; background-image: initial; background-position: initial; background-size: initial; background-repeat: initial; background-attachment: initial; background-origin: initial; background-clip: initial;\">Voici comment \u00e7a marche\u00a0:<\/span><\/b><\/p><p style=\"margin-bottom: 0cm; line-height: normal;\"><span lang=\"FR-CA\" style=\"font-size: 11pt; font-family: 'Open Sans', sans-serif; color: #202020; background-image: initial; background-position: initial; background-size: initial; background-repeat: initial; background-attachment: initial; background-origin: initial; background-clip: initial;\">\u00a0<\/span><\/p><p style=\"margin-bottom: 0cm; line-height: normal;\"><span lang=\"FR-CA\" style=\"font-family: 'Open Sans', sans-serif; color: #202020; background-image: initial; background-position: initial; background-size: initial; background-repeat: initial; background-attachment: initial; background-origin: initial; background-clip: initial;\">Racontez votre histoire en utilisant <\/span><span lang=\"EN-US\"><a href=\"https:\/\/docs.google.com\/forms\/d\/e\/1FAIpQLSfOe-eenZPJ5biXlUoKvQOAKd_I-Z2iMukYpeN1dUNB188Yrg\/viewform\" target=\"_blank\" rel=\"noopener\"><span lang=\"FR-CA\" style=\"font-family: 'Open Sans', sans-serif; background-image: initial; background-position: initial; background-size: initial; background-repeat: initial; background-attachment: initial; background-origin: initial; background-clip: initial;\">notre formulaire de nomination en ligne<\/span><\/a><\/span><span lang=\"FR-CA\" style=\"font-family: 'Open Sans', sans-serif; color: #202020; background-image: initial; background-position: initial; background-size: initial; background-repeat: initial; background-attachment: initial; background-origin: initial; background-clip: initial;\">. Pensez \u00e0 la premi\u00e8re fois o\u00f9 vous \u00eates arriv\u00e9 comme nouvel arrivant \u00e0 Ottawa, que ce soit il y a 20 ans ou 20 jours. Y a-t-il eu une personne qui a fait quelque chose \u2013 un petit ou un grand geste \u2013 pour vous aider \u00e0 vous sentir chez vous \u00e0 Ottawa?<\/span><span lang=\"FR-CA\" style=\"font-family: 'Open Sans',sans-serif; color: #202020; mso-ansi-language: FR-CA;\"><br \/><span style=\"background-image: initial; background-position: initial; background-size: initial; background-repeat: initial; background-attachment: initial; background-origin: initial; background-clip: initial;\">\u00a0<\/span><br \/><span style=\"background-image: initial; background-position: initial; background-size: initial; background-repeat: initial; background-attachment: initial; background-origin: initial; background-clip: initial;\">Peut-\u00eatre un coll\u00e8gue qui a r\u00e9pondu \u00e0 vos questions concernant la culture de votre lieu de travail, un enseignant qui vous a inspir\u00e9 \u00e0 r\u00e9ussir, ou un voisin qui a \u00e9t\u00e9 gentil et vous a soutenu. Dites-nous comment cette personne vous a soutenu et comment elle en a fait plus pour vous aider \u00e0 vous ajuster \u00e0 votre nouvelle vie \u00e0 Ottawa.<\/span><br \/><span style=\"background-image: initial; background-position: initial; background-size: initial; background-repeat: initial; background-attachment: initial; background-origin: initial; background-clip: initial;\">\u00a0<\/span><br \/><span style=\"background-image: initial; background-position: initial; background-size: initial; background-repeat: initial; background-attachment: initial; background-origin: initial; background-clip: initial;\">Pour \u00eatre \u00e9ligible, l\u2019individu qui propose la nomination d\u2019une personne doit \u00eatre un immigrant ou un r\u00e9fugi\u00e9, mais la personne nomm\u00e9e peut \u00eatre n\u2019importe qui. Il n\u2019y a pas de restriction concernant la dur\u00e9e pass\u00e9e \u00e0 Ottawa.<\/span><\/span><\/p><p style=\"line-height: normal;\"><span lang=\"FR-CA\" style=\"font-size: 11pt; font-family: 'Open Sans', sans-serif; color: #202020; background-image: initial; background-position: initial; background-size: initial; background-repeat: initial; background-attachment: initial; background-origin: initial; background-clip: initial;\"><br \/><\/span><strong><span lang=\"EN-US\" style=\"font-family: 'Open Sans', sans-serif; color: #202020; background-image: initial; background-position: initial; background-size: initial; background-repeat: initial; background-attachment: initial; background-origin: initial; background-clip: initial;\">Votre d\u00e9marche \u00e0 suivre:\u00a0<\/span><\/strong><\/p><ul type=\"disc\"><li style=\"line-height: normal; background-image: initial; background-position: initial; background-size: initial; background-repeat: initial; background-attachment: initial; background-origin: initial; background-clip: initial;\"><span lang=\"FR-CA\" style=\"font-family: 'Open Sans', sans-serif;\"><span style=\"color: #3366ff;\"><a style=\"color: #3366ff;\" href=\"https:\/\/welcomingottawaweek.ca\/fr\/sao-ambassadeurs\/prix-des-ambassadeurs-faq\/\" target=\"_blank\" rel=\"noopener\">Identifiez <\/a><\/span><span style=\"color: #202020;\"><span style=\"color: #000000;\">une personne \u00e0 nommer<\/span> comme Ambassadeur d\u2019accueil \u00e0 Ottawa<\/span><\/span><span lang=\"FR-CA\" style=\"color: #202020; font-family: 'Open Sans', sans-serif;\">.\u00a0<strong>Date limite pour les nominations\u00a0: le 15 mai 2024.<\/strong><br \/>\u00a0<\/span><\/li><li style=\"color: #202020; line-height: normal; background-image: initial; background-position: initial; background-size: initial; background-repeat: initial; background-attachment: initial; background-origin: initial; background-clip: initial;\"><span lang=\"FR-CA\" style=\"font-family: 'Open Sans',sans-serif; mso-ansi-language: FR-CA;\">Distribuez le\u00a0<\/span><span lang=\"FR-CA\" style=\"font-family: 'Open Sans',sans-serif; color: black; mso-color-alt: windowtext; mso-ansi-language: FR-CA;\"><a href=\"https:\/\/welcomingottawaweek.ca\/wp-content\/uploads\/2024\/04\/WOW2024-Call-for-Nominations_Poster-FR.pdf\" target=\"_blank\" rel=\"noopener\">d\u00e9pliant pour l\u2019appel des candidatures<\/a> pour les Ambassadeurs d\u2019accueil \u00e0 Ottawa<\/span><span lang=\"FR-CA\" style=\"font-family: 'Open Sans',sans-serif; mso-ansi-language: FR-CA;\"> aux immigrants.<br \/>\u00a0<\/span><\/li><li style=\"color: #202020; line-height: normal; background-image: initial; background-position: initial; background-size: initial; background-repeat: initial; background-attachment: initial; background-origin: initial; background-clip: initial;\"><span lang=\"FR-CA\" style=\"font-family: 'Open Sans',sans-serif; mso-ansi-language: FR-CA;\">Lisez le document montrant <\/span><span lang=\"EN-US\" style=\"color: black; mso-color-alt: windowtext;\"><a href=\"https:\/\/welcomingottawaweek.ca\/wp-content\/uploads\/2024\/04\/Welcoming-Qualities-FR.pdf\" target=\"_blank\" rel=\"noopener\"><span lang=\"FR-CA\" style=\"font-family: 'Open Sans',sans-serif; mso-ansi-language: FR-CA;\">les qualit\u00e9s que les Ambassadeurs d\u2019accueil \u00e0 Ottawa ont incarn\u00e9es<\/span><\/a><\/span><span lang=\"FR-CA\" style=\"font-family: 'Open Sans',sans-serif; mso-ansi-language: FR-CA;\">.<br \/>\u00a0<\/span><\/li><li style=\"color: #202020; line-height: normal; background-image: initial; background-position: initial; background-size: initial; background-repeat: initial; background-attachment: initial; background-origin: initial; background-clip: initial;\"><span lang=\"FR-CA\" style=\"font-family: 'Open Sans',sans-serif; mso-ansi-language: FR-CA;\">Visitez\u00a0notre\u00a0<\/span><span lang=\"EN-US\" style=\"color: black; mso-color-alt: windowtext;\"><a href=\"https:\/\/welcomingottawaweek.ca\/fr\/sao-2024-appel-pour-propositions-dactivites\/\" target=\"_blank\" rel=\"noopener\"><span lang=\"FR-CA\" style=\"font-family: 'Open Sans',sans-serif; color: #0066cc; mso-ansi-language: FR-CA;\">site web<\/span><\/a><\/span><span lang=\"FR-CA\" style=\"font-family: 'Open Sans',sans-serif; mso-ansi-language: FR-CA;\">\u00a0pour plus d\u2019informations sur la Semaine d\u2019accueil \u00e0 Ottawa (le 17 au 30 juin 2024).<\/span><\/li><\/ul><p style=\"margin-bottom: 0cm; line-height: normal;\"><span lang=\"FR-CA\" style=\"font-family: 'Open Sans', sans-serif; color: #202020; background-image: initial; background-position: initial; background-size: initial; background-repeat: initial; background-attachment: initial; background-origin: initial; background-clip: initial;\">Pour plus d\u2019informations sur les Ambassadeurs accueillants d\u2019Ottawa, contactez Nyamulola Kambanji \u00e0\u00a0<\/span><span lang=\"EN-US\"><a href=\"mailto:nyamulola@olip-plio.ca\"><span lang=\"FR-CA\" style=\"font-family: 'Open Sans',sans-serif; mso-ansi-language: FR-CA;\">nyamulola@olip-plio.ca<\/span><\/a><\/span><span lang=\"FR-CA\" style=\"font-family: 'Open Sans', sans-serif; color: #202020; background-image: initial; background-position: initial; background-size: initial; background-repeat: initial; background-attachment: initial; background-origin: initial; background-clip: initial;\">.\u00a0<\/span><\/p>\t\t\t\t\t\t\t\t<\/div>\n\t\t\t\t<\/div>\n\t\t\t\t\t<\/div>\n\t\t<\/div>\n\t\t\t\t\t<\/div>\n\t\t<\/section>\n\t\t\t\t<\/div>\n\t\t","protected":false},"excerpt":{"rendered":"<p>Days Hours Minutes Seconds Ambassadeurs d&rsquo;accueil \u00e0 Ottawa : Appel pour nominations Le Partenariat local pour l\u2019immigration d\u2019Ottawa (PLIO) vous invite \u00e0 nommer une personne qui a eu un impact positif lors de votre  [&#8230;]<\/p>\n","protected":false},"author":2,"featured_media":0,"parent":0,"menu_order":0,"comment_status":"closed","ping_status":"closed","template":"","meta":{"footnotes":""},"class_list":["post-6642","page","type-page","status-publish","hentry"],"_links":{"self":[{"href":"https:\/\/welcomingottawaweek.ca\/fr\/wp-json\/wp\/v2\/pages\/6642","targetHints":{"allow":["GET"]}}],"collection":[{"href":"https:\/\/welcomingottawaweek.ca\/fr\/wp-json\/wp\/v2\/pages"}],"about":[{"href":"https:\/\/welcomingottawaweek.ca\/fr\/wp-json\/wp\/v2\/types\/page"}],"author":[{"embeddable":true,"href":"https:\/\/welcomingottawaweek.ca\/fr\/wp-json\/wp\/v2\/users\/2"}],"replies":[{"embeddable":true,"href":"https:\/\/welcomingottawaweek.ca\/fr\/wp-json\/wp\/v2\/comments?post=6642"}],"version-history":[{"count":78,"href":"https:\/\/welcomingottawaweek.ca\/fr\/wp-json\/wp\/v2\/pages\/6642\/revisions"}],"predecessor-version":[{"id":6846,"href":"https:\/\/welcomingottawaweek.ca\/fr\/wp-json\/wp\/v2\/pages\/6642\/revisions\/6846"}],"wp:attachment":[{"href":"https:\/\/welcomingottawaweek.ca\/fr\/wp-json\/wp\/v2\/media?parent=6642"}],"curies":[{"name":"wp","href":"https:\/\/api.w.org\/{rel}","templated":true}]}}