{"id":7610,"date":"2024-06-17T14:39:31","date_gmt":"2024-06-17T18:39:31","guid":{"rendered":"https:\/\/welcomingottawaweek.ca\/?page_id=7610"},"modified":"2024-06-17T15:07:32","modified_gmt":"2024-06-17T19:07:32","slug":"heather-wacyk","status":"publish","type":"page","link":"https:\/\/welcomingottawaweek.ca\/fr\/heather-wacyk\/","title":{"rendered":"Heather Wacyk"},"content":{"rendered":"\t\t<div data-elementor-type=\"wp-page\" data-elementor-id=\"7610\" class=\"elementor elementor-7610\" data-elementor-post-type=\"page\">\n\t\t\t\t\t\t<section class=\"elementor-section elementor-top-section elementor-element elementor-element-53cfb75 elementor-section-content-middle elementor-section-stretched elementor-section-boxed elementor-section-height-default elementor-section-height-default\" data-id=\"53cfb75\" data-element_type=\"section\" data-e-type=\"section\" data-settings=\"{&quot;stretch_section&quot;:&quot;section-stretched&quot;,&quot;background_background&quot;:&quot;classic&quot;}\">\n\t\t\t\t\t\t\t<div class=\"elementor-background-overlay\"><\/div>\n\t\t\t\t\t\t\t<div class=\"elementor-container elementor-column-gap-default\">\n\t\t\t\t\t<div class=\"elementor-column elementor-col-16 elementor-top-column elementor-element elementor-element-bdf68fb\" data-id=\"bdf68fb\" data-element_type=\"column\" data-e-type=\"column\">\n\t\t\t<div class=\"elementor-widget-wrap\">\n\t\t\t\t\t\t\t<\/div>\n\t\t<\/div>\n\t\t\t\t<div class=\"elementor-column elementor-col-66 elementor-top-column elementor-element elementor-element-8adf8ec\" data-id=\"8adf8ec\" data-element_type=\"column\" data-e-type=\"column\">\n\t\t\t<div class=\"elementor-widget-wrap elementor-element-populated\">\n\t\t\t\t\t\t<div class=\"elementor-element elementor-element-609fa4a elementor-widget elementor-widget-spacer\" data-id=\"609fa4a\" data-element_type=\"widget\" data-e-type=\"widget\" data-widget_type=\"spacer.default\">\n\t\t\t\t<div class=\"elementor-widget-container\">\n\t\t\t\t\t\t\t<div class=\"elementor-spacer\">\n\t\t\t<div class=\"elementor-spacer-inner\"><\/div>\n\t\t<\/div>\n\t\t\t\t\t\t<\/div>\n\t\t\t\t<\/div>\n\t\t\t\t<div class=\"elementor-element elementor-element-6681c31 elementor-widget__width-inherit elementor-widget elementor-widget-heading\" data-id=\"6681c31\" data-element_type=\"widget\" data-e-type=\"widget\" data-widget_type=\"heading.default\">\n\t\t\t\t<div class=\"elementor-widget-container\">\n\t\t\t\t\t<h1 class=\"elementor-heading-title elementor-size-default\">Ambassadeurs de la semaine d'accueil \u00e0 Ottawa 2024<\/h1>\t\t\t\t<\/div>\n\t\t\t\t<\/div>\n\t\t\t\t<div class=\"elementor-element elementor-element-784696f elementor-widget elementor-widget-spacer\" data-id=\"784696f\" data-element_type=\"widget\" data-e-type=\"widget\" data-widget_type=\"spacer.default\">\n\t\t\t\t<div class=\"elementor-widget-container\">\n\t\t\t\t\t\t\t<div class=\"elementor-spacer\">\n\t\t\t<div class=\"elementor-spacer-inner\"><\/div>\n\t\t<\/div>\n\t\t\t\t\t\t<\/div>\n\t\t\t\t<\/div>\n\t\t\t\t<div class=\"elementor-element elementor-element-217ec07 elementor-widget elementor-widget-spacer\" data-id=\"217ec07\" data-element_type=\"widget\" data-e-type=\"widget\" data-widget_type=\"spacer.default\">\n\t\t\t\t<div class=\"elementor-widget-container\">\n\t\t\t\t\t\t\t<div class=\"elementor-spacer\">\n\t\t\t<div class=\"elementor-spacer-inner\"><\/div>\n\t\t<\/div>\n\t\t\t\t\t\t<\/div>\n\t\t\t\t<\/div>\n\t\t\t\t\t<\/div>\n\t\t<\/div>\n\t\t\t\t<div class=\"elementor-column elementor-col-16 elementor-top-column elementor-element elementor-element-fc8a4f4\" data-id=\"fc8a4f4\" data-element_type=\"column\" data-e-type=\"column\">\n\t\t\t<div class=\"elementor-widget-wrap\">\n\t\t\t\t\t\t\t<\/div>\n\t\t<\/div>\n\t\t\t\t\t<\/div>\n\t\t<\/section>\n\t\t\t\t<section class=\"elementor-section elementor-top-section elementor-element elementor-element-24da3bf elementor-section-boxed elementor-section-height-default elementor-section-height-default\" data-id=\"24da3bf\" data-element_type=\"section\" data-e-type=\"section\">\n\t\t\t\t\t\t<div class=\"elementor-container elementor-column-gap-default\">\n\t\t\t\t\t<div class=\"elementor-column elementor-col-100 elementor-top-column elementor-element elementor-element-f378a0d\" data-id=\"f378a0d\" data-element_type=\"column\" data-e-type=\"column\">\n\t\t\t<div class=\"elementor-widget-wrap elementor-element-populated\">\n\t\t\t\t\t\t<div class=\"elementor-element elementor-element-049a5dd elementor-widget elementor-widget-spacer\" data-id=\"049a5dd\" data-element_type=\"widget\" data-e-type=\"widget\" data-widget_type=\"spacer.default\">\n\t\t\t\t<div class=\"elementor-widget-container\">\n\t\t\t\t\t\t\t<div class=\"elementor-spacer\">\n\t\t\t<div class=\"elementor-spacer-inner\"><\/div>\n\t\t<\/div>\n\t\t\t\t\t\t<\/div>\n\t\t\t\t<\/div>\n\t\t\t\t<section class=\"elementor-section elementor-inner-section elementor-element elementor-element-0ed2c1f elementor-section-boxed elementor-section-height-default elementor-section-height-default\" data-id=\"0ed2c1f\" data-element_type=\"section\" data-e-type=\"section\">\n\t\t\t\t\t\t<div class=\"elementor-container elementor-column-gap-default\">\n\t\t\t\t\t<div class=\"elementor-column elementor-col-100 elementor-inner-column elementor-element elementor-element-a28ec95\" data-id=\"a28ec95\" data-element_type=\"column\" data-e-type=\"column\">\n\t\t\t<div class=\"elementor-widget-wrap elementor-element-populated\">\n\t\t\t\t\t\t<div class=\"elementor-element elementor-element-6ddf798 elementor-widget elementor-widget-heading\" data-id=\"6ddf798\" data-element_type=\"widget\" data-e-type=\"widget\" data-widget_type=\"heading.default\">\n\t\t\t\t<div class=\"elementor-widget-container\">\n\t\t\t\t\t<h2 class=\"elementor-heading-title elementor-size-default\">Heather Wacyk<\/h2>\t\t\t\t<\/div>\n\t\t\t\t<\/div>\n\t\t\t\t<div class=\"elementor-element elementor-element-7d5a976 elementor-widget elementor-widget-heading\" data-id=\"7d5a976\" data-element_type=\"widget\" data-e-type=\"widget\" data-widget_type=\"heading.default\">\n\t\t\t\t<div class=\"elementor-widget-container\">\n\t\t\t\t\t<h3 class=\"elementor-heading-title elementor-size-default\">Le d\u00e9vouement et l\u2019\u00e9nergie remarquables d\u2019une nouvelle arrivante<\/h3>\t\t\t\t<\/div>\n\t\t\t\t<\/div>\n\t\t\t\t<div class=\"elementor-element elementor-element-fc8bbdd elementor-widget elementor-widget-spacer\" data-id=\"fc8bbdd\" data-element_type=\"widget\" data-e-type=\"widget\" data-widget_type=\"spacer.default\">\n\t\t\t\t<div class=\"elementor-widget-container\">\n\t\t\t\t\t\t\t<div class=\"elementor-spacer\">\n\t\t\t<div class=\"elementor-spacer-inner\"><\/div>\n\t\t<\/div>\n\t\t\t\t\t\t<\/div>\n\t\t\t\t<\/div>\n\t\t\t\t\t<\/div>\n\t\t<\/div>\n\t\t\t\t\t<\/div>\n\t\t<\/section>\n\t\t\t\t<section class=\"elementor-section elementor-inner-section elementor-element elementor-element-a9f71c5 elementor-section-boxed elementor-section-height-default elementor-section-height-default\" data-id=\"a9f71c5\" data-element_type=\"section\" data-e-type=\"section\">\n\t\t\t\t\t\t<div class=\"elementor-container elementor-column-gap-default\">\n\t\t\t\t\t<div class=\"elementor-column elementor-col-100 elementor-inner-column elementor-element elementor-element-3ff242d\" data-id=\"3ff242d\" data-element_type=\"column\" data-e-type=\"column\">\n\t\t\t<div class=\"elementor-widget-wrap elementor-element-populated\">\n\t\t\t\t\t\t<div class=\"elementor-element elementor-element-82f0402 elementor-widget elementor-widget-text-editor\" data-id=\"82f0402\" data-element_type=\"widget\" data-e-type=\"widget\" data-widget_type=\"text-editor.default\">\n\t\t\t\t<div class=\"elementor-widget-container\">\n\t\t\t\t\t\t\t\t\t<p><img fetchpriority=\"high\" decoding=\"async\" class=\"wp-image-7478 size-medium alignleft\" src=\"https:\/\/welcomingottawaweek.ca\/wp-content\/uploads\/2024\/06\/Heather-Wacyk-300x259.jpeg\" alt=\"\" width=\"300\" height=\"259\" srcset=\"https:\/\/welcomingottawaweek.ca\/wp-content\/uploads\/2024\/06\/Heather-Wacyk-200x172.jpeg 200w, https:\/\/welcomingottawaweek.ca\/wp-content\/uploads\/2024\/06\/Heather-Wacyk-300x259.jpeg 300w, https:\/\/welcomingottawaweek.ca\/wp-content\/uploads\/2024\/06\/Heather-Wacyk-400x345.jpeg 400w, https:\/\/welcomingottawaweek.ca\/wp-content\/uploads\/2024\/06\/Heather-Wacyk-600x517.jpeg 600w, https:\/\/welcomingottawaweek.ca\/wp-content\/uploads\/2024\/06\/Heather-Wacyk-768x662.jpeg 768w, https:\/\/welcomingottawaweek.ca\/wp-content\/uploads\/2024\/06\/Heather-Wacyk-800x690.jpeg 800w, https:\/\/welcomingottawaweek.ca\/wp-content\/uploads\/2024\/06\/Heather-Wacyk-1024x883.jpeg 1024w, https:\/\/welcomingottawaweek.ca\/wp-content\/uploads\/2024\/06\/Heather-Wacyk-1200x1034.jpeg 1200w, https:\/\/welcomingottawaweek.ca\/wp-content\/uploads\/2024\/06\/Heather-Wacyk-1536x1324.jpeg 1536w\" sizes=\"(max-width: 300px) 100vw, 300px\" \/><\/p>\n<p>Quand Heather Wacyk et Panah Khoshmanesh s\u2019assoient dans des fauteuils vert lime analogues dans une arri\u00e8re-salle de The Well, vous pouvez sentir la chaleur de leurs relations.<span style=\"background-color: var(--content_bg_color); color: var(--body_typography-color); font-family: var(--body_typography-font-family); font-size: var(--body_typography-font-size); font-style: var(--body_typography-font-style,normal); font-weight: var(--body_typography-font-weight); letter-spacing: var(--body_typography-letter-spacing);\">&nbsp;<\/span><\/p><p>D\u2019origine iranienne et titulaire de deux dipl\u00f4mes en technologie alimentaire, Panah est arriv\u00e9e \u00e0 Ottawa en juillet 2022 en tant que r\u00e9fugi\u00e9e 2SLGBTQ+. Peu de temps apr\u00e8s avoir r\u00e9ussi le programme gratuit de formation en services alimentaires de quatre mois du Chef Ric\u2019s (administr\u00e9 par La Mission d\u2019Ottawa), elle a commenc\u00e9 \u00e0 travailler en tant que chef \u00e0 The Well en d\u00e9cembre de la m\u00eame ann\u00e9e. Heather est sa gestionnaire.<\/p><p>\u00ab Nos programmes sont ax\u00e9s sur l\u2019inclusion sociale \u00bb, explique Heather, originaire de London, en Ontario qui a commenc\u00e9 \u00e0 travailler \u00e0 The Well six ans plus t\u00f4t apr\u00e8s avoir \u00e9tudi\u00e9 en travail social \u00e0 l\u2019Universit\u00e9 Carleton. <br>\u00ab Nous servons de nombreuses personnes qui n\u2019ont pas acc\u00e8s \u00e0 des cuisines et certaines qui, apr\u00e8s avoir quitt\u00e9 leur domicile, peuvent profiter de possibilit\u00e9s fournies par l\u2019interaction sociale \u00bb, ajoute Heather.<\/p><p>Elle estime que la moiti\u00e9 de la client\u00e8le de l\u2019organisme est compos\u00e9e de personnes en situation de logement pr\u00e9caire ou sans-abri qui sont des demandeurs d\u2019asile. \u00ab L\u2019hiver dernier, il y a eu des nuits o\u00f9 jusqu\u2019\u00e0 300 personnes n\u2019avaient pas d\u2019endroit o\u00f9 dormir \u00e0 Ottawa. Plus t\u00f4t cette semaine, nous avons eu 200 personnes ici pour le d\u00eener. \u00bb<span style=\"background-color: var(--content_bg_color); color: var(--body_typography-color); font-family: var(--body_typography-font-family); font-size: var(--body_typography-font-size); font-style: var(--body_typography-font-style,normal); font-weight: var(--body_typography-font-weight); letter-spacing: var(--body_typography-letter-spacing);\">&nbsp;<\/span><\/p><p>Les matin\u00e9es \u00e0 The Well sont destin\u00e9es aux femmes et aux personnes aux diverses identit\u00e9s de genre, mais de 12 h 30 \u00e0 20 h tous les jours, les portes sont ouvertes pour tout le monde. \u00c0 titre de minist\u00e8re communautaire anglican, Belong Ottawa offre des services, notamment de buanderie, douches, repas (petit-d\u00e9jeuner et d\u00eener), produits de toilette, t\u00e9l\u00e9phone, Internet et soutien en mati\u00e8re de navigation communautaire.<\/p><p>La pand\u00e9mie et la crise des opio\u00efdes ont mis en lumi\u00e8re des lacunes de plus en plus importantes en espaces inclusifs indispensables offrant des services sociaux. \u00ab Nous sommes le seul type d\u2019organisme que vous esp\u00e9rez voir manquer d\u2019activit\u00e9s un jour. \u00bb<br>Alors que nous discutons de l\u2019incroyable force dont fait preuve Panah, elle devient \u00e9motive et dit : \u00ab ne me faites pas pleurer \u00bb. Un solide lien d\u2019admiration mutuelle se manifeste entre les deux femmes.<\/p><p>\u00ab Quand La Mission d\u2019Ottawa m\u2019a envoy\u00e9e ici pour un entretien d\u2019embauche, j\u2019ai obtenu tout d\u2019abord une p\u00e9riode de formation d\u2019une semaine, se souvient Panah. Mais apr\u00e8s la deuxi\u00e8me journ\u00e9e, Heather m\u2019a embauch\u00e9e! \u00bb<\/p><p>\u00ab Quand j\u2019ai commenc\u00e9 ici, Heather m\u2019a encourag\u00e9e, en apprenant l\u2019anglais et au sujet de la cuisine, dit Panah. Elle a eu confiance en moi, et j\u2019ai pu passer \u00e0 un meilleur poste comme coordonnatrice \u00e0 la St.Luke\u2019s Table de Belong Ottawa l\u2019an dernier en ao\u00fbt. \u00bb<br>\u00ab Elle ne sait pas le r\u00f4le important qu\u2019elle a jou\u00e9 dans ma vie, remarque Panah. De simples petites choses, comme des mots d\u2019\u00e9loge, peuvent faire une grande diff\u00e9rence. \u00bb<\/p><p>Panah parle l\u2019arabe, le perse et le turc et offre de l&rsquo;aide en traduction \u00e0 certaines personnes qui acc\u00e8dent aux services de Belong Ottawa. Bient\u00f4t, elle dirigera un groupe sp\u00e9cialis\u00e9 pour les femmes nouvelles arrivantes \u00e0 The Well. <br>Heather a encourag\u00e9 Panah \u00e0 penser \u00e0 devenir une travailleuse des services sociaux et \u00e0 obtenir des certificats pour aller de l\u2019avant professionnellement. Le 27 juin, elle commencera \u00e0 travailler pour obtenir un certificat en services sociaux et elle planifie de suivre les cours en ligne.<\/p><p>\u00ab En faisant la connaissance de Panah, autant elle a \u00e9t\u00e9 \u00e9tonnante dans la cuisine, autant je sais qu\u2019elle a l\u2019\u00e9ducation, l\u2019exp\u00e9rience, l\u2019\u00e9nergie et la t\u00e9nacit\u00e9 n\u00e9cessaires pour \u00e9largir ses horizons, ajoute Heather. Je vois tellement de potentiel en elle et je suis impressionn\u00e9e par ses nombreuses r\u00e9alisations depuis qu\u2019elle est arriv\u00e9e au Canada il y a seulement deux ans. \u00bb<\/p><p>\u00ab Dans cet organisme, vous pouvez \u00e9voluer bien que nous payions les gens au salaire minimum, explique Heather. M\u00eame si cela signifie que nous sommes juste un point de d\u00e9part pour des gens comme Panah, c\u2019est un indicateur de notre succ\u00e8s. \u00bb<br>\u00ab Belong Ottawa m\u2019a aid\u00e9e quand j\u2019avais besoin d\u2019un emploi pour parrainer ma partenaire \u00e0 venir au Canada, d\u00e9clare Panah. Elle d\u00e9bordait de joie quand elle est arriv\u00e9e au Canada deux jours apr\u00e8s sa chirurgie de r\u00e9attribution sexuelle.<span style=\"background-color: var(--content_bg_color); color: var(--body_typography-color); font-family: var(--body_typography-font-family); font-size: var(--body_typography-font-size); font-style: var(--body_typography-font-style,normal); font-weight: var(--body_typography-font-weight); letter-spacing: var(--body_typography-letter-spacing);\">&nbsp;<\/span><\/p><p>En tant que personne LGBTQ, je ne pouvais pas travailler dans mon pays, mais ici j\u2019ai la libert\u00e9 de le faire. \u00bb Sa partenaire, qu\u2019elle a rencontr\u00e9e plus de trois ans auparavant quand elles \u00e9taient toutes deux r\u00e9fugi\u00e9es en Turquie, est maintenant b\u00e9n\u00e9vole \u00e0 The Well.<br>Panah se sent inspir\u00e9e en ayant un emploi o\u00f9 en plus de gagner sa vie, elle peut redonner \u00e0 la communaut\u00e9. Elle r\u00eave d\u2019un jour o\u00f9 elle pourra aider \u00e0 b\u00e2tir le m\u00eame type d\u2019organisme en Iran.<span style=\"background-color: var(--content_bg_color); color: var(--body_typography-color); font-family: var(--body_typography-font-family); font-size: var(--body_typography-font-size); font-style: var(--body_typography-font-style,normal); font-weight: var(--body_typography-font-weight); letter-spacing: var(--body_typography-letter-spacing);\">&nbsp;<\/span><\/p><p>Tout en \u00e9tant ravie de recevoir le prix d\u2019Ambassadrice accueillante d\u2019Ottawa, Heather souligne qu\u2019elle est juste dans les coulisses. \u00ab Panah devrait recevoir ce prix, conclut Heather. C\u2019est son d\u00e9vouement et son \u00e9nergie qui devraient vraiment \u00eatre r\u00e9compens\u00e9s! \u00bb <\/p>\t\t\t\t\t\t\t\t<\/div>\n\t\t\t\t<\/div>\n\t\t\t\t\t<\/div>\n\t\t<\/div>\n\t\t\t\t\t<\/div>\n\t\t<\/section>\n\t\t\t\t\t<\/div>\n\t\t<\/div>\n\t\t\t\t\t<\/div>\n\t\t<\/section>\n\t\t\t\t<\/div>\n\t\t","protected":false},"excerpt":{"rendered":"<p>Ambassadeurs de la semaine d&rsquo;accueil \u00e0 Ottawa 2024 Heather Wacyk Le d\u00e9vouement et l\u2019\u00e9nergie remarquables d\u2019une nouvelle arrivante Quand Heather Wacyk et Panah Khoshmanesh s\u2019assoient dans des fauteuils vert lime analogues dans une arri\u00e8re-salle  [&#8230;]<\/p>\n","protected":false},"author":2,"featured_media":0,"parent":0,"menu_order":0,"comment_status":"closed","ping_status":"closed","template":"","meta":{"footnotes":""},"class_list":["post-7610","page","type-page","status-publish","hentry"],"_links":{"self":[{"href":"https:\/\/welcomingottawaweek.ca\/fr\/wp-json\/wp\/v2\/pages\/7610","targetHints":{"allow":["GET"]}}],"collection":[{"href":"https:\/\/welcomingottawaweek.ca\/fr\/wp-json\/wp\/v2\/pages"}],"about":[{"href":"https:\/\/welcomingottawaweek.ca\/fr\/wp-json\/wp\/v2\/types\/page"}],"author":[{"embeddable":true,"href":"https:\/\/welcomingottawaweek.ca\/fr\/wp-json\/wp\/v2\/users\/2"}],"replies":[{"embeddable":true,"href":"https:\/\/welcomingottawaweek.ca\/fr\/wp-json\/wp\/v2\/comments?post=7610"}],"version-history":[{"count":4,"href":"https:\/\/welcomingottawaweek.ca\/fr\/wp-json\/wp\/v2\/pages\/7610\/revisions"}],"predecessor-version":[{"id":7619,"href":"https:\/\/welcomingottawaweek.ca\/fr\/wp-json\/wp\/v2\/pages\/7610\/revisions\/7619"}],"wp:attachment":[{"href":"https:\/\/welcomingottawaweek.ca\/fr\/wp-json\/wp\/v2\/media?parent=7610"}],"curies":[{"name":"wp","href":"https:\/\/api.w.org\/{rel}","templated":true}]}}