{"id":7623,"date":"2024-06-17T15:12:24","date_gmt":"2024-06-17T19:12:24","guid":{"rendered":"https:\/\/welcomingottawaweek.ca\/?page_id=7623"},"modified":"2024-06-17T15:22:24","modified_gmt":"2024-06-17T19:22:24","slug":"jacques-j-m-shore-c-m","status":"publish","type":"page","link":"https:\/\/welcomingottawaweek.ca\/fr\/jacques-j-m-shore-c-m\/","title":{"rendered":"Jacques J.M. Shore, C.M."},"content":{"rendered":"\t\t<div data-elementor-type=\"wp-page\" data-elementor-id=\"7623\" class=\"elementor elementor-7623\" data-elementor-post-type=\"page\">\n\t\t\t\t\t\t<section class=\"elementor-section elementor-top-section elementor-element elementor-element-8d6cb50 elementor-section-content-middle elementor-section-stretched elementor-section-boxed elementor-section-height-default elementor-section-height-default\" data-id=\"8d6cb50\" data-element_type=\"section\" data-e-type=\"section\" data-settings=\"{&quot;stretch_section&quot;:&quot;section-stretched&quot;,&quot;background_background&quot;:&quot;classic&quot;}\">\n\t\t\t\t\t\t\t<div class=\"elementor-background-overlay\"><\/div>\n\t\t\t\t\t\t\t<div class=\"elementor-container elementor-column-gap-default\">\n\t\t\t\t\t<div class=\"elementor-column elementor-col-16 elementor-top-column elementor-element elementor-element-d3146a3\" data-id=\"d3146a3\" data-element_type=\"column\" data-e-type=\"column\">\n\t\t\t<div class=\"elementor-widget-wrap\">\n\t\t\t\t\t\t\t<\/div>\n\t\t<\/div>\n\t\t\t\t<div class=\"elementor-column elementor-col-66 elementor-top-column elementor-element elementor-element-53783c1\" data-id=\"53783c1\" data-element_type=\"column\" data-e-type=\"column\">\n\t\t\t<div class=\"elementor-widget-wrap elementor-element-populated\">\n\t\t\t\t\t\t<div class=\"elementor-element elementor-element-c5b5d28 elementor-widget elementor-widget-spacer\" data-id=\"c5b5d28\" data-element_type=\"widget\" data-e-type=\"widget\" data-widget_type=\"spacer.default\">\n\t\t\t\t<div class=\"elementor-widget-container\">\n\t\t\t\t\t\t\t<div class=\"elementor-spacer\">\n\t\t\t<div class=\"elementor-spacer-inner\"><\/div>\n\t\t<\/div>\n\t\t\t\t\t\t<\/div>\n\t\t\t\t<\/div>\n\t\t\t\t<div class=\"elementor-element elementor-element-ca2e66b elementor-widget__width-inherit elementor-widget elementor-widget-heading\" data-id=\"ca2e66b\" data-element_type=\"widget\" data-e-type=\"widget\" data-widget_type=\"heading.default\">\n\t\t\t\t<div class=\"elementor-widget-container\">\n\t\t\t\t\t<h1 class=\"elementor-heading-title elementor-size-default\">Ambassadeurs de la semaine d'accueil \u00e0 Ottawa 2024<\/h1>\t\t\t\t<\/div>\n\t\t\t\t<\/div>\n\t\t\t\t<div class=\"elementor-element elementor-element-dbb4cba elementor-widget elementor-widget-spacer\" data-id=\"dbb4cba\" data-element_type=\"widget\" data-e-type=\"widget\" data-widget_type=\"spacer.default\">\n\t\t\t\t<div class=\"elementor-widget-container\">\n\t\t\t\t\t\t\t<div class=\"elementor-spacer\">\n\t\t\t<div class=\"elementor-spacer-inner\"><\/div>\n\t\t<\/div>\n\t\t\t\t\t\t<\/div>\n\t\t\t\t<\/div>\n\t\t\t\t<div class=\"elementor-element elementor-element-97837d0 elementor-widget elementor-widget-spacer\" data-id=\"97837d0\" data-element_type=\"widget\" data-e-type=\"widget\" data-widget_type=\"spacer.default\">\n\t\t\t\t<div class=\"elementor-widget-container\">\n\t\t\t\t\t\t\t<div class=\"elementor-spacer\">\n\t\t\t<div class=\"elementor-spacer-inner\"><\/div>\n\t\t<\/div>\n\t\t\t\t\t\t<\/div>\n\t\t\t\t<\/div>\n\t\t\t\t\t<\/div>\n\t\t<\/div>\n\t\t\t\t<div class=\"elementor-column elementor-col-16 elementor-top-column elementor-element elementor-element-d8daf92\" data-id=\"d8daf92\" data-element_type=\"column\" data-e-type=\"column\">\n\t\t\t<div class=\"elementor-widget-wrap\">\n\t\t\t\t\t\t\t<\/div>\n\t\t<\/div>\n\t\t\t\t\t<\/div>\n\t\t<\/section>\n\t\t\t\t<section class=\"elementor-section elementor-top-section elementor-element elementor-element-764049c elementor-section-boxed elementor-section-height-default elementor-section-height-default\" data-id=\"764049c\" data-element_type=\"section\" data-e-type=\"section\">\n\t\t\t\t\t\t<div class=\"elementor-container elementor-column-gap-default\">\n\t\t\t\t\t<div class=\"elementor-column elementor-col-100 elementor-top-column elementor-element elementor-element-17c990c\" data-id=\"17c990c\" data-element_type=\"column\" data-e-type=\"column\">\n\t\t\t<div class=\"elementor-widget-wrap\">\n\t\t\t\t\t\t\t<\/div>\n\t\t<\/div>\n\t\t\t\t\t<\/div>\n\t\t<\/section>\n\t\t\t\t<section class=\"elementor-section elementor-top-section elementor-element elementor-element-d0fd49e elementor-section-boxed elementor-section-height-default elementor-section-height-default\" data-id=\"d0fd49e\" data-element_type=\"section\" data-e-type=\"section\">\n\t\t\t\t\t\t<div class=\"elementor-container elementor-column-gap-default\">\n\t\t\t\t\t<div class=\"elementor-column elementor-col-100 elementor-top-column elementor-element elementor-element-d682434\" data-id=\"d682434\" data-element_type=\"column\" data-e-type=\"column\">\n\t\t\t<div class=\"elementor-widget-wrap elementor-element-populated\">\n\t\t\t\t\t\t<div class=\"elementor-element elementor-element-d7552cf elementor-widget elementor-widget-spacer\" data-id=\"d7552cf\" data-element_type=\"widget\" data-e-type=\"widget\" data-widget_type=\"spacer.default\">\n\t\t\t\t<div class=\"elementor-widget-container\">\n\t\t\t\t\t\t\t<div class=\"elementor-spacer\">\n\t\t\t<div class=\"elementor-spacer-inner\"><\/div>\n\t\t<\/div>\n\t\t\t\t\t\t<\/div>\n\t\t\t\t<\/div>\n\t\t\t\t<section class=\"elementor-section elementor-inner-section elementor-element elementor-element-59f9f4b elementor-section-boxed elementor-section-height-default elementor-section-height-default\" data-id=\"59f9f4b\" data-element_type=\"section\" data-e-type=\"section\">\n\t\t\t\t\t\t<div class=\"elementor-container elementor-column-gap-default\">\n\t\t\t\t\t<div class=\"elementor-column elementor-col-100 elementor-inner-column elementor-element elementor-element-1309133\" data-id=\"1309133\" data-element_type=\"column\" data-e-type=\"column\">\n\t\t\t<div class=\"elementor-widget-wrap elementor-element-populated\">\n\t\t\t\t\t\t<div class=\"elementor-element elementor-element-079a0a9 elementor-widget elementor-widget-heading\" data-id=\"079a0a9\" data-element_type=\"widget\" data-e-type=\"widget\" data-widget_type=\"heading.default\">\n\t\t\t\t<div class=\"elementor-widget-container\">\n\t\t\t\t\t<h2 class=\"elementor-heading-title elementor-size-default\">Jacques J.M. Shore, C.M.<\/h2>\t\t\t\t<\/div>\n\t\t\t\t<\/div>\n\t\t\t\t<div class=\"elementor-element elementor-element-58042c9 elementor-widget elementor-widget-heading\" data-id=\"58042c9\" data-element_type=\"widget\" data-e-type=\"widget\" data-widget_type=\"heading.default\">\n\t\t\t\t<div class=\"elementor-widget-container\">\n\t\t\t\t\t<h3 class=\"elementor-heading-title elementor-size-default\">Rendre le monde meilleur pour les r\u00e9fugi\u00e9s afghans<\/h3>\t\t\t\t<\/div>\n\t\t\t\t<\/div>\n\t\t\t\t<div class=\"elementor-element elementor-element-aa6d4de elementor-widget elementor-widget-spacer\" data-id=\"aa6d4de\" data-element_type=\"widget\" data-e-type=\"widget\" data-widget_type=\"spacer.default\">\n\t\t\t\t<div class=\"elementor-widget-container\">\n\t\t\t\t\t\t\t<div class=\"elementor-spacer\">\n\t\t\t<div class=\"elementor-spacer-inner\"><\/div>\n\t\t<\/div>\n\t\t\t\t\t\t<\/div>\n\t\t\t\t<\/div>\n\t\t\t\t\t<\/div>\n\t\t<\/div>\n\t\t\t\t\t<\/div>\n\t\t<\/section>\n\t\t\t\t<section class=\"elementor-section elementor-inner-section elementor-element elementor-element-21a951a elementor-section-boxed elementor-section-height-default elementor-section-height-default\" data-id=\"21a951a\" data-element_type=\"section\" data-e-type=\"section\">\n\t\t\t\t\t\t<div class=\"elementor-container elementor-column-gap-default\">\n\t\t\t\t\t<div class=\"elementor-column elementor-col-100 elementor-inner-column elementor-element elementor-element-7b9c57e\" data-id=\"7b9c57e\" data-element_type=\"column\" data-e-type=\"column\">\n\t\t\t<div class=\"elementor-widget-wrap elementor-element-populated\">\n\t\t\t\t\t\t<div class=\"elementor-element elementor-element-2b3fb6e elementor-widget elementor-widget-text-editor\" data-id=\"2b3fb6e\" data-element_type=\"widget\" data-e-type=\"widget\" data-widget_type=\"text-editor.default\">\n\t\t\t\t<div class=\"elementor-widget-container\">\n\t\t\t\t\t\t\t\t\t<p><img fetchpriority=\"high\" decoding=\"async\" class=\"alignleft wp-image-7480 size-medium\" src=\"https:\/\/welcomingottawaweek.ca\/wp-content\/uploads\/2024\/06\/Jacques-Shore-300x300.jpg\" alt=\"\" width=\"300\" height=\"300\" srcset=\"https:\/\/welcomingottawaweek.ca\/wp-content\/uploads\/2024\/06\/Jacques-Shore-66x66.jpg 66w, https:\/\/welcomingottawaweek.ca\/wp-content\/uploads\/2024\/06\/Jacques-Shore-150x150.jpg 150w, https:\/\/welcomingottawaweek.ca\/wp-content\/uploads\/2024\/06\/Jacques-Shore-200x200.jpg 200w, https:\/\/welcomingottawaweek.ca\/wp-content\/uploads\/2024\/06\/Jacques-Shore-300x300.jpg 300w, https:\/\/welcomingottawaweek.ca\/wp-content\/uploads\/2024\/06\/Jacques-Shore-400x400.jpg 400w, https:\/\/welcomingottawaweek.ca\/wp-content\/uploads\/2024\/06\/Jacques-Shore-600x600.jpg 600w, https:\/\/welcomingottawaweek.ca\/wp-content\/uploads\/2024\/06\/Jacques-Shore-768x768.jpg 768w, https:\/\/welcomingottawaweek.ca\/wp-content\/uploads\/2024\/06\/Jacques-Shore.jpg 800w\" sizes=\"(max-width: 300px) 100vw, 300px\" \/><\/p><p>Lorsque Walid Naseemi, \u00e2g\u00e9 de 24 ans, a propos\u00e9 la candidature de Jacques Shore pour l\u2019un des Prix des ambassadeurs accueillants d\u2019Ottawa de 2024, il ne l\u2019avait pas encore rencontr\u00e9 en personne.<\/p><p>Walid avait toutefois toutes les raisons de montrer sa reconnaissance sinc\u00e8re \u00e0 l\u2019avocat et associ\u00e9 du bureau Gowling WLG d\u2019Ottawa. Il est impatient de le rencontrer lors de la prochaine remise de prix.<\/p><p>Walid a pr\u00e9sent\u00e9 cette candidature \u00e0 l\u2019occasion du deuxi\u00e8me anniversaire de la mort de son fr\u00e8re Yama aux mains des talibans en Afghanistan. \u00c0 l\u2019\u00e9poque, son fr\u00e8re avait le m\u00eame \u00e2ge que lui et \u00e9tudiait l\u2019informatique \u00e0 Kaboul. \u00ab Son avenir \u00e9tait plein de promesses \u00bb, ajoute Walid. \u00ab Pourtant, notre monde a vol\u00e9 en \u00e9clats avec sa disparition pr\u00e9matur\u00e9e, nous laissant d\u00e9concert\u00e9s et perdus. \u00bb<\/p><p>\u00ab Yama \u00e9tait innocent et il avait tant de r\u00eaves pour son avenir, mais sa vie a \u00e9t\u00e9 tr\u00e8s courte. J\u2019ai \u00e9galement perdu mon fr\u00e8re a\u00een\u00e9 il y a environ 26 ans, tu\u00e9 par un groupe de commandants moudjahidins locaux. Mes parents ont souffert de la perte de leur fils a\u00een\u00e9, puis leur autre fils, Yama, a \u00e9t\u00e9 brutalement tu\u00e9 par le groupe terroriste des talibans. Au cours des quatre derni\u00e8res d\u00e9cennies, cette douleur et ce chagrin ont fait partie de la vie de nombreux Afghans. \u00bb<\/p><p>\u00ab La gentillesse et le soutien que nous avons re\u00e7u de votre part pendant cette p\u00e9riode difficile sont inoubliables, \u00bb explique Walid dans le texte de nomination. \u00ab Ce prix est la seule fa\u00e7on de reconna\u00eetre le soutien inconditionnel que vous avez apport\u00e9, \u00e0 moi et \u00e0 ma famille. \u00bb<\/p><p>Le 6 mai 2023, Walid est arriv\u00e9 au Canada avec sa m\u00e8re. Sa s\u0153ur a suivi deux mois plus tard.<\/p><p>\u00ab Au milieu du chaos, M. Jacques Shore est apparu comme notre lueur d\u2019espoir \u00bb, explique Walid. \u00ab Avec une d\u00e9termination in\u00e9branlable, il s\u2019est ralli\u00e9 \u00e0 moi, \u00e0 ma s\u0153ur et \u00e0 ma m\u00e8re, orchestrant ainsi notre fuite de la tourmente afghane. Apr\u00e8s avoir pass\u00e9 plusieurs mois difficiles au Pakistan, nous avons enfin trouv\u00e9 du r\u00e9confort lorsque le Canada nous a ouvert ses portes. \u00bb<\/p><p>Jacques a donc jou\u00e9 un r\u00f4le d\u00e9terminant dans la r\u00e9alisation de ce projet. Peu apr\u00e8s la chute du pays aux mains des talibans en ao\u00fbt 2021, il a \u00e9t\u00e9 amen\u00e9 par son associ\u00e9, Lewis Retik et par Farouq Samim, qui n\u2019\u00e9tait connu ni de l\u2019un ni de l\u2019autre, \u00e0 aider des Afghans \u00e0 fuir vers le Canada. Il leur a \u00e9t\u00e9 pr\u00e9sent\u00e9 par un ami qui savait que Farouq essayait d\u00e9sesp\u00e9r\u00e9ment de faire sortir sa s\u0153ur de ce pays d\u00e9chir\u00e9 par la guerre. En l\u2019espace de quelques jours, ils ont mobilis\u00e9 un petit groupe de personnes concern\u00e9es et l\u2019op\u00e9ration Abraham, un groupe de b\u00e9n\u00e9voles interconfessionnels \u00e0 but non lucratif, a vu le jour.<\/p><p>Ils ont dress\u00e9 une liste de personnes susceptibles de faire l\u2019objet de repr\u00e9sailles de la part des talibans, notamment des femmes juges, des militants des droits des femmes, des avocats de la d\u00e9fense, un ancien garde de l\u2019ambassade du Canada, des membres des forces de s\u00e9curit\u00e9 nationale afghanes et des journalistes. Pendant pr\u00e8s de trois ans, ils ont travaill\u00e9 sans rel\u00e2che et ont r\u00e9ussi \u00e0 faire venir au Canada environ 150 de ces Afghans. L\u2019une de ces familles est celle de Walid.<\/p><p>Apr\u00e8s l\u2019assassinat de Yama Naseemi, le groupe s\u2019est montr\u00e9 tr\u00e8s pr\u00e9occup\u00e9 par la s\u00e9curit\u00e9 des personnes restantes. Ils ont fait pression sur le gouvernement du Canada et lui ont fait part de leurs pr\u00e9occupations, en citant le dernier incident et en attirant l\u2019attention sur la n\u00e9cessit\u00e9 de sauver les personnes figurant sur la liste de l\u2019op\u00e9ration Abraham.<\/p><p>Quelques mois apr\u00e8s l\u2019assassinat du fr\u00e8re de Walid, Immigration, R\u00e9fugi\u00e9s et Citoyennet\u00e9 Canada (IRCC) a envoy\u00e9 des invitations aux 150 personnes inscrites sur la liste de l\u2019op\u00e9ration Abraham, acceptant de les \u00e9vacuer.<\/p><p>\u00ab Je n\u2019ai jamais laiss\u00e9 personne dire que nous n\u2019allions pas pouvoir faire venir ces personnes au Canada \u00bb, explique Jacques. \u00ab Ils sont tous des anges et des h\u00e9ros, et Walid est l\u2019un d\u2019entre eux. \u00bb<\/p><p>Jacques s\u2019est acharn\u00e9 \u00e0 obtenir les documents officiels n\u00e9cessaires afin que les Naseemis et d\u2019autres familles puissent immigrer au Canada. \u00ab Tout s\u2019est pass\u00e9 tr\u00e8s vite \u00bb, se souvient-il. \u00ab J\u2019ai la chance d\u2019avoir de nombreux contacts de haut niveau au sein du gouvernement et j\u2019ai donc communiqu\u00e9 avec eux par t\u00e9l\u00e9phone. \u00bb<\/p><p>Il a planifi\u00e9 des appels jusqu\u2019\u00e0 deux ou trois fois par jour avec des fonctionnaires. Il ne les laissera pas s\u2019en tirer \u00e0 si bon compte. Son groupe recevait parfois cinq appels Zoom par jour et manquait souvent de sommeil afin de d\u00e9terminer ce qu\u2019il fallait faire rapidement pour aider les familles de la liste de l\u2019op\u00e9ration Abraham \u00e0 fuir l\u2019Afghanistan une fois Kaboul tomb\u00e9e aux mains des talibans. <br \/><br \/>\u00ab \u00c0 un moment donn\u00e9, apr\u00e8s l\u2019attentat \u00e0 la bombe \u00e0 l\u2019a\u00e9roport de Kaboul, nous sommes devenus beaucoup plus actifs \u00bb, ajoute Jacques. Dans un moment de fr\u00e9n\u00e9sie pour \u00e9vacuer les premi\u00e8res familles, l\u2019op\u00e9ration Abraham a r\u00e9ussi \u00e0 r\u00e9unir le million de dollars n\u00e9cessaire afin d\u2019affr\u00e9ter un avion au d\u00e9part de Mazar-i-Shar\u012bf, la quatri\u00e8me ville d\u2019Afghanistan. Dans cet avion se trouvaient la s\u0153ur de Farouq et plusieurs centaines d\u2019autres personnes. Ils ont envoy\u00e9 de l\u2019argent pour aider de nombreuses personnes vivant dans la pr\u00e9carit\u00e9 au Pakistan en attendant les derni\u00e8res formalit\u00e9s n\u00e9cessaires pour se rendre au Canada.<br \/><br \/>Jacques a d\u00e9fendu les int\u00e9r\u00eats des Naseemis. Sans ses efforts, ils n\u2019auraient pas pu venir au Canada. \u00ab Je suis honor\u00e9 d\u2019\u00eatre r\u00e9compens\u00e9 par ce prix \u00bb, d\u00e9clare-t-il. \u00ab Je voulais faire tranquillement ce qui \u00e9tait n\u00e9cessaire. Je ne pourrais pas m\u2019endormir si je ne faisais rien. Je ne voulais pas abandonner et mon entreprise l\u2019a bien compris. \u00bb<br \/><br \/>\u00ab La g\u00e9n\u00e9rosit\u00e9 sans bornes de M. Shore allait bien au-del\u00e0 des mots \u00bb, ajoute Walid. <br \/>\u00ab Il a non seulement apport\u00e9 un soutien financier, mais il a \u00e9galement navigu\u00e9 dans le labyrinthe de la bureaucratie, plaidant sans rel\u00e2che pour notre r\u00e9installation rapide au Canada. Ses pri\u00e8res pour notre s\u00e9curit\u00e9 ont r\u00e9sonn\u00e9 du plus profond de son c\u0153ur, nous accompagnant \u00e0 chaque \u00e9tape du processus. \u00bb<br \/><br \/>Dans un seul cas, Jacques n\u2019a pas \u00e9t\u00e9 en mesure d\u2019obtenir les documents n\u00e9cessaires pour une personne figurant sur la liste de 150 personnes, mais celle-ci s\u2019est install\u00e9e dans un autre pays s\u00fbr gr\u00e2ce au travail de l\u2019op\u00e9ration Abraham.<\/p><p>Jacques ne peut s\u2019emp\u00eacher de penser aux personnes que l\u2019op\u00e9ration Abraham n\u2019a pas pu aider. \u00ab La trag\u00e9die, c\u2019est qu\u2019il ne se passe pas une semaine sans que je re\u00e7oive un courriel d\u2019une personne demandant de l\u2019aide, et il est d\u00e9chirant de constater que nous ne pouvons rien faire de plus \u00bb, d\u00e9clare-t-il. \u00ab Il est d\u00e9sormais pratiquement impossible de faire sortir qui que ce soit d\u2019autre d\u2019Afghanistan. \u00bb<br \/><br \/>\u00ab D\u00e8s notre arriv\u00e9e \u00e0 Ottawa, la bienveillance de M. Shore nous a envelopp\u00e9s, facilitant ainsi notre transition vers une nouvelle vie \u00bb, conclut Walid. \u00ab Sous sa direction, nous avons commenc\u00e9 \u00e0 nous reconstruire, en trouvant du r\u00e9confort dans les souvenirs de Yama et la promesse d\u2019un avenir paisible. Notre gratitude envers M. Shore est sans limite; sa compassion et sa d\u00e9fense ont \u00e9t\u00e9 notre bou\u00e9e de sauvetage lors de nos heures les plus sombres. \u00bb<\/p><p>Bien que Walid soit d\u00e9sormais en s\u00e9curit\u00e9 au Canada, il est tr\u00e8s inquiet pour la s\u00e9curit\u00e9 de sa s\u0153ur a\u00een\u00e9e, qui d\u00e9fendait les droits de la personne en Afghanistan sous le pr\u00e9c\u00e9dent gouvernement et qui a \u00e9t\u00e9 bless\u00e9e par les talibans. Elle ne peut pas le rejoindre ici.<\/p><p>Apr\u00e8s une ann\u00e9e pass\u00e9e \u00e0 Ottawa, Walid a r\u00e9cemment pass\u00e9 ses examens \u00e0 l\u2019\u00e9cole secondaire pour adultes. Il conduit un Uber et esp\u00e8re \u00e9tudier les syst\u00e8mes de chauffage, ventilation et climatisation (CVC) au Coll\u00e8ge Algonquin \u00e0 l\u2019automne prochain. <br \/><br \/>Jacques est toujours troubl\u00e9 par l\u2019incroyable brutalit\u00e9 dont ont \u00e9t\u00e9 victimes les Naseemis et d\u2019autres Afghans innocents, dont beaucoup se sont battus pour les droits de la personne dans leur pays. \u00ab J\u2019esp\u00e8re que cette histoire motivera d\u2019autres personnes \u00e0 faire tout ce qu\u2019elles peuvent pour quelqu\u2019un \u00bb, conclut Jacques. \u00ab Aider les gens, qu\u2019ils soient de votre quartier ou tr\u00e8s \u00e9loign\u00e9s, en fin de compte, c\u2019est de cela qu\u2019il s\u2019agit. Pour aider les autres. \u00bb<\/p><p>Qu\u2019est-ce qui pousse un associ\u00e9, un auteur publi\u00e9, un r\u00e9cipiendaire de l\u2019Ordre du Canada, un copropri\u00e9taire de l\u2019\u00e9quipe de baseball des Titans d\u2019Ottawa et un p\u00e8re de famille \u00e0 consacrer autant de temps, dans son horaire extr\u00eamement charg\u00e9, \u00e0 aider les r\u00e9fugi\u00e9s afghans? Sa d\u00e9funte m\u00e8re, Lena Allen-Shorequi, apr\u00e8s avoir surv\u00e9cu \u00e0 l\u2019Holocauste, a fait la promesse \u00e0 Dieu d\u2019\u0153uvrer pour un monde meilleur si elle survivait. Son fils, lui, l\u2019a fait.<br \/><br \/>Encadr\u00e9 : \u00ab Lorsqu\u2019on leur a demand\u00e9 d\u2019apporter leur aide, les fondateurs de l\u2019op\u00e9ration Abraham ont reconnu qu\u2019il n\u2019y avait pas de plus grande vocation que de sauver la vie de ceux qui doivent \u00eatre aid\u00e9s. Le Talmud dit : \u201cSauver une vie, c\u2019est comme sauver le monde.\u201d Il y a des moments dans l\u2019histoire comme aujourd\u2019hui o\u00f9 nous pouvons aider ceux qui partagent nos id\u00e9aux humanitaires, notre qu\u00eate de justice et nos valeurs d\u00e9mocratiques. \u00bb <br \/>\u2013 Jacques J.M. Shore, C.M. et Lewis Retik, associ\u00e9s chez Gowling WLG<\/p><p>\u00a0<\/p>\t\t\t\t\t\t\t\t<\/div>\n\t\t\t\t<\/div>\n\t\t\t\t\t<\/div>\n\t\t<\/div>\n\t\t\t\t\t<\/div>\n\t\t<\/section>\n\t\t\t\t\t<\/div>\n\t\t<\/div>\n\t\t\t\t\t<\/div>\n\t\t<\/section>\n\t\t\t\t<\/div>\n\t\t","protected":false},"excerpt":{"rendered":"<p>Ambassadeurs de la semaine d&rsquo;accueil \u00e0 Ottawa 2024 Jacques J.M. Shore, C.M. Rendre le monde meilleur pour les r\u00e9fugi\u00e9s afghans Lorsque Walid Naseemi, \u00e2g\u00e9 de 24 ans, a propos\u00e9 la candidature de Jacques Shore  [&#8230;]<\/p>\n","protected":false},"author":2,"featured_media":0,"parent":0,"menu_order":0,"comment_status":"closed","ping_status":"closed","template":"","meta":{"footnotes":""},"class_list":["post-7623","page","type-page","status-publish","hentry"],"_links":{"self":[{"href":"https:\/\/welcomingottawaweek.ca\/fr\/wp-json\/wp\/v2\/pages\/7623","targetHints":{"allow":["GET"]}}],"collection":[{"href":"https:\/\/welcomingottawaweek.ca\/fr\/wp-json\/wp\/v2\/pages"}],"about":[{"href":"https:\/\/welcomingottawaweek.ca\/fr\/wp-json\/wp\/v2\/types\/page"}],"author":[{"embeddable":true,"href":"https:\/\/welcomingottawaweek.ca\/fr\/wp-json\/wp\/v2\/users\/2"}],"replies":[{"embeddable":true,"href":"https:\/\/welcomingottawaweek.ca\/fr\/wp-json\/wp\/v2\/comments?post=7623"}],"version-history":[{"count":4,"href":"https:\/\/welcomingottawaweek.ca\/fr\/wp-json\/wp\/v2\/pages\/7623\/revisions"}],"predecessor-version":[{"id":7629,"href":"https:\/\/welcomingottawaweek.ca\/fr\/wp-json\/wp\/v2\/pages\/7623\/revisions\/7629"}],"wp:attachment":[{"href":"https:\/\/welcomingottawaweek.ca\/fr\/wp-json\/wp\/v2\/media?parent=7623"}],"curies":[{"name":"wp","href":"https:\/\/api.w.org\/{rel}","templated":true}]}}