{"id":8727,"date":"2025-06-17T07:01:53","date_gmt":"2025-06-17T11:01:53","guid":{"rendered":"https:\/\/welcomingottawaweek.ca\/?page_id=8727"},"modified":"2025-06-17T07:07:31","modified_gmt":"2025-06-17T11:07:31","slug":"denis-saumur","status":"publish","type":"page","link":"https:\/\/welcomingottawaweek.ca\/fr\/denis-saumur\/","title":{"rendered":"Denis Saumur"},"content":{"rendered":"\t\t<div data-elementor-type=\"wp-page\" data-elementor-id=\"8727\" class=\"elementor elementor-8727 elementor-8613\" data-elementor-post-type=\"page\">\n\t\t\t\t\t\t<section class=\"elementor-section elementor-top-section elementor-element elementor-element-c869d0e elementor-section-content-middle elementor-section-stretched elementor-section-boxed elementor-section-height-default elementor-section-height-default\" data-id=\"c869d0e\" data-element_type=\"section\" data-e-type=\"section\" data-settings=\"{&quot;stretch_section&quot;:&quot;section-stretched&quot;,&quot;background_background&quot;:&quot;classic&quot;}\">\n\t\t\t\t\t\t\t<div class=\"elementor-background-overlay\"><\/div>\n\t\t\t\t\t\t\t<div class=\"elementor-container elementor-column-gap-default\">\n\t\t\t\t\t<div class=\"elementor-column elementor-col-16 elementor-top-column elementor-element elementor-element-edeeff5\" data-id=\"edeeff5\" data-element_type=\"column\" data-e-type=\"column\">\n\t\t\t<div class=\"elementor-widget-wrap\">\n\t\t\t\t\t\t\t<\/div>\n\t\t<\/div>\n\t\t\t\t<div class=\"elementor-column elementor-col-66 elementor-top-column elementor-element elementor-element-dadedff\" data-id=\"dadedff\" data-element_type=\"column\" data-e-type=\"column\">\n\t\t\t<div class=\"elementor-widget-wrap elementor-element-populated\">\n\t\t\t\t\t\t<div class=\"elementor-element elementor-element-f813039 elementor-widget elementor-widget-spacer\" data-id=\"f813039\" data-element_type=\"widget\" data-e-type=\"widget\" data-widget_type=\"spacer.default\">\n\t\t\t\t<div class=\"elementor-widget-container\">\n\t\t\t\t\t\t\t<div class=\"elementor-spacer\">\n\t\t\t<div class=\"elementor-spacer-inner\"><\/div>\n\t\t<\/div>\n\t\t\t\t\t\t<\/div>\n\t\t\t\t<\/div>\n\t\t\t\t<div class=\"elementor-element elementor-element-94f9f96 elementor-widget__width-inherit elementor-widget elementor-widget-heading\" data-id=\"94f9f96\" data-element_type=\"widget\" data-e-type=\"widget\" data-widget_type=\"heading.default\">\n\t\t\t\t<div class=\"elementor-widget-container\">\n\t\t\t\t\t<h1 class=\"elementor-heading-title elementor-size-default\">Ambassadeurs de la semaine d'accueil \u00e0 Ottawa 2025<\/h1>\t\t\t\t<\/div>\n\t\t\t\t<\/div>\n\t\t\t\t<div class=\"elementor-element elementor-element-85b4d7d elementor-widget elementor-widget-spacer\" data-id=\"85b4d7d\" data-element_type=\"widget\" data-e-type=\"widget\" data-widget_type=\"spacer.default\">\n\t\t\t\t<div class=\"elementor-widget-container\">\n\t\t\t\t\t\t\t<div class=\"elementor-spacer\">\n\t\t\t<div class=\"elementor-spacer-inner\"><\/div>\n\t\t<\/div>\n\t\t\t\t\t\t<\/div>\n\t\t\t\t<\/div>\n\t\t\t\t<div class=\"elementor-element elementor-element-c7e7dda elementor-widget elementor-widget-spacer\" data-id=\"c7e7dda\" data-element_type=\"widget\" data-e-type=\"widget\" data-widget_type=\"spacer.default\">\n\t\t\t\t<div class=\"elementor-widget-container\">\n\t\t\t\t\t\t\t<div class=\"elementor-spacer\">\n\t\t\t<div class=\"elementor-spacer-inner\"><\/div>\n\t\t<\/div>\n\t\t\t\t\t\t<\/div>\n\t\t\t\t<\/div>\n\t\t\t\t\t<\/div>\n\t\t<\/div>\n\t\t\t\t<div class=\"elementor-column elementor-col-16 elementor-top-column elementor-element elementor-element-a9aee9d\" data-id=\"a9aee9d\" data-element_type=\"column\" data-e-type=\"column\">\n\t\t\t<div class=\"elementor-widget-wrap\">\n\t\t\t\t\t\t\t<\/div>\n\t\t<\/div>\n\t\t\t\t\t<\/div>\n\t\t<\/section>\n\t\t\t\t<section class=\"elementor-section elementor-top-section elementor-element elementor-element-539a3a7 elementor-section-boxed elementor-section-height-default elementor-section-height-default\" data-id=\"539a3a7\" data-element_type=\"section\" data-e-type=\"section\">\n\t\t\t\t\t\t<div class=\"elementor-container elementor-column-gap-default\">\n\t\t\t\t\t<div class=\"elementor-column elementor-col-100 elementor-top-column elementor-element elementor-element-be15ea9\" data-id=\"be15ea9\" data-element_type=\"column\" data-e-type=\"column\">\n\t\t\t<div class=\"elementor-widget-wrap elementor-element-populated\">\n\t\t\t\t\t\t<div class=\"elementor-element elementor-element-319edde elementor-widget elementor-widget-spacer\" data-id=\"319edde\" data-element_type=\"widget\" data-e-type=\"widget\" data-widget_type=\"spacer.default\">\n\t\t\t\t<div class=\"elementor-widget-container\">\n\t\t\t\t\t\t\t<div class=\"elementor-spacer\">\n\t\t\t<div class=\"elementor-spacer-inner\"><\/div>\n\t\t<\/div>\n\t\t\t\t\t\t<\/div>\n\t\t\t\t<\/div>\n\t\t\t\t<section class=\"elementor-section elementor-inner-section elementor-element elementor-element-4970798 elementor-section-boxed elementor-section-height-default elementor-section-height-default\" data-id=\"4970798\" data-element_type=\"section\" data-e-type=\"section\">\n\t\t\t\t\t\t<div class=\"elementor-container elementor-column-gap-default\">\n\t\t\t\t\t<div class=\"elementor-column elementor-col-100 elementor-inner-column elementor-element elementor-element-0840fee\" data-id=\"0840fee\" data-element_type=\"column\" data-e-type=\"column\">\n\t\t\t<div class=\"elementor-widget-wrap elementor-element-populated\">\n\t\t\t\t\t\t<div class=\"elementor-element elementor-element-662b2a4 elementor-widget elementor-widget-heading\" data-id=\"662b2a4\" data-element_type=\"widget\" data-e-type=\"widget\" data-widget_type=\"heading.default\">\n\t\t\t\t<div class=\"elementor-widget-container\">\n\t\t\t\t\t<h2 class=\"elementor-heading-title elementor-size-default\">Denis Saumur<\/h2>\t\t\t\t<\/div>\n\t\t\t\t<\/div>\n\t\t\t\t<div class=\"elementor-element elementor-element-c7140d5 elementor-widget elementor-widget-heading\" data-id=\"c7140d5\" data-element_type=\"widget\" data-e-type=\"widget\" data-widget_type=\"heading.default\">\n\t\t\t\t<div class=\"elementor-widget-container\">\n\t\t\t\t\t<h3 class=\"elementor-heading-title elementor-size-default\">Un vrai ambassadeur du Canada<\/h3>\t\t\t\t<\/div>\n\t\t\t\t<\/div>\n\t\t\t\t<div class=\"elementor-element elementor-element-4f10b9d elementor-widget elementor-widget-spacer\" data-id=\"4f10b9d\" data-element_type=\"widget\" data-e-type=\"widget\" data-widget_type=\"spacer.default\">\n\t\t\t\t<div class=\"elementor-widget-container\">\n\t\t\t\t\t\t\t<div class=\"elementor-spacer\">\n\t\t\t<div class=\"elementor-spacer-inner\"><\/div>\n\t\t<\/div>\n\t\t\t\t\t\t<\/div>\n\t\t\t\t<\/div>\n\t\t\t\t\t<\/div>\n\t\t<\/div>\n\t\t\t\t\t<\/div>\n\t\t<\/section>\n\t\t\t\t<section class=\"elementor-section elementor-inner-section elementor-element elementor-element-e64860d elementor-section-boxed elementor-section-height-default elementor-section-height-default\" data-id=\"e64860d\" data-element_type=\"section\" data-e-type=\"section\">\n\t\t\t\t\t\t<div class=\"elementor-container elementor-column-gap-default\">\n\t\t\t\t\t<div class=\"elementor-column elementor-col-100 elementor-inner-column elementor-element elementor-element-dae3bae\" data-id=\"dae3bae\" data-element_type=\"column\" data-e-type=\"column\">\n\t\t\t<div class=\"elementor-widget-wrap elementor-element-populated\">\n\t\t\t\t\t\t<div class=\"elementor-element elementor-element-30c7421 elementor-widget elementor-widget-text-editor\" data-id=\"30c7421\" data-element_type=\"widget\" data-e-type=\"widget\" data-widget_type=\"text-editor.default\">\n\t\t\t\t<div class=\"elementor-widget-container\">\n\t\t\t\t\t\t\t\t\t<p><img fetchpriority=\"high\" decoding=\"async\" class=\"alignleft wp-image-8615 size-fusion-400\" src=\"https:\/\/welcomingottawaweek.ca\/wp-content\/uploads\/2025\/06\/Denis-FINAL-scaled-e1750114884990-400x537.jpg\" alt=\"\" width=\"400\" height=\"537\" srcset=\"https:\/\/welcomingottawaweek.ca\/wp-content\/uploads\/2025\/06\/Denis-FINAL-scaled-e1750114884990-200x268.jpg 200w, https:\/\/welcomingottawaweek.ca\/wp-content\/uploads\/2025\/06\/Denis-FINAL-scaled-e1750114884990-224x300.jpg 224w, https:\/\/welcomingottawaweek.ca\/wp-content\/uploads\/2025\/06\/Denis-FINAL-scaled-e1750114884990-400x537.jpg 400w, https:\/\/welcomingottawaweek.ca\/wp-content\/uploads\/2025\/06\/Denis-FINAL-scaled-e1750114884990-600x805.jpg 600w, https:\/\/welcomingottawaweek.ca\/wp-content\/uploads\/2025\/06\/Denis-FINAL-scaled-e1750114884990-763x1024.jpg 763w, https:\/\/welcomingottawaweek.ca\/wp-content\/uploads\/2025\/06\/Denis-FINAL-scaled-e1750114884990-768x1030.jpg 768w, https:\/\/welcomingottawaweek.ca\/wp-content\/uploads\/2025\/06\/Denis-FINAL-scaled-e1750114884990-800x1073.jpg 800w, https:\/\/welcomingottawaweek.ca\/wp-content\/uploads\/2025\/06\/Denis-FINAL-scaled-e1750114884990-1145x1536.jpg 1145w, https:\/\/welcomingottawaweek.ca\/wp-content\/uploads\/2025\/06\/Denis-FINAL-scaled-e1750114884990-1200x1610.jpg 1200w, https:\/\/welcomingottawaweek.ca\/wp-content\/uploads\/2025\/06\/Denis-FINAL-scaled-e1750114884990-1527x2048.jpg 1527w, https:\/\/welcomingottawaweek.ca\/wp-content\/uploads\/2025\/06\/Denis-FINAL-scaled-e1750114884990.jpg 1707w\" sizes=\"(max-width: 400px) 100vw, 400px\" \/><\/p><p>Le 13 juin 2024 est une date que Nabila Melzi n&rsquo;oubliera jamais. Elle est arriv\u00e9e au Canada en provenance d&rsquo;Alg\u00e9rie avec sa s\u0153ur Nawel dans le cadre du\u00a0<a href=\"https:\/\/www.canada.ca\/en\/immigration-refugees-citizenship\/services\/immigrate-canada\/express-entry.html\">programme Entr\u00e9e express<\/a>. Elles \u00e9taient accompagn\u00e9es \u00e0 Montr\u00e9al par leur fr\u00e8re Nassim, qui vivait en France. Apr\u00e8s avoir explor\u00e9 la ville, elles se sont rendues \u00e0 Ottawa trois jours plus tard. M\u00eame si elle se r\u00e9jouissait des possibilit\u00e9s qu&rsquo;offrait cette communaut\u00e9 bilingue, elle ne s&rsquo;attendait pas \u00e0 tous les d\u00e9fis qui l&rsquo;attendaient.<\/p><p>\u00ab\u00a0D\u00e8s que nous avons pos\u00e9 le pied sur le sol canadien, la r\u00e9alit\u00e9 nous a frapp\u00e9s de plein fouet\u00a0: pas de famille, pas d&rsquo;amis, pas de travail et pas de logement\u00a0\u00bb, se souvient Nabila. Les questions ont commenc\u00e9 \u00e0 affluer dans leur esprit, et la confusion a remplac\u00e9 la clart\u00e9.<\/p><p>\u00ab\u00a0Trouver un logement \u00e9tait notre plus grande pr\u00e9occupation\u00a0\u00bb, ajoute Nabila. Elles ont d&rsquo;abord pass\u00e9 deux semaines dans un Airbnb, puis un agent immobilier leur a trouv\u00e9 un appartement. Mais apr\u00e8s seulement deux mois, leur propri\u00e9taire avait besoin de l&rsquo;appartement pour accueillir sa famille qui venait de l&rsquo;\u00e9tranger. Les s\u0153urs se sont demand\u00e9 comment elles allaient trouver un endroit o\u00f9 vivre sans emploi, sans ant\u00e9c\u00e9dents de cr\u00e9dit et sans conna\u00eetre personne dans la ville.<\/p><p>Heureusement, leur propri\u00e9taire leur a pr\u00e9sent\u00e9 Denis Saumure, un enseignant \u00e0 la retraite au grand c\u0153ur. \u00ab\u00a0Sans s&rsquo;attarder sur les formalit\u00e9s, Denis nous a accueillies chez lui et dans sa vie\u00a0\u00bb, explique Nabila. \u00ab\u00a0Il a accept\u00e9 de nous louer une chambre sans imposer les conditions difficiles de la plupart des locations. Denis nous a trait\u00e9es comme des membres de sa famille, avec une gentillesse et une g\u00e9n\u00e9rosit\u00e9 incroyables\u00a0\u00bb.<\/p><p>Pourquoi Denis s&rsquo;est-il donn\u00e9 tant de mal pour aider deux inconnus? Cela tient essentiellement aux le\u00e7ons de vie que lui a transmises sa famille franco-canadienne, qui a grandi dans le quartier difficile de Mecanicsville.<\/p><p>\u00ab\u00a0J&rsquo;ai essay\u00e9 de leur faciliter la transition\u00a0\u00bb, explique Denis. \u00ab\u00a0J&rsquo;aime aider les autres. Je suis inspir\u00e9 par mes parents exceptionnels. M\u00eame s&rsquo;ils avaient dix enfants, ils accueillaient toujours leurs amis et d&rsquo;autres personnes chez eux. Mes parents \u00e9taient incroyablement ouverts d&rsquo;esprit et ne jugeaient jamais les autres. M\u00eame s&rsquo;ils n&rsquo;\u00e9taient pas riches, ils avaient beaucoup de temps et d&rsquo;amour \u00e0 offrir\u00a0\u00bb.<\/p><p>Le p\u00e8re de Denis avait une entreprise de d\u00e9m\u00e9nagement et, une fois par mois, il ne faisait pas payer ses clients. Suivant les traces de son p\u00e8re, Denis n&rsquo;a pas fait payer les s\u0153urs pour les aider \u00e0 d\u00e9m\u00e9nager.<\/p><p>Denis rit en se rappelant que sa m\u00e8re apportait ses tartes aux pommes maison aux motards du quartier, qui en \u00e9change prot\u00e9geaient sa famille.<\/p><p>\u00ab\u00a0Peu importe d&rsquo;o\u00f9 venaient les gens, ma famille leur t\u00e9moignait de la g\u00e9n\u00e9rosit\u00e9\u00a0\u00bb, ajoute Denis. Sa m\u00e8re, qui avait \u00e9t\u00e9 infirmi\u00e8re avant d&rsquo;avoir ses enfants, a ensuite travaill\u00e9 dans un restaurant local et s&rsquo;est li\u00e9e d&rsquo;amiti\u00e9 avec un homme solitaire qui avait r\u00e9cemment immigr\u00e9 du Royaume-Uni.<\/p><p>Ayant grandi dans une famille tr\u00e8s unie, il a souvent \u00e9t\u00e9 t\u00e9moin de gestes de solidarit\u00e9. \u00ab\u00a0Ma famille \u00e9tait un mod\u00e8le pour moi\u00a0\u00bb, ajoute Denis.<\/p><p>Ses grands-parents ont adopt\u00e9 un enfant abandonn\u00e9 alors qu&rsquo;ils avaient d\u00e9j\u00e0 neuf enfants. Dans leur communaut\u00e9 agricole, tout le monde s&rsquo;entraidaient pour construire les granges les uns des autres. Ils adh\u00e9raient \u00e0 la r\u00e8gle d&rsquo;or de leur foi catholique, qui dit\u00a0: \u00ab\u00a0Faites aux autres ce que vous voudriez qu&rsquo;ils vous fassent\u00a0\u00bb.<\/p><p>Bien que ses parents soient d\u00e9c\u00e9d\u00e9s, il sait qu&rsquo;ils auraient ador\u00e9 Nabila et Nawel.<\/p><p>Pr\u00e8s d&rsquo;un an apr\u00e8s avoir accueilli les deux s\u0153urs chez lui, Denis est impressionn\u00e9 par les progr\u00e8s qu&rsquo;elles ont accomplis, notamment en anglais. Leur langue maternelle est l&rsquo;arabe et elles parlaient d\u00e9j\u00e0 le fran\u00e7ais comme deuxi\u00e8me langue.<\/p><p>Denis a toujours eu la passion de l&rsquo;enseignement. Enfant, il donnait des cours \u00e0 ses jeunes fr\u00e8res et s\u0153urs, souvent en jouant \u00e0 l&rsquo;\u00e9cole. Pendant la pand\u00e9mie, il a pris sa retraite apr\u00e8s une longue carri\u00e8re comme enseignant en immersion fran\u00e7aise, mais il a r\u00e9cemment repris l&rsquo;enseignement \u00e0 temps partiel au Qu\u00e9bec.<\/p><p>Ses comp\u00e9tences en enseignement d&rsquo;une deuxi\u00e8me langue lui ont \u00e9t\u00e9 tr\u00e8s utiles. \u00ab\u00a0Je les ai vraiment encourag\u00e9s \u00e0 parler anglais et j&rsquo;ai insist\u00e9 sur l&rsquo;importance de devenir bilingue\u00a0\u00bb, explique Denis. \u00ab\u00a0Elles n&rsquo;avaient aucun mal \u00e0 passer au fran\u00e7ais avec moi. Aujourd&rsquo;hui, nous parlons parfois anglais ensemble\u00a0\u00bb.<\/p><p>\u00ab\u00a0Denis nous apporte souvent des nouvelles, qui sont \u00e0 la fois instructives et pleines de le\u00e7ons de vie, et qui enrichissent notre vocabulaire et notre r\u00e9flexion\u00a0\u00bb, remarque Nabila.<\/p><p>Lors d&rsquo;un vide-grenier, il lui a achet\u00e9 un exemplaire du livre de Robert Munsch, \u00ab\u00a0Love you Forever\u00a0\u00bb. Nabila a vers\u00e9 quelques larmes en le lisant (comme tous ceux qui l&rsquo;ont lu savent que cela arrivera forc\u00e9ment). Ils ont donc d\u00e9cid\u00e9 de trouver de la joie et du rire en apprenant \u00e0 chanter \u00ab\u00a0Skinny Marinky Dinky Dink\u00a0\u00bb de Sharon, Lois et Brahm.<\/p><p>Ouvrir sa maison n&rsquo;\u00e9tait pas une seconde nature pour Denis. \u00ab\u00a0Je suis quelqu&rsquo;un de timide et r\u00e9serv\u00e9, cela n&rsquo;a donc pas \u00e9t\u00e9 facile pour moi, mais j&rsquo;ai compris que je devais sortir de ma coquille\u00a0\u00bb, explique-t-il. Nabila est \u00e9galement un peu r\u00e9serv\u00e9e, comme lui, mais ils s&rsquo;entendent tr\u00e8s bien.<\/p><p>Son aide ne s&rsquo;est pas limit\u00e9e \u00e0 l&rsquo;apprentissage d&rsquo;une deuxi\u00e8me langue. Il a fait visiter la ville aux s\u0153urs, leur a montr\u00e9 le canal Rideau et leur a expliqu\u00e9 comment prendre les transports en commun.<\/p><p>Quel meilleur moyen que la cuisine pour faire d\u00e9couvrir une nouvelle culture? \u00ab\u00a0Denis fait une soupe fantastique, surtout la soupe \u00e0 l&rsquo;oignon gratin\u00e9e! s&rsquo;exclame Nabila. Il fait des scones et partage d&rsquo;autres gourmandises avec nous\u00a0\u00bb<\/p><p>\u00abJe ne peux pas manger tout un g\u00e2teau tout seul !\u00a0\u00bb, s&rsquo;exclame Denis en riant, qui a appris \u00e0 cuisiner et le plaisir de partager un repas gr\u00e2ce \u00e0 sa m\u00e8re.<\/p><p>Ils ont \u00e9galement fait d\u00e9couvrir \u00e0 Denis la cuisine alg\u00e9rienne, notamment le couscous et les salades de betteraves et de choux. \u00ab\u00a0La cuisine sent tellement bon quand elles sont l\u00e0. C&rsquo;est un vrai bonheur de les accueillir!\u00a0\u00bb<\/p><p>Se d\u00e9crivant lui-m\u00eame comme quelqu&rsquo;un d&rsquo;un peu d\u00e9sordonn\u00e9 \u00e0 la maison, Denis est devenu plus ordonn\u00e9 gr\u00e2ce \u00e0 l&rsquo;influence de ses colocataires.<\/p><p>\u00ab\u00a0Il nous a donn\u00e9 la stabilit\u00e9 n\u00e9cessaire pour commencer notre nouvelle vie\u00a0, se souvient Nabila. \u00ab\u00a0Denis nous a aid\u00e9es \u00e0 nous immerger dans la culture canadienne. Sa g\u00e9n\u00e9rosit\u00e9 nous a convaincues que nous avions fait le bon choix en venant ici\u00a0\u00bb<\/p><p>\u00ab\u00a0Pour moi, Denis est un v\u00e9ritable ambassadeur du Canada et des valeurs qu&rsquo;il d\u00e9fend\u00a0\u00bb, conclut Nabila. \u00ab\u00a0Ottawa a de la chance de le compter parmi ses citoyens\u00a0\u00bb<\/p>\t\t\t\t\t\t\t\t<\/div>\n\t\t\t\t<\/div>\n\t\t\t\t\t<\/div>\n\t\t<\/div>\n\t\t\t\t\t<\/div>\n\t\t<\/section>\n\t\t\t\t\t<\/div>\n\t\t<\/div>\n\t\t\t\t\t<\/div>\n\t\t<\/section>\n\t\t\t\t<\/div>\n\t\t","protected":false},"excerpt":{"rendered":"<p>Ambassadeurs de la semaine d&rsquo;accueil \u00e0 Ottawa 2025 Denis Saumur Un vrai ambassadeur du Canada Le 13 juin 2024 est une date que Nabila Melzi n&rsquo;oubliera jamais. Elle est arriv\u00e9e au Canada en provenance  [&#8230;]<\/p>\n","protected":false},"author":2,"featured_media":0,"parent":0,"menu_order":0,"comment_status":"closed","ping_status":"closed","template":"","meta":{"footnotes":""},"class_list":["post-8727","page","type-page","status-publish","hentry"],"_links":{"self":[{"href":"https:\/\/welcomingottawaweek.ca\/fr\/wp-json\/wp\/v2\/pages\/8727","targetHints":{"allow":["GET"]}}],"collection":[{"href":"https:\/\/welcomingottawaweek.ca\/fr\/wp-json\/wp\/v2\/pages"}],"about":[{"href":"https:\/\/welcomingottawaweek.ca\/fr\/wp-json\/wp\/v2\/types\/page"}],"author":[{"embeddable":true,"href":"https:\/\/welcomingottawaweek.ca\/fr\/wp-json\/wp\/v2\/users\/2"}],"replies":[{"embeddable":true,"href":"https:\/\/welcomingottawaweek.ca\/fr\/wp-json\/wp\/v2\/comments?post=8727"}],"version-history":[{"count":7,"href":"https:\/\/welcomingottawaweek.ca\/fr\/wp-json\/wp\/v2\/pages\/8727\/revisions"}],"predecessor-version":[{"id":8737,"href":"https:\/\/welcomingottawaweek.ca\/fr\/wp-json\/wp\/v2\/pages\/8727\/revisions\/8737"}],"wp:attachment":[{"href":"https:\/\/welcomingottawaweek.ca\/fr\/wp-json\/wp\/v2\/media?parent=8727"}],"curies":[{"name":"wp","href":"https:\/\/api.w.org\/{rel}","templated":true}]}}