{"id":8738,"date":"2025-06-17T07:09:06","date_gmt":"2025-06-17T11:09:06","guid":{"rendered":"https:\/\/welcomingottawaweek.ca\/?page_id=8738"},"modified":"2025-06-17T09:28:04","modified_gmt":"2025-06-17T13:28:04","slug":"kaywana-malcolm","status":"publish","type":"page","link":"https:\/\/welcomingottawaweek.ca\/fr\/kaywana-malcolm\/","title":{"rendered":"Kaywana Malcolm"},"content":{"rendered":"\t\t<div data-elementor-type=\"wp-page\" data-elementor-id=\"8738\" class=\"elementor elementor-8738 elementor-8642\" data-elementor-post-type=\"page\">\n\t\t\t\t\t\t<section class=\"elementor-section elementor-top-section elementor-element elementor-element-c869d0e elementor-section-content-middle elementor-section-stretched elementor-section-boxed elementor-section-height-default elementor-section-height-default\" data-id=\"c869d0e\" data-element_type=\"section\" data-e-type=\"section\" data-settings=\"{&quot;stretch_section&quot;:&quot;section-stretched&quot;,&quot;background_background&quot;:&quot;classic&quot;}\">\n\t\t\t\t\t\t\t<div class=\"elementor-background-overlay\"><\/div>\n\t\t\t\t\t\t\t<div class=\"elementor-container elementor-column-gap-default\">\n\t\t\t\t\t<div class=\"elementor-column elementor-col-16 elementor-top-column elementor-element elementor-element-edeeff5\" data-id=\"edeeff5\" data-element_type=\"column\" data-e-type=\"column\">\n\t\t\t<div class=\"elementor-widget-wrap\">\n\t\t\t\t\t\t\t<\/div>\n\t\t<\/div>\n\t\t\t\t<div class=\"elementor-column elementor-col-66 elementor-top-column elementor-element elementor-element-dadedff\" data-id=\"dadedff\" data-element_type=\"column\" data-e-type=\"column\">\n\t\t\t<div class=\"elementor-widget-wrap elementor-element-populated\">\n\t\t\t\t\t\t<div class=\"elementor-element elementor-element-f813039 elementor-widget elementor-widget-spacer\" data-id=\"f813039\" data-element_type=\"widget\" data-e-type=\"widget\" data-widget_type=\"spacer.default\">\n\t\t\t\t<div class=\"elementor-widget-container\">\n\t\t\t\t\t\t\t<div class=\"elementor-spacer\">\n\t\t\t<div class=\"elementor-spacer-inner\"><\/div>\n\t\t<\/div>\n\t\t\t\t\t\t<\/div>\n\t\t\t\t<\/div>\n\t\t\t\t<div class=\"elementor-element elementor-element-94f9f96 elementor-widget__width-inherit elementor-widget elementor-widget-heading\" data-id=\"94f9f96\" data-element_type=\"widget\" data-e-type=\"widget\" data-widget_type=\"heading.default\">\n\t\t\t\t<div class=\"elementor-widget-container\">\n\t\t\t\t\t<h1 class=\"elementor-heading-title elementor-size-default\">Ambassadeurs de la semaine d'accueil \u00e0 Ottawa 2025<\/h1>\t\t\t\t<\/div>\n\t\t\t\t<\/div>\n\t\t\t\t<div class=\"elementor-element elementor-element-85b4d7d elementor-widget elementor-widget-spacer\" data-id=\"85b4d7d\" data-element_type=\"widget\" data-e-type=\"widget\" data-widget_type=\"spacer.default\">\n\t\t\t\t<div class=\"elementor-widget-container\">\n\t\t\t\t\t\t\t<div class=\"elementor-spacer\">\n\t\t\t<div class=\"elementor-spacer-inner\"><\/div>\n\t\t<\/div>\n\t\t\t\t\t\t<\/div>\n\t\t\t\t<\/div>\n\t\t\t\t<div class=\"elementor-element elementor-element-c7e7dda elementor-widget elementor-widget-spacer\" data-id=\"c7e7dda\" data-element_type=\"widget\" data-e-type=\"widget\" data-widget_type=\"spacer.default\">\n\t\t\t\t<div class=\"elementor-widget-container\">\n\t\t\t\t\t\t\t<div class=\"elementor-spacer\">\n\t\t\t<div class=\"elementor-spacer-inner\"><\/div>\n\t\t<\/div>\n\t\t\t\t\t\t<\/div>\n\t\t\t\t<\/div>\n\t\t\t\t\t<\/div>\n\t\t<\/div>\n\t\t\t\t<div class=\"elementor-column elementor-col-16 elementor-top-column elementor-element elementor-element-a9aee9d\" data-id=\"a9aee9d\" data-element_type=\"column\" data-e-type=\"column\">\n\t\t\t<div class=\"elementor-widget-wrap\">\n\t\t\t\t\t\t\t<\/div>\n\t\t<\/div>\n\t\t\t\t\t<\/div>\n\t\t<\/section>\n\t\t\t\t<section class=\"elementor-section elementor-top-section elementor-element elementor-element-539a3a7 elementor-section-boxed elementor-section-height-default elementor-section-height-default\" data-id=\"539a3a7\" data-element_type=\"section\" data-e-type=\"section\">\n\t\t\t\t\t\t<div class=\"elementor-container elementor-column-gap-default\">\n\t\t\t\t\t<div class=\"elementor-column elementor-col-100 elementor-top-column elementor-element elementor-element-be15ea9\" data-id=\"be15ea9\" data-element_type=\"column\" data-e-type=\"column\">\n\t\t\t<div class=\"elementor-widget-wrap elementor-element-populated\">\n\t\t\t\t\t\t<div class=\"elementor-element elementor-element-319edde elementor-widget elementor-widget-spacer\" data-id=\"319edde\" data-element_type=\"widget\" data-e-type=\"widget\" data-widget_type=\"spacer.default\">\n\t\t\t\t<div class=\"elementor-widget-container\">\n\t\t\t\t\t\t\t<div class=\"elementor-spacer\">\n\t\t\t<div class=\"elementor-spacer-inner\"><\/div>\n\t\t<\/div>\n\t\t\t\t\t\t<\/div>\n\t\t\t\t<\/div>\n\t\t\t\t<section class=\"elementor-section elementor-inner-section elementor-element elementor-element-4970798 elementor-section-boxed elementor-section-height-default elementor-section-height-default\" data-id=\"4970798\" data-element_type=\"section\" data-e-type=\"section\">\n\t\t\t\t\t\t<div class=\"elementor-container elementor-column-gap-default\">\n\t\t\t\t\t<div class=\"elementor-column elementor-col-100 elementor-inner-column elementor-element elementor-element-0840fee\" data-id=\"0840fee\" data-element_type=\"column\" data-e-type=\"column\">\n\t\t\t<div class=\"elementor-widget-wrap elementor-element-populated\">\n\t\t\t\t\t\t<div class=\"elementor-element elementor-element-662b2a4 elementor-widget elementor-widget-heading\" data-id=\"662b2a4\" data-element_type=\"widget\" data-e-type=\"widget\" data-widget_type=\"heading.default\">\n\t\t\t\t<div class=\"elementor-widget-container\">\n\t\t\t\t\t<h2 class=\"elementor-heading-title elementor-size-default\">Kaywana Malcolm<\/h2>\t\t\t\t<\/div>\n\t\t\t\t<\/div>\n\t\t\t\t<div class=\"elementor-element elementor-element-c7140d5 elementor-widget elementor-widget-heading\" data-id=\"c7140d5\" data-element_type=\"widget\" data-e-type=\"widget\" data-widget_type=\"heading.default\">\n\t\t\t\t<div class=\"elementor-widget-container\">\n\t\t\t\t\t<h3 class=\"elementor-heading-title elementor-size-default\">Assurer une transition en douceur pour une famille nouvellement arriv\u00e9e<\/h3>\t\t\t\t<\/div>\n\t\t\t\t<\/div>\n\t\t\t\t<div class=\"elementor-element elementor-element-4f10b9d elementor-widget elementor-widget-spacer\" data-id=\"4f10b9d\" data-element_type=\"widget\" data-e-type=\"widget\" data-widget_type=\"spacer.default\">\n\t\t\t\t<div class=\"elementor-widget-container\">\n\t\t\t\t\t\t\t<div class=\"elementor-spacer\">\n\t\t\t<div class=\"elementor-spacer-inner\"><\/div>\n\t\t<\/div>\n\t\t\t\t\t\t<\/div>\n\t\t\t\t<\/div>\n\t\t\t\t\t<\/div>\n\t\t<\/div>\n\t\t\t\t\t<\/div>\n\t\t<\/section>\n\t\t\t\t<section class=\"elementor-section elementor-inner-section elementor-element elementor-element-e64860d elementor-section-boxed elementor-section-height-default elementor-section-height-default\" data-id=\"e64860d\" data-element_type=\"section\" data-e-type=\"section\">\n\t\t\t\t\t\t<div class=\"elementor-container elementor-column-gap-default\">\n\t\t\t\t\t<div class=\"elementor-column elementor-col-100 elementor-inner-column elementor-element elementor-element-dae3bae\" data-id=\"dae3bae\" data-element_type=\"column\" data-e-type=\"column\">\n\t\t\t<div class=\"elementor-widget-wrap elementor-element-populated\">\n\t\t\t\t\t\t<div class=\"elementor-element elementor-element-30c7421 elementor-widget elementor-widget-text-editor\" data-id=\"30c7421\" data-element_type=\"widget\" data-e-type=\"widget\" data-widget_type=\"text-editor.default\">\n\t\t\t\t<div class=\"elementor-widget-container\">\n\t\t\t\t\t\t\t\t\t<p><img fetchpriority=\"high\" decoding=\"async\" class=\"alignleft wp-image-8640 size-fusion-400\" src=\"https:\/\/welcomingottawaweek.ca\/wp-content\/uploads\/2025\/06\/Kaywana-400x600.jpg\" alt=\"\" width=\"400\" height=\"600\" srcset=\"https:\/\/welcomingottawaweek.ca\/wp-content\/uploads\/2025\/06\/Kaywana-200x300.jpg 200w, https:\/\/welcomingottawaweek.ca\/wp-content\/uploads\/2025\/06\/Kaywana-400x600.jpg 400w, https:\/\/welcomingottawaweek.ca\/wp-content\/uploads\/2025\/06\/Kaywana-600x900.jpg 600w, https:\/\/welcomingottawaweek.ca\/wp-content\/uploads\/2025\/06\/Kaywana-683x1024.jpg 683w, https:\/\/welcomingottawaweek.ca\/wp-content\/uploads\/2025\/06\/Kaywana-768x1152.jpg 768w, https:\/\/welcomingottawaweek.ca\/wp-content\/uploads\/2025\/06\/Kaywana-800x1200.jpg 800w, https:\/\/welcomingottawaweek.ca\/wp-content\/uploads\/2025\/06\/Kaywana-1024x1536.jpg 1024w, https:\/\/welcomingottawaweek.ca\/wp-content\/uploads\/2025\/06\/Kaywana-1200x1800.jpg 1200w, https:\/\/welcomingottawaweek.ca\/wp-content\/uploads\/2025\/06\/Kaywana-1365x2048.jpg 1365w, https:\/\/welcomingottawaweek.ca\/wp-content\/uploads\/2025\/06\/Kaywana-scaled.jpg 1707w\" sizes=\"(max-width: 400px) 100vw, 400px\" \/><\/p><p>Gbenga Lemo se souvient de l&rsquo;\u00e9puisement que lui et sa femme, Olufunke, ont ressenti lorsqu&rsquo;ils sont arriv\u00e9s \u00e0 Ottawa vers 2 heures du matin le 16 mai 2022, apr\u00e8s un long vol depuis le Nigeria. \u00ab\u00a0Bien qu&rsquo;elle ait travaill\u00e9 toute la journ\u00e9e, Kaywana Malcom est rest\u00e9e \u00e9veill\u00e9e, nous a r\u00e9serv\u00e9 un Uber parce que nous n&rsquo;avions pas de carte de cr\u00e9dit qui fonctionnait, et nous a attendus patiemment devant la maison\u00a0\u00bb, explique Gbenga.<\/p><p>Ils n&rsquo;avaient rencontr\u00e9 Kaywana qu&rsquo;une seule fois auparavant, lors d&rsquo;un bref appel vid\u00e9o, et au d\u00e9but, le couple \u00e9tait un peu sceptique quant \u00e0 la raison pour laquelle une inconnue se donnait tant de mal pour les aider. Ils s\u00e9journaient chez un ami, Lanre, qui \u00e9tait absent, et celui-ci avait demand\u00e9 \u00e0 Kaywana de leur remettre les cl\u00e9s.<\/p><p>Ce qui n&rsquo;\u00e9tait au d\u00e9part qu&rsquo;une simple transaction s&rsquo;est transform\u00e9 en une amiti\u00e9 durable.<\/p><p>\u00ab\u00a0Son seul souci \u00e9tait de s&rsquo;assurer que nous nous sentions en s\u00e9curit\u00e9 et bienvenus\u00a0\u00bb, ajoute Gbenga. \u00ab\u00a0Apr\u00e8s nous avoir salu\u00e9s, elle n&rsquo;est pas partie. Nous avons partag\u00e9 des anecdotes, ri, puis elle nous a laiss\u00e9s nous reposer apr\u00e8s notre long voyage\u00a0\u00bb.<\/p><p>Gbenga se souvient comment ce moment a red\u00e9fini ce que signifie se sentir vu et aim\u00e9. \u00ab\u00a0Le lendemain, apr\u00e8s une autre longue journ\u00e9e de travail, elle est revenue pour nous conduire en ville\u00a0\u00bb, explique-t-il.<\/p><p>\u00ab\u00a0Elle nous a aid\u00e9s \u00e0 configurer nos t\u00e9l\u00e9phones, \u00e0 faire nos courses et nous a expliqu\u00e9 les bases pour commencer une nouvelle vie ici\u00a0\u00bb.<\/p><p>\u00ab\u00a0Chaque fois que nous avions une question, que ce soit au sujet d&rsquo;un formulaire, d&rsquo;un emploi ou d&rsquo;un processus, il suffisait de l&rsquo;appeler\u00a0\u00bb, ajoute Gbenga. \u00d9.Si nous avions besoin d&rsquo;une r\u00e9f\u00e9rence, elle \u00e9tait l\u00e0. Si nous avions besoin de conseils, elle nous les donnait. M\u00eame si nous n&rsquo;avions besoin de rien, elle prenait quand m\u00eame de nos nouvelles. M\u00eame lorsque notre ami est revenu de son voyage, Kaywana n&rsquo;a pas dit \u00ab\u00a0mon travail est termin\u00e9\u00a0\u00bb, elle est rest\u00e9e\u00a0\u00bb.<\/p><p>Arriv\u00e9s au Canada en tant qu&rsquo;immigrants \u00e9conomiques \u00e0 la recherche d&rsquo;un environnement plus calme, Gbenga et Olufunke vivaient auparavant dans la ville dens\u00e9ment peupl\u00e9e de Lagos, au Nigeria. \u00ab\u00a0Nous voulions fonder une famille dans un endroit o\u00f9 il n&rsquo;y aurait pas beaucoup de circulation\u00a0\u00bb, explique Gbenga.<\/p><p>\u00ab\u00a0Je pense que Kaywana a fait une grande diff\u00e9rence pour nous\u00a0\u00bb, ajoute Gbenga. \u00ab\u00a0C&rsquo;est comme si elle nous connaissait depuis longtemps. Elle est devenue comme un membre de notre famille. Elle nous a fait sortir, nous a pr\u00e9sent\u00e9s sa famille, nous a cuisin\u00e9 et nous a fait d\u00e9couvrir les nombreux festivals d&rsquo;Ottawa\u00a0\u00bb.<\/p><p>Kaywana se souvient que lorsque sa famille est arriv\u00e9e au Canada en provenance de la Jama\u00efque en 1993, ils ont d&rsquo;abord s\u00e9journ\u00e9 chez des proches jusqu&rsquo;\u00e0 ce qu&rsquo;ils soient pr\u00eats \u00e0 s&rsquo;installer par eux-m\u00eames. \u00ab\u00a0Plus tard, des amis et des parents ont v\u00e9cu avec nous pendant une courte p\u00e9riode. \u00c0 notre arriv\u00e9e, explique Kaywana, nous avons aid\u00e9 les gens en leur permettant de s&rsquo;installer en douceur\u00a0\u00bb.<\/p><p>Bien qu&rsquo;elle ne cuisine pas, elle leur apportait des plats pr\u00e9par\u00e9s et est aujourd&rsquo;hui affectueusement surnomm\u00e9e \u00ab\u00a0Momma K\u00a0\u00bb.<\/p><p>Kaywana a \u00e9t\u00e9 tr\u00e8s impressionn\u00e9e par l&rsquo;organisation du jeune couple. \u00ab\u00a0Avant de partir, ils ont tout pr\u00e9vu, car Olafunke \u00e9tait enceinte\u00a0\u00bb, remarque Kaywana. \u00ab\u00a0Ils avaient pr\u00e9vu de rester seulement un mois chez Lanre et savaient m\u00eame d\u00e9j\u00e0 \u00e0 quelle \u00e9glise ils iraient\u00a0\u00bb.<\/p><p>\u00ab\u00a0Depuis que je les connais, ils sont une source d&rsquo;inspiration pour moi\u00a0\u00bb, ajoute Kaywana. \u00ab\u00a0Ils ont quitt\u00e9 leur carri\u00e8re au Nigeria pour une vie meilleure. Gbenga est un homme qui peut tout faire. En trois ans, ils ont accompli tellement de choses\u00a0\u00bb.<\/p><p>Gbenga \u00e9tudie actuellement les sciences infirmi\u00e8res \u00e0 l&rsquo;Universit\u00e9 d&rsquo;Ottawa et travaille \u00e0 l&rsquo;h\u00f4pital Queensway Carleton, encourag\u00e9 et soutenu par Kaywana, qui lui a m\u00eame servi de r\u00e9f\u00e9rence professionnelle.<\/p><p>\u00ab\u00a0Ma femme, \u00e9galement inspir\u00e9e, commence ses \u00e9tudes d&rsquo;infirmi\u00e8re cette ann\u00e9e\u00a0\u00bb, ajoute Gbenga. \u00ab\u00a0Avec la p\u00e9nurie d&rsquo;infirmi\u00e8res au Canada et notre passion renouvel\u00e9e pour les soins de sant\u00e9, cette voie est d\u00e9sormais notre fa\u00e7on de rendre la pareille, car une femme a cru en nous\u00a0\u00bb.<\/p><p>Kaywana, m\u00e8re de deux enfants et infirmi\u00e8re, a \u00e9t\u00e9 d&rsquo;un soutien constant pour ces nouveaux parents qui ont accueilli leur premier enfant quelques mois apr\u00e8s leur arriv\u00e9e au Canada. Elle les a accompagn\u00e9s \u00e0 chaque \u00e9tape de leur vie de parents, les aidant \u00e0 comprendre le syst\u00e8me de sant\u00e9, notamment ce \u00e0 quoi ils devaient s&rsquo;attendre et les questions \u00e0 poser lors des rendez-vous m\u00e9dicaux. Kaywana est d\u00e9sormais la marraine de leur fille Audrey, qui f\u00eatera ses trois ans en ao\u00fbt.<\/p><p>\u00ab\u00a0En tant que parents novices, tout \u00e9tait nouveau et parfois accablant\u00a0, remarque Gbenga. \u00ab\u00a0Elle nous a accompagn\u00e9s \u00e0 chaque \u00e9tape\u00a0: les premiers sourires, les premiers pas et tout le reste. Kaywana nous a aid\u00e9s \u00e0 organiser la c\u00e9r\u00e9monie de bapt\u00eame d&rsquo;Audrey, \u00e0 tout mettre en place, \u00e0 d\u00e9corer, \u00e0 apporter la nourriture et \u00e0 mettre tout le monde \u00e0 l&rsquo;aise. Elle a \u00e9t\u00e9 le moteur de la premi\u00e8re f\u00eate d&rsquo;anniversaire d&rsquo;Audrey, veillant \u00e0 ce que notre b\u00e9b\u00e9 se sente c\u00e9l\u00e9br\u00e9e et aim\u00e9e\u00a0\u00bb<\/p><p>Malgr\u00e9 son emploi du temps charg\u00e9, Kaywana a \u00e9t\u00e9 inspir\u00e9e par la fa\u00e7on dont Gbenga et Olufunke concilient travail, \u00e9tudes et parentalit\u00e9. \u00ab\u00a0Je me suis dit que s&rsquo;ils pouvaient le faire, je le pouvais aussi\u00a0\u00bb, s&rsquo;exclame-t-elle. \u00ab\u00a0Nous ne nous voyons pas aussi souvent que nous le souhaiterions, mais je suis tr\u00e8s heureuse de rencontrer leur nouveau b\u00e9b\u00e9 plus tard dans la journ\u00e9e!\u00a0\u00bb Le jeune couple a r\u00e9cemment accueilli son deuxi\u00e8me enfant.<\/p><p>\u00ab\u00a0Tout s&rsquo;est fait naturellement, et j&rsquo;ai tout de suite eu une famille\u00a0\u00bb, remarque Kaywana. \u00ab\u00a0Ils m&rsquo;ont facilit\u00e9 la t\u00e2che\u00a0\u00bb.<\/p><p>Elle admire le fait que le couple ne soit pas ax\u00e9 sur le mat\u00e9rialisme et ait d\u00e9j\u00e0 commenc\u00e9 \u00e0 redonner \u00e0 la communaut\u00e9. Olufunke partage des informations utiles aux nouveaux arrivants sur sa cha\u00eene YouTube, et Gbenga a fi\u00e8rement fait du b\u00e9n\u00e9volat sur la Colline du Parlement lors de sa premi\u00e8re f\u00eate du Canada. \u00ab\u00a0C&rsquo;est toujours formidable de voir qu&rsquo;ils transmettent cela\u00a0\u00bb, dit Kaywana.<\/p><p>\u00ab\u00a0Gr\u00e2ce \u00e0 elle, nous nous sommes donn\u00e9 pour mission de montrer ce m\u00eame grand amour canadien chaque fois que nous en avons l&rsquo;occasion\u00a0, dit Gbenga. \u00ab\u00a0En tant que jeunes adultes, nous n&rsquo;avions pas beaucoup d&rsquo;exp\u00e9rience avec les visiteurs. Elle nous a montr\u00e9 la voie, depuis les articles de toilette simples \u00e0 avoir \u00e0 disposition \u00e0 l&rsquo;arriv\u00e9e jusqu&rsquo;\u00e0 tout le reste. Nous avions un mod\u00e8le pour ce que nous pouvions faire pour les autres\u00a0\u00bb.<\/p><p>Des soir\u00e9es jeux sous la neige aux barbecues estivaux, en passant par les d\u00eeners de l\u2019Action de gr\u00e2ce et les innombrables festivals locaux, Kaywana n&rsquo;a pas seulement aid\u00e9 le couple \u00e0 s&rsquo;installer, elle est devenue leur \u00ab\u00a0ministre du Bonheur\u00a0\u00bb.<\/p><p>Malgr\u00e9 tout le travail acharn\u00e9, elle n&rsquo;a jamais oubli\u00e9 de rendre leur arriv\u00e9e dans leur nouvelle communaut\u00e9 agr\u00e9able et pleine de joie.<\/p>\t\t\t\t\t\t\t\t<\/div>\n\t\t\t\t<\/div>\n\t\t\t\t\t<\/div>\n\t\t<\/div>\n\t\t\t\t\t<\/div>\n\t\t<\/section>\n\t\t\t\t\t<\/div>\n\t\t<\/div>\n\t\t\t\t\t<\/div>\n\t\t<\/section>\n\t\t\t\t<\/div>\n\t\t","protected":false},"excerpt":{"rendered":"<p>Ambassadeurs de la semaine d&rsquo;accueil \u00e0 Ottawa 2025 Kaywana Malcolm Assurer une transition en douceur pour une famille nouvellement arriv\u00e9e Gbenga Lemo se souvient de l&rsquo;\u00e9puisement que lui et sa femme, Olufunke, ont ressenti  [&#8230;]<\/p>\n","protected":false},"author":2,"featured_media":0,"parent":0,"menu_order":0,"comment_status":"closed","ping_status":"closed","template":"","meta":{"footnotes":""},"class_list":["post-8738","page","type-page","status-publish","hentry"],"_links":{"self":[{"href":"https:\/\/welcomingottawaweek.ca\/fr\/wp-json\/wp\/v2\/pages\/8738","targetHints":{"allow":["GET"]}}],"collection":[{"href":"https:\/\/welcomingottawaweek.ca\/fr\/wp-json\/wp\/v2\/pages"}],"about":[{"href":"https:\/\/welcomingottawaweek.ca\/fr\/wp-json\/wp\/v2\/types\/page"}],"author":[{"embeddable":true,"href":"https:\/\/welcomingottawaweek.ca\/fr\/wp-json\/wp\/v2\/users\/2"}],"replies":[{"embeddable":true,"href":"https:\/\/welcomingottawaweek.ca\/fr\/wp-json\/wp\/v2\/comments?post=8738"}],"version-history":[{"count":10,"href":"https:\/\/welcomingottawaweek.ca\/fr\/wp-json\/wp\/v2\/pages\/8738\/revisions"}],"predecessor-version":[{"id":8792,"href":"https:\/\/welcomingottawaweek.ca\/fr\/wp-json\/wp\/v2\/pages\/8738\/revisions\/8792"}],"wp:attachment":[{"href":"https:\/\/welcomingottawaweek.ca\/fr\/wp-json\/wp\/v2\/media?parent=8738"}],"curies":[{"name":"wp","href":"https:\/\/api.w.org\/{rel}","templated":true}]}}